{"id":3521,"date":"2023-03-31T17:28:19","date_gmt":"2023-03-31T15:28:19","guid":{"rendered":"https:\/\/o3m.it\/?post_type=product&#038;p=3521"},"modified":"2023-06-27T17:29:54","modified_gmt":"2023-06-27T15:29:54","slug":"sterilisateur-srg","status":"publish","type":"product","link":"https:\/\/o3m.it\/fr\/produit\/sterilisateur-srg\/","title":{"rendered":"ST\u00c9RILISATEUR SRG"},"content":{"rendered":"<h2 style=\"text-align: center;\">St\u00e9rilisateur O3M-SRG<\/h2>\n<p><em><span style=\"font-size: 16px;\">L&rsquo;appareil St\u00e9rilisateur O3M SRG, le premier du genre, est le fruit d&rsquo;une patiente collaboration n\u00e9e en 2015 avec un important h\u00f4pital v\u00e9t\u00e9rinaire situ\u00e9 \u00e0 Banbury (Oxfordshire &#8211; Angleterre). Le Dr V\u00e9t\u00e9rinaire Administrateur a sp\u00e9cifiquement demand\u00e9 que chacune de leurs salles d&rsquo;examen\/d&rsquo;op\u00e9ration (jusqu&rsquo;\u00e0 24 postes), dispose d&rsquo;un appareil de st\u00e9rilisation autonome qui pourrait:<\/span><\/em><\/p>\n<ul>\n<li>Fonctionner \u00e0 sec, sans vapeur ni ajout d&rsquo;eau ou d&rsquo;autres produits d\u00e9sinfectants.<\/li>\n<li>Obtenir l&rsquo;effet st\u00e9rilisant m\u00eame sans avoir besoin d&#8217;emballer les ustensiles.<\/li>\n<li>Accueillir \u00e9galement les instruments \u00e0 grande \u00e9chelle tels que la laparoscopie.<\/li>\n<li>Assurer une tr\u00e8s faible consommation d&rsquo;\u00e9nergie.<\/li>\n<li>Op\u00e9rer avec des temps de mise en \u0153uvre tr\u00e8s courts.<\/li>\n<li>Garantir le niveau maximal d&rsquo;abattement st\u00e9rilisant \u00e9gal \u00e0 10 LOG (99,99999999%).<\/li>\n<li>St\u00e9riliser les outils, EPI et accessoires d&rsquo;un patient \u00e0 l&rsquo;autre sans les remplacer par d&rsquo;autres d\u00e9j\u00e0 st\u00e9rilis\u00e9s.<\/li>\n<li>\u00c9viter de perdre le tranchant des outils.<\/li>\n<li>Etre aussi compact que possible afin qu&rsquo;il puisse \u00eatre facilement transport\u00e9 pour une utilisation hors site.<\/li>\n<\/ul>\n<p><em>En 20 jours, nous avons envoy\u00e9 le premier prototype et apr\u00e8s seulement 8 jours de r\u00e9ception, il a confirm\u00e9 la commande.<\/em><\/p>\n<p>L&rsquo;appareil St\u00e9rilisateur O3M SRG s&rsquo;est am\u00e9lior\u00e9 au fil des ans et est maintenant disponible en deux mod\u00e8les :<\/p>\n<ul>\n<li>SRG 604017 avec espace utile interne de cm 50 x 30 x 12<\/li>\n<li>SRG 805025 avec espace utile interne de cm 70 x 40 x 20<\/li>\n<\/ul>\n<p>Pour les deux mod\u00e8les, les options suivantes sur demande:<\/p>\n<ul>\n<li>VT bo\u00eete \u00e0 placer sur n&rsquo;importe quelle surface plane avec panier interne amovible<\/li>\n<li>VM bo\u00eete \u00e0 installer au mur avec structure d&rsquo;accrochage instrument interne conformable<\/li>\n<li>AA fonctionnement avec air ambiante<\/li>\n<li>AS fonctionnement avec air pr\u00e9-s\u00e9ch\u00e9<\/li>\n<li>OS fonctionnement avec de l&rsquo;oxyg\u00e8ne m\u00e9dical de la ligne<\/li>\n<li>OP fonctionnement avec de l&rsquo;oxyg\u00e8ne m\u00e9dical \u00e0 partir d&rsquo;un concentrateur d\u00e9di\u00e9<\/li>\n<\/ul>\n<p>Caract\u00e9ristiques Techniques pour les deux appareils:<\/p>\n<ul>\n<li>Structure en mati\u00e8re plastique r\u00e9sistante \u00e0 l&rsquo;ozone avec finitions en acier inoxydable;<\/li>\n<li>Source de g\u00e9n\u00e9ration cylindrique ouverte;<\/li>\n<li>Source amovible et rempla\u00e7able pour faciliter l&rsquo;entretien ordinaire;<\/li>\n<li>Automatisation totale du cycle &#8211; la fonction d\u00e9marre en fermant la porte;<\/li>\n<li>Porte avec serrure temporis\u00e9e;<\/li>\n<li>Tension 230Vac &#8211; Puissance totale 0,25 kW (250 watts);<\/li>\n<li>Faible consommation d&rsquo;\u00e9nergie ; 15 minutes de fonctionnement = 8 Watts;<\/li>\n<li>Fabriqu\u00e9 en Italie \u00e0 Como; Notice d&rsquo;utilisation; Certification CE et garanties conformes \u00e0 la loi;<\/li>\n<li>Cordon d&rsquo;alimentation IEC&gt; prise.<\/li>\n<\/ul>\n<p style=\"text-align: center;\"><em>Dans l&rsquo;image SRG 604017 version R21<\/em><\/p>\n<p style=\"text-align: left;\"><em><strong>St\u00e9rilisation<\/strong>: Intervention visant \u00e0 inhiber la pr\u00e9sence de toute forme d&rsquo;organisme vital et pour laquelle une d\u00e9finition statistique a \u00e9t\u00e9 reconnue, identifi\u00e9e par la probabilit\u00e9 de survie d&rsquo;un organisme sur 100.000.000<\/em><\/p>\n","protected":false},"excerpt":{"rendered":"<p>Appareil S\u00e9rilisateur pour instruments chirurgicaux, fonctionne \u00e0 sec sans vapeur ni ajout d&rsquo;eau ou d&rsquo;autres produits, sans qu&rsquo;il soit n\u00e9cessaire de mettre les outils dans un sac, accueille des instruments de grande taille tels que la laparoscopique, tr\u00e8s faible consommation d&rsquo;\u00e9nergie, temps de mise en \u0153uvre tr\u00e8s courts, niveau de st\u00e9rilisation maximum 99,99999999% en 10 minutes.<\/p>\n","protected":false},"featured_media":3617,"template":"","meta":{"neve_meta_sidebar":"","neve_meta_container":"","neve_meta_enable_content_width":"off","neve_meta_content_width":70,"neve_meta_title_alignment":"","neve_meta_author_avatar":"","neve_post_elements_order":"","neve_meta_disable_header":"","neve_meta_disable_footer":"","neve_meta_disable_title":"","_themeisle_gutenberg_block_has_review":false},"product_brand":[],"product_cat":[104,130],"product_tag":[],"class_list":{"0":"post-3521","1":"product","2":"type-product","3":"status-publish","4":"has-post-thumbnail","6":"product_cat-generateurs-dozone","7":"product_cat-sterilisateurs","8":"product_shipping_class-3-fr","10":"first","11":"instock","12":"sale","13":"taxable","14":"shipping-taxable","15":"purchasable","16":"product-type-simple"},"yoast_head":"<!-- This site is optimized with the Yoast SEO plugin v26.9 - https:\/\/yoast.com\/product\/yoast-seo-wordpress\/ -->\n<title>ST\u00c9RILISATEUR SRG - O3M by MAINO<\/title>\n<meta name=\"description\" content=\"St\u00e9rilisateur de table ou mural pour outils et instruments chirurgicaux laparoscopiques et non avec technologie pure \u00e0 l&#039;ozone, etc.; 230Vac, Fabriqu\u00e9 en Italie.\" \/>\n<meta name=\"robots\" content=\"index, follow, max-snippet:-1, max-image-preview:large, max-video-preview:-1\" \/>\n<link rel=\"canonical\" href=\"https:\/\/o3m.it\/fr\/produit\/sterilisateur-srg\/\" \/>\n<meta property=\"og:locale\" content=\"fr_FR\" \/>\n<meta property=\"og:type\" content=\"article\" \/>\n<meta property=\"og:title\" content=\"ST\u00c9RILISATEUR SRG - O3M by MAINO\" \/>\n<meta property=\"og:description\" content=\"St\u00e9rilisateur de table ou mural pour outils et instruments chirurgicaux laparoscopiques et non avec technologie pure \u00e0 l&#039;ozone, etc.; 230Vac, Fabriqu\u00e9 en Italie.\" \/>\n<meta property=\"og:url\" content=\"https:\/\/o3m.it\/fr\/produit\/sterilisateur-srg\/\" \/>\n<meta property=\"og:site_name\" content=\"O3M by MAINO\" \/>\n<meta property=\"article:modified_time\" content=\"2023-06-27T15:29:54+00:00\" \/>\n<meta property=\"og:image\" content=\"https:\/\/o3m.it\/wp-content\/uploads\/2022\/09\/SRG604017-DX-001-e1664185452788.png\" \/>\n\t<meta property=\"og:image:width\" content=\"800\" \/>\n\t<meta property=\"og:image:height\" content=\"503\" \/>\n\t<meta property=\"og:image:type\" content=\"image\/png\" \/>\n<meta name=\"twitter:card\" content=\"summary_large_image\" \/>\n<meta name=\"twitter:label1\" content=\"Dur\u00e9e de lecture estim\u00e9e\" \/>\n\t<meta name=\"twitter:data1\" content=\"3 minutes\" \/>\n<script type=\"application\/ld+json\" class=\"yoast-schema-graph\">{\"@context\":\"https:\/\/schema.org\",\"@graph\":[{\"@type\":\"WebPage\",\"@id\":\"https:\/\/o3m.it\/fr\/produit\/sterilisateur-srg\/\",\"url\":\"https:\/\/o3m.it\/fr\/produit\/sterilisateur-srg\/\",\"name\":\"ST\u00c9RILISATEUR SRG - O3M by MAINO\",\"isPartOf\":{\"@id\":\"https:\/\/o3m.it\/fr\/#website\"},\"primaryImageOfPage\":{\"@id\":\"https:\/\/o3m.it\/fr\/produit\/sterilisateur-srg\/#primaryimage\"},\"image\":{\"@id\":\"https:\/\/o3m.it\/fr\/produit\/sterilisateur-srg\/#primaryimage\"},\"thumbnailUrl\":\"https:\/\/o3m.it\/wp-content\/uploads\/2024\/09\/SRG604017-R23-1200x700pix.png\",\"datePublished\":\"2023-03-31T15:28:19+00:00\",\"dateModified\":\"2023-06-27T15:29:54+00:00\",\"description\":\"St\u00e9rilisateur de table ou mural pour outils et instruments chirurgicaux laparoscopiques et non avec technologie pure \u00e0 l'ozone, etc.; 230Vac, Fabriqu\u00e9 en Italie.\",\"breadcrumb\":{\"@id\":\"https:\/\/o3m.it\/fr\/produit\/sterilisateur-srg\/#breadcrumb\"},\"inLanguage\":\"fr-FR\",\"potentialAction\":[{\"@type\":\"ReadAction\",\"target\":[\"https:\/\/o3m.it\/fr\/produit\/sterilisateur-srg\/\"]}]},{\"@type\":\"ImageObject\",\"inLanguage\":\"fr-FR\",\"@id\":\"https:\/\/o3m.it\/fr\/produit\/sterilisateur-srg\/#primaryimage\",\"url\":\"https:\/\/o3m.it\/wp-content\/uploads\/2024\/09\/SRG604017-R23-1200x700pix.png\",\"contentUrl\":\"https:\/\/o3m.it\/wp-content\/uploads\/2024\/09\/SRG604017-R23-1200x700pix.png\",\"width\":1200,\"height\":706},{\"@type\":\"BreadcrumbList\",\"@id\":\"https:\/\/o3m.it\/fr\/produit\/sterilisateur-srg\/#breadcrumb\",\"itemListElement\":[{\"@type\":\"ListItem\",\"position\":1,\"name\":\"Home\",\"item\":\"https:\/\/o3m.it\/fr\/\"},{\"@type\":\"ListItem\",\"position\":2,\"name\":\"Shop\",\"item\":\"https:\/\/o3m.it\/shop\/\"},{\"@type\":\"ListItem\",\"position\":3,\"name\":\"ST\u00c9RILISATEUR SRG\"}]},{\"@type\":\"WebSite\",\"@id\":\"https:\/\/o3m.it\/fr\/#website\",\"url\":\"https:\/\/o3m.it\/fr\/\",\"name\":\"O3M by MAINO\",\"description\":\"OZONO\",\"publisher\":{\"@id\":\"https:\/\/o3m.it\/fr\/#organization\"},\"potentialAction\":[{\"@type\":\"SearchAction\",\"target\":{\"@type\":\"EntryPoint\",\"urlTemplate\":\"https:\/\/o3m.it\/fr\/?s={search_term_string}\"},\"query-input\":{\"@type\":\"PropertyValueSpecification\",\"valueRequired\":true,\"valueName\":\"search_term_string\"}}],\"inLanguage\":\"fr-FR\"},{\"@type\":\"Organization\",\"@id\":\"https:\/\/o3m.it\/fr\/#organization\",\"name\":\"O3M by MAINO\",\"url\":\"https:\/\/o3m.it\/fr\/\",\"logo\":{\"@type\":\"ImageObject\",\"inLanguage\":\"fr-FR\",\"@id\":\"https:\/\/o3m.it\/fr\/#\/schema\/logo\/image\/\",\"url\":\"https:\/\/o3m.it\/wp-content\/uploads\/2019\/07\/logo-o3m-sc.png\",\"contentUrl\":\"https:\/\/o3m.it\/wp-content\/uploads\/2019\/07\/logo-o3m-sc.png\",\"width\":1068,\"height\":922,\"caption\":\"O3M by MAINO\"},\"image\":{\"@id\":\"https:\/\/o3m.it\/fr\/#\/schema\/logo\/image\/\"}}]}<\/script>\n<!-- \/ Yoast SEO plugin. -->","yoast_head_json":{"title":"ST\u00c9RILISATEUR SRG - O3M by MAINO","description":"St\u00e9rilisateur de table ou mural pour outils et instruments chirurgicaux laparoscopiques et non avec technologie pure \u00e0 l'ozone, etc.; 230Vac, Fabriqu\u00e9 en Italie.","robots":{"index":"index","follow":"follow","max-snippet":"max-snippet:-1","max-image-preview":"max-image-preview:large","max-video-preview":"max-video-preview:-1"},"canonical":"https:\/\/o3m.it\/fr\/produit\/sterilisateur-srg\/","og_locale":"fr_FR","og_type":"article","og_title":"ST\u00c9RILISATEUR SRG - O3M by MAINO","og_description":"St\u00e9rilisateur de table ou mural pour outils et instruments chirurgicaux laparoscopiques et non avec technologie pure \u00e0 l'ozone, etc.; 230Vac, Fabriqu\u00e9 en Italie.","og_url":"https:\/\/o3m.it\/fr\/produit\/sterilisateur-srg\/","og_site_name":"O3M by MAINO","article_modified_time":"2023-06-27T15:29:54+00:00","og_image":[{"width":800,"height":503,"url":"https:\/\/o3m.it\/wp-content\/uploads\/2022\/09\/SRG604017-DX-001-e1664185452788.png","type":"image\/png"}],"twitter_card":"summary_large_image","twitter_misc":{"Dur\u00e9e de lecture estim\u00e9e":"3 minutes"},"schema":{"@context":"https:\/\/schema.org","@graph":[{"@type":"WebPage","@id":"https:\/\/o3m.it\/fr\/produit\/sterilisateur-srg\/","url":"https:\/\/o3m.it\/fr\/produit\/sterilisateur-srg\/","name":"ST\u00c9RILISATEUR SRG - O3M by MAINO","isPartOf":{"@id":"https:\/\/o3m.it\/fr\/#website"},"primaryImageOfPage":{"@id":"https:\/\/o3m.it\/fr\/produit\/sterilisateur-srg\/#primaryimage"},"image":{"@id":"https:\/\/o3m.it\/fr\/produit\/sterilisateur-srg\/#primaryimage"},"thumbnailUrl":"https:\/\/o3m.it\/wp-content\/uploads\/2024\/09\/SRG604017-R23-1200x700pix.png","datePublished":"2023-03-31T15:28:19+00:00","dateModified":"2023-06-27T15:29:54+00:00","description":"St\u00e9rilisateur de table ou mural pour outils et instruments chirurgicaux laparoscopiques et non avec technologie pure \u00e0 l'ozone, etc.; 230Vac, Fabriqu\u00e9 en Italie.","breadcrumb":{"@id":"https:\/\/o3m.it\/fr\/produit\/sterilisateur-srg\/#breadcrumb"},"inLanguage":"fr-FR","potentialAction":[{"@type":"ReadAction","target":["https:\/\/o3m.it\/fr\/produit\/sterilisateur-srg\/"]}]},{"@type":"ImageObject","inLanguage":"fr-FR","@id":"https:\/\/o3m.it\/fr\/produit\/sterilisateur-srg\/#primaryimage","url":"https:\/\/o3m.it\/wp-content\/uploads\/2024\/09\/SRG604017-R23-1200x700pix.png","contentUrl":"https:\/\/o3m.it\/wp-content\/uploads\/2024\/09\/SRG604017-R23-1200x700pix.png","width":1200,"height":706},{"@type":"BreadcrumbList","@id":"https:\/\/o3m.it\/fr\/produit\/sterilisateur-srg\/#breadcrumb","itemListElement":[{"@type":"ListItem","position":1,"name":"Home","item":"https:\/\/o3m.it\/fr\/"},{"@type":"ListItem","position":2,"name":"Shop","item":"https:\/\/o3m.it\/shop\/"},{"@type":"ListItem","position":3,"name":"ST\u00c9RILISATEUR SRG"}]},{"@type":"WebSite","@id":"https:\/\/o3m.it\/fr\/#website","url":"https:\/\/o3m.it\/fr\/","name":"O3M by MAINO","description":"OZONO","publisher":{"@id":"https:\/\/o3m.it\/fr\/#organization"},"potentialAction":[{"@type":"SearchAction","target":{"@type":"EntryPoint","urlTemplate":"https:\/\/o3m.it\/fr\/?s={search_term_string}"},"query-input":{"@type":"PropertyValueSpecification","valueRequired":true,"valueName":"search_term_string"}}],"inLanguage":"fr-FR"},{"@type":"Organization","@id":"https:\/\/o3m.it\/fr\/#organization","name":"O3M by MAINO","url":"https:\/\/o3m.it\/fr\/","logo":{"@type":"ImageObject","inLanguage":"fr-FR","@id":"https:\/\/o3m.it\/fr\/#\/schema\/logo\/image\/","url":"https:\/\/o3m.it\/wp-content\/uploads\/2019\/07\/logo-o3m-sc.png","contentUrl":"https:\/\/o3m.it\/wp-content\/uploads\/2019\/07\/logo-o3m-sc.png","width":1068,"height":922,"caption":"O3M by MAINO"},"image":{"@id":"https:\/\/o3m.it\/fr\/#\/schema\/logo\/image\/"}}]}},"jetpack_sharing_enabled":true,"_links":{"self":[{"href":"https:\/\/o3m.it\/fr\/wp-json\/wp\/v2\/product\/3521","targetHints":{"allow":["GET"]}}],"collection":[{"href":"https:\/\/o3m.it\/fr\/wp-json\/wp\/v2\/product"}],"about":[{"href":"https:\/\/o3m.it\/fr\/wp-json\/wp\/v2\/types\/product"}],"version-history":[{"count":0,"href":"https:\/\/o3m.it\/fr\/wp-json\/wp\/v2\/product\/3521\/revisions"}],"wp:featuredmedia":[{"embeddable":true,"href":"https:\/\/o3m.it\/fr\/wp-json\/wp\/v2\/media\/3617"}],"wp:attachment":[{"href":"https:\/\/o3m.it\/fr\/wp-json\/wp\/v2\/media?parent=3521"}],"wp:term":[{"taxonomy":"product_brand","embeddable":true,"href":"https:\/\/o3m.it\/fr\/wp-json\/wp\/v2\/product_brand?post=3521"},{"taxonomy":"product_cat","embeddable":true,"href":"https:\/\/o3m.it\/fr\/wp-json\/wp\/v2\/product_cat?post=3521"},{"taxonomy":"product_tag","embeddable":true,"href":"https:\/\/o3m.it\/fr\/wp-json\/wp\/v2\/product_tag?post=3521"}],"curies":[{"name":"wp","href":"https:\/\/api.w.org\/{rel}","templated":true}]}}