{"id":3323,"date":"2023-02-27T12:32:32","date_gmt":"2023-02-27T11:32:32","guid":{"rendered":"https:\/\/o3m.it\/?post_type=product&#038;p=3323"},"modified":"2023-06-27T16:40:53","modified_gmt":"2023-06-27T14:40:53","slug":"otello","status":"publish","type":"product","link":"https:\/\/o3m.it\/fr\/produit\/otello\/","title":{"rendered":"OTELLO"},"content":{"rendered":"<h2 style=\"text-align: center;\">OTELLO<\/h2>\n<p><strong>OTELLO<\/strong> est le g\u00e9n\u00e9rateur d&rsquo;ozone pur professionnel d\u00e9di\u00e9 au secteur h\u00f4telier, con\u00e7u pour satisfaire tout type d&rsquo;application. L&rsquo;appareil est complet avec \u00e0 la fois un Filtre Mol\u00e9culaire, un \u00e9l\u00e9ment n\u00e9cessaire qui filtre l&rsquo;air, augmentant les performances et la dur\u00e9e de l&rsquo;appareil, et un Catalyseur<\/p>\n<ul>\n<li>Le filtre Mol\u00e9culaire le filtre permet la production d&rsquo;ozone pur et \u00e9vite la formation d&rsquo;oxydes d&rsquo;azote NOx et NO2, gaz irritants pour le syst\u00e8me respiratoire humain, d&rsquo;Acide Nitrique NHO3 et de Nitrates, \u00e9l\u00e9ments toxiques pour tous les \u00eatres vivants; les oxydes et les acides sont la principale cause d&rsquo;endommagement des circuits \u00e9lectriques et \u00e9lectroniques et du chromages.<\/li>\n<li>Le Catalyseur reconvertit le r\u00e9sidu d&rsquo;ozone en oxyg\u00e8ne pur permettant une rentr\u00e9e dans l&rsquo;espace trait\u00e9 en tr\u00e8s peu de temps.<\/li>\n<\/ul>\n<p><span style=\"font-size: 16px;\"><strong>OTELLO <\/strong><\/span><span style=\"font-size: 16px;\">permet les am\u00e9liorations suivantes dans le plein respect de la nature et de l&rsquo;environnement;<\/span><\/p>\n<ul>\n<li>Espace confin\u00e9 = 890 m\u00e8tres cubes<\/li>\n<li>Environnement d\u00e9sodoris\u00e9 =1700 m\u00e8tres cubes<\/li>\n<\/ul>\n<ul>\n<li><span style=\"font-size: 16px;\">En l&rsquo;absence de personnes et d&rsquo;animaux, vous obtenez:<\/span>\n<ul>\n<li><span style=\"font-size: 16px;\">L&rsquo;assainissement et la d\u00e9contamination les plus complets de tout l&rsquo;environnement trait\u00e9 et de tout ce qui s&rsquo;y trouve.<\/span><\/li>\n<li>L&rsquo;ozone tue les virus (Sars CoVid inclus) &#8211; les bact\u00e9ries &#8211; les moisissures &#8211; les champignons &#8211; les spores &#8211; les protozoaires &#8211; les acariens &#8211; etc. etc.<\/li>\n<li>Un d\u00e9sodorisation parfaite et profonde.<\/li>\n<li>et bien d&rsquo;autres avantages &#8230; .<\/li>\n<\/ul>\n<\/li>\n<\/ul>\n<h6><strong>CARACT\u00c9RISTIQUES TECHNIQUES:<\/strong><\/h6>\n<ul>\n<li>Structure verticale en acier inoxydable.<\/li>\n<li>G\u00e9n\u00e9ration dans une cellule de r\u00e9action semi-\u00e9tanche aliment\u00e9e en air filtr\u00e9 et s\u00e9ch\u00e9.<\/li>\n<li>Filtre mol\u00e9culaire.<\/li>\n<li>Catalyseur de conversion rapide ozone &gt; oxyg\u00e8ne.<\/li>\n<li>Gestion automatis\u00e9e des traitements.<\/li>\n<li>Roues et pieds en caoutchouc et poign\u00e9e de tra\u00een\u00e9e pratique.<\/li>\n<li>1 ventilateur de 1000 m3 par heure.<\/li>\n<li>Tension 230Vac &#8211; Puissance totale 0,25 kW (250 watts).<\/li>\n<li>Faible consommation d&rsquo;\u00e9nergie ; 15 minutes de fonctionnement = 68 Watts.<\/li>\n<li>Dimensions mm. largeur 420 x longueur 350 x hauteur 900 ; Poids Kg. 25.<\/li>\n<li>Fabriqu\u00e9 en Italie \u00e0 Como; Notice d&rsquo;utilisation; Certification CE et garanties l\u00e9gales.<\/li>\n<li>Cordon d&rsquo;alimentation IEC&gt; prise.<\/li>\n<\/ul>\n<p><span style=\"color: #000080;\">Dans l&rsquo;image <strong>OTELLO<\/strong>, sauf indication contraire lors de la commande, il est fourni uniquement tel que d\u00e9crit dans les caract\u00e9ristiques techniques.<\/span><\/p>\n","protected":false},"excerpt":{"rendered":"<p><em><strong>OTELLO<\/strong> est le g\u00e9n\u00e9rateur d&rsquo;ozone pur professionnel d\u00e9di\u00e9 au secteur de l&rsquo;h\u00f4tellerie, con\u00e7u pour satisfaire tout type d&rsquo;application. L&rsquo;appareil est complet avec \u00e0 la fois un filtre mol\u00e9culaire, un \u00e9l\u00e9ment n\u00e9cessaire qui filtre l&rsquo;air, augmentant les performances et la dur\u00e9e de l&rsquo;appareil et un catalyseur. <\/em><em>Nous fabriquions des g\u00e9n\u00e9rateurs d\u2019ozone depuis 1984, pour les secteurs : civil, sanitaire, industriel, pharmaceutique, militaire, etc. qui r\u00e9solvent m\u00eame les probl\u00e8mes les plus graves, l\u00e0 o\u00f9 la chimie et la science \u00e9chouent. <\/em><em>Les r\u00e9sultats obtenus avec nos g\u00e9n\u00e9rateurs d&rsquo;ozone ne vous font jamais regretter le prix d&rsquo;achat.<\/em><\/p>\n","protected":false},"featured_media":3328,"template":"","meta":{"neve_meta_sidebar":"","neve_meta_container":"","neve_meta_enable_content_width":"off","neve_meta_content_width":70,"neve_meta_title_alignment":"","neve_meta_author_avatar":"","neve_post_elements_order":"","neve_meta_disable_header":"","neve_meta_disable_footer":"","neve_meta_disable_title":"","_themeisle_gutenberg_block_has_review":false},"product_brand":[],"product_cat":[104],"product_tag":[],"class_list":{"0":"post-3323","1":"product","2":"type-product","3":"status-publish","4":"has-post-thumbnail","6":"product_cat-generateurs-dozone","8":"first","9":"instock","10":"sale","11":"taxable","12":"shipping-taxable","13":"purchasable","14":"product-type-simple"},"yoast_head":"<!-- This site is optimized with the Yoast SEO plugin v26.9 - https:\/\/yoast.com\/product\/yoast-seo-wordpress\/ -->\n<title>OTELLO - O3M by MAINO<\/title>\n<meta name=\"description\" content=\"G\u00e9n\u00e9rateur d&#039;ozone pur et professionnel pour toute application air \/ eau \u00e0 la maison, en entreprise, chez le m\u00e9decin, etc.; 230Vac, Fabriqu\u00e9 en Italie.\" \/>\n<meta name=\"robots\" content=\"index, follow, max-snippet:-1, max-image-preview:large, max-video-preview:-1\" \/>\n<link rel=\"canonical\" href=\"https:\/\/o3m.it\/fr\/produit\/otello\/\" \/>\n<meta property=\"og:locale\" content=\"fr_FR\" \/>\n<meta property=\"og:type\" content=\"article\" \/>\n<meta property=\"og:title\" content=\"OTELLO - O3M by MAINO\" \/>\n<meta property=\"og:description\" content=\"G\u00e9n\u00e9rateur d&#039;ozone pur et professionnel pour toute application air \/ eau \u00e0 la maison, en entreprise, chez le m\u00e9decin, etc.; 230Vac, Fabriqu\u00e9 en Italie.\" \/>\n<meta property=\"og:url\" content=\"https:\/\/o3m.it\/fr\/produit\/otello\/\" \/>\n<meta property=\"og:site_name\" content=\"O3M by MAINO\" \/>\n<meta property=\"article:modified_time\" content=\"2023-06-27T14:40:53+00:00\" \/>\n<meta property=\"og:image\" content=\"https:\/\/o3m.it\/wp-content\/uploads\/2023\/02\/OTELLO.png\" \/>\n\t<meta property=\"og:image:width\" content=\"600\" \/>\n\t<meta property=\"og:image:height\" content=\"1019\" \/>\n\t<meta property=\"og:image:type\" content=\"image\/png\" \/>\n<meta name=\"twitter:card\" content=\"summary_large_image\" \/>\n<meta name=\"twitter:label1\" content=\"Dur\u00e9e de lecture estim\u00e9e\" \/>\n\t<meta name=\"twitter:data1\" content=\"2 minutes\" \/>\n<script type=\"application\/ld+json\" class=\"yoast-schema-graph\">{\"@context\":\"https:\/\/schema.org\",\"@graph\":[{\"@type\":\"WebPage\",\"@id\":\"https:\/\/o3m.it\/fr\/produit\/otello\/\",\"url\":\"https:\/\/o3m.it\/fr\/produit\/otello\/\",\"name\":\"OTELLO - O3M by MAINO\",\"isPartOf\":{\"@id\":\"https:\/\/o3m.it\/fr\/#website\"},\"primaryImageOfPage\":{\"@id\":\"https:\/\/o3m.it\/fr\/produit\/otello\/#primaryimage\"},\"image\":{\"@id\":\"https:\/\/o3m.it\/fr\/produit\/otello\/#primaryimage\"},\"thumbnailUrl\":\"https:\/\/o3m.it\/wp-content\/uploads\/2023\/02\/OTELLO.png\",\"datePublished\":\"2023-02-27T11:32:32+00:00\",\"dateModified\":\"2023-06-27T14:40:53+00:00\",\"description\":\"G\u00e9n\u00e9rateur d'ozone pur et professionnel pour toute application air \/ eau \u00e0 la maison, en entreprise, chez le m\u00e9decin, etc.; 230Vac, Fabriqu\u00e9 en Italie.\",\"breadcrumb\":{\"@id\":\"https:\/\/o3m.it\/fr\/produit\/otello\/#breadcrumb\"},\"inLanguage\":\"fr-FR\",\"potentialAction\":[{\"@type\":\"ReadAction\",\"target\":[\"https:\/\/o3m.it\/fr\/produit\/otello\/\"]}]},{\"@type\":\"ImageObject\",\"inLanguage\":\"fr-FR\",\"@id\":\"https:\/\/o3m.it\/fr\/produit\/otello\/#primaryimage\",\"url\":\"https:\/\/o3m.it\/wp-content\/uploads\/2023\/02\/OTELLO.png\",\"contentUrl\":\"https:\/\/o3m.it\/wp-content\/uploads\/2023\/02\/OTELLO.png\",\"width\":600,\"height\":1019},{\"@type\":\"BreadcrumbList\",\"@id\":\"https:\/\/o3m.it\/fr\/produit\/otello\/#breadcrumb\",\"itemListElement\":[{\"@type\":\"ListItem\",\"position\":1,\"name\":\"Home\",\"item\":\"https:\/\/o3m.it\/fr\/\"},{\"@type\":\"ListItem\",\"position\":2,\"name\":\"Shop\",\"item\":\"https:\/\/o3m.it\/shop\/\"},{\"@type\":\"ListItem\",\"position\":3,\"name\":\"OTELLO\"}]},{\"@type\":\"WebSite\",\"@id\":\"https:\/\/o3m.it\/fr\/#website\",\"url\":\"https:\/\/o3m.it\/fr\/\",\"name\":\"O3M by MAINO\",\"description\":\"OZONO\",\"publisher\":{\"@id\":\"https:\/\/o3m.it\/fr\/#organization\"},\"potentialAction\":[{\"@type\":\"SearchAction\",\"target\":{\"@type\":\"EntryPoint\",\"urlTemplate\":\"https:\/\/o3m.it\/fr\/?s={search_term_string}\"},\"query-input\":{\"@type\":\"PropertyValueSpecification\",\"valueRequired\":true,\"valueName\":\"search_term_string\"}}],\"inLanguage\":\"fr-FR\"},{\"@type\":\"Organization\",\"@id\":\"https:\/\/o3m.it\/fr\/#organization\",\"name\":\"O3M by MAINO\",\"url\":\"https:\/\/o3m.it\/fr\/\",\"logo\":{\"@type\":\"ImageObject\",\"inLanguage\":\"fr-FR\",\"@id\":\"https:\/\/o3m.it\/fr\/#\/schema\/logo\/image\/\",\"url\":\"https:\/\/o3m.it\/wp-content\/uploads\/2019\/07\/logo-o3m-sc.png\",\"contentUrl\":\"https:\/\/o3m.it\/wp-content\/uploads\/2019\/07\/logo-o3m-sc.png\",\"width\":1068,\"height\":922,\"caption\":\"O3M by MAINO\"},\"image\":{\"@id\":\"https:\/\/o3m.it\/fr\/#\/schema\/logo\/image\/\"}}]}<\/script>\n<!-- \/ Yoast SEO plugin. -->","yoast_head_json":{"title":"OTELLO - O3M by MAINO","description":"G\u00e9n\u00e9rateur d'ozone pur et professionnel pour toute application air \/ eau \u00e0 la maison, en entreprise, chez le m\u00e9decin, etc.; 230Vac, Fabriqu\u00e9 en Italie.","robots":{"index":"index","follow":"follow","max-snippet":"max-snippet:-1","max-image-preview":"max-image-preview:large","max-video-preview":"max-video-preview:-1"},"canonical":"https:\/\/o3m.it\/fr\/produit\/otello\/","og_locale":"fr_FR","og_type":"article","og_title":"OTELLO - O3M by MAINO","og_description":"G\u00e9n\u00e9rateur d'ozone pur et professionnel pour toute application air \/ eau \u00e0 la maison, en entreprise, chez le m\u00e9decin, etc.; 230Vac, Fabriqu\u00e9 en Italie.","og_url":"https:\/\/o3m.it\/fr\/produit\/otello\/","og_site_name":"O3M by MAINO","article_modified_time":"2023-06-27T14:40:53+00:00","og_image":[{"width":600,"height":1019,"url":"https:\/\/o3m.it\/wp-content\/uploads\/2023\/02\/OTELLO.png","type":"image\/png"}],"twitter_card":"summary_large_image","twitter_misc":{"Dur\u00e9e de lecture estim\u00e9e":"2 minutes"},"schema":{"@context":"https:\/\/schema.org","@graph":[{"@type":"WebPage","@id":"https:\/\/o3m.it\/fr\/produit\/otello\/","url":"https:\/\/o3m.it\/fr\/produit\/otello\/","name":"OTELLO - O3M by MAINO","isPartOf":{"@id":"https:\/\/o3m.it\/fr\/#website"},"primaryImageOfPage":{"@id":"https:\/\/o3m.it\/fr\/produit\/otello\/#primaryimage"},"image":{"@id":"https:\/\/o3m.it\/fr\/produit\/otello\/#primaryimage"},"thumbnailUrl":"https:\/\/o3m.it\/wp-content\/uploads\/2023\/02\/OTELLO.png","datePublished":"2023-02-27T11:32:32+00:00","dateModified":"2023-06-27T14:40:53+00:00","description":"G\u00e9n\u00e9rateur d'ozone pur et professionnel pour toute application air \/ eau \u00e0 la maison, en entreprise, chez le m\u00e9decin, etc.; 230Vac, Fabriqu\u00e9 en Italie.","breadcrumb":{"@id":"https:\/\/o3m.it\/fr\/produit\/otello\/#breadcrumb"},"inLanguage":"fr-FR","potentialAction":[{"@type":"ReadAction","target":["https:\/\/o3m.it\/fr\/produit\/otello\/"]}]},{"@type":"ImageObject","inLanguage":"fr-FR","@id":"https:\/\/o3m.it\/fr\/produit\/otello\/#primaryimage","url":"https:\/\/o3m.it\/wp-content\/uploads\/2023\/02\/OTELLO.png","contentUrl":"https:\/\/o3m.it\/wp-content\/uploads\/2023\/02\/OTELLO.png","width":600,"height":1019},{"@type":"BreadcrumbList","@id":"https:\/\/o3m.it\/fr\/produit\/otello\/#breadcrumb","itemListElement":[{"@type":"ListItem","position":1,"name":"Home","item":"https:\/\/o3m.it\/fr\/"},{"@type":"ListItem","position":2,"name":"Shop","item":"https:\/\/o3m.it\/shop\/"},{"@type":"ListItem","position":3,"name":"OTELLO"}]},{"@type":"WebSite","@id":"https:\/\/o3m.it\/fr\/#website","url":"https:\/\/o3m.it\/fr\/","name":"O3M by MAINO","description":"OZONO","publisher":{"@id":"https:\/\/o3m.it\/fr\/#organization"},"potentialAction":[{"@type":"SearchAction","target":{"@type":"EntryPoint","urlTemplate":"https:\/\/o3m.it\/fr\/?s={search_term_string}"},"query-input":{"@type":"PropertyValueSpecification","valueRequired":true,"valueName":"search_term_string"}}],"inLanguage":"fr-FR"},{"@type":"Organization","@id":"https:\/\/o3m.it\/fr\/#organization","name":"O3M by MAINO","url":"https:\/\/o3m.it\/fr\/","logo":{"@type":"ImageObject","inLanguage":"fr-FR","@id":"https:\/\/o3m.it\/fr\/#\/schema\/logo\/image\/","url":"https:\/\/o3m.it\/wp-content\/uploads\/2019\/07\/logo-o3m-sc.png","contentUrl":"https:\/\/o3m.it\/wp-content\/uploads\/2019\/07\/logo-o3m-sc.png","width":1068,"height":922,"caption":"O3M by MAINO"},"image":{"@id":"https:\/\/o3m.it\/fr\/#\/schema\/logo\/image\/"}}]}},"jetpack_sharing_enabled":true,"_links":{"self":[{"href":"https:\/\/o3m.it\/fr\/wp-json\/wp\/v2\/product\/3323","targetHints":{"allow":["GET"]}}],"collection":[{"href":"https:\/\/o3m.it\/fr\/wp-json\/wp\/v2\/product"}],"about":[{"href":"https:\/\/o3m.it\/fr\/wp-json\/wp\/v2\/types\/product"}],"version-history":[{"count":0,"href":"https:\/\/o3m.it\/fr\/wp-json\/wp\/v2\/product\/3323\/revisions"}],"wp:featuredmedia":[{"embeddable":true,"href":"https:\/\/o3m.it\/fr\/wp-json\/wp\/v2\/media\/3328"}],"wp:attachment":[{"href":"https:\/\/o3m.it\/fr\/wp-json\/wp\/v2\/media?parent=3323"}],"wp:term":[{"taxonomy":"product_brand","embeddable":true,"href":"https:\/\/o3m.it\/fr\/wp-json\/wp\/v2\/product_brand?post=3323"},{"taxonomy":"product_cat","embeddable":true,"href":"https:\/\/o3m.it\/fr\/wp-json\/wp\/v2\/product_cat?post=3323"},{"taxonomy":"product_tag","embeddable":true,"href":"https:\/\/o3m.it\/fr\/wp-json\/wp\/v2\/product_tag?post=3323"}],"curies":[{"name":"wp","href":"https:\/\/api.w.org\/{rel}","templated":true}]}}