{"id":3314,"date":"2023-02-27T12:22:17","date_gmt":"2023-02-27T11:22:17","guid":{"rendered":"https:\/\/o3m.it\/?post_type=product&#038;p=3314"},"modified":"2023-06-27T16:02:20","modified_gmt":"2023-06-27T14:02:20","slug":"terminator-t4","status":"publish","type":"product","link":"https:\/\/o3m.it\/fr\/produit\/terminator-t4\/","title":{"rendered":"TERMINATOR T4"},"content":{"rendered":"<h2 style=\"text-align: center;\">TERMINATOR T4<\/h2>\n<p><span style=\"font-size: 16px;\"><strong>T4 <\/strong>c&rsquo;est un g\u00e9n\u00e9rateur d&rsquo;ozone pur de niveau professionnel, con\u00e7u pour satisfaire tout type d&rsquo;application, d\u00e9j\u00e0 complet avec Filtre Mol\u00e9culaire, un \u00e9l\u00e9ment n\u00e9cessaire qui filtre l&rsquo;air, augmentant les performances et la dur\u00e9e de l&rsquo;\u00e9quipement. <\/span>Le filtre Mol\u00e9culaire le filtre permet la production d&rsquo;ozone pur et \u00e9vite la formation d&rsquo;oxydes d&rsquo;azote NOx et NO2, gaz irritants pour le syst\u00e8me respiratoire humain, d&rsquo;Acide Nitrique NHO3 et de Nitrates, \u00e9l\u00e9ments toxiques pour tous les \u00eatres vivants; les oxydes et les acides sont la principale cause d&rsquo;endommagement des circuits \u00e9lectriques et \u00e9lectroniques et du chromages.<\/p>\n<p><span style=\"font-size: 16px;\"><strong>T4 <\/strong><\/span><span style=\"font-size: 16px;\">permet les am\u00e9liorations suivantes dans le plein respect de la nature et de l&rsquo;environnement;<\/span><\/p>\n<ul>\n<li>Espace confin\u00e9 = 600 m\u00e8tres cubes<\/li>\n<li>Environnement d\u00e9sodoris\u00e9 =1200 m\u00e8tres cubes<\/li>\n<\/ul>\n<h6><strong>DANS L&rsquo;AIR:<\/strong><\/h6>\n<ul>\n<li><span style=\"font-size: 16px;\">En l&rsquo;absence de personnes et d&rsquo;animaux, vous obtenez:<\/span>\n<ul>\n<li><span style=\"font-size: 16px;\">L&rsquo;assainissement et la d\u00e9contamination les plus complets de toute la maison, de l&rsquo;habitacle du v\u00e9hicule et de tout ce qui s&rsquo;y trouve.<\/span><\/li>\n<li>L&rsquo;ozone tue les virus (Sars CoVid inclus) &#8211; les bact\u00e9ries &#8211; les moisissures &#8211; les champignons &#8211; les spores &#8211; les protozoaires &#8211; les acariens &#8211; etc. etc.<\/li>\n<li><span style=\"font-size: 16px;\">La d\u00e9sodorisation de la cuisine \u00ab\u00a0quand on cuisine fort\u00a0\u00bb.<\/span><\/li>\n<li><span style=\"font-size: 16px;\">L&rsquo;assainissement parfait et la d\u00e9sodorisation du r\u00e9frig\u00e9rateur.<\/span><\/li>\n<li>et bien d&rsquo;autres avantages &#8230; .<\/li>\n<\/ul>\n<\/li>\n<\/ul>\n<h6><strong>DANS L&rsquo;EAU:<\/strong><\/h6>\n<ul>\n<li><span style=\"font-size: 16px;\">Rend l&rsquo;eau charg\u00e9e dans le r\u00e9servoir d&rsquo;eau claire bact\u00e9riologiquement pure (\u00e9puration).<\/span><\/li>\n<li><span style=\"font-size: 16px;\">Eau enrichie en ozone:<\/span>\n<ul>\n<li>Au lieu de produits d\u00e9sinfectants tels que le chlore et tous ses d\u00e9riv\u00e9s, l&rsquo;ammoniac, la varichine, l&rsquo;amuchine, etc.<\/li>\n<li><span style=\"font-size: 16px;\">C&rsquo;est un d\u00e9graissant naturel efficace.<\/span><\/li>\n<li><span style=\"font-size: 16px;\">Elle permet la r\u00e9duction des d\u00e9tergents.<\/span><\/li>\n<li><span style=\"font-size: 16px;\">Elle permet la r\u00e9duction de la consommation d&rsquo;eau.<\/span><\/li>\n<li><span style=\"font-size: 16px;\">Pendant qu&rsquo;elle lave, d\u00e9sinfecte et \u00e9limine les bact\u00e9ries et les produits chimiques des fruits, des l\u00e9gumes et des meubles.<\/span><\/li>\n<li>Elle \u00e9limine le biofilm des canalisations.<\/li>\n<li><span style=\"font-size: 16px;\">Elle d\u00e9sodorise les canalisations pour annuler la puanteur des eaux grises.<\/span><\/li>\n<li>et dans la vie de tous les jours, aussi pour de nombreux autres avantages &#8230;<\/li>\n<\/ul>\n<\/li>\n<\/ul>\n<h6><strong>CARACT\u00c9RISTIQUES TECHNIQUES:<\/strong><\/h6>\n<ul>\n<li>Structure horizontale en acier inoxydable.<\/li>\n<li>G\u00e9n\u00e9ration dans une cellule de r\u00e9action semi-\u00e9tanche aliment\u00e9e en air filtr\u00e9 et s\u00e9ch\u00e9.<\/li>\n<li>Filtre mol\u00e9culaire.<\/li>\n<li>Gestion automatis\u00e9e des traitements.<\/li>\n<li>Roues et pieds en caoutchouc et poign\u00e9e de tra\u00een\u00e9e pratique.<\/li>\n<li>1 ventilateur de 650 m3 par heure.<\/li>\n<li>Tension 230Vac &#8211; Puissance totale 0,25 kW (250 watts).<\/li>\n<li>Faible consommation d&rsquo;\u00e9nergie ; 15 minutes de fonctionnement = 38 Watts.<\/li>\n<li>Dimensions mm. largeur 420 x longueur 310 x hauteur 750 ; Poids Kg. 23.<\/li>\n<li>Fabriqu\u00e9 en Italie \u00e0 Como; Notice d&rsquo;utilisation; Certification CE et garanties l\u00e9gales.<\/li>\n<li>1 buse d&rsquo;\u00e9mission pour tuyau r\u00e9sistant \u00e0 l&rsquo;ozone, pour traiter les espaces o\u00f9 il n&rsquo;est pas possible d&rsquo;ins\u00e9rer l&rsquo;appareil, comme l&rsquo;asanissement par saturation \u00e0 temps prolong\u00e9e + 3 m\u00e8tres tuyau flexible r\u00e9sistant \u00e0 l&rsquo;ozone + 1 diffuseur c\u00e9ramique.<\/li>\n<li>Cordon d&rsquo;alimentation IEC&gt; prise.<\/li>\n<\/ul>\n<ul>\n<li style=\"list-style-type: none;\">\n<ul>\n<li>Options disponibles:\n<ul>\n<li>double buse vous permet de traiter 2 v\u00e9hicules\/environnements \u00e0 la fois.<\/li>\n<li>catalyseur de conversion rapide ozone &gt; oxyg\u00e8ne.<\/li>\n<li>fonctionnement jour\/nuit automatis\u00e9.<\/li>\n<li>filtre \u00e0 tamis mol\u00e9culaire avec r\u00e9g\u00e9n\u00e9ration automatis\u00e9e.<\/li>\n<\/ul>\n<\/li>\n<\/ul>\n<\/li>\n<\/ul>\n<p><span style=\"color: #000080;\">Dans l&rsquo;image le <strong>TERMINATOR T4<\/strong>, sauf indication contraire lors de la commande, il est fourni uniquement tel que d\u00e9crit dans les caract\u00e9ristiques techniques.<\/span><\/p>\n","protected":false},"excerpt":{"rendered":"<p><em>TERMINATOR T4 g\u00e9n\u00e9rateur d&rsquo;ozone de petite taille et de faible poids pour une application aussi bien dans l&rsquo;air que dans l&rsquo;eau, contre les virus, les spores, les bact\u00e9ries, les biofilms, les algues, les mauvaises odeurs, etc. sans autres accessoires ou produits chimiques<\/em><em>.\u00a0 <\/em><em>Programmation facile, notice d&rsquo;utilisation tr\u00e8s compl\u00e8te et possibilit\u00e9 de traiter deux environnements en m\u00eame temps. <\/em><em>Nous fabriquions des g\u00e9n\u00e9rateurs d\u2019ozone depuis 1984, pour les secteurs : civil, sanitaire, industriel, pharmaceutique, militaire, etc. qui r\u00e9solvent m\u00eame les probl\u00e8mes les plus graves, l\u00e0 o\u00f9 la chimie et la science \u00e9chouent. <\/em><em>Les r\u00e9sultats obtenus avec nos g\u00e9n\u00e9rateurs d&rsquo;ozone ne vous font jamais regretter le prix d&rsquo;achat.<\/em><\/p>\n","protected":false},"featured_media":3319,"template":"","meta":{"neve_meta_sidebar":"","neve_meta_container":"","neve_meta_enable_content_width":"off","neve_meta_content_width":70,"neve_meta_title_alignment":"","neve_meta_author_avatar":"","neve_post_elements_order":"","neve_meta_disable_header":"","neve_meta_disable_footer":"","neve_meta_disable_title":"","_themeisle_gutenberg_block_has_review":false},"product_brand":[],"product_cat":[104],"product_tag":[],"class_list":{"0":"post-3314","1":"product","2":"type-product","3":"status-publish","4":"has-post-thumbnail","6":"product_cat-generateurs-dozone","8":"first","9":"instock","10":"sale","11":"taxable","12":"shipping-taxable","13":"purchasable","14":"product-type-simple"},"yoast_head":"<!-- This site is optimized with the Yoast SEO plugin v26.9 - https:\/\/yoast.com\/product\/yoast-seo-wordpress\/ -->\n<title>TERMINATOR T4 - O3M by MAINO<\/title>\n<meta name=\"description\" content=\"G\u00e9n\u00e9rateur d&#039;ozone pur et professionnel pour toute application air \/ eau \u00e0 la maison, en entreprise, chez le m\u00e9decin, etc.; 230Vac, Fabriqu\u00e9 en Italie.\" \/>\n<meta name=\"robots\" content=\"index, follow, max-snippet:-1, max-image-preview:large, max-video-preview:-1\" \/>\n<link rel=\"canonical\" href=\"https:\/\/o3m.it\/fr\/produit\/terminator-t4\/\" \/>\n<meta property=\"og:locale\" content=\"fr_FR\" \/>\n<meta property=\"og:type\" content=\"article\" \/>\n<meta property=\"og:title\" content=\"TERMINATOR T4 - O3M by MAINO\" \/>\n<meta property=\"og:description\" content=\"G\u00e9n\u00e9rateur d&#039;ozone pur et professionnel pour toute application air \/ eau \u00e0 la maison, en entreprise, chez le m\u00e9decin, etc.; 230Vac, Fabriqu\u00e9 en Italie.\" \/>\n<meta property=\"og:url\" content=\"https:\/\/o3m.it\/fr\/produit\/terminator-t4\/\" \/>\n<meta property=\"og:site_name\" content=\"O3M by MAINO\" \/>\n<meta property=\"article:modified_time\" content=\"2023-06-27T14:02:20+00:00\" \/>\n<meta property=\"og:image\" content=\"https:\/\/o3m.it\/wp-content\/uploads\/2023\/02\/IMG_20200316_175710-scaled.jpg\" \/>\n\t<meta property=\"og:image:width\" content=\"1920\" \/>\n\t<meta property=\"og:image:height\" content=\"2560\" \/>\n\t<meta property=\"og:image:type\" content=\"image\/jpeg\" \/>\n<meta name=\"twitter:card\" content=\"summary_large_image\" \/>\n<meta name=\"twitter:label1\" content=\"Dur\u00e9e de lecture estim\u00e9e\" \/>\n\t<meta name=\"twitter:data1\" content=\"3 minutes\" \/>\n<script type=\"application\/ld+json\" class=\"yoast-schema-graph\">{\"@context\":\"https:\/\/schema.org\",\"@graph\":[{\"@type\":\"WebPage\",\"@id\":\"https:\/\/o3m.it\/fr\/produit\/terminator-t4\/\",\"url\":\"https:\/\/o3m.it\/fr\/produit\/terminator-t4\/\",\"name\":\"TERMINATOR T4 - O3M by MAINO\",\"isPartOf\":{\"@id\":\"https:\/\/o3m.it\/fr\/#website\"},\"primaryImageOfPage\":{\"@id\":\"https:\/\/o3m.it\/fr\/produit\/terminator-t4\/#primaryimage\"},\"image\":{\"@id\":\"https:\/\/o3m.it\/fr\/produit\/terminator-t4\/#primaryimage\"},\"thumbnailUrl\":\"https:\/\/o3m.it\/wp-content\/uploads\/2023\/02\/IMG_20200316_175710-scaled.jpg\",\"datePublished\":\"2023-02-27T11:22:17+00:00\",\"dateModified\":\"2023-06-27T14:02:20+00:00\",\"description\":\"G\u00e9n\u00e9rateur d'ozone pur et professionnel pour toute application air \/ eau \u00e0 la maison, en entreprise, chez le m\u00e9decin, etc.; 230Vac, Fabriqu\u00e9 en Italie.\",\"breadcrumb\":{\"@id\":\"https:\/\/o3m.it\/fr\/produit\/terminator-t4\/#breadcrumb\"},\"inLanguage\":\"fr-FR\",\"potentialAction\":[{\"@type\":\"ReadAction\",\"target\":[\"https:\/\/o3m.it\/fr\/produit\/terminator-t4\/\"]}]},{\"@type\":\"ImageObject\",\"inLanguage\":\"fr-FR\",\"@id\":\"https:\/\/o3m.it\/fr\/produit\/terminator-t4\/#primaryimage\",\"url\":\"https:\/\/o3m.it\/wp-content\/uploads\/2023\/02\/IMG_20200316_175710-scaled.jpg\",\"contentUrl\":\"https:\/\/o3m.it\/wp-content\/uploads\/2023\/02\/IMG_20200316_175710-scaled.jpg\",\"width\":1920,\"height\":2560,\"caption\":\"dav\"},{\"@type\":\"BreadcrumbList\",\"@id\":\"https:\/\/o3m.it\/fr\/produit\/terminator-t4\/#breadcrumb\",\"itemListElement\":[{\"@type\":\"ListItem\",\"position\":1,\"name\":\"Home\",\"item\":\"https:\/\/o3m.it\/fr\/\"},{\"@type\":\"ListItem\",\"position\":2,\"name\":\"Shop\",\"item\":\"https:\/\/o3m.it\/shop\/\"},{\"@type\":\"ListItem\",\"position\":3,\"name\":\"TERMINATOR T4\"}]},{\"@type\":\"WebSite\",\"@id\":\"https:\/\/o3m.it\/fr\/#website\",\"url\":\"https:\/\/o3m.it\/fr\/\",\"name\":\"O3M by MAINO\",\"description\":\"OZONO\",\"publisher\":{\"@id\":\"https:\/\/o3m.it\/fr\/#organization\"},\"potentialAction\":[{\"@type\":\"SearchAction\",\"target\":{\"@type\":\"EntryPoint\",\"urlTemplate\":\"https:\/\/o3m.it\/fr\/?s={search_term_string}\"},\"query-input\":{\"@type\":\"PropertyValueSpecification\",\"valueRequired\":true,\"valueName\":\"search_term_string\"}}],\"inLanguage\":\"fr-FR\"},{\"@type\":\"Organization\",\"@id\":\"https:\/\/o3m.it\/fr\/#organization\",\"name\":\"O3M by MAINO\",\"url\":\"https:\/\/o3m.it\/fr\/\",\"logo\":{\"@type\":\"ImageObject\",\"inLanguage\":\"fr-FR\",\"@id\":\"https:\/\/o3m.it\/fr\/#\/schema\/logo\/image\/\",\"url\":\"https:\/\/o3m.it\/wp-content\/uploads\/2019\/07\/logo-o3m-sc.png\",\"contentUrl\":\"https:\/\/o3m.it\/wp-content\/uploads\/2019\/07\/logo-o3m-sc.png\",\"width\":1068,\"height\":922,\"caption\":\"O3M by MAINO\"},\"image\":{\"@id\":\"https:\/\/o3m.it\/fr\/#\/schema\/logo\/image\/\"}}]}<\/script>\n<!-- \/ Yoast SEO plugin. -->","yoast_head_json":{"title":"TERMINATOR T4 - O3M by MAINO","description":"G\u00e9n\u00e9rateur d'ozone pur et professionnel pour toute application air \/ eau \u00e0 la maison, en entreprise, chez le m\u00e9decin, etc.; 230Vac, Fabriqu\u00e9 en Italie.","robots":{"index":"index","follow":"follow","max-snippet":"max-snippet:-1","max-image-preview":"max-image-preview:large","max-video-preview":"max-video-preview:-1"},"canonical":"https:\/\/o3m.it\/fr\/produit\/terminator-t4\/","og_locale":"fr_FR","og_type":"article","og_title":"TERMINATOR T4 - O3M by MAINO","og_description":"G\u00e9n\u00e9rateur d'ozone pur et professionnel pour toute application air \/ eau \u00e0 la maison, en entreprise, chez le m\u00e9decin, etc.; 230Vac, Fabriqu\u00e9 en Italie.","og_url":"https:\/\/o3m.it\/fr\/produit\/terminator-t4\/","og_site_name":"O3M by MAINO","article_modified_time":"2023-06-27T14:02:20+00:00","og_image":[{"width":1920,"height":2560,"url":"https:\/\/o3m.it\/wp-content\/uploads\/2023\/02\/IMG_20200316_175710-scaled.jpg","type":"image\/jpeg"}],"twitter_card":"summary_large_image","twitter_misc":{"Dur\u00e9e de lecture estim\u00e9e":"3 minutes"},"schema":{"@context":"https:\/\/schema.org","@graph":[{"@type":"WebPage","@id":"https:\/\/o3m.it\/fr\/produit\/terminator-t4\/","url":"https:\/\/o3m.it\/fr\/produit\/terminator-t4\/","name":"TERMINATOR T4 - O3M by MAINO","isPartOf":{"@id":"https:\/\/o3m.it\/fr\/#website"},"primaryImageOfPage":{"@id":"https:\/\/o3m.it\/fr\/produit\/terminator-t4\/#primaryimage"},"image":{"@id":"https:\/\/o3m.it\/fr\/produit\/terminator-t4\/#primaryimage"},"thumbnailUrl":"https:\/\/o3m.it\/wp-content\/uploads\/2023\/02\/IMG_20200316_175710-scaled.jpg","datePublished":"2023-02-27T11:22:17+00:00","dateModified":"2023-06-27T14:02:20+00:00","description":"G\u00e9n\u00e9rateur d'ozone pur et professionnel pour toute application air \/ eau \u00e0 la maison, en entreprise, chez le m\u00e9decin, etc.; 230Vac, Fabriqu\u00e9 en Italie.","breadcrumb":{"@id":"https:\/\/o3m.it\/fr\/produit\/terminator-t4\/#breadcrumb"},"inLanguage":"fr-FR","potentialAction":[{"@type":"ReadAction","target":["https:\/\/o3m.it\/fr\/produit\/terminator-t4\/"]}]},{"@type":"ImageObject","inLanguage":"fr-FR","@id":"https:\/\/o3m.it\/fr\/produit\/terminator-t4\/#primaryimage","url":"https:\/\/o3m.it\/wp-content\/uploads\/2023\/02\/IMG_20200316_175710-scaled.jpg","contentUrl":"https:\/\/o3m.it\/wp-content\/uploads\/2023\/02\/IMG_20200316_175710-scaled.jpg","width":1920,"height":2560,"caption":"dav"},{"@type":"BreadcrumbList","@id":"https:\/\/o3m.it\/fr\/produit\/terminator-t4\/#breadcrumb","itemListElement":[{"@type":"ListItem","position":1,"name":"Home","item":"https:\/\/o3m.it\/fr\/"},{"@type":"ListItem","position":2,"name":"Shop","item":"https:\/\/o3m.it\/shop\/"},{"@type":"ListItem","position":3,"name":"TERMINATOR T4"}]},{"@type":"WebSite","@id":"https:\/\/o3m.it\/fr\/#website","url":"https:\/\/o3m.it\/fr\/","name":"O3M by MAINO","description":"OZONO","publisher":{"@id":"https:\/\/o3m.it\/fr\/#organization"},"potentialAction":[{"@type":"SearchAction","target":{"@type":"EntryPoint","urlTemplate":"https:\/\/o3m.it\/fr\/?s={search_term_string}"},"query-input":{"@type":"PropertyValueSpecification","valueRequired":true,"valueName":"search_term_string"}}],"inLanguage":"fr-FR"},{"@type":"Organization","@id":"https:\/\/o3m.it\/fr\/#organization","name":"O3M by MAINO","url":"https:\/\/o3m.it\/fr\/","logo":{"@type":"ImageObject","inLanguage":"fr-FR","@id":"https:\/\/o3m.it\/fr\/#\/schema\/logo\/image\/","url":"https:\/\/o3m.it\/wp-content\/uploads\/2019\/07\/logo-o3m-sc.png","contentUrl":"https:\/\/o3m.it\/wp-content\/uploads\/2019\/07\/logo-o3m-sc.png","width":1068,"height":922,"caption":"O3M by MAINO"},"image":{"@id":"https:\/\/o3m.it\/fr\/#\/schema\/logo\/image\/"}}]}},"jetpack_sharing_enabled":true,"_links":{"self":[{"href":"https:\/\/o3m.it\/fr\/wp-json\/wp\/v2\/product\/3314","targetHints":{"allow":["GET"]}}],"collection":[{"href":"https:\/\/o3m.it\/fr\/wp-json\/wp\/v2\/product"}],"about":[{"href":"https:\/\/o3m.it\/fr\/wp-json\/wp\/v2\/types\/product"}],"version-history":[{"count":0,"href":"https:\/\/o3m.it\/fr\/wp-json\/wp\/v2\/product\/3314\/revisions"}],"wp:featuredmedia":[{"embeddable":true,"href":"https:\/\/o3m.it\/fr\/wp-json\/wp\/v2\/media\/3319"}],"wp:attachment":[{"href":"https:\/\/o3m.it\/fr\/wp-json\/wp\/v2\/media?parent=3314"}],"wp:term":[{"taxonomy":"product_brand","embeddable":true,"href":"https:\/\/o3m.it\/fr\/wp-json\/wp\/v2\/product_brand?post=3314"},{"taxonomy":"product_cat","embeddable":true,"href":"https:\/\/o3m.it\/fr\/wp-json\/wp\/v2\/product_cat?post=3314"},{"taxonomy":"product_tag","embeddable":true,"href":"https:\/\/o3m.it\/fr\/wp-json\/wp\/v2\/product_tag?post=3314"}],"curies":[{"name":"wp","href":"https:\/\/api.w.org\/{rel}","templated":true}]}}