{"id":3121,"date":"2022-05-03T16:11:33","date_gmt":"2022-05-03T14:11:33","guid":{"rendered":"https:\/\/o3m.it\/product\/everflo-5-l-min-concentratore-di-ossigeno-stazionario-philips-respironics\/"},"modified":"2022-10-13T16:37:30","modified_gmt":"2022-10-13T14:37:30","slug":"everflo-5-l-min-concentrateur-oxygene-stationnaire-philips-respironics","status":"publish","type":"product","link":"https:\/\/o3m.it\/fr\/produit\/everflo-5-l-min-concentrateur-oxygene-stationnaire-philips-respironics\/","title":{"rendered":"EVERFLO 5 L\/MIN CONCENTRATEUR D&rsquo;OXYG\u00c8NE STATIONNAIRE &#8211; PHILIPS RESPIRONICS"},"content":{"rendered":"<h3><em>Jusqu&rsquo;\u00e0 pr\u00e9sent, les concentrateurs d&rsquo;oxyg\u00e8ne ont toujours \u00e9t\u00e9 tr\u00e8s similaires: lourds, encombrants, bruyants et avec un entretien fr\u00e9quent, EverFlo r\u00e9\u00e9crit les termes, c&rsquo;est un concentrateur stationnaire unique qui offre vraiment la fonctionnalit\u00e9 que les utilisateurs demandent et m\u00e9ritent.<\/em><\/h3>\n<p><strong>EverFlo<\/strong> r\u00e9duit les co\u00fbts d&rsquo;exploitation avec une conception qui offre:<\/p>\n<ul>\n<li>Seulement 15 kg de poids<\/li>\n<li>Petite taille<\/li>\n<li>Facilit\u00e9 de transport<\/li>\n<li>Faible entretien<\/li>\n<li>Discr\u00e9tion<\/li>\n<li>Facilit\u00e9 d&rsquo;utilisation<\/li>\n<li>Facilit\u00e9 d&rsquo;entretien<\/li>\n<li>Certificat de conformit\u00e9.<\/li>\n<\/ul>\n<p><strong>Caract\u00e9ristiques:<\/strong><br \/>\nLe concentrateur stationnaire Philips <strong>EverFlo<\/strong> 5 L\/m est un ensemble unique de fonctionnalit\u00e9s permettant de r\u00e9duire le co\u00fbt de l&rsquo;alimentation en oxyg\u00e8ne tout en maintenant la facilit\u00e9 d&rsquo;utilisation pour l&rsquo;utilisateur.<br \/>\nIl n&rsquo;est pas seulement l\u00e9ger et facile \u00e0 transporter, c&rsquo;est un objet design tr\u00e8s compact, qui ne ressemble en rien \u00e0 un dispositif m\u00e9dical.<\/p>\n<p><strong>EverFlo<\/strong> est l&rsquo;un des concentrateurs stationnaires les plus silencieux du march\u00e9 et ne n\u00e9cessite aucun changement de filtre avant deux ans, en fonctionnement il consomme moins d&rsquo;\u00e9nergie que la concurrence chinoise et produit \u00e9galement moins de chaleur, pas de filtre \u00e0 remplacer pour le patient. Le d\u00e9bitm\u00e8tre encastr\u00e9 et la connexion de la canule en m\u00e9tal r\u00e9duisent le risque de rupture accidentelle, tandis que l&rsquo;humidificateur est compatible avec tous les types de bouteilles et dispose d&rsquo;un support utile avec fermeture velcro.<\/p>\n<p>Le concentrateur d&rsquo;oxyg\u00e8ne portable Philips Respironics <strong>EverFlo<\/strong> est indiqu\u00e9 pour les personnes pr\u00e9sentant les conditions suivantes\u00a0:<\/p>\n<ul>\n<li>BPCO (maladie pulmonaire obstructive chronique) maladie \u00e9volutive dans laquelle des l\u00e9sions au niveau des alv\u00e9oles emp\u00eachent le passage d&rsquo;une quantit\u00e9 suffisante d&rsquo;oxyg\u00e8ne dans le sang, l&rsquo;adjectif \u00ab\u00a0progressive\u00a0\u00bb signifie que la maladie a tendance \u00e0 s&rsquo;aggraver avec le temps.<\/li>\n<li>Insuffisance cardiaque s\u00e9v\u00e8re, les personnes souffrant de ce mal ont un c\u0153ur incapable de pomper une quantit\u00e9 suffisante de sang riche en oxyg\u00e8ne pour r\u00e9pondre aux besoins de l&rsquo;organisme.<\/li>\n<li>La fibrose kystique, une maladie h\u00e9r\u00e9ditaire des glandes exocrines, y compris celles qui produisent du mucus et de la sueur. Chez les patients qui en souffrent, les voies respiratoires se remplissent de mucus \u00e9pais et collant qui facilite la prolif\u00e9ration des bact\u00e9ries, provoquant des infections pulmonaires graves et r\u00e9currentes et, avec le temps, les infections peuvent gravement endommager les poumons.<\/li>\n<li>Troubles respiratoires li\u00e9s au sommeil, tels que l&rsquo;apn\u00e9e du sommeil qui abaisse le niveau d&rsquo;oxyg\u00e8ne pendant le sommeil.<\/li>\n<li>L&rsquo;algie vasculaire de la face (cluster headache), c\u00e9phal\u00e9e neurovasculaire primaire extr\u00eamement douloureuse, survient p\u00e9riodiquement avec des phases actives alternant avec des phases de r\u00e9mission spontan\u00e9e. Ces phases actives sont appel\u00e9es \u00ab\u00a0clusters\u00a0\u00bb (ou \u00ab\u00a0clusters\u00a0\u00bb).<\/li>\n<\/ul>\n<p>Pathologies aigu\u00ebs:<\/p>\n<ul>\n<li>La pneumonie s\u00e9v\u00e8re, infection d&rsquo;un ou des deux poumons, provoque une inflammation profonde des alv\u00e9oles qui ne sont plus en mesure d&rsquo;\u00e9changer une quantit\u00e9 suffisante d&rsquo;oxyg\u00e8ne avec le sang.<\/li>\n<li>Crises d&rsquo;asthme graves, maladie pulmonaire qui enflamme et resserre les bronches, la plupart des patients asthmatiques, y compris les enfants, peuvent g\u00e9rer les sympt\u00f4mes en toute s\u00e9curit\u00e9, mais si les crises sont graves, le patient peut n\u00e9cessiter une hospitalisation \u00e0 l&rsquo;h\u00f4pital pour une oxyg\u00e9noth\u00e9rapie.<\/li>\n<li>Syndrome de stress respiratoire ou dysplasie broncho-pulmonaire chez les pr\u00e9matur\u00e9s. Les b\u00e9b\u00e9s pr\u00e9matur\u00e9s peuvent souffrir de l&rsquo;une de ces maladies pulmonaires graves ou des deux. Une partie de la th\u00e9rapie est l&rsquo;apport d&rsquo;oxyg\u00e8ne par un ventilateur ou un masque nasal \u00e0 pression positive continue, ou m\u00eame par une canule nasale.<\/li>\n<\/ul>\n<p><strong>ATTENTION: la machine est recommand\u00e9e uniquement pour les patients qui au repos respirent jusqu&rsquo;\u00e0 5 litres\/min. Une consultation pr\u00e9alable avec votre m\u00e9decin de famille et\/ou sp\u00e9cialiste est recommand\u00e9e avant l&rsquo;achat de dispositifs m\u00e9dicaux.<\/strong><\/p>\n<p><strong>Donn\u00e9es Techniques:<\/strong><\/p>\n<ul>\n<li>Tension 220 Vca +10%\/-15%<\/li>\n<li>Fr\u00e9quence 50\/60 Hz<\/li>\n<li>Consommation moyenne 350 W<\/li>\n<li>Concentration d&rsquo;oxyg\u00e8ne \u00e0 5 LPM: 93% +\/- 3%<\/li>\n<li>D\u00e9bit d&rsquo;oxyg\u00e8ne de 0.5 \u00e0 5 litres par minute<\/li>\n<li>Poids environ 15 Kg<\/li>\n<li>Bruit environ 45 dBA<\/li>\n<li>Dimensions cm. 58,4 H x 38,1 LA x 24,1 LU<\/li>\n<li>Alarme faible en oxyg\u00e8ne \u00e0 82% et tr\u00e8s faible en oxyg\u00e8ne \u00e0 70%<\/li>\n<li>Temp\u00e9rature de fonctionnement de 12\u00b0C \u00e0 32\u00b0C<\/li>\n<li>Temp\u00e9rature relative de fonctionnement jusqu&rsquo;\u00e0 95%<\/li>\n<li>Temp\u00e9rature de stockage \/ transport de -34 \u00b0 C \u00e0 +71 \u00b0 C avec une humidit\u00e9 relative jusqu&rsquo;\u00e0 95%<\/li>\n<li>Pression de sortie 44,8 kPa<\/li>\n<li>Altitude de fonctionnement de 0 \u00e0 2286 m au-dessus du niveau de la mer<\/li>\n<\/ul>\n<p><em><strong>Attention!<\/strong> Avec un fonctionnement en dehors et\/ou au-dessus: de la tension sp\u00e9cifi\u00e9e, le nombre maximum de litres par minute, diff\u00e9rentes valeurs de temp\u00e9rature, d&rsquo;humidit\u00e9 et\/ou d&rsquo;altitude, peuvent diminuer les niveaux de concentration d&rsquo;oxyg\u00e8ne.<\/em><\/p>\n","protected":false},"excerpt":{"rendered":"<p>EVERFLO 5 L\/MIN CONCENTRATEUR D&rsquo;OXYG\u00c8NE STATIONNAIRE<\/p>\n","protected":false},"featured_media":2814,"template":"","meta":{"neve_meta_sidebar":"","neve_meta_container":"","neve_meta_enable_content_width":"off","neve_meta_content_width":70,"neve_meta_title_alignment":"","neve_meta_author_avatar":"","neve_post_elements_order":"","neve_meta_disable_header":"","neve_meta_disable_footer":"","neve_meta_disable_title":"","_themeisle_gutenberg_block_has_review":false},"product_brand":[],"product_cat":[114],"product_tag":[],"class_list":{"0":"post-3121","1":"product","2":"type-product","3":"status-publish","4":"has-post-thumbnail","6":"product_cat-o3m-oxygene","8":"first","9":"instock","10":"taxable","11":"shipping-taxable","12":"purchasable","13":"product-type-simple"},"yoast_head":"<!-- This site is optimized with the Yoast SEO plugin v26.9 - https:\/\/yoast.com\/product\/yoast-seo-wordpress\/ -->\n<title>Concentrateur d&#039;oxyg\u00e8ne 4 litres par minute puret\u00e9 &gt; 95%<\/title>\n<meta name=\"description\" content=\"CONCENTRATEUR D&#039;OXYG\u00c8NE STATIONNAIRE - EVERFLO 5L\/M\" \/>\n<meta name=\"robots\" content=\"index, follow, max-snippet:-1, max-image-preview:large, max-video-preview:-1\" \/>\n<link rel=\"canonical\" href=\"https:\/\/o3m.it\/fr\/produit\/everflo-5-l-min-concentrateur-oxygene-stationnaire-philips-respironics\/\" \/>\n<meta property=\"og:locale\" content=\"fr_FR\" \/>\n<meta property=\"og:type\" content=\"article\" \/>\n<meta property=\"og:title\" content=\"Concentrateur d&#039;oxyg\u00e8ne 4 litres par minute puret\u00e9 &gt; 95%\" \/>\n<meta property=\"og:description\" content=\"CONCENTRATEUR D&#039;OXYG\u00c8NE STATIONNAIRE - EVERFLO 5L\/M\" \/>\n<meta property=\"og:url\" content=\"https:\/\/o3m.it\/fr\/produit\/everflo-5-l-min-concentrateur-oxygene-stationnaire-philips-respironics\/\" \/>\n<meta property=\"og:site_name\" content=\"O3M by MAINO\" \/>\n<meta property=\"article:modified_time\" content=\"2022-10-13T14:37:30+00:00\" \/>\n<meta property=\"og:image\" content=\"https:\/\/o3m.it\/wp-content\/uploads\/2022\/05\/everflo.jpg\" \/>\n\t<meta property=\"og:image:width\" content=\"800\" \/>\n\t<meta property=\"og:image:height\" content=\"800\" \/>\n\t<meta property=\"og:image:type\" content=\"image\/jpeg\" \/>\n<meta name=\"twitter:card\" content=\"summary_large_image\" \/>\n<meta name=\"twitter:label1\" content=\"Dur\u00e9e de lecture estim\u00e9e\" \/>\n\t<meta name=\"twitter:data1\" content=\"4 minutes\" \/>\n<script type=\"application\/ld+json\" class=\"yoast-schema-graph\">{\"@context\":\"https:\/\/schema.org\",\"@graph\":[{\"@type\":\"WebPage\",\"@id\":\"https:\/\/o3m.it\/fr\/produit\/everflo-5-l-min-concentrateur-oxygene-stationnaire-philips-respironics\/\",\"url\":\"https:\/\/o3m.it\/fr\/produit\/everflo-5-l-min-concentrateur-oxygene-stationnaire-philips-respironics\/\",\"name\":\"Concentrateur d'oxyg\u00e8ne 4 litres par minute puret\u00e9 > 95%\",\"isPartOf\":{\"@id\":\"https:\/\/o3m.it\/fr\/#website\"},\"primaryImageOfPage\":{\"@id\":\"https:\/\/o3m.it\/fr\/produit\/everflo-5-l-min-concentrateur-oxygene-stationnaire-philips-respironics\/#primaryimage\"},\"image\":{\"@id\":\"https:\/\/o3m.it\/fr\/produit\/everflo-5-l-min-concentrateur-oxygene-stationnaire-philips-respironics\/#primaryimage\"},\"thumbnailUrl\":\"https:\/\/o3m.it\/wp-content\/uploads\/2022\/05\/everflo.jpg\",\"datePublished\":\"2022-05-03T14:11:33+00:00\",\"dateModified\":\"2022-10-13T14:37:30+00:00\",\"description\":\"CONCENTRATEUR D'OXYG\u00c8NE STATIONNAIRE - EVERFLO 5L\/M\",\"breadcrumb\":{\"@id\":\"https:\/\/o3m.it\/fr\/produit\/everflo-5-l-min-concentrateur-oxygene-stationnaire-philips-respironics\/#breadcrumb\"},\"inLanguage\":\"fr-FR\",\"potentialAction\":[{\"@type\":\"ReadAction\",\"target\":[\"https:\/\/o3m.it\/fr\/produit\/everflo-5-l-min-concentrateur-oxygene-stationnaire-philips-respironics\/\"]}]},{\"@type\":\"ImageObject\",\"inLanguage\":\"fr-FR\",\"@id\":\"https:\/\/o3m.it\/fr\/produit\/everflo-5-l-min-concentrateur-oxygene-stationnaire-philips-respironics\/#primaryimage\",\"url\":\"https:\/\/o3m.it\/wp-content\/uploads\/2022\/05\/everflo.jpg\",\"contentUrl\":\"https:\/\/o3m.it\/wp-content\/uploads\/2022\/05\/everflo.jpg\",\"width\":800,\"height\":800},{\"@type\":\"BreadcrumbList\",\"@id\":\"https:\/\/o3m.it\/fr\/produit\/everflo-5-l-min-concentrateur-oxygene-stationnaire-philips-respironics\/#breadcrumb\",\"itemListElement\":[{\"@type\":\"ListItem\",\"position\":1,\"name\":\"Home\",\"item\":\"https:\/\/o3m.it\/fr\/\"},{\"@type\":\"ListItem\",\"position\":2,\"name\":\"Shop\",\"item\":\"https:\/\/o3m.it\/shop\/\"},{\"@type\":\"ListItem\",\"position\":3,\"name\":\"EVERFLO 5 L\/MIN CONCENTRATEUR D&#8217;OXYG\u00c8NE STATIONNAIRE &#8211; PHILIPS RESPIRONICS\"}]},{\"@type\":\"WebSite\",\"@id\":\"https:\/\/o3m.it\/fr\/#website\",\"url\":\"https:\/\/o3m.it\/fr\/\",\"name\":\"O3M by MAINO\",\"description\":\"OZONO\",\"publisher\":{\"@id\":\"https:\/\/o3m.it\/fr\/#organization\"},\"potentialAction\":[{\"@type\":\"SearchAction\",\"target\":{\"@type\":\"EntryPoint\",\"urlTemplate\":\"https:\/\/o3m.it\/fr\/?s={search_term_string}\"},\"query-input\":{\"@type\":\"PropertyValueSpecification\",\"valueRequired\":true,\"valueName\":\"search_term_string\"}}],\"inLanguage\":\"fr-FR\"},{\"@type\":\"Organization\",\"@id\":\"https:\/\/o3m.it\/fr\/#organization\",\"name\":\"O3M by MAINO\",\"url\":\"https:\/\/o3m.it\/fr\/\",\"logo\":{\"@type\":\"ImageObject\",\"inLanguage\":\"fr-FR\",\"@id\":\"https:\/\/o3m.it\/fr\/#\/schema\/logo\/image\/\",\"url\":\"https:\/\/o3m.it\/wp-content\/uploads\/2019\/07\/logo-o3m-sc.png\",\"contentUrl\":\"https:\/\/o3m.it\/wp-content\/uploads\/2019\/07\/logo-o3m-sc.png\",\"width\":1068,\"height\":922,\"caption\":\"O3M by MAINO\"},\"image\":{\"@id\":\"https:\/\/o3m.it\/fr\/#\/schema\/logo\/image\/\"}}]}<\/script>\n<!-- \/ Yoast SEO plugin. -->","yoast_head_json":{"title":"Concentrateur d'oxyg\u00e8ne 4 litres par minute puret\u00e9 > 95%","description":"CONCENTRATEUR D'OXYG\u00c8NE STATIONNAIRE - EVERFLO 5L\/M","robots":{"index":"index","follow":"follow","max-snippet":"max-snippet:-1","max-image-preview":"max-image-preview:large","max-video-preview":"max-video-preview:-1"},"canonical":"https:\/\/o3m.it\/fr\/produit\/everflo-5-l-min-concentrateur-oxygene-stationnaire-philips-respironics\/","og_locale":"fr_FR","og_type":"article","og_title":"Concentrateur d'oxyg\u00e8ne 4 litres par minute puret\u00e9 > 95%","og_description":"CONCENTRATEUR D'OXYG\u00c8NE STATIONNAIRE - EVERFLO 5L\/M","og_url":"https:\/\/o3m.it\/fr\/produit\/everflo-5-l-min-concentrateur-oxygene-stationnaire-philips-respironics\/","og_site_name":"O3M by MAINO","article_modified_time":"2022-10-13T14:37:30+00:00","og_image":[{"width":800,"height":800,"url":"https:\/\/o3m.it\/wp-content\/uploads\/2022\/05\/everflo.jpg","type":"image\/jpeg"}],"twitter_card":"summary_large_image","twitter_misc":{"Dur\u00e9e de lecture estim\u00e9e":"4 minutes"},"schema":{"@context":"https:\/\/schema.org","@graph":[{"@type":"WebPage","@id":"https:\/\/o3m.it\/fr\/produit\/everflo-5-l-min-concentrateur-oxygene-stationnaire-philips-respironics\/","url":"https:\/\/o3m.it\/fr\/produit\/everflo-5-l-min-concentrateur-oxygene-stationnaire-philips-respironics\/","name":"Concentrateur d'oxyg\u00e8ne 4 litres par minute puret\u00e9 > 95%","isPartOf":{"@id":"https:\/\/o3m.it\/fr\/#website"},"primaryImageOfPage":{"@id":"https:\/\/o3m.it\/fr\/produit\/everflo-5-l-min-concentrateur-oxygene-stationnaire-philips-respironics\/#primaryimage"},"image":{"@id":"https:\/\/o3m.it\/fr\/produit\/everflo-5-l-min-concentrateur-oxygene-stationnaire-philips-respironics\/#primaryimage"},"thumbnailUrl":"https:\/\/o3m.it\/wp-content\/uploads\/2022\/05\/everflo.jpg","datePublished":"2022-05-03T14:11:33+00:00","dateModified":"2022-10-13T14:37:30+00:00","description":"CONCENTRATEUR D'OXYG\u00c8NE STATIONNAIRE - EVERFLO 5L\/M","breadcrumb":{"@id":"https:\/\/o3m.it\/fr\/produit\/everflo-5-l-min-concentrateur-oxygene-stationnaire-philips-respironics\/#breadcrumb"},"inLanguage":"fr-FR","potentialAction":[{"@type":"ReadAction","target":["https:\/\/o3m.it\/fr\/produit\/everflo-5-l-min-concentrateur-oxygene-stationnaire-philips-respironics\/"]}]},{"@type":"ImageObject","inLanguage":"fr-FR","@id":"https:\/\/o3m.it\/fr\/produit\/everflo-5-l-min-concentrateur-oxygene-stationnaire-philips-respironics\/#primaryimage","url":"https:\/\/o3m.it\/wp-content\/uploads\/2022\/05\/everflo.jpg","contentUrl":"https:\/\/o3m.it\/wp-content\/uploads\/2022\/05\/everflo.jpg","width":800,"height":800},{"@type":"BreadcrumbList","@id":"https:\/\/o3m.it\/fr\/produit\/everflo-5-l-min-concentrateur-oxygene-stationnaire-philips-respironics\/#breadcrumb","itemListElement":[{"@type":"ListItem","position":1,"name":"Home","item":"https:\/\/o3m.it\/fr\/"},{"@type":"ListItem","position":2,"name":"Shop","item":"https:\/\/o3m.it\/shop\/"},{"@type":"ListItem","position":3,"name":"EVERFLO 5 L\/MIN CONCENTRATEUR D&#8217;OXYG\u00c8NE STATIONNAIRE &#8211; PHILIPS RESPIRONICS"}]},{"@type":"WebSite","@id":"https:\/\/o3m.it\/fr\/#website","url":"https:\/\/o3m.it\/fr\/","name":"O3M by MAINO","description":"OZONO","publisher":{"@id":"https:\/\/o3m.it\/fr\/#organization"},"potentialAction":[{"@type":"SearchAction","target":{"@type":"EntryPoint","urlTemplate":"https:\/\/o3m.it\/fr\/?s={search_term_string}"},"query-input":{"@type":"PropertyValueSpecification","valueRequired":true,"valueName":"search_term_string"}}],"inLanguage":"fr-FR"},{"@type":"Organization","@id":"https:\/\/o3m.it\/fr\/#organization","name":"O3M by MAINO","url":"https:\/\/o3m.it\/fr\/","logo":{"@type":"ImageObject","inLanguage":"fr-FR","@id":"https:\/\/o3m.it\/fr\/#\/schema\/logo\/image\/","url":"https:\/\/o3m.it\/wp-content\/uploads\/2019\/07\/logo-o3m-sc.png","contentUrl":"https:\/\/o3m.it\/wp-content\/uploads\/2019\/07\/logo-o3m-sc.png","width":1068,"height":922,"caption":"O3M by MAINO"},"image":{"@id":"https:\/\/o3m.it\/fr\/#\/schema\/logo\/image\/"}}]}},"jetpack_sharing_enabled":true,"_links":{"self":[{"href":"https:\/\/o3m.it\/fr\/wp-json\/wp\/v2\/product\/3121","targetHints":{"allow":["GET"]}}],"collection":[{"href":"https:\/\/o3m.it\/fr\/wp-json\/wp\/v2\/product"}],"about":[{"href":"https:\/\/o3m.it\/fr\/wp-json\/wp\/v2\/types\/product"}],"version-history":[{"count":0,"href":"https:\/\/o3m.it\/fr\/wp-json\/wp\/v2\/product\/3121\/revisions"}],"wp:featuredmedia":[{"embeddable":true,"href":"https:\/\/o3m.it\/fr\/wp-json\/wp\/v2\/media\/2814"}],"wp:attachment":[{"href":"https:\/\/o3m.it\/fr\/wp-json\/wp\/v2\/media?parent=3121"}],"wp:term":[{"taxonomy":"product_brand","embeddable":true,"href":"https:\/\/o3m.it\/fr\/wp-json\/wp\/v2\/product_brand?post=3121"},{"taxonomy":"product_cat","embeddable":true,"href":"https:\/\/o3m.it\/fr\/wp-json\/wp\/v2\/product_cat?post=3121"},{"taxonomy":"product_tag","embeddable":true,"href":"https:\/\/o3m.it\/fr\/wp-json\/wp\/v2\/product_tag?post=3121"}],"curies":[{"name":"wp","href":"https:\/\/api.w.org\/{rel}","templated":true}]}}