{"id":3117,"date":"2021-02-19T09:53:59","date_gmt":"2021-02-19T08:53:59","guid":{"rendered":"https:\/\/o3m.it\/product\/concentratore-ossigeno-medicale-4-litri-minuto\/"},"modified":"2024-07-26T12:23:56","modified_gmt":"2024-07-26T10:23:56","slug":"concentratore-ossigeno-medicale-4-litri-minuto","status":"publish","type":"product","link":"https:\/\/o3m.it\/fr\/produit\/concentratore-ossigeno-medicale-4-litri-minuto\/","title":{"rendered":"Concentratore ossigeno medicale 4 litri\/minuto"},"content":{"rendered":"<p class=\"western\"><span style=\"font-size: medium;\"><span style=\"font-family: Calibri, sans-serif;\">Concentratore d&rsquo;ossigeno di classe medicale, con emissione regolabile da 0,5 a 4 Litri\/minuto, e purezza ossigeno &gt; 95% , modulo gi\u00e0 pronto da installare in un qualsiasi sistema di ozono generazione, oppure da impiegare per altri scopi dove sia necessaria una fonte d&rsquo;ossigeno filtrato, essiccato e con un elevato livello di purezza. <\/span><\/span><\/p>\n<p class=\"western\"><span style=\"font-size: medium;\"><span style=\"font-family: Calibri, sans-serif;\">Il modulo \u00e8 semi assemblato con tutti i componenti gi\u00e0 interconnessi ed \u00e8 completo delle seguenti parti<\/span><\/span><span style=\"font-size: medium;\"><span style=\"font-family: Calibri, sans-serif;\">:<\/span><\/span><\/p>\n<ul>\n<li class=\"western\"><span style=\"font-size: medium;\"><span style=\"font-family: Calibri, sans-serif;\">doppia colonna a scambio automatico, <\/span><\/span><\/li>\n<li class=\"western\"><span style=\"font-size: medium;\"><span style=\"font-family: Calibri, sans-serif;\">Letto molecolare a elevata efficienza,<\/span><\/span><\/li>\n<li class=\"western\"><span style=\"font-size: medium;\"><span style=\"font-family: Calibri, sans-serif;\">essiccatore automatico,<\/span><\/span><\/li>\n<li class=\"western\"><span style=\"font-size: medium;\"><span style=\"font-family: Calibri, sans-serif;\">r<\/span><span style=\"font-family: Calibri, sans-serif;\">affreddamento a liquido a circuito chiuso,<\/span><\/span><\/li>\n<li class=\"western\"><span style=\"font-size: medium;\"><span style=\"font-family: Calibri, sans-serif;\">ventilatore raffreddamento forzato,<\/span><\/span><\/li>\n<li class=\"western\"><span style=\"font-size: medium;\"><span style=\"font-family: Calibri, sans-serif;\">compressore a doppio pistone oil-less,<\/span><\/span><\/li>\n<li class=\"western\"><span style=\"font-size: medium;\"><span style=\"font-family: Calibri, sans-serif;\">filtro aria, <\/span><\/span><\/li>\n<li class=\"western\"><span style=\"font-size: medium;\"><span style=\"font-family: Calibri, sans-serif;\">silenziatore, <\/span><\/span><\/li>\n<li class=\"western\"><span style=\"font-size: medium;\"><span style=\"font-family: Calibri, sans-serif;\">flussimetro a colonna regolabile, <\/span><\/span><\/li>\n<li class=\"western\"><span style=\"font-size: medium;\"><span style=\"font-family: Calibri, sans-serif;\">scheda elettronica di gestione e controllo.<\/span><\/span><\/li>\n<\/ul>\n<p><strong><span style=\"font-size: medium;\"><span style=\"font-family: Calibri, sans-serif;\">Dati Tecnici:<\/span><\/span><\/strong><\/p>\n<ul>\n<li><span style=\"font-size: medium;\"><span style=\"font-family: Calibri, sans-serif;\">Tensione d&rsquo;alimentazione monofase 230Vca +10\/-15% @ 50\/60Hz \u00b1 0,5% <\/span><\/span><\/li>\n<li><span style=\"font-size: medium;\"><span style=\"font-family: Calibri, sans-serif;\">Potenza totale 0,45 kW (450 watt).\u00a0<\/span><\/span><\/li>\n<li><span style=\"font-size: medium;\"><span style=\"font-family: Calibri, sans-serif;\">Pressione nominale d&rsquo;esercizio Nmc, 0.35 Mbar.<\/span><\/span><\/li>\n<\/ul>\n","protected":false},"excerpt":{"rendered":"<p><span style=\"font-size: medium;\"><span style=\"font-family: Calibri, sans-serif;\">Concentratore d&rsquo;ossigeno di classe medicale, 4\u00a0Litri\/minuto, emissione regolabile, purezza &gt; 95% , pronto da installare e impiegare per scopi dove si necessita una fonte d&rsquo;ossigeno filtrato, essiccato e con un elevato livello di purezza.<\/span><\/span><\/p>\n","protected":false},"featured_media":0,"template":"","meta":{"neve_meta_sidebar":"","neve_meta_container":"","neve_meta_enable_content_width":"off","neve_meta_content_width":0,"neve_meta_title_alignment":"","neve_meta_author_avatar":"","neve_post_elements_order":"","neve_meta_disable_header":"","neve_meta_disable_footer":"","neve_meta_disable_title":"","_themeisle_gutenberg_block_has_review":false},"product_brand":[],"product_cat":[117],"product_tag":[],"class_list":{"0":"post-3117","1":"product","2":"type-product","3":"status-publish","5":"product_cat-pieces-detachees-generateurs-dozone-o3m","6":"product_shipping_class-3-fr","8":"first","9":"instock","10":"taxable","11":"shipping-taxable","12":"purchasable","13":"product-type-simple"},"yoast_head":"<!-- This site is optimized with the Yoast SEO plugin v26.9 - https:\/\/yoast.com\/product\/yoast-seo-wordpress\/ -->\n<title>Concentratore ossigeno 4 litri minuto purezza &gt;95%<\/title>\n<meta name=\"description\" content=\"Modulo concentratore di ossigeno di classe medicale da 4 litri minuto con purezza &gt;93% pronto da installare per ozono generazione o altri usi\" \/>\n<meta name=\"robots\" content=\"index, follow, max-snippet:-1, max-image-preview:large, max-video-preview:-1\" \/>\n<link rel=\"canonical\" href=\"https:\/\/o3m.it\/fr\/produit\/concentratore-ossigeno-medicale-4-litri-minuto\/\" \/>\n<meta property=\"og:locale\" content=\"fr_FR\" \/>\n<meta property=\"og:type\" content=\"article\" \/>\n<meta property=\"og:title\" content=\"Concentratore ossigeno 4 litri minuto purezza &gt;95%\" \/>\n<meta property=\"og:description\" content=\"Modulo concentratore di ossigeno di classe medicale da 4 litri minuto con purezza &gt;93% pronto da installare per ozono generazione o altri usi\" \/>\n<meta property=\"og:url\" content=\"https:\/\/o3m.it\/fr\/produit\/concentratore-ossigeno-medicale-4-litri-minuto\/\" \/>\n<meta property=\"og:site_name\" content=\"O3M by MAINO\" \/>\n<meta property=\"article:modified_time\" content=\"2024-07-26T10:23:56+00:00\" \/>\n<meta name=\"twitter:card\" content=\"summary_large_image\" \/>\n<meta name=\"twitter:label1\" content=\"Dur\u00e9e de lecture estim\u00e9e\" \/>\n\t<meta name=\"twitter:data1\" content=\"1 minute\" \/>\n<script type=\"application\/ld+json\" class=\"yoast-schema-graph\">{\"@context\":\"https:\/\/schema.org\",\"@graph\":[{\"@type\":\"WebPage\",\"@id\":\"https:\/\/o3m.it\/fr\/produit\/concentratore-ossigeno-medicale-4-litri-minuto\/\",\"url\":\"https:\/\/o3m.it\/fr\/produit\/concentratore-ossigeno-medicale-4-litri-minuto\/\",\"name\":\"Concentratore ossigeno 4 litri minuto purezza >95%\",\"isPartOf\":{\"@id\":\"https:\/\/o3m.it\/fr\/#website\"},\"datePublished\":\"2021-02-19T08:53:59+00:00\",\"dateModified\":\"2024-07-26T10:23:56+00:00\",\"description\":\"Modulo concentratore di ossigeno di classe medicale da 4 litri minuto con purezza >93% pronto da installare per ozono generazione o altri usi\",\"breadcrumb\":{\"@id\":\"https:\/\/o3m.it\/fr\/produit\/concentratore-ossigeno-medicale-4-litri-minuto\/#breadcrumb\"},\"inLanguage\":\"fr-FR\",\"potentialAction\":[{\"@type\":\"ReadAction\",\"target\":[\"https:\/\/o3m.it\/fr\/produit\/concentratore-ossigeno-medicale-4-litri-minuto\/\"]}]},{\"@type\":\"BreadcrumbList\",\"@id\":\"https:\/\/o3m.it\/fr\/produit\/concentratore-ossigeno-medicale-4-litri-minuto\/#breadcrumb\",\"itemListElement\":[{\"@type\":\"ListItem\",\"position\":1,\"name\":\"Home\",\"item\":\"https:\/\/o3m.it\/fr\/\"},{\"@type\":\"ListItem\",\"position\":2,\"name\":\"Shop\",\"item\":\"https:\/\/o3m.it\/shop\/\"},{\"@type\":\"ListItem\",\"position\":3,\"name\":\"Concentratore ossigeno medicale 4 litri\/minuto\"}]},{\"@type\":\"WebSite\",\"@id\":\"https:\/\/o3m.it\/fr\/#website\",\"url\":\"https:\/\/o3m.it\/fr\/\",\"name\":\"O3M by MAINO\",\"description\":\"OZONO\",\"publisher\":{\"@id\":\"https:\/\/o3m.it\/fr\/#organization\"},\"potentialAction\":[{\"@type\":\"SearchAction\",\"target\":{\"@type\":\"EntryPoint\",\"urlTemplate\":\"https:\/\/o3m.it\/fr\/?s={search_term_string}\"},\"query-input\":{\"@type\":\"PropertyValueSpecification\",\"valueRequired\":true,\"valueName\":\"search_term_string\"}}],\"inLanguage\":\"fr-FR\"},{\"@type\":\"Organization\",\"@id\":\"https:\/\/o3m.it\/fr\/#organization\",\"name\":\"O3M by MAINO\",\"url\":\"https:\/\/o3m.it\/fr\/\",\"logo\":{\"@type\":\"ImageObject\",\"inLanguage\":\"fr-FR\",\"@id\":\"https:\/\/o3m.it\/fr\/#\/schema\/logo\/image\/\",\"url\":\"https:\/\/o3m.it\/wp-content\/uploads\/2019\/07\/logo-o3m-sc.png\",\"contentUrl\":\"https:\/\/o3m.it\/wp-content\/uploads\/2019\/07\/logo-o3m-sc.png\",\"width\":1068,\"height\":922,\"caption\":\"O3M by MAINO\"},\"image\":{\"@id\":\"https:\/\/o3m.it\/fr\/#\/schema\/logo\/image\/\"}}]}<\/script>\n<!-- \/ Yoast SEO plugin. -->","yoast_head_json":{"title":"Concentratore ossigeno 4 litri minuto purezza >95%","description":"Modulo concentratore di ossigeno di classe medicale da 4 litri minuto con purezza >93% pronto da installare per ozono generazione o altri usi","robots":{"index":"index","follow":"follow","max-snippet":"max-snippet:-1","max-image-preview":"max-image-preview:large","max-video-preview":"max-video-preview:-1"},"canonical":"https:\/\/o3m.it\/fr\/produit\/concentratore-ossigeno-medicale-4-litri-minuto\/","og_locale":"fr_FR","og_type":"article","og_title":"Concentratore ossigeno 4 litri minuto purezza >95%","og_description":"Modulo concentratore di ossigeno di classe medicale da 4 litri minuto con purezza >93% pronto da installare per ozono generazione o altri usi","og_url":"https:\/\/o3m.it\/fr\/produit\/concentratore-ossigeno-medicale-4-litri-minuto\/","og_site_name":"O3M by MAINO","article_modified_time":"2024-07-26T10:23:56+00:00","twitter_card":"summary_large_image","twitter_misc":{"Dur\u00e9e de lecture estim\u00e9e":"1 minute"},"schema":{"@context":"https:\/\/schema.org","@graph":[{"@type":"WebPage","@id":"https:\/\/o3m.it\/fr\/produit\/concentratore-ossigeno-medicale-4-litri-minuto\/","url":"https:\/\/o3m.it\/fr\/produit\/concentratore-ossigeno-medicale-4-litri-minuto\/","name":"Concentratore ossigeno 4 litri minuto purezza >95%","isPartOf":{"@id":"https:\/\/o3m.it\/fr\/#website"},"datePublished":"2021-02-19T08:53:59+00:00","dateModified":"2024-07-26T10:23:56+00:00","description":"Modulo concentratore di ossigeno di classe medicale da 4 litri minuto con purezza >93% pronto da installare per ozono generazione o altri usi","breadcrumb":{"@id":"https:\/\/o3m.it\/fr\/produit\/concentratore-ossigeno-medicale-4-litri-minuto\/#breadcrumb"},"inLanguage":"fr-FR","potentialAction":[{"@type":"ReadAction","target":["https:\/\/o3m.it\/fr\/produit\/concentratore-ossigeno-medicale-4-litri-minuto\/"]}]},{"@type":"BreadcrumbList","@id":"https:\/\/o3m.it\/fr\/produit\/concentratore-ossigeno-medicale-4-litri-minuto\/#breadcrumb","itemListElement":[{"@type":"ListItem","position":1,"name":"Home","item":"https:\/\/o3m.it\/fr\/"},{"@type":"ListItem","position":2,"name":"Shop","item":"https:\/\/o3m.it\/shop\/"},{"@type":"ListItem","position":3,"name":"Concentratore ossigeno medicale 4 litri\/minuto"}]},{"@type":"WebSite","@id":"https:\/\/o3m.it\/fr\/#website","url":"https:\/\/o3m.it\/fr\/","name":"O3M by MAINO","description":"OZONO","publisher":{"@id":"https:\/\/o3m.it\/fr\/#organization"},"potentialAction":[{"@type":"SearchAction","target":{"@type":"EntryPoint","urlTemplate":"https:\/\/o3m.it\/fr\/?s={search_term_string}"},"query-input":{"@type":"PropertyValueSpecification","valueRequired":true,"valueName":"search_term_string"}}],"inLanguage":"fr-FR"},{"@type":"Organization","@id":"https:\/\/o3m.it\/fr\/#organization","name":"O3M by MAINO","url":"https:\/\/o3m.it\/fr\/","logo":{"@type":"ImageObject","inLanguage":"fr-FR","@id":"https:\/\/o3m.it\/fr\/#\/schema\/logo\/image\/","url":"https:\/\/o3m.it\/wp-content\/uploads\/2019\/07\/logo-o3m-sc.png","contentUrl":"https:\/\/o3m.it\/wp-content\/uploads\/2019\/07\/logo-o3m-sc.png","width":1068,"height":922,"caption":"O3M by MAINO"},"image":{"@id":"https:\/\/o3m.it\/fr\/#\/schema\/logo\/image\/"}}]}},"jetpack_sharing_enabled":true,"_links":{"self":[{"href":"https:\/\/o3m.it\/fr\/wp-json\/wp\/v2\/product\/3117","targetHints":{"allow":["GET"]}}],"collection":[{"href":"https:\/\/o3m.it\/fr\/wp-json\/wp\/v2\/product"}],"about":[{"href":"https:\/\/o3m.it\/fr\/wp-json\/wp\/v2\/types\/product"}],"version-history":[{"count":0,"href":"https:\/\/o3m.it\/fr\/wp-json\/wp\/v2\/product\/3117\/revisions"}],"wp:attachment":[{"href":"https:\/\/o3m.it\/fr\/wp-json\/wp\/v2\/media?parent=3117"}],"wp:term":[{"taxonomy":"product_brand","embeddable":true,"href":"https:\/\/o3m.it\/fr\/wp-json\/wp\/v2\/product_brand?post=3117"},{"taxonomy":"product_cat","embeddable":true,"href":"https:\/\/o3m.it\/fr\/wp-json\/wp\/v2\/product_cat?post=3117"},{"taxonomy":"product_tag","embeddable":true,"href":"https:\/\/o3m.it\/fr\/wp-json\/wp\/v2\/product_tag?post=3117"}],"curies":[{"name":"wp","href":"https:\/\/api.w.org\/{rel}","templated":true}]}}