{"id":3115,"date":"2021-02-19T10:39:34","date_gmt":"2021-02-19T09:39:34","guid":{"rendered":"https:\/\/o3m.it\/product\/o3m-sma-s-filtro-molecolare-a-rigenerazione-automatizzata\/"},"modified":"2022-10-13T11:28:19","modified_gmt":"2022-10-13T09:28:19","slug":"o3m-sma-s-filtre-moleculaire-a-regeneration-automatisee","status":"publish","type":"product","link":"https:\/\/o3m.it\/fr\/produit\/o3m-sma-s-filtre-moleculaire-a-regeneration-automatisee\/","title":{"rendered":"O3M-SMA-S Filtre mol\u00e9culaire avec r\u00e9g\u00e9n\u00e9ration automatis\u00e9e"},"content":{"rendered":"<p class=\"western\"><span style=\"font-size: medium;\"><span style=\"font-family: Calibri, sans-serif;\">Filtre \u00e0 tamis mol\u00e9culaire de 1 kg avec filtration \u00e0 air multicouche, s\u00e9chage et r\u00e9g\u00e9n\u00e9ration\/d\u00e9shydratation automatis\u00e9e. Module pr\u00eat \u00e0 \u00eatre install\u00e9 dans n&rsquo;importe quel syst\u00e8me de g\u00e9n\u00e9ration d&rsquo;ozone avec compresseur d&rsquo;air.<\/span><\/span><\/p>\n<p class=\"western\"><strong><span style=\"font-size: medium;\"><span style=\"font-family: Calibri, sans-serif;\">Composant n\u00e9cessaire \u00e0 l&rsquo;obtention d&rsquo;ozone pur.<\/span><\/span><\/strong><\/p>\n<p class=\"western\"><span style=\"font-size: medium;\"><span style=\"font-family: Calibri, sans-serif;\">Il \u00e9limine l&rsquo;humidit\u00e9 et filtre efficacement les \u00e9l\u00e9ments et particules en suspension dans l&rsquo;air, particules grossi\u00e8res PM10, particules, poussi\u00e8res, pollen et spores &gt; 10 \u00b5m; Particules PM2,5 fines \/ taille de poussi\u00e8re fine &lt;2,5 \u00b5m; COV (compos\u00e9s organiques volatils), afin d&rsquo;\u00e9viter la formation de NOx NO2 NHO3 (oxydes d&rsquo;azote et acide nitrique) et d&rsquo;autres compos\u00e9s volatils aux caract\u00e9ristiques canc\u00e9rig\u00e8nes et la pollution cons\u00e9quente de l&rsquo;espace ambiant o\u00f9 fonctionne l&rsquo;appareil g\u00e9n\u00e9rateur d&rsquo;ozone<\/span><\/span><span style=\"font-size: medium;\"><span style=\"font-family: Calibri, sans-serif;\">. <\/span><\/span><\/p>\n<p class=\"western\"><span style=\"font-size: medium;\"><span style=\"font-family: Calibri, sans-serif;\">Le module est compl\u00e8tement assembl\u00e9, avec tous les composants d\u00e9j\u00e0 interconnect\u00e9s, il peut \u00eatre install\u00e9 dans n&rsquo;importe quelle position et est pr\u00e9par\u00e9 pour une interface \u00e0 un ou plusieures g\u00e9n\u00e9rateurs d&rsquo;ozone. Il est complet avec les pi\u00e8ces suivantes<\/span><\/span><span style=\"font-size: medium;\"><span style=\"font-family: Calibri, sans-serif;\">:<\/span><\/span><\/p>\n<ul>\n<li class=\"western\"><span style=\"font-size: medium;\"><span style=\"font-family: Calibri, sans-serif;\">Bo\u00eete cylindrique ou parall\u00e9l\u00e9pip\u00e9dique.<\/span><\/span><\/li>\n<li class=\"western\"><span style=\"font-size: medium;\"><span style=\"font-family: Calibri, sans-serif;\">Lit mol\u00e9culaire \u00e0 haut rendement avec marqueur sec\/satur\u00e9.<\/span><\/span><\/li>\n<li class=\"western\"><span style=\"font-size: medium;\"><span style=\"font-family: Calibri, sans-serif;\">Filtres PM10 &#8211; PM 2.5 &#8211; COV.<\/span><\/span><\/li>\n<li class=\"western\"><span style=\"font-size: medium;\"><span style=\"font-family: Calibri, sans-serif;\">D\u00e9shydrateur r\u00e9g\u00e9n\u00e9rateur.<\/span><\/span><\/li>\n<li class=\"western\"><span style=\"font-size: medium;\"><span style=\"font-family: Calibri, sans-serif;\">Carte \u00e9lectronique de gestion et de contr\u00f4le.<\/span><\/span><\/li>\n<li class=\"western\"><span style=\"font-size: medium;\"><span style=\"font-family: Calibri, sans-serif;\">Programmateur avec affichage num\u00e9rique.<\/span><\/span><\/li>\n<li class=\"western\"><span style=\"font-size: medium;\"><span style=\"font-family: Calibri, sans-serif;\">Pompe de r\u00e9arrangement.<\/span><\/span><\/li>\n<li class=\"western\"><span style=\"font-size: medium;\"><span style=\"font-family: Calibri, sans-serif;\">\u00c9vacuation de vapeur H2O canalis\u00e9e.<\/span><\/span><\/li>\n<\/ul>\n<p><strong><span style=\"font-size: medium;\"><span style=\"font-family: Calibri, sans-serif;\">Donn\u00e9es Techniques:<\/span><\/span><\/strong><\/p>\n<ul>\n<li><span style=\"font-size: medium;\"><span style=\"font-family: Calibri, sans-serif;\">Tension d&rsquo;alimentation monophas\u00e9e 230Vca +10\/-15% @ 50\/60Hz \u00b1 0,5%.<\/span><\/span><\/li>\n<li><span style=\"font-size: medium;\"><span style=\"font-family: Calibri, sans-serif;\">Puissance totale 0,15 kW (150 watt).<\/span><\/span><\/li>\n<li><span style=\"font-family: Calibri, sans-serif; font-size: medium;\">Filtre et ass\u00e8che jusqu&rsquo;\u00e0 40.000 litres d&rsquo;air Nmc toutes les 18 heures.<br \/>\nPression de service nominale Nmc, 0.35 Mbar.<\/span><\/li>\n<\/ul>\n<p><span style=\"font-size: 14px;\">NB: La r\u00e9g\u00e9n\u00e9ration d\u00e9shydratation a une dur\u00e9e pr\u00e9d\u00e9termin\u00e9e de 6 heures, pendant laquelle le module de filtration ne peut pas \u00eatre utilis\u00e9. Si votre application n\u00e9cessite un service non-stop 24h\/24, vous devez choisir l&rsquo;autre mod\u00e8le O3M-SMA-T \u00e0 double corps et fonction r\u00e9g\u00e9n\u00e9ratrice tandem.<\/span><\/p>\n","protected":false},"excerpt":{"rendered":"<p><span style=\"font-size: medium;\"><span style=\"font-family: Calibri, sans-serif;\">Filtre \u00e0 tamis mol\u00e9culaire avec filtration d&rsquo;air multicouche et r\u00e9g\u00e9n\u00e9ration automatis\u00e9e. Pr\u00eat \u00e0 installer dans n&rsquo;importe quel g\u00e9n\u00e9rateur d&rsquo;ozone avec compresseur. Composant n\u00e9cessaire \u00e0 l&rsquo;obtention d&rsquo;ozone pur, il \u00e9vite la formation de NOx NO2 NHO3 et autres compos\u00e9s volatils aux caract\u00e9ristiques canc\u00e9rig\u00e8nes.<\/span><\/span><\/p>\n","protected":false},"featured_media":2766,"template":"","meta":{"neve_meta_sidebar":"","neve_meta_container":"","neve_meta_enable_content_width":"off","neve_meta_content_width":70,"neve_meta_title_alignment":"","neve_meta_author_avatar":"","neve_post_elements_order":"","neve_meta_disable_header":"","neve_meta_disable_footer":"","neve_meta_disable_title":"","_themeisle_gutenberg_block_has_review":false},"product_brand":[],"product_cat":[117],"product_tag":[],"class_list":{"0":"post-3115","1":"product","2":"type-product","3":"status-publish","4":"has-post-thumbnail","6":"product_cat-pieces-detachees-generateurs-dozone-o3m","7":"product_shipping_class-2kg-fr","9":"first","10":"instock","11":"taxable","12":"shipping-taxable","13":"purchasable","14":"product-type-simple"},"yoast_head":"<!-- This site is optimized with the Yoast SEO plugin v26.9 - https:\/\/yoast.com\/product\/yoast-seo-wordpress\/ -->\n<title>Filtre mol\u00e9culaire 1 Kg avec r\u00e9g\u00e9n\u00e9ration automatis\u00e9e pour ozonateur<\/title>\n<meta name=\"description\" content=\"Filtre \u00e0 tamis mol\u00e9culaire de 1 Kg. pour g\u00e9n\u00e9rateur d&#039;ozone avec s\u00e9chage air et r\u00e9g\u00e9n\u00e9ration d\u00e9shydratation automatis\u00e9e.\" \/>\n<meta name=\"robots\" content=\"index, follow, max-snippet:-1, max-image-preview:large, max-video-preview:-1\" \/>\n<link rel=\"canonical\" href=\"https:\/\/o3m.it\/fr\/produit\/o3m-sma-s-filtre-moleculaire-a-regeneration-automatisee\/\" \/>\n<meta property=\"og:locale\" content=\"fr_FR\" \/>\n<meta property=\"og:type\" content=\"article\" \/>\n<meta property=\"og:title\" content=\"Filtre mol\u00e9culaire 1 Kg avec r\u00e9g\u00e9n\u00e9ration automatis\u00e9e pour ozonateur\" \/>\n<meta property=\"og:description\" content=\"Filtre \u00e0 tamis mol\u00e9culaire de 1 Kg. pour g\u00e9n\u00e9rateur d&#039;ozone avec s\u00e9chage air et r\u00e9g\u00e9n\u00e9ration d\u00e9shydratation automatis\u00e9e.\" \/>\n<meta property=\"og:url\" content=\"https:\/\/o3m.it\/fr\/produit\/o3m-sma-s-filtre-moleculaire-a-regeneration-automatisee\/\" \/>\n<meta property=\"og:site_name\" content=\"O3M by MAINO\" \/>\n<meta property=\"article:modified_time\" content=\"2022-10-13T09:28:19+00:00\" \/>\n<meta property=\"og:image\" content=\"https:\/\/o3m.it\/wp-content\/uploads\/2021\/01\/cabio-colore-setaccio-molecolare-secco-saturo-e1614072159371.jpg\" \/>\n\t<meta property=\"og:image:width\" content=\"200\" \/>\n\t<meta property=\"og:image:height\" content=\"200\" \/>\n\t<meta property=\"og:image:type\" content=\"image\/jpeg\" \/>\n<meta name=\"twitter:card\" content=\"summary_large_image\" \/>\n<meta name=\"twitter:label1\" content=\"Dur\u00e9e de lecture estim\u00e9e\" \/>\n\t<meta name=\"twitter:data1\" content=\"2 minutes\" \/>\n<script type=\"application\/ld+json\" class=\"yoast-schema-graph\">{\"@context\":\"https:\/\/schema.org\",\"@graph\":[{\"@type\":\"WebPage\",\"@id\":\"https:\/\/o3m.it\/fr\/produit\/o3m-sma-s-filtre-moleculaire-a-regeneration-automatisee\/\",\"url\":\"https:\/\/o3m.it\/fr\/produit\/o3m-sma-s-filtre-moleculaire-a-regeneration-automatisee\/\",\"name\":\"Filtre mol\u00e9culaire 1 Kg avec r\u00e9g\u00e9n\u00e9ration automatis\u00e9e pour ozonateur\",\"isPartOf\":{\"@id\":\"https:\/\/o3m.it\/fr\/#website\"},\"primaryImageOfPage\":{\"@id\":\"https:\/\/o3m.it\/fr\/produit\/o3m-sma-s-filtre-moleculaire-a-regeneration-automatisee\/#primaryimage\"},\"image\":{\"@id\":\"https:\/\/o3m.it\/fr\/produit\/o3m-sma-s-filtre-moleculaire-a-regeneration-automatisee\/#primaryimage\"},\"thumbnailUrl\":\"https:\/\/o3m.it\/wp-content\/uploads\/2021\/01\/cabio-colore-setaccio-molecolare-secco-saturo-e1614072159371.jpg\",\"datePublished\":\"2021-02-19T09:39:34+00:00\",\"dateModified\":\"2022-10-13T09:28:19+00:00\",\"description\":\"Filtre \u00e0 tamis mol\u00e9culaire de 1 Kg. pour g\u00e9n\u00e9rateur d'ozone avec s\u00e9chage air et r\u00e9g\u00e9n\u00e9ration d\u00e9shydratation automatis\u00e9e.\",\"breadcrumb\":{\"@id\":\"https:\/\/o3m.it\/fr\/produit\/o3m-sma-s-filtre-moleculaire-a-regeneration-automatisee\/#breadcrumb\"},\"inLanguage\":\"fr-FR\",\"potentialAction\":[{\"@type\":\"ReadAction\",\"target\":[\"https:\/\/o3m.it\/fr\/produit\/o3m-sma-s-filtre-moleculaire-a-regeneration-automatisee\/\"]}]},{\"@type\":\"ImageObject\",\"inLanguage\":\"fr-FR\",\"@id\":\"https:\/\/o3m.it\/fr\/produit\/o3m-sma-s-filtre-moleculaire-a-regeneration-automatisee\/#primaryimage\",\"url\":\"https:\/\/o3m.it\/wp-content\/uploads\/2021\/01\/cabio-colore-setaccio-molecolare-secco-saturo-e1614072159371.jpg\",\"contentUrl\":\"https:\/\/o3m.it\/wp-content\/uploads\/2021\/01\/cabio-colore-setaccio-molecolare-secco-saturo-e1614072159371.jpg\",\"width\":200,\"height\":200},{\"@type\":\"BreadcrumbList\",\"@id\":\"https:\/\/o3m.it\/fr\/produit\/o3m-sma-s-filtre-moleculaire-a-regeneration-automatisee\/#breadcrumb\",\"itemListElement\":[{\"@type\":\"ListItem\",\"position\":1,\"name\":\"Home\",\"item\":\"https:\/\/o3m.it\/fr\/\"},{\"@type\":\"ListItem\",\"position\":2,\"name\":\"Shop\",\"item\":\"https:\/\/o3m.it\/shop\/\"},{\"@type\":\"ListItem\",\"position\":3,\"name\":\"O3M-SMA-S Filtre mol\u00e9culaire avec r\u00e9g\u00e9n\u00e9ration automatis\u00e9e\"}]},{\"@type\":\"WebSite\",\"@id\":\"https:\/\/o3m.it\/fr\/#website\",\"url\":\"https:\/\/o3m.it\/fr\/\",\"name\":\"O3M by MAINO\",\"description\":\"OZONO\",\"publisher\":{\"@id\":\"https:\/\/o3m.it\/fr\/#organization\"},\"potentialAction\":[{\"@type\":\"SearchAction\",\"target\":{\"@type\":\"EntryPoint\",\"urlTemplate\":\"https:\/\/o3m.it\/fr\/?s={search_term_string}\"},\"query-input\":{\"@type\":\"PropertyValueSpecification\",\"valueRequired\":true,\"valueName\":\"search_term_string\"}}],\"inLanguage\":\"fr-FR\"},{\"@type\":\"Organization\",\"@id\":\"https:\/\/o3m.it\/fr\/#organization\",\"name\":\"O3M by MAINO\",\"url\":\"https:\/\/o3m.it\/fr\/\",\"logo\":{\"@type\":\"ImageObject\",\"inLanguage\":\"fr-FR\",\"@id\":\"https:\/\/o3m.it\/fr\/#\/schema\/logo\/image\/\",\"url\":\"https:\/\/o3m.it\/wp-content\/uploads\/2019\/07\/logo-o3m-sc.png\",\"contentUrl\":\"https:\/\/o3m.it\/wp-content\/uploads\/2019\/07\/logo-o3m-sc.png\",\"width\":1068,\"height\":922,\"caption\":\"O3M by MAINO\"},\"image\":{\"@id\":\"https:\/\/o3m.it\/fr\/#\/schema\/logo\/image\/\"}}]}<\/script>\n<!-- \/ Yoast SEO plugin. -->","yoast_head_json":{"title":"Filtre mol\u00e9culaire 1 Kg avec r\u00e9g\u00e9n\u00e9ration automatis\u00e9e pour ozonateur","description":"Filtre \u00e0 tamis mol\u00e9culaire de 1 Kg. pour g\u00e9n\u00e9rateur d'ozone avec s\u00e9chage air et r\u00e9g\u00e9n\u00e9ration d\u00e9shydratation automatis\u00e9e.","robots":{"index":"index","follow":"follow","max-snippet":"max-snippet:-1","max-image-preview":"max-image-preview:large","max-video-preview":"max-video-preview:-1"},"canonical":"https:\/\/o3m.it\/fr\/produit\/o3m-sma-s-filtre-moleculaire-a-regeneration-automatisee\/","og_locale":"fr_FR","og_type":"article","og_title":"Filtre mol\u00e9culaire 1 Kg avec r\u00e9g\u00e9n\u00e9ration automatis\u00e9e pour ozonateur","og_description":"Filtre \u00e0 tamis mol\u00e9culaire de 1 Kg. pour g\u00e9n\u00e9rateur d'ozone avec s\u00e9chage air et r\u00e9g\u00e9n\u00e9ration d\u00e9shydratation automatis\u00e9e.","og_url":"https:\/\/o3m.it\/fr\/produit\/o3m-sma-s-filtre-moleculaire-a-regeneration-automatisee\/","og_site_name":"O3M by MAINO","article_modified_time":"2022-10-13T09:28:19+00:00","og_image":[{"width":200,"height":200,"url":"https:\/\/o3m.it\/wp-content\/uploads\/2021\/01\/cabio-colore-setaccio-molecolare-secco-saturo-e1614072159371.jpg","type":"image\/jpeg"}],"twitter_card":"summary_large_image","twitter_misc":{"Dur\u00e9e de lecture estim\u00e9e":"2 minutes"},"schema":{"@context":"https:\/\/schema.org","@graph":[{"@type":"WebPage","@id":"https:\/\/o3m.it\/fr\/produit\/o3m-sma-s-filtre-moleculaire-a-regeneration-automatisee\/","url":"https:\/\/o3m.it\/fr\/produit\/o3m-sma-s-filtre-moleculaire-a-regeneration-automatisee\/","name":"Filtre mol\u00e9culaire 1 Kg avec r\u00e9g\u00e9n\u00e9ration automatis\u00e9e pour ozonateur","isPartOf":{"@id":"https:\/\/o3m.it\/fr\/#website"},"primaryImageOfPage":{"@id":"https:\/\/o3m.it\/fr\/produit\/o3m-sma-s-filtre-moleculaire-a-regeneration-automatisee\/#primaryimage"},"image":{"@id":"https:\/\/o3m.it\/fr\/produit\/o3m-sma-s-filtre-moleculaire-a-regeneration-automatisee\/#primaryimage"},"thumbnailUrl":"https:\/\/o3m.it\/wp-content\/uploads\/2021\/01\/cabio-colore-setaccio-molecolare-secco-saturo-e1614072159371.jpg","datePublished":"2021-02-19T09:39:34+00:00","dateModified":"2022-10-13T09:28:19+00:00","description":"Filtre \u00e0 tamis mol\u00e9culaire de 1 Kg. pour g\u00e9n\u00e9rateur d'ozone avec s\u00e9chage air et r\u00e9g\u00e9n\u00e9ration d\u00e9shydratation automatis\u00e9e.","breadcrumb":{"@id":"https:\/\/o3m.it\/fr\/produit\/o3m-sma-s-filtre-moleculaire-a-regeneration-automatisee\/#breadcrumb"},"inLanguage":"fr-FR","potentialAction":[{"@type":"ReadAction","target":["https:\/\/o3m.it\/fr\/produit\/o3m-sma-s-filtre-moleculaire-a-regeneration-automatisee\/"]}]},{"@type":"ImageObject","inLanguage":"fr-FR","@id":"https:\/\/o3m.it\/fr\/produit\/o3m-sma-s-filtre-moleculaire-a-regeneration-automatisee\/#primaryimage","url":"https:\/\/o3m.it\/wp-content\/uploads\/2021\/01\/cabio-colore-setaccio-molecolare-secco-saturo-e1614072159371.jpg","contentUrl":"https:\/\/o3m.it\/wp-content\/uploads\/2021\/01\/cabio-colore-setaccio-molecolare-secco-saturo-e1614072159371.jpg","width":200,"height":200},{"@type":"BreadcrumbList","@id":"https:\/\/o3m.it\/fr\/produit\/o3m-sma-s-filtre-moleculaire-a-regeneration-automatisee\/#breadcrumb","itemListElement":[{"@type":"ListItem","position":1,"name":"Home","item":"https:\/\/o3m.it\/fr\/"},{"@type":"ListItem","position":2,"name":"Shop","item":"https:\/\/o3m.it\/shop\/"},{"@type":"ListItem","position":3,"name":"O3M-SMA-S Filtre mol\u00e9culaire avec r\u00e9g\u00e9n\u00e9ration automatis\u00e9e"}]},{"@type":"WebSite","@id":"https:\/\/o3m.it\/fr\/#website","url":"https:\/\/o3m.it\/fr\/","name":"O3M by MAINO","description":"OZONO","publisher":{"@id":"https:\/\/o3m.it\/fr\/#organization"},"potentialAction":[{"@type":"SearchAction","target":{"@type":"EntryPoint","urlTemplate":"https:\/\/o3m.it\/fr\/?s={search_term_string}"},"query-input":{"@type":"PropertyValueSpecification","valueRequired":true,"valueName":"search_term_string"}}],"inLanguage":"fr-FR"},{"@type":"Organization","@id":"https:\/\/o3m.it\/fr\/#organization","name":"O3M by MAINO","url":"https:\/\/o3m.it\/fr\/","logo":{"@type":"ImageObject","inLanguage":"fr-FR","@id":"https:\/\/o3m.it\/fr\/#\/schema\/logo\/image\/","url":"https:\/\/o3m.it\/wp-content\/uploads\/2019\/07\/logo-o3m-sc.png","contentUrl":"https:\/\/o3m.it\/wp-content\/uploads\/2019\/07\/logo-o3m-sc.png","width":1068,"height":922,"caption":"O3M by MAINO"},"image":{"@id":"https:\/\/o3m.it\/fr\/#\/schema\/logo\/image\/"}}]}},"jetpack_sharing_enabled":true,"_links":{"self":[{"href":"https:\/\/o3m.it\/fr\/wp-json\/wp\/v2\/product\/3115","targetHints":{"allow":["GET"]}}],"collection":[{"href":"https:\/\/o3m.it\/fr\/wp-json\/wp\/v2\/product"}],"about":[{"href":"https:\/\/o3m.it\/fr\/wp-json\/wp\/v2\/types\/product"}],"version-history":[{"count":0,"href":"https:\/\/o3m.it\/fr\/wp-json\/wp\/v2\/product\/3115\/revisions"}],"wp:featuredmedia":[{"embeddable":true,"href":"https:\/\/o3m.it\/fr\/wp-json\/wp\/v2\/media\/2766"}],"wp:attachment":[{"href":"https:\/\/o3m.it\/fr\/wp-json\/wp\/v2\/media?parent=3115"}],"wp:term":[{"taxonomy":"product_brand","embeddable":true,"href":"https:\/\/o3m.it\/fr\/wp-json\/wp\/v2\/product_brand?post=3115"},{"taxonomy":"product_cat","embeddable":true,"href":"https:\/\/o3m.it\/fr\/wp-json\/wp\/v2\/product_cat?post=3115"},{"taxonomy":"product_tag","embeddable":true,"href":"https:\/\/o3m.it\/fr\/wp-json\/wp\/v2\/product_tag?post=3115"}],"curies":[{"name":"wp","href":"https:\/\/api.w.org\/{rel}","templated":true}]}}