{"id":3111,"date":"2021-01-07T11:19:53","date_gmt":"2021-01-07T10:19:53","guid":{"rendered":"https:\/\/o3m.it\/product\/materiale-molecolare-ricambio\/"},"modified":"2022-10-13T09:35:34","modified_gmt":"2022-10-13T07:35:34","slug":"materiau-moleculaire-rechange","status":"publish","type":"product","link":"https:\/\/o3m.it\/fr\/produit\/materiau-moleculaire-rechange\/","title":{"rendered":"Mat\u00e9riau mol\u00e9culaire de r\u00e9change"},"content":{"rendered":"<p>Kit de seul mat\u00e9riel mol\u00e9culaire de r\u00e9change pour filtre \u00e0 tamis mol\u00e9culaire.<\/p>\n<p>Coloration variable du jaune (sec) au bleu (satur\u00e9), la couleur permet de comprendre quand il faut le remplacer.<\/p>\n<p><strong>Ce kit permet 4 charges du filtre \u00e0 tamis mol\u00e9culaire standard.<\/strong><\/p>\n<p>Il s&rsquo;utilise d\u00e9j\u00e0 sec en le rempla\u00e7ant \u00e0 celui pr\u00e9sent lorsqu&rsquo;il est satur\u00e9, il permet de maximiser l&rsquo;utilisation de l&rsquo;appareil en l&rsquo;absence de source de r\u00e9g\u00e9n\u00e9ration (four \u00e9lectrique &#8211; four \u00e0 micro-ondes) pendant de longues p\u00e9riodes.<\/p>\n<div><strong><em>Le mat\u00e9riau mol\u00e9culaire peut \u00eatre r\u00e9g\u00e9n\u00e9r\u00e9 en moyenne une centaine de fois, avant que sa fonctionnalit\u00e9 ne soit \u00e9puis\u00e9e.<\/em><\/strong><\/div>\n<div><\/div>\n<div><em>PS: La r\u00e9g\u00e9n\u00e9ration du filtre \u00e0 tamis mol\u00e9culaire n\u00e9cessite l&rsquo;assistance d&rsquo;un four \u00e9lectrique, \u00e9l\u00e9ment que l&rsquo;on ne retrouve jamais sur les VR (ils produisent de l&rsquo;\u00e9lectricit\u00e9 230V \u00e0 partir de batteries 12V). Le mat\u00e9riau mol\u00e9culaire (qui peut \u00eatre r\u00e9g\u00e9n\u00e9r\u00e9 une fois de retour \u00e0 la maison) vous permet d&rsquo;utiliser le TERMINATOR I \u00e9galement sur le VR.<\/em><\/div>\n","protected":false},"excerpt":{"rendered":"<p><em>Kit de mat\u00e9riel mol\u00e9culaire de rechange pour filtre \u00e0 tamis mol\u00e9culaire, il permet 4 charges du filtre standard.<\/em><\/p>\n","protected":false},"featured_media":2766,"template":"","meta":{"neve_meta_sidebar":"","neve_meta_container":"","neve_meta_enable_content_width":"off","neve_meta_content_width":70,"neve_meta_title_alignment":"","neve_meta_author_avatar":"","neve_post_elements_order":"","neve_meta_disable_header":"","neve_meta_disable_footer":"","neve_meta_disable_title":"","_themeisle_gutenberg_block_has_review":false},"product_brand":[],"product_cat":[117],"product_tag":[],"class_list":{"0":"post-3111","1":"product","2":"type-product","3":"status-publish","4":"has-post-thumbnail","6":"product_cat-pieces-detachees-generateurs-dozone-o3m","7":"product_shipping_class-2kg-2-fr","9":"first","10":"instock","11":"taxable","12":"shipping-taxable","13":"purchasable","14":"product-type-simple"},"yoast_head":"<!-- This site is optimized with the Yoast SEO plugin v26.9 - https:\/\/yoast.com\/product\/yoast-seo-wordpress\/ -->\n<title>G\u00c9N\u00c9RATEUR D&#039;OZONE Kit filtre \u00e0 tamis mol\u00e9culaire<\/title>\n<meta name=\"description\" content=\"Ozone, kit filtre \u00e0 tamis mol\u00e9culaire pour le g\u00e9n\u00e9rateur d&#039;ozone, \u00e9l\u00e9ment n\u00e9cessaire pour obtenir de l&#039;ozone pur.\" \/>\n<meta name=\"robots\" content=\"index, follow, max-snippet:-1, max-image-preview:large, max-video-preview:-1\" \/>\n<link rel=\"canonical\" href=\"https:\/\/o3m.it\/fr\/produit\/materiau-moleculaire-rechange\/\" \/>\n<meta property=\"og:locale\" content=\"fr_FR\" \/>\n<meta property=\"og:type\" content=\"article\" \/>\n<meta property=\"og:title\" content=\"G\u00c9N\u00c9RATEUR D&#039;OZONE Kit filtre \u00e0 tamis mol\u00e9culaire\" \/>\n<meta property=\"og:description\" content=\"Ozone, kit filtre \u00e0 tamis mol\u00e9culaire pour le g\u00e9n\u00e9rateur d&#039;ozone, \u00e9l\u00e9ment n\u00e9cessaire pour obtenir de l&#039;ozone pur.\" \/>\n<meta property=\"og:url\" content=\"https:\/\/o3m.it\/fr\/produit\/materiau-moleculaire-rechange\/\" \/>\n<meta property=\"og:site_name\" content=\"O3M by MAINO\" \/>\n<meta property=\"article:modified_time\" content=\"2022-10-13T07:35:34+00:00\" \/>\n<meta property=\"og:image\" content=\"https:\/\/o3m.it\/wp-content\/uploads\/2021\/01\/cabio-colore-setaccio-molecolare-secco-saturo-e1614072159371.jpg\" \/>\n\t<meta property=\"og:image:width\" content=\"200\" \/>\n\t<meta property=\"og:image:height\" content=\"200\" \/>\n\t<meta property=\"og:image:type\" content=\"image\/jpeg\" \/>\n<meta name=\"twitter:card\" content=\"summary_large_image\" \/>\n<meta name=\"twitter:label1\" content=\"Dur\u00e9e de lecture estim\u00e9e\" \/>\n\t<meta name=\"twitter:data1\" content=\"1 minute\" \/>\n<script type=\"application\/ld+json\" class=\"yoast-schema-graph\">{\"@context\":\"https:\/\/schema.org\",\"@graph\":[{\"@type\":\"WebPage\",\"@id\":\"https:\/\/o3m.it\/fr\/produit\/materiau-moleculaire-rechange\/\",\"url\":\"https:\/\/o3m.it\/fr\/produit\/materiau-moleculaire-rechange\/\",\"name\":\"G\u00c9N\u00c9RATEUR D'OZONE Kit filtre \u00e0 tamis mol\u00e9culaire\",\"isPartOf\":{\"@id\":\"https:\/\/o3m.it\/fr\/#website\"},\"primaryImageOfPage\":{\"@id\":\"https:\/\/o3m.it\/fr\/produit\/materiau-moleculaire-rechange\/#primaryimage\"},\"image\":{\"@id\":\"https:\/\/o3m.it\/fr\/produit\/materiau-moleculaire-rechange\/#primaryimage\"},\"thumbnailUrl\":\"https:\/\/o3m.it\/wp-content\/uploads\/2021\/01\/cabio-colore-setaccio-molecolare-secco-saturo-e1614072159371.jpg\",\"datePublished\":\"2021-01-07T10:19:53+00:00\",\"dateModified\":\"2022-10-13T07:35:34+00:00\",\"description\":\"Ozone, kit filtre \u00e0 tamis mol\u00e9culaire pour le g\u00e9n\u00e9rateur d'ozone, \u00e9l\u00e9ment n\u00e9cessaire pour obtenir de l'ozone pur.\",\"breadcrumb\":{\"@id\":\"https:\/\/o3m.it\/fr\/produit\/materiau-moleculaire-rechange\/#breadcrumb\"},\"inLanguage\":\"fr-FR\",\"potentialAction\":[{\"@type\":\"ReadAction\",\"target\":[\"https:\/\/o3m.it\/fr\/produit\/materiau-moleculaire-rechange\/\"]}]},{\"@type\":\"ImageObject\",\"inLanguage\":\"fr-FR\",\"@id\":\"https:\/\/o3m.it\/fr\/produit\/materiau-moleculaire-rechange\/#primaryimage\",\"url\":\"https:\/\/o3m.it\/wp-content\/uploads\/2021\/01\/cabio-colore-setaccio-molecolare-secco-saturo-e1614072159371.jpg\",\"contentUrl\":\"https:\/\/o3m.it\/wp-content\/uploads\/2021\/01\/cabio-colore-setaccio-molecolare-secco-saturo-e1614072159371.jpg\",\"width\":200,\"height\":200},{\"@type\":\"BreadcrumbList\",\"@id\":\"https:\/\/o3m.it\/fr\/produit\/materiau-moleculaire-rechange\/#breadcrumb\",\"itemListElement\":[{\"@type\":\"ListItem\",\"position\":1,\"name\":\"Home\",\"item\":\"https:\/\/o3m.it\/fr\/\"},{\"@type\":\"ListItem\",\"position\":2,\"name\":\"Shop\",\"item\":\"https:\/\/o3m.it\/shop\/\"},{\"@type\":\"ListItem\",\"position\":3,\"name\":\"Mat\u00e9riau mol\u00e9culaire de r\u00e9change\"}]},{\"@type\":\"WebSite\",\"@id\":\"https:\/\/o3m.it\/fr\/#website\",\"url\":\"https:\/\/o3m.it\/fr\/\",\"name\":\"O3M by MAINO\",\"description\":\"OZONO\",\"publisher\":{\"@id\":\"https:\/\/o3m.it\/fr\/#organization\"},\"potentialAction\":[{\"@type\":\"SearchAction\",\"target\":{\"@type\":\"EntryPoint\",\"urlTemplate\":\"https:\/\/o3m.it\/fr\/?s={search_term_string}\"},\"query-input\":{\"@type\":\"PropertyValueSpecification\",\"valueRequired\":true,\"valueName\":\"search_term_string\"}}],\"inLanguage\":\"fr-FR\"},{\"@type\":\"Organization\",\"@id\":\"https:\/\/o3m.it\/fr\/#organization\",\"name\":\"O3M by MAINO\",\"url\":\"https:\/\/o3m.it\/fr\/\",\"logo\":{\"@type\":\"ImageObject\",\"inLanguage\":\"fr-FR\",\"@id\":\"https:\/\/o3m.it\/fr\/#\/schema\/logo\/image\/\",\"url\":\"https:\/\/o3m.it\/wp-content\/uploads\/2019\/07\/logo-o3m-sc.png\",\"contentUrl\":\"https:\/\/o3m.it\/wp-content\/uploads\/2019\/07\/logo-o3m-sc.png\",\"width\":1068,\"height\":922,\"caption\":\"O3M by MAINO\"},\"image\":{\"@id\":\"https:\/\/o3m.it\/fr\/#\/schema\/logo\/image\/\"}}]}<\/script>\n<!-- \/ Yoast SEO plugin. -->","yoast_head_json":{"title":"G\u00c9N\u00c9RATEUR D'OZONE Kit filtre \u00e0 tamis mol\u00e9culaire","description":"Ozone, kit filtre \u00e0 tamis mol\u00e9culaire pour le g\u00e9n\u00e9rateur d'ozone, \u00e9l\u00e9ment n\u00e9cessaire pour obtenir de l'ozone pur.","robots":{"index":"index","follow":"follow","max-snippet":"max-snippet:-1","max-image-preview":"max-image-preview:large","max-video-preview":"max-video-preview:-1"},"canonical":"https:\/\/o3m.it\/fr\/produit\/materiau-moleculaire-rechange\/","og_locale":"fr_FR","og_type":"article","og_title":"G\u00c9N\u00c9RATEUR D'OZONE Kit filtre \u00e0 tamis mol\u00e9culaire","og_description":"Ozone, kit filtre \u00e0 tamis mol\u00e9culaire pour le g\u00e9n\u00e9rateur d'ozone, \u00e9l\u00e9ment n\u00e9cessaire pour obtenir de l'ozone pur.","og_url":"https:\/\/o3m.it\/fr\/produit\/materiau-moleculaire-rechange\/","og_site_name":"O3M by MAINO","article_modified_time":"2022-10-13T07:35:34+00:00","og_image":[{"width":200,"height":200,"url":"https:\/\/o3m.it\/wp-content\/uploads\/2021\/01\/cabio-colore-setaccio-molecolare-secco-saturo-e1614072159371.jpg","type":"image\/jpeg"}],"twitter_card":"summary_large_image","twitter_misc":{"Dur\u00e9e de lecture estim\u00e9e":"1 minute"},"schema":{"@context":"https:\/\/schema.org","@graph":[{"@type":"WebPage","@id":"https:\/\/o3m.it\/fr\/produit\/materiau-moleculaire-rechange\/","url":"https:\/\/o3m.it\/fr\/produit\/materiau-moleculaire-rechange\/","name":"G\u00c9N\u00c9RATEUR D'OZONE Kit filtre \u00e0 tamis mol\u00e9culaire","isPartOf":{"@id":"https:\/\/o3m.it\/fr\/#website"},"primaryImageOfPage":{"@id":"https:\/\/o3m.it\/fr\/produit\/materiau-moleculaire-rechange\/#primaryimage"},"image":{"@id":"https:\/\/o3m.it\/fr\/produit\/materiau-moleculaire-rechange\/#primaryimage"},"thumbnailUrl":"https:\/\/o3m.it\/wp-content\/uploads\/2021\/01\/cabio-colore-setaccio-molecolare-secco-saturo-e1614072159371.jpg","datePublished":"2021-01-07T10:19:53+00:00","dateModified":"2022-10-13T07:35:34+00:00","description":"Ozone, kit filtre \u00e0 tamis mol\u00e9culaire pour le g\u00e9n\u00e9rateur d'ozone, \u00e9l\u00e9ment n\u00e9cessaire pour obtenir de l'ozone pur.","breadcrumb":{"@id":"https:\/\/o3m.it\/fr\/produit\/materiau-moleculaire-rechange\/#breadcrumb"},"inLanguage":"fr-FR","potentialAction":[{"@type":"ReadAction","target":["https:\/\/o3m.it\/fr\/produit\/materiau-moleculaire-rechange\/"]}]},{"@type":"ImageObject","inLanguage":"fr-FR","@id":"https:\/\/o3m.it\/fr\/produit\/materiau-moleculaire-rechange\/#primaryimage","url":"https:\/\/o3m.it\/wp-content\/uploads\/2021\/01\/cabio-colore-setaccio-molecolare-secco-saturo-e1614072159371.jpg","contentUrl":"https:\/\/o3m.it\/wp-content\/uploads\/2021\/01\/cabio-colore-setaccio-molecolare-secco-saturo-e1614072159371.jpg","width":200,"height":200},{"@type":"BreadcrumbList","@id":"https:\/\/o3m.it\/fr\/produit\/materiau-moleculaire-rechange\/#breadcrumb","itemListElement":[{"@type":"ListItem","position":1,"name":"Home","item":"https:\/\/o3m.it\/fr\/"},{"@type":"ListItem","position":2,"name":"Shop","item":"https:\/\/o3m.it\/shop\/"},{"@type":"ListItem","position":3,"name":"Mat\u00e9riau mol\u00e9culaire de r\u00e9change"}]},{"@type":"WebSite","@id":"https:\/\/o3m.it\/fr\/#website","url":"https:\/\/o3m.it\/fr\/","name":"O3M by MAINO","description":"OZONO","publisher":{"@id":"https:\/\/o3m.it\/fr\/#organization"},"potentialAction":[{"@type":"SearchAction","target":{"@type":"EntryPoint","urlTemplate":"https:\/\/o3m.it\/fr\/?s={search_term_string}"},"query-input":{"@type":"PropertyValueSpecification","valueRequired":true,"valueName":"search_term_string"}}],"inLanguage":"fr-FR"},{"@type":"Organization","@id":"https:\/\/o3m.it\/fr\/#organization","name":"O3M by MAINO","url":"https:\/\/o3m.it\/fr\/","logo":{"@type":"ImageObject","inLanguage":"fr-FR","@id":"https:\/\/o3m.it\/fr\/#\/schema\/logo\/image\/","url":"https:\/\/o3m.it\/wp-content\/uploads\/2019\/07\/logo-o3m-sc.png","contentUrl":"https:\/\/o3m.it\/wp-content\/uploads\/2019\/07\/logo-o3m-sc.png","width":1068,"height":922,"caption":"O3M by MAINO"},"image":{"@id":"https:\/\/o3m.it\/fr\/#\/schema\/logo\/image\/"}}]}},"jetpack_sharing_enabled":true,"_links":{"self":[{"href":"https:\/\/o3m.it\/fr\/wp-json\/wp\/v2\/product\/3111","targetHints":{"allow":["GET"]}}],"collection":[{"href":"https:\/\/o3m.it\/fr\/wp-json\/wp\/v2\/product"}],"about":[{"href":"https:\/\/o3m.it\/fr\/wp-json\/wp\/v2\/types\/product"}],"version-history":[{"count":0,"href":"https:\/\/o3m.it\/fr\/wp-json\/wp\/v2\/product\/3111\/revisions"}],"wp:featuredmedia":[{"embeddable":true,"href":"https:\/\/o3m.it\/fr\/wp-json\/wp\/v2\/media\/2766"}],"wp:attachment":[{"href":"https:\/\/o3m.it\/fr\/wp-json\/wp\/v2\/media?parent=3111"}],"wp:term":[{"taxonomy":"product_brand","embeddable":true,"href":"https:\/\/o3m.it\/fr\/wp-json\/wp\/v2\/product_brand?post=3111"},{"taxonomy":"product_cat","embeddable":true,"href":"https:\/\/o3m.it\/fr\/wp-json\/wp\/v2\/product_cat?post=3111"},{"taxonomy":"product_tag","embeddable":true,"href":"https:\/\/o3m.it\/fr\/wp-json\/wp\/v2\/product_tag?post=3111"}],"curies":[{"name":"wp","href":"https:\/\/api.w.org\/{rel}","templated":true}]}}