{"id":3109,"date":"2020-09-04T15:42:24","date_gmt":"2020-09-04T13:42:24","guid":{"rendered":"https:\/\/o3m.it\/product\/cc-cavo-di-alimentazione-12-volt\/"},"modified":"2022-10-13T09:14:58","modified_gmt":"2022-10-13T07:14:58","slug":"cc-cable-alimentation-12-volt","status":"publish","type":"product","link":"https:\/\/o3m.it\/fr\/produit\/cc-cable-alimentation-12-volt\/","title":{"rendered":"CC c\u00e2ble d&rsquo;alimentation 12 Volt"},"content":{"rendered":"<p><span style=\"font-size: 16px;\"><strong>CC <\/strong>C\u00e2ble d&rsquo;alimentation 12Vdc pour prises DIN et allume-cigare.<\/span><\/p>\n<p><span style=\"font-size: 16px;\">Cet accessoire indispensable vous permet d&rsquo;utiliser votre g\u00e9n\u00e9rateur d&rsquo;ozone CMP-12-AW sans avoir \u00e0 d\u00e9brancher \u00e0 chaque fois le c\u00e2ble utilis\u00e9 avec l&rsquo;installation fixe de traitement du r\u00e9servoir d&rsquo;eau claire &#8211; ou de le garder comme pi\u00e8ce de rechange juste au cas o\u00f9..<\/span><\/p>\n<p>&nbsp;<\/p>\n","protected":false},"excerpt":{"rendered":"<p><span style=\"font-size: 16px;\"><strong>CC <\/strong>C\u00e2ble d&rsquo;alimentation 12Vdc pour prises DIN et allume-cigare.<\/span><\/p>\n","protected":false},"featured_media":2784,"template":"","meta":{"neve_meta_sidebar":"","neve_meta_container":"","neve_meta_enable_content_width":"off","neve_meta_content_width":70,"neve_meta_title_alignment":"","neve_meta_author_avatar":"","neve_post_elements_order":"","neve_meta_disable_header":"","neve_meta_disable_footer":"","neve_meta_disable_title":"","_themeisle_gutenberg_block_has_review":false},"product_brand":[],"product_cat":[116],"product_tag":[],"class_list":{"0":"post-3109","1":"product","2":"type-product","3":"status-publish","4":"has-post-thumbnail","6":"product_cat-accessoires-generateurs-dozone","7":"product_shipping_class-2kg-2-fr","9":"first","10":"instock","11":"sold-individually","12":"taxable","13":"shipping-taxable","14":"purchasable","15":"product-type-simple"},"yoast_head":"<!-- This site is optimized with the Yoast SEO plugin v26.9 - https:\/\/yoast.com\/product\/yoast-seo-wordpress\/ -->\n<title>CC c\u00e2ble d&#039;alimentation 12 Volt - O3M by MAINO<\/title>\n<meta name=\"robots\" content=\"index, follow, max-snippet:-1, max-image-preview:large, max-video-preview:-1\" \/>\n<link rel=\"canonical\" href=\"https:\/\/o3m.it\/fr\/produit\/cc-cable-alimentation-12-volt\/\" \/>\n<meta property=\"og:locale\" content=\"fr_FR\" \/>\n<meta property=\"og:type\" content=\"article\" \/>\n<meta property=\"og:title\" content=\"CC c\u00e2ble d&#039;alimentation 12 Volt - O3M by MAINO\" \/>\n<meta property=\"og:description\" content=\"CC C\u00e2ble d&#039;alimentation 12Vdc pour prises DIN et allume-cigare.\" \/>\n<meta property=\"og:url\" content=\"https:\/\/o3m.it\/fr\/produit\/cc-cable-alimentation-12-volt\/\" \/>\n<meta property=\"og:site_name\" content=\"O3M by MAINO\" \/>\n<meta property=\"article:modified_time\" content=\"2022-10-13T07:14:58+00:00\" \/>\n<meta property=\"og:image\" content=\"https:\/\/o3m.it\/wp-content\/uploads\/2021\/03\/o3m-ozono-cavo-accendisigari.jpg\" \/>\n\t<meta property=\"og:image:width\" content=\"731\" \/>\n\t<meta property=\"og:image:height\" content=\"527\" \/>\n\t<meta property=\"og:image:type\" content=\"image\/jpeg\" \/>\n<meta name=\"twitter:card\" content=\"summary_large_image\" \/>\n<meta name=\"twitter:label1\" content=\"Dur\u00e9e de lecture estim\u00e9e\" \/>\n\t<meta name=\"twitter:data1\" content=\"1 minute\" \/>\n<script type=\"application\/ld+json\" class=\"yoast-schema-graph\">{\"@context\":\"https:\/\/schema.org\",\"@graph\":[{\"@type\":\"WebPage\",\"@id\":\"https:\/\/o3m.it\/fr\/produit\/cc-cable-alimentation-12-volt\/\",\"url\":\"https:\/\/o3m.it\/fr\/produit\/cc-cable-alimentation-12-volt\/\",\"name\":\"CC c\u00e2ble d'alimentation 12 Volt - O3M by MAINO\",\"isPartOf\":{\"@id\":\"https:\/\/o3m.it\/fr\/#website\"},\"primaryImageOfPage\":{\"@id\":\"https:\/\/o3m.it\/fr\/produit\/cc-cable-alimentation-12-volt\/#primaryimage\"},\"image\":{\"@id\":\"https:\/\/o3m.it\/fr\/produit\/cc-cable-alimentation-12-volt\/#primaryimage\"},\"thumbnailUrl\":\"https:\/\/o3m.it\/wp-content\/uploads\/2021\/03\/o3m-ozono-cavo-accendisigari.jpg\",\"datePublished\":\"2020-09-04T13:42:24+00:00\",\"dateModified\":\"2022-10-13T07:14:58+00:00\",\"breadcrumb\":{\"@id\":\"https:\/\/o3m.it\/fr\/produit\/cc-cable-alimentation-12-volt\/#breadcrumb\"},\"inLanguage\":\"fr-FR\",\"potentialAction\":[{\"@type\":\"ReadAction\",\"target\":[\"https:\/\/o3m.it\/fr\/produit\/cc-cable-alimentation-12-volt\/\"]}]},{\"@type\":\"ImageObject\",\"inLanguage\":\"fr-FR\",\"@id\":\"https:\/\/o3m.it\/fr\/produit\/cc-cable-alimentation-12-volt\/#primaryimage\",\"url\":\"https:\/\/o3m.it\/wp-content\/uploads\/2021\/03\/o3m-ozono-cavo-accendisigari.jpg\",\"contentUrl\":\"https:\/\/o3m.it\/wp-content\/uploads\/2021\/03\/o3m-ozono-cavo-accendisigari.jpg\",\"width\":731,\"height\":527},{\"@type\":\"BreadcrumbList\",\"@id\":\"https:\/\/o3m.it\/fr\/produit\/cc-cable-alimentation-12-volt\/#breadcrumb\",\"itemListElement\":[{\"@type\":\"ListItem\",\"position\":1,\"name\":\"Home\",\"item\":\"https:\/\/o3m.it\/fr\/\"},{\"@type\":\"ListItem\",\"position\":2,\"name\":\"Shop\",\"item\":\"https:\/\/o3m.it\/shop\/\"},{\"@type\":\"ListItem\",\"position\":3,\"name\":\"CC c\u00e2ble d&#8217;alimentation 12 Volt\"}]},{\"@type\":\"WebSite\",\"@id\":\"https:\/\/o3m.it\/fr\/#website\",\"url\":\"https:\/\/o3m.it\/fr\/\",\"name\":\"O3M by MAINO\",\"description\":\"OZONO\",\"publisher\":{\"@id\":\"https:\/\/o3m.it\/fr\/#organization\"},\"potentialAction\":[{\"@type\":\"SearchAction\",\"target\":{\"@type\":\"EntryPoint\",\"urlTemplate\":\"https:\/\/o3m.it\/fr\/?s={search_term_string}\"},\"query-input\":{\"@type\":\"PropertyValueSpecification\",\"valueRequired\":true,\"valueName\":\"search_term_string\"}}],\"inLanguage\":\"fr-FR\"},{\"@type\":\"Organization\",\"@id\":\"https:\/\/o3m.it\/fr\/#organization\",\"name\":\"O3M by MAINO\",\"url\":\"https:\/\/o3m.it\/fr\/\",\"logo\":{\"@type\":\"ImageObject\",\"inLanguage\":\"fr-FR\",\"@id\":\"https:\/\/o3m.it\/fr\/#\/schema\/logo\/image\/\",\"url\":\"https:\/\/o3m.it\/wp-content\/uploads\/2019\/07\/logo-o3m-sc.png\",\"contentUrl\":\"https:\/\/o3m.it\/wp-content\/uploads\/2019\/07\/logo-o3m-sc.png\",\"width\":1068,\"height\":922,\"caption\":\"O3M by MAINO\"},\"image\":{\"@id\":\"https:\/\/o3m.it\/fr\/#\/schema\/logo\/image\/\"}}]}<\/script>\n<!-- \/ Yoast SEO plugin. -->","yoast_head_json":{"title":"CC c\u00e2ble d'alimentation 12 Volt - O3M by MAINO","robots":{"index":"index","follow":"follow","max-snippet":"max-snippet:-1","max-image-preview":"max-image-preview:large","max-video-preview":"max-video-preview:-1"},"canonical":"https:\/\/o3m.it\/fr\/produit\/cc-cable-alimentation-12-volt\/","og_locale":"fr_FR","og_type":"article","og_title":"CC c\u00e2ble d'alimentation 12 Volt - O3M by MAINO","og_description":"CC C\u00e2ble d'alimentation 12Vdc pour prises DIN et allume-cigare.","og_url":"https:\/\/o3m.it\/fr\/produit\/cc-cable-alimentation-12-volt\/","og_site_name":"O3M by MAINO","article_modified_time":"2022-10-13T07:14:58+00:00","og_image":[{"width":731,"height":527,"url":"https:\/\/o3m.it\/wp-content\/uploads\/2021\/03\/o3m-ozono-cavo-accendisigari.jpg","type":"image\/jpeg"}],"twitter_card":"summary_large_image","twitter_misc":{"Dur\u00e9e de lecture estim\u00e9e":"1 minute"},"schema":{"@context":"https:\/\/schema.org","@graph":[{"@type":"WebPage","@id":"https:\/\/o3m.it\/fr\/produit\/cc-cable-alimentation-12-volt\/","url":"https:\/\/o3m.it\/fr\/produit\/cc-cable-alimentation-12-volt\/","name":"CC c\u00e2ble d'alimentation 12 Volt - O3M by MAINO","isPartOf":{"@id":"https:\/\/o3m.it\/fr\/#website"},"primaryImageOfPage":{"@id":"https:\/\/o3m.it\/fr\/produit\/cc-cable-alimentation-12-volt\/#primaryimage"},"image":{"@id":"https:\/\/o3m.it\/fr\/produit\/cc-cable-alimentation-12-volt\/#primaryimage"},"thumbnailUrl":"https:\/\/o3m.it\/wp-content\/uploads\/2021\/03\/o3m-ozono-cavo-accendisigari.jpg","datePublished":"2020-09-04T13:42:24+00:00","dateModified":"2022-10-13T07:14:58+00:00","breadcrumb":{"@id":"https:\/\/o3m.it\/fr\/produit\/cc-cable-alimentation-12-volt\/#breadcrumb"},"inLanguage":"fr-FR","potentialAction":[{"@type":"ReadAction","target":["https:\/\/o3m.it\/fr\/produit\/cc-cable-alimentation-12-volt\/"]}]},{"@type":"ImageObject","inLanguage":"fr-FR","@id":"https:\/\/o3m.it\/fr\/produit\/cc-cable-alimentation-12-volt\/#primaryimage","url":"https:\/\/o3m.it\/wp-content\/uploads\/2021\/03\/o3m-ozono-cavo-accendisigari.jpg","contentUrl":"https:\/\/o3m.it\/wp-content\/uploads\/2021\/03\/o3m-ozono-cavo-accendisigari.jpg","width":731,"height":527},{"@type":"BreadcrumbList","@id":"https:\/\/o3m.it\/fr\/produit\/cc-cable-alimentation-12-volt\/#breadcrumb","itemListElement":[{"@type":"ListItem","position":1,"name":"Home","item":"https:\/\/o3m.it\/fr\/"},{"@type":"ListItem","position":2,"name":"Shop","item":"https:\/\/o3m.it\/shop\/"},{"@type":"ListItem","position":3,"name":"CC c\u00e2ble d&#8217;alimentation 12 Volt"}]},{"@type":"WebSite","@id":"https:\/\/o3m.it\/fr\/#website","url":"https:\/\/o3m.it\/fr\/","name":"O3M by MAINO","description":"OZONO","publisher":{"@id":"https:\/\/o3m.it\/fr\/#organization"},"potentialAction":[{"@type":"SearchAction","target":{"@type":"EntryPoint","urlTemplate":"https:\/\/o3m.it\/fr\/?s={search_term_string}"},"query-input":{"@type":"PropertyValueSpecification","valueRequired":true,"valueName":"search_term_string"}}],"inLanguage":"fr-FR"},{"@type":"Organization","@id":"https:\/\/o3m.it\/fr\/#organization","name":"O3M by MAINO","url":"https:\/\/o3m.it\/fr\/","logo":{"@type":"ImageObject","inLanguage":"fr-FR","@id":"https:\/\/o3m.it\/fr\/#\/schema\/logo\/image\/","url":"https:\/\/o3m.it\/wp-content\/uploads\/2019\/07\/logo-o3m-sc.png","contentUrl":"https:\/\/o3m.it\/wp-content\/uploads\/2019\/07\/logo-o3m-sc.png","width":1068,"height":922,"caption":"O3M by MAINO"},"image":{"@id":"https:\/\/o3m.it\/fr\/#\/schema\/logo\/image\/"}}]}},"jetpack_sharing_enabled":true,"_links":{"self":[{"href":"https:\/\/o3m.it\/fr\/wp-json\/wp\/v2\/product\/3109","targetHints":{"allow":["GET"]}}],"collection":[{"href":"https:\/\/o3m.it\/fr\/wp-json\/wp\/v2\/product"}],"about":[{"href":"https:\/\/o3m.it\/fr\/wp-json\/wp\/v2\/types\/product"}],"version-history":[{"count":0,"href":"https:\/\/o3m.it\/fr\/wp-json\/wp\/v2\/product\/3109\/revisions"}],"wp:featuredmedia":[{"embeddable":true,"href":"https:\/\/o3m.it\/fr\/wp-json\/wp\/v2\/media\/2784"}],"wp:attachment":[{"href":"https:\/\/o3m.it\/fr\/wp-json\/wp\/v2\/media?parent=3109"}],"wp:term":[{"taxonomy":"product_brand","embeddable":true,"href":"https:\/\/o3m.it\/fr\/wp-json\/wp\/v2\/product_brand?post=3109"},{"taxonomy":"product_cat","embeddable":true,"href":"https:\/\/o3m.it\/fr\/wp-json\/wp\/v2\/product_cat?post=3109"},{"taxonomy":"product_tag","embeddable":true,"href":"https:\/\/o3m.it\/fr\/wp-json\/wp\/v2\/product_tag?post=3109"}],"curies":[{"name":"wp","href":"https:\/\/api.w.org\/{rel}","templated":true}]}}