{"id":3107,"date":"2020-12-15T09:22:48","date_gmt":"2020-12-15T08:22:48","guid":{"rendered":"https:\/\/o3m.it\/product\/tc-telecomando-generatore-ozono\/"},"modified":"2022-10-13T09:07:19","modified_gmt":"2022-10-13T07:07:19","slug":"tc-telecommande-generateur-ozone","status":"publish","type":"product","link":"https:\/\/o3m.it\/fr\/produit\/tc-telecommande-generateur-ozone\/","title":{"rendered":"TC T\u00e9l\u00e9commande G\u00e9n\u00e9rateur d&rsquo;Ozone"},"content":{"rendered":"<h3 style=\"text-align: center;\"><span style=\"font-size: 16px;\"><strong><span style=\"color: #0000ff;\">TC &#8211; T\u00e9l\u00e9commande pour G\u00e9n\u00e9rateur d&rsquo;Ozone<\/span><\/strong><\/span><\/h3>\n<p><span style=\"font-size: 16px;\">T\u00e9l\u00e9commande accessoire pour les g\u00e9n\u00e9rateurs d&rsquo;ozone O3M.<\/span><\/p>\n<p><span style=\"font-size: 16px;\">Cet accessoire permet le contr\u00f4le \u00e0 distance (marche et arr\u00eat) de votre g\u00e9n\u00e9rateur d&rsquo;ozone en toute s\u00e9curit\u00e9.<\/span><\/p>\n<p><span style=\"font-size: 16px;\">A consid\u00e9rer \u00e9galement comme une pi\u00e8ce de rechange pour toute autre \u00e9ventualit\u00e9.<\/span><\/p>\n<p><strong>Attention! Certains g\u00e9n\u00e9rateurs ne fonctionneront pas sans t\u00e9l\u00e9commande.<\/strong><\/p>\n<p>&nbsp;<\/p>\n","protected":false},"excerpt":{"rendered":"<p><span style=\"font-size: 16px;\">Cet accessoire permet le contr\u00f4le \u00e0 distance (marche et arr\u00eat) de votre g\u00e9n\u00e9rateur d&rsquo;ozone en toute s\u00e9curit\u00e9.<\/span><\/p>\n<p><span style=\"font-size: 16px;\">A consid\u00e9rer \u00e9galement comme une pi\u00e8ce de rechange pour toute autre \u00e9ventualit\u00e9.<\/span><\/p>\n","protected":false},"featured_media":2754,"template":"","meta":{"neve_meta_sidebar":"","neve_meta_container":"","neve_meta_enable_content_width":"off","neve_meta_content_width":70,"neve_meta_title_alignment":"","neve_meta_author_avatar":"","neve_post_elements_order":"","neve_meta_disable_header":"","neve_meta_disable_footer":"","neve_meta_disable_title":"","_themeisle_gutenberg_block_has_review":false},"product_brand":[],"product_cat":[116],"product_tag":[],"class_list":{"0":"post-3107","1":"product","2":"type-product","3":"status-publish","4":"has-post-thumbnail","6":"product_cat-accessoires-generateurs-dozone","7":"product_shipping_class-2kg-2-fr","9":"first","10":"instock","11":"sale","12":"taxable","13":"shipping-taxable","14":"purchasable","15":"product-type-simple"},"yoast_head":"<!-- This site is optimized with the Yoast SEO plugin v26.9 - https:\/\/yoast.com\/product\/yoast-seo-wordpress\/ -->\n<title>O3M TC - T\u00c9L\u00c9COMMANDE POUR G\u00c9N\u00c9RATEUR D&#039;OZONE<\/title>\n<meta name=\"description\" content=\"La t\u00e9l\u00e9commande est d&#039;un grand confort d&#039;utilisation, elle permet d&#039;allumer et d&#039;\u00e9teindre votre g\u00e9n\u00e9rateur d&#039;ozone O3M \u00e0 distance en toute s\u00e9curit\u00e9.\" \/>\n<meta name=\"robots\" content=\"index, follow, max-snippet:-1, max-image-preview:large, max-video-preview:-1\" \/>\n<link rel=\"canonical\" href=\"https:\/\/o3m.it\/fr\/produit\/tc-telecommande-generateur-ozone\/\" \/>\n<meta property=\"og:locale\" content=\"fr_FR\" \/>\n<meta property=\"og:type\" content=\"article\" \/>\n<meta property=\"og:title\" content=\"O3M TC - T\u00c9L\u00c9COMMANDE POUR G\u00c9N\u00c9RATEUR D&#039;OZONE\" \/>\n<meta property=\"og:description\" content=\"La t\u00e9l\u00e9commande est d&#039;un grand confort d&#039;utilisation, elle permet d&#039;allumer et d&#039;\u00e9teindre votre g\u00e9n\u00e9rateur d&#039;ozone O3M \u00e0 distance en toute s\u00e9curit\u00e9.\" \/>\n<meta property=\"og:url\" content=\"https:\/\/o3m.it\/fr\/produit\/tc-telecommande-generateur-ozone\/\" \/>\n<meta property=\"og:site_name\" content=\"O3M by MAINO\" \/>\n<meta property=\"article:modified_time\" content=\"2022-10-13T07:07:19+00:00\" \/>\n<meta property=\"og:image\" content=\"https:\/\/o3m.it\/wp-content\/uploads\/2020\/12\/TC-TELECOMANDO-O3M-e1608025713471.png\" \/>\n\t<meta property=\"og:image:width\" content=\"400\" \/>\n\t<meta property=\"og:image:height\" content=\"392\" \/>\n\t<meta property=\"og:image:type\" content=\"image\/png\" \/>\n<meta name=\"twitter:card\" content=\"summary_large_image\" \/>\n<meta name=\"twitter:label1\" content=\"Dur\u00e9e de lecture estim\u00e9e\" \/>\n\t<meta name=\"twitter:data1\" content=\"1 minute\" \/>\n<script type=\"application\/ld+json\" class=\"yoast-schema-graph\">{\"@context\":\"https:\/\/schema.org\",\"@graph\":[{\"@type\":\"WebPage\",\"@id\":\"https:\/\/o3m.it\/fr\/produit\/tc-telecommande-generateur-ozone\/\",\"url\":\"https:\/\/o3m.it\/fr\/produit\/tc-telecommande-generateur-ozone\/\",\"name\":\"O3M TC - T\u00c9L\u00c9COMMANDE POUR G\u00c9N\u00c9RATEUR D'OZONE\",\"isPartOf\":{\"@id\":\"https:\/\/o3m.it\/fr\/#website\"},\"primaryImageOfPage\":{\"@id\":\"https:\/\/o3m.it\/fr\/produit\/tc-telecommande-generateur-ozone\/#primaryimage\"},\"image\":{\"@id\":\"https:\/\/o3m.it\/fr\/produit\/tc-telecommande-generateur-ozone\/#primaryimage\"},\"thumbnailUrl\":\"https:\/\/o3m.it\/wp-content\/uploads\/2020\/12\/TC-TELECOMANDO-O3M-e1608025713471.png\",\"datePublished\":\"2020-12-15T08:22:48+00:00\",\"dateModified\":\"2022-10-13T07:07:19+00:00\",\"description\":\"La t\u00e9l\u00e9commande est d'un grand confort d'utilisation, elle permet d'allumer et d'\u00e9teindre votre g\u00e9n\u00e9rateur d'ozone O3M \u00e0 distance en toute s\u00e9curit\u00e9.\",\"breadcrumb\":{\"@id\":\"https:\/\/o3m.it\/fr\/produit\/tc-telecommande-generateur-ozone\/#breadcrumb\"},\"inLanguage\":\"fr-FR\",\"potentialAction\":[{\"@type\":\"ReadAction\",\"target\":[\"https:\/\/o3m.it\/fr\/produit\/tc-telecommande-generateur-ozone\/\"]}]},{\"@type\":\"ImageObject\",\"inLanguage\":\"fr-FR\",\"@id\":\"https:\/\/o3m.it\/fr\/produit\/tc-telecommande-generateur-ozone\/#primaryimage\",\"url\":\"https:\/\/o3m.it\/wp-content\/uploads\/2020\/12\/TC-TELECOMANDO-O3M-e1608025713471.png\",\"contentUrl\":\"https:\/\/o3m.it\/wp-content\/uploads\/2020\/12\/TC-TELECOMANDO-O3M-e1608025713471.png\",\"width\":400,\"height\":392},{\"@type\":\"BreadcrumbList\",\"@id\":\"https:\/\/o3m.it\/fr\/produit\/tc-telecommande-generateur-ozone\/#breadcrumb\",\"itemListElement\":[{\"@type\":\"ListItem\",\"position\":1,\"name\":\"Home\",\"item\":\"https:\/\/o3m.it\/fr\/\"},{\"@type\":\"ListItem\",\"position\":2,\"name\":\"Shop\",\"item\":\"https:\/\/o3m.it\/shop\/\"},{\"@type\":\"ListItem\",\"position\":3,\"name\":\"TC T\u00e9l\u00e9commande G\u00e9n\u00e9rateur d&#8217;Ozone\"}]},{\"@type\":\"WebSite\",\"@id\":\"https:\/\/o3m.it\/fr\/#website\",\"url\":\"https:\/\/o3m.it\/fr\/\",\"name\":\"O3M by MAINO\",\"description\":\"OZONO\",\"publisher\":{\"@id\":\"https:\/\/o3m.it\/fr\/#organization\"},\"potentialAction\":[{\"@type\":\"SearchAction\",\"target\":{\"@type\":\"EntryPoint\",\"urlTemplate\":\"https:\/\/o3m.it\/fr\/?s={search_term_string}\"},\"query-input\":{\"@type\":\"PropertyValueSpecification\",\"valueRequired\":true,\"valueName\":\"search_term_string\"}}],\"inLanguage\":\"fr-FR\"},{\"@type\":\"Organization\",\"@id\":\"https:\/\/o3m.it\/fr\/#organization\",\"name\":\"O3M by MAINO\",\"url\":\"https:\/\/o3m.it\/fr\/\",\"logo\":{\"@type\":\"ImageObject\",\"inLanguage\":\"fr-FR\",\"@id\":\"https:\/\/o3m.it\/fr\/#\/schema\/logo\/image\/\",\"url\":\"https:\/\/o3m.it\/wp-content\/uploads\/2019\/07\/logo-o3m-sc.png\",\"contentUrl\":\"https:\/\/o3m.it\/wp-content\/uploads\/2019\/07\/logo-o3m-sc.png\",\"width\":1068,\"height\":922,\"caption\":\"O3M by MAINO\"},\"image\":{\"@id\":\"https:\/\/o3m.it\/fr\/#\/schema\/logo\/image\/\"}}]}<\/script>\n<!-- \/ Yoast SEO plugin. -->","yoast_head_json":{"title":"O3M TC - T\u00c9L\u00c9COMMANDE POUR G\u00c9N\u00c9RATEUR D'OZONE","description":"La t\u00e9l\u00e9commande est d'un grand confort d'utilisation, elle permet d'allumer et d'\u00e9teindre votre g\u00e9n\u00e9rateur d'ozone O3M \u00e0 distance en toute s\u00e9curit\u00e9.","robots":{"index":"index","follow":"follow","max-snippet":"max-snippet:-1","max-image-preview":"max-image-preview:large","max-video-preview":"max-video-preview:-1"},"canonical":"https:\/\/o3m.it\/fr\/produit\/tc-telecommande-generateur-ozone\/","og_locale":"fr_FR","og_type":"article","og_title":"O3M TC - T\u00c9L\u00c9COMMANDE POUR G\u00c9N\u00c9RATEUR D'OZONE","og_description":"La t\u00e9l\u00e9commande est d'un grand confort d'utilisation, elle permet d'allumer et d'\u00e9teindre votre g\u00e9n\u00e9rateur d'ozone O3M \u00e0 distance en toute s\u00e9curit\u00e9.","og_url":"https:\/\/o3m.it\/fr\/produit\/tc-telecommande-generateur-ozone\/","og_site_name":"O3M by MAINO","article_modified_time":"2022-10-13T07:07:19+00:00","og_image":[{"width":400,"height":392,"url":"https:\/\/o3m.it\/wp-content\/uploads\/2020\/12\/TC-TELECOMANDO-O3M-e1608025713471.png","type":"image\/png"}],"twitter_card":"summary_large_image","twitter_misc":{"Dur\u00e9e de lecture estim\u00e9e":"1 minute"},"schema":{"@context":"https:\/\/schema.org","@graph":[{"@type":"WebPage","@id":"https:\/\/o3m.it\/fr\/produit\/tc-telecommande-generateur-ozone\/","url":"https:\/\/o3m.it\/fr\/produit\/tc-telecommande-generateur-ozone\/","name":"O3M TC - T\u00c9L\u00c9COMMANDE POUR G\u00c9N\u00c9RATEUR D'OZONE","isPartOf":{"@id":"https:\/\/o3m.it\/fr\/#website"},"primaryImageOfPage":{"@id":"https:\/\/o3m.it\/fr\/produit\/tc-telecommande-generateur-ozone\/#primaryimage"},"image":{"@id":"https:\/\/o3m.it\/fr\/produit\/tc-telecommande-generateur-ozone\/#primaryimage"},"thumbnailUrl":"https:\/\/o3m.it\/wp-content\/uploads\/2020\/12\/TC-TELECOMANDO-O3M-e1608025713471.png","datePublished":"2020-12-15T08:22:48+00:00","dateModified":"2022-10-13T07:07:19+00:00","description":"La t\u00e9l\u00e9commande est d'un grand confort d'utilisation, elle permet d'allumer et d'\u00e9teindre votre g\u00e9n\u00e9rateur d'ozone O3M \u00e0 distance en toute s\u00e9curit\u00e9.","breadcrumb":{"@id":"https:\/\/o3m.it\/fr\/produit\/tc-telecommande-generateur-ozone\/#breadcrumb"},"inLanguage":"fr-FR","potentialAction":[{"@type":"ReadAction","target":["https:\/\/o3m.it\/fr\/produit\/tc-telecommande-generateur-ozone\/"]}]},{"@type":"ImageObject","inLanguage":"fr-FR","@id":"https:\/\/o3m.it\/fr\/produit\/tc-telecommande-generateur-ozone\/#primaryimage","url":"https:\/\/o3m.it\/wp-content\/uploads\/2020\/12\/TC-TELECOMANDO-O3M-e1608025713471.png","contentUrl":"https:\/\/o3m.it\/wp-content\/uploads\/2020\/12\/TC-TELECOMANDO-O3M-e1608025713471.png","width":400,"height":392},{"@type":"BreadcrumbList","@id":"https:\/\/o3m.it\/fr\/produit\/tc-telecommande-generateur-ozone\/#breadcrumb","itemListElement":[{"@type":"ListItem","position":1,"name":"Home","item":"https:\/\/o3m.it\/fr\/"},{"@type":"ListItem","position":2,"name":"Shop","item":"https:\/\/o3m.it\/shop\/"},{"@type":"ListItem","position":3,"name":"TC T\u00e9l\u00e9commande G\u00e9n\u00e9rateur d&#8217;Ozone"}]},{"@type":"WebSite","@id":"https:\/\/o3m.it\/fr\/#website","url":"https:\/\/o3m.it\/fr\/","name":"O3M by MAINO","description":"OZONO","publisher":{"@id":"https:\/\/o3m.it\/fr\/#organization"},"potentialAction":[{"@type":"SearchAction","target":{"@type":"EntryPoint","urlTemplate":"https:\/\/o3m.it\/fr\/?s={search_term_string}"},"query-input":{"@type":"PropertyValueSpecification","valueRequired":true,"valueName":"search_term_string"}}],"inLanguage":"fr-FR"},{"@type":"Organization","@id":"https:\/\/o3m.it\/fr\/#organization","name":"O3M by MAINO","url":"https:\/\/o3m.it\/fr\/","logo":{"@type":"ImageObject","inLanguage":"fr-FR","@id":"https:\/\/o3m.it\/fr\/#\/schema\/logo\/image\/","url":"https:\/\/o3m.it\/wp-content\/uploads\/2019\/07\/logo-o3m-sc.png","contentUrl":"https:\/\/o3m.it\/wp-content\/uploads\/2019\/07\/logo-o3m-sc.png","width":1068,"height":922,"caption":"O3M by MAINO"},"image":{"@id":"https:\/\/o3m.it\/fr\/#\/schema\/logo\/image\/"}}]}},"jetpack_sharing_enabled":true,"_links":{"self":[{"href":"https:\/\/o3m.it\/fr\/wp-json\/wp\/v2\/product\/3107","targetHints":{"allow":["GET"]}}],"collection":[{"href":"https:\/\/o3m.it\/fr\/wp-json\/wp\/v2\/product"}],"about":[{"href":"https:\/\/o3m.it\/fr\/wp-json\/wp\/v2\/types\/product"}],"version-history":[{"count":0,"href":"https:\/\/o3m.it\/fr\/wp-json\/wp\/v2\/product\/3107\/revisions"}],"wp:featuredmedia":[{"embeddable":true,"href":"https:\/\/o3m.it\/fr\/wp-json\/wp\/v2\/media\/2754"}],"wp:attachment":[{"href":"https:\/\/o3m.it\/fr\/wp-json\/wp\/v2\/media?parent=3107"}],"wp:term":[{"taxonomy":"product_brand","embeddable":true,"href":"https:\/\/o3m.it\/fr\/wp-json\/wp\/v2\/product_brand?post=3107"},{"taxonomy":"product_cat","embeddable":true,"href":"https:\/\/o3m.it\/fr\/wp-json\/wp\/v2\/product_cat?post=3107"},{"taxonomy":"product_tag","embeddable":true,"href":"https:\/\/o3m.it\/fr\/wp-json\/wp\/v2\/product_tag?post=3107"}],"curies":[{"name":"wp","href":"https:\/\/api.w.org\/{rel}","templated":true}]}}