{"id":3030,"date":"2021-03-16T18:23:47","date_gmt":"2021-03-16T17:23:47","guid":{"rendered":"https:\/\/o3m.it\/product\/o3m-t1-c\/"},"modified":"2022-10-25T15:47:00","modified_gmt":"2022-10-25T13:47:00","slug":"o3m-t1-c","status":"publish","type":"product","link":"https:\/\/o3m.it\/fr\/produit\/o3m-t1-c\/","title":{"rendered":"G\u00e9n\u00e9rateur d&rsquo;ozone O3M T1-C"},"content":{"rendered":"<h3><img decoding=\"async\" class=\"aligncenter\" src=\"https:\/\/maino.it\/wp-content\/uploads\/2021\/01\/ita-cert-300x300.png\" alt=\"\" width=\"143\" height=\"143\" \/><\/h3>\n<h3 style=\"text-align: center;\">G\u00e9n\u00e9rateur d&rsquo;Ozone T1-C &#8211; Un Produit Enti\u00e8rement Italien O3M by MAINO<\/h3>\n<p style=\"text-align: center;\">Nous n&rsquo;importons pas de g\u00e9n\u00e9rateurs d&rsquo;ozone, nous les fabriquons nous-m\u00eames &#8211; et ceci enti\u00e8rement configurable en est la preuve<br \/>\nce g\u00e9n\u00e9rateur n&rsquo;est pas fabriqu\u00e9 \u00e0 la cha\u00eene, c&rsquo;est une pi\u00e8ce unique construite de A \u00e0 Z comme vous le souhaitez.<\/p>\n<p>&nbsp;<\/p>\n<h4><strong>Caract\u00e9ristiques de base:<\/strong><\/h4>\n<ul>\n<li>G\u00e9n\u00e9rateur d&rsquo;ozone pur haute performance pour l&rsquo;assainissement des environnements jusqu&rsquo;\u00e0 100 m\u00e8tres cubes, il \u00e9limine tout type de virus, pathog\u00e8ne, bact\u00e9rie, puanteur, odeur d\u00e9sagreable, champignon, moisissure, spore, acarien, mite, etc., dans quelques minutes, laissant l\u2019environnement frais r\u00e9oxyg\u00e9n\u00e9 et agr\u00e9ablement d\u00e9sodoris\u00e9.<\/li>\n<li>Bo\u00eete en m\u00e9tal plastifi\u00e9 de couleur blanche (haute r\u00e9sistance \u00e0 la corrosion).<\/li>\n<li>Programmateur de fonctionnement avec double fonction\n<ul>\n<li>Fonction unique <span style=\"text-decoration: underline;\">en l&rsquo;absence absolue de personnes et d&rsquo;animaux<\/span>, \u00e0 la fin de l&rsquo;op\u00e9ration le g\u00e9n\u00e9rateur s&rsquo;\u00e9teint de mani\u00e8re autonome<\/li>\n<li>Fonction cyclique <span style=\"text-decoration: underline;\"><strong>en pr\u00e9sence de personnes et d&rsquo;animaux<\/strong><\/span>, il maintient un niveau d&rsquo;ozone constant dans le respect de la r\u00e9glementation TWA-TLV.<\/li>\n<\/ul>\n<\/li>\n<li>Distribution de l&rsquo;ozone avec ventilateur int\u00e9gr\u00e9.<\/li>\n<li>Filtre mol\u00e9culaire qui nettoye l&rsquo;air, augmente les performances, \u00e9vite la formation de gaz irritants NOx et NO2, Acide nitrique NHO3, Nitrites et Nitrates qui sont toxiques pour tous les \u00eatres vivants et principales causes de d\u00e9t\u00e9rioration des circuits \u00e9lectriques et \u00e9lectroniques, chromage. Le filtre mol\u00e9culaire prolonge la dur\u00e9e de vie de l&rsquo;appareil (avec le choix de la version VR il est supprim\u00e9 pour laisser place \u00e0 une technologie de pointe).<\/li>\n<li>Interrupteur principal.<\/li>\n<li>Voyant d&rsquo;avertissement d&rsquo;ozone en production.<\/li>\n<li>Alimentation \u00e0 tr\u00e8s basse tension (adaptateur secteur au choix).<\/li>\n<li>Puissance totale 45 Watt.<\/li>\n<li>Produit en Italie chez notre si\u00e8ge de C\u00f4me.<\/li>\n<li>Instructions avec tableau des temps pour le type d\u2019environnement \u00e0 traiter.<\/li>\n<li>Certifi\u00e9 CE.<\/li>\n<li>Dimensions \u00e0 partir de cm. 20 x 30 x 11,5.<\/li>\n<li>A partir de Kg. 2.<\/li>\n<\/ul>\n<div><strong>Que signifie ozone pur?<\/strong><\/div>\n<div>Le purificateur d\u2019ozone pur est un v\u00e9ritable couteau suisse qui ne tarde pas \u00e0 fournir plus d\u2019utilisations que souhait\u00e9 \u2013 Malheureusement, il n\u2019en va pas de m\u00eame pour un g\u00e9n\u00e9rateur d\u2019ozone sale qui vous fera regretter le jour o\u00f9 vous l\u2019avez achet\u00e9.<\/div>\n<div>\n<ul>\n<li><strong>Un purificateur d\u2019ozone pur ass\u00e8che l\u2019air et ne convertit qu\u2019une partie de l\u2019oxyg\u00e8ne en ozone, qui retourne ensuite en l\u2019oxyg\u00e8ne sans d\u00e9riv\u00e9s toxiques et canc\u00e9rig\u00e8nes.<\/strong><\/li>\n<li>Un g\u00e9n\u00e9rateur d\u2019ozone sale (tous les mod\u00e8les \u00e0 plaques et ceux qui ne dess\u00e8chent pas l\u2019air) convertit \u00e9galement une partie de l\u2019oxyg\u00e8ne en ozone mais ne l\u2019ayant pas s\u00e9ch\u00e9 auparavant, il g\u00e9n\u00e8re \u00e9galement des oxydes d\u2019azote toxiques et de \u00ab l\u2019acide \u00bb nitrique corrosif, qui ne seront plus converti \u00e0 leur \u00e9tat d\u2019origine devenant un grave danger pour votre sant\u00e9 et destructeur pour les mat\u00e9riaux.<\/li>\n<\/ul>\n<\/div>\n<p><img decoding=\"async\" class=\"aligncenter\" src=\"https:\/\/o3m.it\/wp-content\/uploads\/2021\/03\/klarna-3-rate.jpg\" \/><\/p>\n","protected":false},"excerpt":{"rendered":"<h3><img decoding=\"async\" class=\"alignleft\" src=\"https:\/\/maino.it\/wp-content\/uploads\/2021\/01\/ita-cert-300x300.png\" alt=\"\" width=\"66\" height=\"66\" \/><\/h3>\n<p><strong>O3M T1-C<\/strong> est un g\u00e9n\u00e9rateur d&rsquo;ozone produit par nous \u00e0 C\u00f4me \u00ab\u00a0Italie\u00a0\u00bb.<\/p>\n<p><strong>A configurer selon vos besoins, simple d&rsquo;utilisation, livr\u00e9 avec une notice d&rsquo;utilisation.<\/strong><\/p>\n<p>Certains composants sont d\u00e9j\u00e0 s\u00e9lectionn\u00e9s (comme l&rsquo;alimentation ou la buse de sortie intubable, etc.), vous pouvez choisir de les conserver ou de les supprimer.<\/p>\n<p><em>Nous fabriquions des g\u00e9n\u00e9rateurs d&rsquo;ozone depuis 1984, pour les secteurs : civil, sanitaire, industriel, pharmaceutique, militaire, etc. qui r\u00e9solvent m\u00eame les probl\u00e8mes les plus graves, l\u00e0 o\u00f9 la chimie et la science \u00e9chouent.<\/em><\/p>\n<p>dans la photo le g\u00e9n\u00e9rateur O3M T1-C avec le bo\u00eetier en acier inoxydable et la buse o\u00f9 connecter le tuyau pour traiter l&rsquo;eau et d&rsquo;autres utilisations<\/p>\n","protected":false},"featured_media":2775,"template":"","meta":{"neve_meta_sidebar":"","neve_meta_container":"","neve_meta_enable_content_width":"off","neve_meta_content_width":70,"neve_meta_title_alignment":"","neve_meta_author_avatar":"","neve_post_elements_order":"","neve_meta_disable_header":"","neve_meta_disable_footer":"","neve_meta_disable_title":"","_themeisle_gutenberg_block_has_review":false},"product_brand":[],"product_cat":[104],"product_tag":[],"class_list":{"0":"post-3030","1":"product","2":"type-product","3":"status-publish","4":"has-post-thumbnail","6":"product_cat-generateurs-dozone","7":"product_shipping_class-2kg-2-fr","9":"first","10":"instock","11":"sale","12":"taxable","13":"shipping-taxable","14":"purchasable","15":"product-type-simple"},"yoast_head":"<!-- This site is optimized with the Yoast SEO plugin v26.9 - https:\/\/yoast.com\/product\/yoast-seo-wordpress\/ -->\n<title>G\u00e9n\u00e9rateur d&#039;ozone O3M T1-C - O3M by MAINO<\/title>\n<meta name=\"description\" content=\"g\u00e9n\u00e9rateur d&#039;ozone enti\u00e8rement configurable pour tout type d&#039;utilisation d&#039;assainissement de l&#039;air et de l&#039;eau.\" \/>\n<meta name=\"robots\" content=\"index, follow, max-snippet:-1, max-image-preview:large, max-video-preview:-1\" \/>\n<link rel=\"canonical\" href=\"https:\/\/o3m.it\/fr\/produit\/o3m-t1-c\/\" \/>\n<meta property=\"og:locale\" content=\"fr_FR\" \/>\n<meta property=\"og:type\" content=\"article\" \/>\n<meta property=\"og:title\" content=\"G\u00e9n\u00e9rateur d&#039;ozone O3M T1-C - O3M by MAINO\" \/>\n<meta property=\"og:description\" content=\"g\u00e9n\u00e9rateur d&#039;ozone enti\u00e8rement configurable pour tout type d&#039;utilisation d&#039;assainissement de l&#039;air et de l&#039;eau.\" \/>\n<meta property=\"og:url\" content=\"https:\/\/o3m.it\/fr\/produit\/o3m-t1-c\/\" \/>\n<meta property=\"og:site_name\" content=\"O3M by MAINO\" \/>\n<meta property=\"article:modified_time\" content=\"2022-10-25T13:47:00+00:00\" \/>\n<meta property=\"og:image\" content=\"https:\/\/o3m.it\/wp-content\/uploads\/2021\/03\/O3M-T1-C.jpg\" \/>\n\t<meta property=\"og:image:width\" content=\"653\" \/>\n\t<meta property=\"og:image:height\" content=\"576\" \/>\n\t<meta property=\"og:image:type\" content=\"image\/jpeg\" \/>\n<meta name=\"twitter:card\" content=\"summary_large_image\" \/>\n<meta name=\"twitter:label1\" content=\"Dur\u00e9e de lecture estim\u00e9e\" \/>\n\t<meta name=\"twitter:data1\" content=\"3 minutes\" \/>\n<script type=\"application\/ld+json\" class=\"yoast-schema-graph\">{\"@context\":\"https:\/\/schema.org\",\"@graph\":[{\"@type\":\"WebPage\",\"@id\":\"https:\/\/o3m.it\/fr\/produit\/o3m-t1-c\/\",\"url\":\"https:\/\/o3m.it\/fr\/produit\/o3m-t1-c\/\",\"name\":\"G\u00e9n\u00e9rateur d'ozone O3M T1-C - O3M by MAINO\",\"isPartOf\":{\"@id\":\"https:\/\/o3m.it\/fr\/#website\"},\"primaryImageOfPage\":{\"@id\":\"https:\/\/o3m.it\/fr\/produit\/o3m-t1-c\/#primaryimage\"},\"image\":{\"@id\":\"https:\/\/o3m.it\/fr\/produit\/o3m-t1-c\/#primaryimage\"},\"thumbnailUrl\":\"https:\/\/o3m.it\/wp-content\/uploads\/2021\/03\/O3M-T1-C.jpg\",\"datePublished\":\"2021-03-16T17:23:47+00:00\",\"dateModified\":\"2022-10-25T13:47:00+00:00\",\"description\":\"g\u00e9n\u00e9rateur d'ozone enti\u00e8rement configurable pour tout type d'utilisation d'assainissement de l'air et de l'eau.\",\"breadcrumb\":{\"@id\":\"https:\/\/o3m.it\/fr\/produit\/o3m-t1-c\/#breadcrumb\"},\"inLanguage\":\"fr-FR\",\"potentialAction\":[{\"@type\":\"ReadAction\",\"target\":[\"https:\/\/o3m.it\/fr\/produit\/o3m-t1-c\/\"]}]},{\"@type\":\"ImageObject\",\"inLanguage\":\"fr-FR\",\"@id\":\"https:\/\/o3m.it\/fr\/produit\/o3m-t1-c\/#primaryimage\",\"url\":\"https:\/\/o3m.it\/wp-content\/uploads\/2021\/03\/O3M-T1-C.jpg\",\"contentUrl\":\"https:\/\/o3m.it\/wp-content\/uploads\/2021\/03\/O3M-T1-C.jpg\",\"width\":653,\"height\":576},{\"@type\":\"BreadcrumbList\",\"@id\":\"https:\/\/o3m.it\/fr\/produit\/o3m-t1-c\/#breadcrumb\",\"itemListElement\":[{\"@type\":\"ListItem\",\"position\":1,\"name\":\"Home\",\"item\":\"https:\/\/o3m.it\/fr\/\"},{\"@type\":\"ListItem\",\"position\":2,\"name\":\"Shop\",\"item\":\"https:\/\/o3m.it\/shop\/\"},{\"@type\":\"ListItem\",\"position\":3,\"name\":\"G\u00e9n\u00e9rateur d&#8217;ozone O3M T1-C\"}]},{\"@type\":\"WebSite\",\"@id\":\"https:\/\/o3m.it\/fr\/#website\",\"url\":\"https:\/\/o3m.it\/fr\/\",\"name\":\"O3M by MAINO\",\"description\":\"OZONO\",\"publisher\":{\"@id\":\"https:\/\/o3m.it\/fr\/#organization\"},\"potentialAction\":[{\"@type\":\"SearchAction\",\"target\":{\"@type\":\"EntryPoint\",\"urlTemplate\":\"https:\/\/o3m.it\/fr\/?s={search_term_string}\"},\"query-input\":{\"@type\":\"PropertyValueSpecification\",\"valueRequired\":true,\"valueName\":\"search_term_string\"}}],\"inLanguage\":\"fr-FR\"},{\"@type\":\"Organization\",\"@id\":\"https:\/\/o3m.it\/fr\/#organization\",\"name\":\"O3M by MAINO\",\"url\":\"https:\/\/o3m.it\/fr\/\",\"logo\":{\"@type\":\"ImageObject\",\"inLanguage\":\"fr-FR\",\"@id\":\"https:\/\/o3m.it\/fr\/#\/schema\/logo\/image\/\",\"url\":\"https:\/\/o3m.it\/wp-content\/uploads\/2019\/07\/logo-o3m-sc.png\",\"contentUrl\":\"https:\/\/o3m.it\/wp-content\/uploads\/2019\/07\/logo-o3m-sc.png\",\"width\":1068,\"height\":922,\"caption\":\"O3M by MAINO\"},\"image\":{\"@id\":\"https:\/\/o3m.it\/fr\/#\/schema\/logo\/image\/\"}}]}<\/script>\n<!-- \/ Yoast SEO plugin. -->","yoast_head_json":{"title":"G\u00e9n\u00e9rateur d'ozone O3M T1-C - O3M by MAINO","description":"g\u00e9n\u00e9rateur d'ozone enti\u00e8rement configurable pour tout type d'utilisation d'assainissement de l'air et de l'eau.","robots":{"index":"index","follow":"follow","max-snippet":"max-snippet:-1","max-image-preview":"max-image-preview:large","max-video-preview":"max-video-preview:-1"},"canonical":"https:\/\/o3m.it\/fr\/produit\/o3m-t1-c\/","og_locale":"fr_FR","og_type":"article","og_title":"G\u00e9n\u00e9rateur d'ozone O3M T1-C - O3M by MAINO","og_description":"g\u00e9n\u00e9rateur d'ozone enti\u00e8rement configurable pour tout type d'utilisation d'assainissement de l'air et de l'eau.","og_url":"https:\/\/o3m.it\/fr\/produit\/o3m-t1-c\/","og_site_name":"O3M by MAINO","article_modified_time":"2022-10-25T13:47:00+00:00","og_image":[{"width":653,"height":576,"url":"https:\/\/o3m.it\/wp-content\/uploads\/2021\/03\/O3M-T1-C.jpg","type":"image\/jpeg"}],"twitter_card":"summary_large_image","twitter_misc":{"Dur\u00e9e de lecture estim\u00e9e":"3 minutes"},"schema":{"@context":"https:\/\/schema.org","@graph":[{"@type":"WebPage","@id":"https:\/\/o3m.it\/fr\/produit\/o3m-t1-c\/","url":"https:\/\/o3m.it\/fr\/produit\/o3m-t1-c\/","name":"G\u00e9n\u00e9rateur d'ozone O3M T1-C - O3M by MAINO","isPartOf":{"@id":"https:\/\/o3m.it\/fr\/#website"},"primaryImageOfPage":{"@id":"https:\/\/o3m.it\/fr\/produit\/o3m-t1-c\/#primaryimage"},"image":{"@id":"https:\/\/o3m.it\/fr\/produit\/o3m-t1-c\/#primaryimage"},"thumbnailUrl":"https:\/\/o3m.it\/wp-content\/uploads\/2021\/03\/O3M-T1-C.jpg","datePublished":"2021-03-16T17:23:47+00:00","dateModified":"2022-10-25T13:47:00+00:00","description":"g\u00e9n\u00e9rateur d'ozone enti\u00e8rement configurable pour tout type d'utilisation d'assainissement de l'air et de l'eau.","breadcrumb":{"@id":"https:\/\/o3m.it\/fr\/produit\/o3m-t1-c\/#breadcrumb"},"inLanguage":"fr-FR","potentialAction":[{"@type":"ReadAction","target":["https:\/\/o3m.it\/fr\/produit\/o3m-t1-c\/"]}]},{"@type":"ImageObject","inLanguage":"fr-FR","@id":"https:\/\/o3m.it\/fr\/produit\/o3m-t1-c\/#primaryimage","url":"https:\/\/o3m.it\/wp-content\/uploads\/2021\/03\/O3M-T1-C.jpg","contentUrl":"https:\/\/o3m.it\/wp-content\/uploads\/2021\/03\/O3M-T1-C.jpg","width":653,"height":576},{"@type":"BreadcrumbList","@id":"https:\/\/o3m.it\/fr\/produit\/o3m-t1-c\/#breadcrumb","itemListElement":[{"@type":"ListItem","position":1,"name":"Home","item":"https:\/\/o3m.it\/fr\/"},{"@type":"ListItem","position":2,"name":"Shop","item":"https:\/\/o3m.it\/shop\/"},{"@type":"ListItem","position":3,"name":"G\u00e9n\u00e9rateur d&#8217;ozone O3M T1-C"}]},{"@type":"WebSite","@id":"https:\/\/o3m.it\/fr\/#website","url":"https:\/\/o3m.it\/fr\/","name":"O3M by MAINO","description":"OZONO","publisher":{"@id":"https:\/\/o3m.it\/fr\/#organization"},"potentialAction":[{"@type":"SearchAction","target":{"@type":"EntryPoint","urlTemplate":"https:\/\/o3m.it\/fr\/?s={search_term_string}"},"query-input":{"@type":"PropertyValueSpecification","valueRequired":true,"valueName":"search_term_string"}}],"inLanguage":"fr-FR"},{"@type":"Organization","@id":"https:\/\/o3m.it\/fr\/#organization","name":"O3M by MAINO","url":"https:\/\/o3m.it\/fr\/","logo":{"@type":"ImageObject","inLanguage":"fr-FR","@id":"https:\/\/o3m.it\/fr\/#\/schema\/logo\/image\/","url":"https:\/\/o3m.it\/wp-content\/uploads\/2019\/07\/logo-o3m-sc.png","contentUrl":"https:\/\/o3m.it\/wp-content\/uploads\/2019\/07\/logo-o3m-sc.png","width":1068,"height":922,"caption":"O3M by MAINO"},"image":{"@id":"https:\/\/o3m.it\/fr\/#\/schema\/logo\/image\/"}}]}},"jetpack_sharing_enabled":true,"_links":{"self":[{"href":"https:\/\/o3m.it\/fr\/wp-json\/wp\/v2\/product\/3030","targetHints":{"allow":["GET"]}}],"collection":[{"href":"https:\/\/o3m.it\/fr\/wp-json\/wp\/v2\/product"}],"about":[{"href":"https:\/\/o3m.it\/fr\/wp-json\/wp\/v2\/types\/product"}],"version-history":[{"count":0,"href":"https:\/\/o3m.it\/fr\/wp-json\/wp\/v2\/product\/3030\/revisions"}],"wp:featuredmedia":[{"embeddable":true,"href":"https:\/\/o3m.it\/fr\/wp-json\/wp\/v2\/media\/2775"}],"wp:attachment":[{"href":"https:\/\/o3m.it\/fr\/wp-json\/wp\/v2\/media?parent=3030"}],"wp:term":[{"taxonomy":"product_brand","embeddable":true,"href":"https:\/\/o3m.it\/fr\/wp-json\/wp\/v2\/product_brand?post=3030"},{"taxonomy":"product_cat","embeddable":true,"href":"https:\/\/o3m.it\/fr\/wp-json\/wp\/v2\/product_cat?post=3030"},{"taxonomy":"product_tag","embeddable":true,"href":"https:\/\/o3m.it\/fr\/wp-json\/wp\/v2\/product_tag?post=3030"}],"curies":[{"name":"wp","href":"https:\/\/api.w.org\/{rel}","templated":true}]}}