{"id":3014,"date":"2020-09-07T12:10:23","date_gmt":"2020-09-07T10:10:23","guid":{"rendered":"https:\/\/o3m.it\/product\/t1-basic\/"},"modified":"2022-10-05T17:21:20","modified_gmt":"2022-10-05T15:21:20","slug":"t1-basic","status":"publish","type":"product","link":"https:\/\/o3m.it\/fr\/produit\/t1-basic\/","title":{"rendered":"T1 BASIC Purificateur \u00e0 ozone O3M"},"content":{"rendered":"<h2><img decoding=\"async\" class=\"aligncenter\" src=\"https:\/\/o3m.it\/wp-content\/uploads\/2021\/03\/klarna-3-rate.jpg\" \/><\/h2>\n<h2 style=\"text-align: center;\">T1 BASIC<\/h2>\n<ul>\n<li>Purificateur \u00e0 ozone pur pour l&rsquo;assainissement de la maison, des voitures, des bateaux et des environnements.<\/li>\n<li>Haute performance, il \u00e9limine virus, pathog\u00e8nes, bact\u00e9ries, puanteurs, odeurs d\u00e9sagr\u00e9ables, champignons, moisissures, spores, acariens, etc. et laisse l&rsquo;environnement frais r\u00e9oxyg\u00e9n\u00e9 et agr\u00e9ablement d\u00e9sodoris\u00e9.<\/li>\n<\/ul>\n<p>Caract\u00e9ristiques techiques :<\/p>\n<ul>\n<li>Bo\u00eete en m\u00e9tal plastifi\u00e9 blanc (haute r\u00e9sistance \u00e0 la corrosion);<\/li>\n<li>Programmateur de fonctionnement pour le traitement de pi\u00e8ce jusqu&rsquo;\u00e0 90 m3 en 60 minutes;\n<ul>\n<li>fonctionnement unique en l&rsquo;absence de personnes et d&rsquo;animaux avec arr\u00eat automatique \u00e0 la fin de la fonction.<\/li>\n<li><strong>fonctionnement continu m\u00eame en pr\u00e9sence de personnes et d&rsquo;animaux.<\/strong><\/li>\n<\/ul>\n<\/li>\n<li>Distribution d&rsquo;ozone pur avec ventilateur int\u00e9gr\u00e9;<\/li>\n<li>Filtre \u00e0 tamis mol\u00e9culaire pour le s\u00e9chage \u00e0 l&rsquo;air avec r\u00e9g\u00e9n\u00e9ration manuelle;<\/li>\n<li>Buse pour une \u00e9ventuelle injection dans l&rsquo;eau ou d&rsquo;autres zones;<\/li>\n<li>Interrupteur principal;<\/li>\n<li>C\u00e2ble avec alimentation 230Volt &#8211; Puissance totale 40 Watt;<\/li>\n<li>Fabriqu\u00e9 en Italie dans notre si\u00e8ge de C\u00f4me;<\/li>\n<li>Notice d&rsquo;utilisation avec tableau des temps pour le type d&rsquo;environnement \u00e0 traiter;<\/li>\n<li>Certifi\u00e9 CE;<\/li>\n<li>Dimensions cm. 28X11x22 ; Poids Kg. 2,2.<\/li>\n<li>Garantie pour tout d\u00e9faut de fabrication.<\/li>\n<\/ul>\n<div>Le purificateur d\u2019ozone pur est un v\u00e9ritable couteau suisse qui ne tarde pas \u00e0 fournir plus d\u2019utilisations que souhait\u00e9.<\/div>\n<div>Malheureusement, il n\u2019en va pas de m\u00eame pour un g\u00e9n\u00e9rateur d\u2019ozone sale qui vous fera regretter le jour o\u00f9 vous l\u2019avez achet\u00e9.<\/div>\n<div>\n<ul>\n<li>Un purificateur d\u2019ozone pur ass\u00e8che l\u2019air et ne convertit qu\u2019une partie de l\u2019oxyg\u00e8ne en ozone, qui retourne ensuite en l\u2019oxyg\u00e8ne sans d\u00e9riv\u00e9s toxiques et canc\u00e9rig\u00e8nes.<\/li>\n<li>Un g\u00e9n\u00e9rateur d\u2019ozone sale (tous les mod\u00e8les \u00e0 plaques et ceux qui ne dess\u00e8chent pas l\u2019air) convertit \u00e9galement une partie de l\u2019oxyg\u00e8ne en ozone mais ne l\u2019ayant pas s\u00e9ch\u00e9 auparavant, il g\u00e9n\u00e8re \u00e9galement des oxydes d\u2019azote toxiques et de \u00ab l\u2019acide \u00bb nitrique corrosif, qui ne seront plus converti \u00e0 leur \u00e9tat d\u2019origine devenant un grave danger pour votre sant\u00e9 et destructeur pour les mat\u00e9riaux.<\/li>\n<\/ul>\n<p><em>Attention\u00a0: si vous devez utiliser le purificateur d&rsquo;ozone \u00e9galement dans l&rsquo;eau et les liquides ou pour d\u00e9placer le traitement par rapport au g\u00e9n\u00e9rateur, vous devez acheter les accessoires suivants non inclus:<\/em><\/p>\n<ul>\n<li><em>Tuyau flexible r\u00e9sistant \u00e0 l&rsquo;ozone<\/em><\/li>\n<li><em>Diffuseur c\u00e9ramique r\u00e9sistant \u00e0 l&rsquo;ozone<\/em><\/li>\n<li><em>Vanne anti-retour r\u00e9sistant \u00e0 l&rsquo;ozone<\/em><\/li>\n<\/ul>\n<p><img decoding=\"async\" class=\"aligncenter\" src=\"https:\/\/o3m.it\/wp-content\/uploads\/2021\/03\/klarna-3-rate.jpg\" \/><\/p>\n<\/div>\n","protected":false},"excerpt":{"rendered":"<h4 style=\"text-align: left;\"><span style=\"color: #e31212;\"><strong>OP\u00c9RATION MAISON S\u00dbRE , PRIX PROMOTIONNEL JUSQU&rsquo;AU 30 OCTOBRE 2022<\/strong><\/span><\/h4>\n<h3 style=\"text-align: left;\"><span style=\"color: #e31212;\"><strong><span style=\"color: #339966;\">ACHETABLE AVEC KLARNA EN 3 VERSEMENTS CONFORTABLES<\/span><\/strong><\/span><\/h3>\n<p>T1 BASIC Purificateur d&rsquo;entr\u00e9e de gamme \u00e0 technologie d&rsquo;ozone, \u00e9limine les virus bact\u00e9ries spores moisissures mauvaises odeurs ar\u00f4mes sans avoir besoin d&rsquo;autres produits chimiques ou d\u00e9odorants. Fabriqu\u00e9 en Italie, facile \u00e0 programmer, notice avec des exemples d&rsquo;utilisation.<\/p>\n<p><em>La section O3M by Maino con\u00e7oit et fabrique des purificateurs avec la technologie de l&rsquo;ozone pur depuis 1984. L&rsquo;ozone pur est utilis\u00e9 depuis de nombreuses ann\u00e9es dans le domaine professionnel industriel pharmaceutique militaire, les machines \u00e0 ces fins sont plus grandes que T1 BASIC, mais les r\u00e9sultats qui peuvent \u00eatre obtenus sont les m\u00eames.<\/em><\/p>\n<p><strong>Les r\u00e9sultats obtenus avec nos \u00e9quipements ne font jamais regretter le prix d&rsquo;achat.<\/strong><\/p>\n","protected":false},"featured_media":2772,"template":"","meta":{"neve_meta_sidebar":"","neve_meta_container":"","neve_meta_enable_content_width":"off","neve_meta_content_width":70,"neve_meta_title_alignment":"","neve_meta_author_avatar":"","neve_post_elements_order":"","neve_meta_disable_header":"","neve_meta_disable_footer":"","neve_meta_disable_title":"","_themeisle_gutenberg_block_has_review":false},"product_brand":[],"product_cat":[104],"product_tag":[],"class_list":{"0":"post-3014","1":"product","2":"type-product","3":"status-publish","4":"has-post-thumbnail","6":"product_cat-generateurs-dozone","7":"product_shipping_class-2kg-2-fr","9":"first","10":"instock","11":"sale","12":"featured","13":"taxable","14":"shipping-taxable","15":"purchasable","16":"product-type-simple"},"yoast_head":"<!-- This site is optimized with the Yoast SEO plugin v26.9 - https:\/\/yoast.com\/product\/yoast-seo-wordpress\/ -->\n<title>OZONE - PURIFICATEUR A OZONE PUR JUSQU&#039;\u00c0 100 MC<\/title>\n<meta name=\"description\" content=\"Purificateur \u00e0 ozone pur con\u00e7u pour la maison, les voitures, les environnements. Il \u00e9viter les op\u00e9rations manuelles d&#039;assainissement et l&#039;achat de produits chimiques\" \/>\n<meta name=\"robots\" content=\"index, follow, max-snippet:-1, max-image-preview:large, max-video-preview:-1\" \/>\n<link rel=\"canonical\" href=\"https:\/\/o3m.it\/fr\/produit\/t1-basic\/\" \/>\n<meta property=\"og:locale\" content=\"fr_FR\" \/>\n<meta property=\"og:type\" content=\"article\" \/>\n<meta property=\"og:title\" content=\"OZONE - PURIFICATEUR A OZONE PUR JUSQU&#039;\u00c0 100 MC\" \/>\n<meta property=\"og:description\" content=\"Purificateur \u00e0 ozone pur con\u00e7u pour la maison, les voitures, les environnements. Il \u00e9viter les op\u00e9rations manuelles d&#039;assainissement et l&#039;achat de produits chimiques\" \/>\n<meta property=\"og:url\" content=\"https:\/\/o3m.it\/fr\/produit\/t1-basic\/\" \/>\n<meta property=\"og:site_name\" content=\"O3M by MAINO\" \/>\n<meta property=\"article:modified_time\" content=\"2022-10-05T15:21:20+00:00\" \/>\n<meta property=\"og:image\" content=\"https:\/\/o3m.it\/wp-content\/uploads\/2020\/09\/basic-web-72dpi.jpg\" \/>\n\t<meta property=\"og:image:width\" content=\"1080\" \/>\n\t<meta property=\"og:image:height\" content=\"928\" \/>\n\t<meta property=\"og:image:type\" content=\"image\/jpeg\" \/>\n<meta name=\"twitter:card\" content=\"summary_large_image\" \/>\n<meta name=\"twitter:label1\" content=\"Dur\u00e9e de lecture estim\u00e9e\" \/>\n\t<meta name=\"twitter:data1\" content=\"3 minutes\" \/>\n<script type=\"application\/ld+json\" class=\"yoast-schema-graph\">{\"@context\":\"https:\/\/schema.org\",\"@graph\":[{\"@type\":\"WebPage\",\"@id\":\"https:\/\/o3m.it\/fr\/produit\/t1-basic\/\",\"url\":\"https:\/\/o3m.it\/fr\/produit\/t1-basic\/\",\"name\":\"OZONE - PURIFICATEUR A OZONE PUR JUSQU'\u00c0 100 MC\",\"isPartOf\":{\"@id\":\"https:\/\/o3m.it\/fr\/#website\"},\"primaryImageOfPage\":{\"@id\":\"https:\/\/o3m.it\/fr\/produit\/t1-basic\/#primaryimage\"},\"image\":{\"@id\":\"https:\/\/o3m.it\/fr\/produit\/t1-basic\/#primaryimage\"},\"thumbnailUrl\":\"https:\/\/o3m.it\/wp-content\/uploads\/2020\/09\/basic-web-72dpi.jpg\",\"datePublished\":\"2020-09-07T10:10:23+00:00\",\"dateModified\":\"2022-10-05T15:21:20+00:00\",\"description\":\"Purificateur \u00e0 ozone pur con\u00e7u pour la maison, les voitures, les environnements. Il \u00e9viter les op\u00e9rations manuelles d'assainissement et l'achat de produits chimiques\",\"breadcrumb\":{\"@id\":\"https:\/\/o3m.it\/fr\/produit\/t1-basic\/#breadcrumb\"},\"inLanguage\":\"fr-FR\",\"potentialAction\":[{\"@type\":\"ReadAction\",\"target\":[\"https:\/\/o3m.it\/fr\/produit\/t1-basic\/\"]}]},{\"@type\":\"ImageObject\",\"inLanguage\":\"fr-FR\",\"@id\":\"https:\/\/o3m.it\/fr\/produit\/t1-basic\/#primaryimage\",\"url\":\"https:\/\/o3m.it\/wp-content\/uploads\/2020\/09\/basic-web-72dpi.jpg\",\"contentUrl\":\"https:\/\/o3m.it\/wp-content\/uploads\/2020\/09\/basic-web-72dpi.jpg\",\"width\":1080,\"height\":928},{\"@type\":\"BreadcrumbList\",\"@id\":\"https:\/\/o3m.it\/fr\/produit\/t1-basic\/#breadcrumb\",\"itemListElement\":[{\"@type\":\"ListItem\",\"position\":1,\"name\":\"Home\",\"item\":\"https:\/\/o3m.it\/fr\/\"},{\"@type\":\"ListItem\",\"position\":2,\"name\":\"Shop\",\"item\":\"https:\/\/o3m.it\/shop\/\"},{\"@type\":\"ListItem\",\"position\":3,\"name\":\"T1 BASIC Purificateur \u00e0 ozone O3M\"}]},{\"@type\":\"WebSite\",\"@id\":\"https:\/\/o3m.it\/fr\/#website\",\"url\":\"https:\/\/o3m.it\/fr\/\",\"name\":\"O3M by MAINO\",\"description\":\"OZONO\",\"publisher\":{\"@id\":\"https:\/\/o3m.it\/fr\/#organization\"},\"potentialAction\":[{\"@type\":\"SearchAction\",\"target\":{\"@type\":\"EntryPoint\",\"urlTemplate\":\"https:\/\/o3m.it\/fr\/?s={search_term_string}\"},\"query-input\":{\"@type\":\"PropertyValueSpecification\",\"valueRequired\":true,\"valueName\":\"search_term_string\"}}],\"inLanguage\":\"fr-FR\"},{\"@type\":\"Organization\",\"@id\":\"https:\/\/o3m.it\/fr\/#organization\",\"name\":\"O3M by MAINO\",\"url\":\"https:\/\/o3m.it\/fr\/\",\"logo\":{\"@type\":\"ImageObject\",\"inLanguage\":\"fr-FR\",\"@id\":\"https:\/\/o3m.it\/fr\/#\/schema\/logo\/image\/\",\"url\":\"https:\/\/o3m.it\/wp-content\/uploads\/2019\/07\/logo-o3m-sc.png\",\"contentUrl\":\"https:\/\/o3m.it\/wp-content\/uploads\/2019\/07\/logo-o3m-sc.png\",\"width\":1068,\"height\":922,\"caption\":\"O3M by MAINO\"},\"image\":{\"@id\":\"https:\/\/o3m.it\/fr\/#\/schema\/logo\/image\/\"}}]}<\/script>\n<!-- \/ Yoast SEO plugin. -->","yoast_head_json":{"title":"OZONE - PURIFICATEUR A OZONE PUR JUSQU'\u00c0 100 MC","description":"Purificateur \u00e0 ozone pur con\u00e7u pour la maison, les voitures, les environnements. Il \u00e9viter les op\u00e9rations manuelles d'assainissement et l'achat de produits chimiques","robots":{"index":"index","follow":"follow","max-snippet":"max-snippet:-1","max-image-preview":"max-image-preview:large","max-video-preview":"max-video-preview:-1"},"canonical":"https:\/\/o3m.it\/fr\/produit\/t1-basic\/","og_locale":"fr_FR","og_type":"article","og_title":"OZONE - PURIFICATEUR A OZONE PUR JUSQU'\u00c0 100 MC","og_description":"Purificateur \u00e0 ozone pur con\u00e7u pour la maison, les voitures, les environnements. Il \u00e9viter les op\u00e9rations manuelles d'assainissement et l'achat de produits chimiques","og_url":"https:\/\/o3m.it\/fr\/produit\/t1-basic\/","og_site_name":"O3M by MAINO","article_modified_time":"2022-10-05T15:21:20+00:00","og_image":[{"width":1080,"height":928,"url":"https:\/\/o3m.it\/wp-content\/uploads\/2020\/09\/basic-web-72dpi.jpg","type":"image\/jpeg"}],"twitter_card":"summary_large_image","twitter_misc":{"Dur\u00e9e de lecture estim\u00e9e":"3 minutes"},"schema":{"@context":"https:\/\/schema.org","@graph":[{"@type":"WebPage","@id":"https:\/\/o3m.it\/fr\/produit\/t1-basic\/","url":"https:\/\/o3m.it\/fr\/produit\/t1-basic\/","name":"OZONE - PURIFICATEUR A OZONE PUR JUSQU'\u00c0 100 MC","isPartOf":{"@id":"https:\/\/o3m.it\/fr\/#website"},"primaryImageOfPage":{"@id":"https:\/\/o3m.it\/fr\/produit\/t1-basic\/#primaryimage"},"image":{"@id":"https:\/\/o3m.it\/fr\/produit\/t1-basic\/#primaryimage"},"thumbnailUrl":"https:\/\/o3m.it\/wp-content\/uploads\/2020\/09\/basic-web-72dpi.jpg","datePublished":"2020-09-07T10:10:23+00:00","dateModified":"2022-10-05T15:21:20+00:00","description":"Purificateur \u00e0 ozone pur con\u00e7u pour la maison, les voitures, les environnements. Il \u00e9viter les op\u00e9rations manuelles d'assainissement et l'achat de produits chimiques","breadcrumb":{"@id":"https:\/\/o3m.it\/fr\/produit\/t1-basic\/#breadcrumb"},"inLanguage":"fr-FR","potentialAction":[{"@type":"ReadAction","target":["https:\/\/o3m.it\/fr\/produit\/t1-basic\/"]}]},{"@type":"ImageObject","inLanguage":"fr-FR","@id":"https:\/\/o3m.it\/fr\/produit\/t1-basic\/#primaryimage","url":"https:\/\/o3m.it\/wp-content\/uploads\/2020\/09\/basic-web-72dpi.jpg","contentUrl":"https:\/\/o3m.it\/wp-content\/uploads\/2020\/09\/basic-web-72dpi.jpg","width":1080,"height":928},{"@type":"BreadcrumbList","@id":"https:\/\/o3m.it\/fr\/produit\/t1-basic\/#breadcrumb","itemListElement":[{"@type":"ListItem","position":1,"name":"Home","item":"https:\/\/o3m.it\/fr\/"},{"@type":"ListItem","position":2,"name":"Shop","item":"https:\/\/o3m.it\/shop\/"},{"@type":"ListItem","position":3,"name":"T1 BASIC Purificateur \u00e0 ozone O3M"}]},{"@type":"WebSite","@id":"https:\/\/o3m.it\/fr\/#website","url":"https:\/\/o3m.it\/fr\/","name":"O3M by MAINO","description":"OZONO","publisher":{"@id":"https:\/\/o3m.it\/fr\/#organization"},"potentialAction":[{"@type":"SearchAction","target":{"@type":"EntryPoint","urlTemplate":"https:\/\/o3m.it\/fr\/?s={search_term_string}"},"query-input":{"@type":"PropertyValueSpecification","valueRequired":true,"valueName":"search_term_string"}}],"inLanguage":"fr-FR"},{"@type":"Organization","@id":"https:\/\/o3m.it\/fr\/#organization","name":"O3M by MAINO","url":"https:\/\/o3m.it\/fr\/","logo":{"@type":"ImageObject","inLanguage":"fr-FR","@id":"https:\/\/o3m.it\/fr\/#\/schema\/logo\/image\/","url":"https:\/\/o3m.it\/wp-content\/uploads\/2019\/07\/logo-o3m-sc.png","contentUrl":"https:\/\/o3m.it\/wp-content\/uploads\/2019\/07\/logo-o3m-sc.png","width":1068,"height":922,"caption":"O3M by MAINO"},"image":{"@id":"https:\/\/o3m.it\/fr\/#\/schema\/logo\/image\/"}}]}},"jetpack_sharing_enabled":true,"_links":{"self":[{"href":"https:\/\/o3m.it\/fr\/wp-json\/wp\/v2\/product\/3014","targetHints":{"allow":["GET"]}}],"collection":[{"href":"https:\/\/o3m.it\/fr\/wp-json\/wp\/v2\/product"}],"about":[{"href":"https:\/\/o3m.it\/fr\/wp-json\/wp\/v2\/types\/product"}],"version-history":[{"count":0,"href":"https:\/\/o3m.it\/fr\/wp-json\/wp\/v2\/product\/3014\/revisions"}],"wp:featuredmedia":[{"embeddable":true,"href":"https:\/\/o3m.it\/fr\/wp-json\/wp\/v2\/media\/2772"}],"wp:attachment":[{"href":"https:\/\/o3m.it\/fr\/wp-json\/wp\/v2\/media?parent=3014"}],"wp:term":[{"taxonomy":"product_brand","embeddable":true,"href":"https:\/\/o3m.it\/fr\/wp-json\/wp\/v2\/product_brand?post=3014"},{"taxonomy":"product_cat","embeddable":true,"href":"https:\/\/o3m.it\/fr\/wp-json\/wp\/v2\/product_cat?post=3014"},{"taxonomy":"product_tag","embeddable":true,"href":"https:\/\/o3m.it\/fr\/wp-json\/wp\/v2\/product_tag?post=3014"}],"curies":[{"name":"wp","href":"https:\/\/api.w.org\/{rel}","templated":true}]}}