{"id":3005,"date":"2021-02-22T18:34:53","date_gmt":"2021-02-22T17:34:53","guid":{"rendered":"https:\/\/o3m.it\/product\/brezza\/"},"modified":"2022-10-05T14:44:39","modified_gmt":"2022-10-05T12:44:39","slug":"brezza","status":"publish","type":"product","link":"https:\/\/o3m.it\/fr\/produit\/brezza\/","title":{"rendered":"BREZZA Purificateur"},"content":{"rendered":"<h4 style=\"text-align: center;\">BREZZA le v\u00e9ritable purificateur d&rsquo;air pour la maison et le bureau<\/h4>\n<p style=\"text-align: justify;\">Contrairement aux purificateurs concurrents (filtres \u00e0 charbon actif, lampes, ultraviolets, ioniseurs, sprays, etc.), <strong>BREZZA<\/strong> tue tous les agents pathog\u00e8nes, \u00e0 la fois ceux pr\u00e9sents dans l&rsquo;air et ceux d\u00e9j\u00e0 d\u00e9pos\u00e9s sur les meubles, les surfaces, les murs et derri\u00e8re les \u00e9l\u00e9ments muraux et les armoires, l\u00e0 o\u00f9 ils sont prot\u00e9g\u00e9s et choy\u00e9s par des conditions favorables (temp\u00e9rature et humidit\u00e9) et ils poussent sans \u00eatre d\u00e9rang\u00e9s en se nourrissant de mati\u00e8res organiques qui font partie de notre quotidien (poussi\u00e8res, r\u00e9sidus de peau, graisse, etc.).<\/p>\n<p style=\"text-align: justify;\">Le fonctionnement est automatis\u00e9, il ne n\u00e9cessite pas de pi\u00e8ces de rechange, de filtres, de cartouches ou d&rsquo;autres produits liquides consommables et est capable de couvrir de grandes surfaces (volumes).<\/p>\n<p style=\"text-align: justify;\">Il doit \u00eatre install\u00e9 au mur, programm\u00e9 selon les instructions, connect\u00e9 \u00e0 une prise \u00e9lectrique et activ\u00e9 par t\u00e9l\u00e9commande, rien d&rsquo;autre. BREZZA fournit un assainissant \u00e9cologique et naturel comme programm\u00e9 et le distribue \u00e9quitablement dans l&rsquo;environnement.<\/p>\n<p style=\"text-align: justify;\">BREZZA g\u00e9n\u00e8re du plasma froid \u00e0 l&rsquo;ozone pur, calibr\u00e9 conform\u00e9ment \u00e0 la r\u00e9glementation et non toxique pour les \u00eatres vivants, les plantes et les fleurs, il purifie et am\u00e9liore significativement la qualit\u00e9 de l&rsquo;air respir\u00e9, \u00e9limine efficacement les puanteurs et les odeurs d\u00e9sagr\u00e9ables et tue les agents pathog\u00e8nes nocifs pour la sant\u00e9 tels comme: virus, bact\u00e9ries, spores, moisissures, protozoaires, champignons, etc. etc.<\/p>\n<p style=\"text-align: justify;\"><em>L&rsquo;efficacit\u00e9 anti-virale a \u00e9t\u00e9 test\u00e9e avec succ\u00e8s par un organisme scientifique contre le CoVid-19, d\u00e9montrant que l&rsquo;ozone pur calibr\u00e9 est inoffensif pour l&rsquo;homme, les animaux et les plantes et parfaitement capable de r\u00e9duire la charge virale \u00e0 90%, la capacit\u00e9 de prolif\u00e9ration et de transmission de la contagion \u00ab\u00a0mieux que les rayons ultraviolets, les sprays, les ioniseurs, l&rsquo;alcool, l&rsquo;amuchina, etc.\u00a0\u00bb.<\/em><\/p>\n<p style=\"text-align: justify;\"><span style=\"font-size: 15px;\"><strong>Caract\u00e9ristiques Techniques:<\/strong><\/span><\/p>\n<ul>\n<li>Alimentation : 220-240 Volts. 50\/60 Hz.<\/li>\n<li>Programmateur pour production \u00e0 faible concentration inoffensif pour l&rsquo;homme et les animaux.<\/li>\n<li><strong>Peut \u00eatre utilis\u00e9 en pr\u00e9sence de personnes et d&rsquo;animaux.<\/strong><\/li>\n<li>T\u00e9l\u00e9commande pour allumer et \u00e9teindre \u00e0 distance.<\/li>\n<li>Puissance totale : 45 Watts.<\/li>\n<li>Ventilateur haute capacit\u00e9 ultra-silencieux.<\/li>\n<li>Dimensions cm: 48 largeur * 23 hauteur * 12 profondeur ; Poids 3,5 Kg.<\/li>\n<li>Fabriqu\u00e9 en Italie avec certification CE.<\/li>\n<li>Garantie 2 ans pour tout d\u00e9faut de fabrication.<\/li>\n<li>Mode d&#8217;emploi.<\/li>\n<\/ul>\n","protected":false},"excerpt":{"rendered":"<h3 style=\"text-align: center;\"><span style=\"color: #339966;\"><strong>ACHETABLE EN 10 VERSEMENTS MENSUELS PRATIQUES<\/strong><\/span><\/h3>\n<p><i>BREZZA est le purificateur d&rsquo;excellence pour la maison, le bureau, les magasins, les salles d&rsquo;attente, les bars, les restaurants, les h\u00f4pitaux\u2026. Il d\u00e9contamine des agents pathog\u00e8nes et \u00e9limine les odeurs d\u00e9sagr\u00e9ables dans l&rsquo;air, l&rsquo;action ne s&rsquo;arr\u00eate pas dans l&rsquo;air, elle se poursuit \u00e9galement vers toutes les surfaces pr\u00e9sentes dans l&rsquo;environnement, inhibant la prolif\u00e9ration.<\/i><\/p>\n<p>BREZZA r\u00e9duit de 90% la possibilit\u00e9 de transmission de l&rsquo;infection par le CoVid-19 et fonctionne \u00e9galement en pr\u00e9sence de personnes et d&rsquo;animaux (Exp\u00e9rimentation Scientifique accr\u00e9dit\u00e9e).<\/p>\n","protected":false},"featured_media":2769,"template":"","meta":{"neve_meta_sidebar":"","neve_meta_container":"","neve_meta_enable_content_width":"off","neve_meta_content_width":70,"neve_meta_title_alignment":"","neve_meta_author_avatar":"","neve_post_elements_order":"","neve_meta_disable_header":"","neve_meta_disable_footer":"","neve_meta_disable_title":"","_themeisle_gutenberg_block_has_review":false},"product_brand":[],"product_cat":[104],"product_tag":[],"class_list":{"0":"post-3005","1":"product","2":"type-product","3":"status-publish","4":"has-post-thumbnail","6":"product_cat-generateurs-dozone","7":"product_shipping_class-2kg-2-fr","9":"first","10":"instock","11":"sale","12":"featured","13":"taxable","14":"shipping-taxable","15":"purchasable","16":"product-type-simple"},"yoast_head":"<!-- This site is optimized with the Yoast SEO plugin v26.9 - https:\/\/yoast.com\/product\/yoast-seo-wordpress\/ -->\n<title>Purificateur d&#039;air et de surfaces tue les virus covid19 bact\u00e9ries et d&#039;autres agents pathog\u00e8nes<\/title>\n<meta name=\"description\" content=\"Purificateur d&#039;air enti\u00e8rement automatis\u00e9 pour l&#039;air et les surfaces tue les virus covid19 bact\u00e9ries et agents pathog\u00e8nes ne n\u00e9cessite aucun remplacement ni liquide\" \/>\n<meta name=\"robots\" content=\"index, follow, max-snippet:-1, max-image-preview:large, max-video-preview:-1\" \/>\n<link rel=\"canonical\" href=\"https:\/\/o3m.it\/fr\/produit\/brezza\/\" \/>\n<meta property=\"og:locale\" content=\"fr_FR\" \/>\n<meta property=\"og:type\" content=\"article\" \/>\n<meta property=\"og:title\" content=\"Purificateur d&#039;air et de surfaces tue les virus covid19 bact\u00e9ries et d&#039;autres agents pathog\u00e8nes\" \/>\n<meta property=\"og:description\" content=\"Purificateur d&#039;air enti\u00e8rement automatis\u00e9 pour l&#039;air et les surfaces tue les virus covid19 bact\u00e9ries et agents pathog\u00e8nes ne n\u00e9cessite aucun remplacement ni liquide\" \/>\n<meta property=\"og:url\" content=\"https:\/\/o3m.it\/fr\/produit\/brezza\/\" \/>\n<meta property=\"og:site_name\" content=\"O3M by MAINO\" \/>\n<meta property=\"article:modified_time\" content=\"2022-10-05T12:44:39+00:00\" \/>\n<meta property=\"og:image\" content=\"https:\/\/o3m.it\/wp-content\/uploads\/2021\/02\/BREZZA-2020BW.png\" \/>\n\t<meta property=\"og:image:width\" content=\"800\" \/>\n\t<meta property=\"og:image:height\" content=\"546\" \/>\n\t<meta property=\"og:image:type\" content=\"image\/png\" \/>\n<meta name=\"twitter:card\" content=\"summary_large_image\" \/>\n<meta name=\"twitter:label1\" content=\"Dur\u00e9e de lecture estim\u00e9e\" \/>\n\t<meta name=\"twitter:data1\" content=\"2 minutes\" \/>\n<script type=\"application\/ld+json\" class=\"yoast-schema-graph\">{\"@context\":\"https:\/\/schema.org\",\"@graph\":[{\"@type\":\"WebPage\",\"@id\":\"https:\/\/o3m.it\/fr\/produit\/brezza\/\",\"url\":\"https:\/\/o3m.it\/fr\/produit\/brezza\/\",\"name\":\"Purificateur d'air et de surfaces tue les virus covid19 bact\u00e9ries et d'autres agents pathog\u00e8nes\",\"isPartOf\":{\"@id\":\"https:\/\/o3m.it\/fr\/#website\"},\"primaryImageOfPage\":{\"@id\":\"https:\/\/o3m.it\/fr\/produit\/brezza\/#primaryimage\"},\"image\":{\"@id\":\"https:\/\/o3m.it\/fr\/produit\/brezza\/#primaryimage\"},\"thumbnailUrl\":\"https:\/\/o3m.it\/wp-content\/uploads\/2021\/02\/BREZZA-2020BW.png\",\"datePublished\":\"2021-02-22T17:34:53+00:00\",\"dateModified\":\"2022-10-05T12:44:39+00:00\",\"description\":\"Purificateur d'air enti\u00e8rement automatis\u00e9 pour l'air et les surfaces tue les virus covid19 bact\u00e9ries et agents pathog\u00e8nes ne n\u00e9cessite aucun remplacement ni liquide\",\"breadcrumb\":{\"@id\":\"https:\/\/o3m.it\/fr\/produit\/brezza\/#breadcrumb\"},\"inLanguage\":\"fr-FR\",\"potentialAction\":[{\"@type\":\"ReadAction\",\"target\":[\"https:\/\/o3m.it\/fr\/produit\/brezza\/\"]}]},{\"@type\":\"ImageObject\",\"inLanguage\":\"fr-FR\",\"@id\":\"https:\/\/o3m.it\/fr\/produit\/brezza\/#primaryimage\",\"url\":\"https:\/\/o3m.it\/wp-content\/uploads\/2021\/02\/BREZZA-2020BW.png\",\"contentUrl\":\"https:\/\/o3m.it\/wp-content\/uploads\/2021\/02\/BREZZA-2020BW.png\",\"width\":800,\"height\":546},{\"@type\":\"BreadcrumbList\",\"@id\":\"https:\/\/o3m.it\/fr\/produit\/brezza\/#breadcrumb\",\"itemListElement\":[{\"@type\":\"ListItem\",\"position\":1,\"name\":\"Home\",\"item\":\"https:\/\/o3m.it\/fr\/\"},{\"@type\":\"ListItem\",\"position\":2,\"name\":\"Shop\",\"item\":\"https:\/\/o3m.it\/shop\/\"},{\"@type\":\"ListItem\",\"position\":3,\"name\":\"BREZZA Purificateur\"}]},{\"@type\":\"WebSite\",\"@id\":\"https:\/\/o3m.it\/fr\/#website\",\"url\":\"https:\/\/o3m.it\/fr\/\",\"name\":\"O3M by MAINO\",\"description\":\"OZONO\",\"publisher\":{\"@id\":\"https:\/\/o3m.it\/fr\/#organization\"},\"potentialAction\":[{\"@type\":\"SearchAction\",\"target\":{\"@type\":\"EntryPoint\",\"urlTemplate\":\"https:\/\/o3m.it\/fr\/?s={search_term_string}\"},\"query-input\":{\"@type\":\"PropertyValueSpecification\",\"valueRequired\":true,\"valueName\":\"search_term_string\"}}],\"inLanguage\":\"fr-FR\"},{\"@type\":\"Organization\",\"@id\":\"https:\/\/o3m.it\/fr\/#organization\",\"name\":\"O3M by MAINO\",\"url\":\"https:\/\/o3m.it\/fr\/\",\"logo\":{\"@type\":\"ImageObject\",\"inLanguage\":\"fr-FR\",\"@id\":\"https:\/\/o3m.it\/fr\/#\/schema\/logo\/image\/\",\"url\":\"https:\/\/o3m.it\/wp-content\/uploads\/2019\/07\/logo-o3m-sc.png\",\"contentUrl\":\"https:\/\/o3m.it\/wp-content\/uploads\/2019\/07\/logo-o3m-sc.png\",\"width\":1068,\"height\":922,\"caption\":\"O3M by MAINO\"},\"image\":{\"@id\":\"https:\/\/o3m.it\/fr\/#\/schema\/logo\/image\/\"}}]}<\/script>\n<!-- \/ Yoast SEO plugin. -->","yoast_head_json":{"title":"Purificateur d'air et de surfaces tue les virus covid19 bact\u00e9ries et d'autres agents pathog\u00e8nes","description":"Purificateur d'air enti\u00e8rement automatis\u00e9 pour l'air et les surfaces tue les virus covid19 bact\u00e9ries et agents pathog\u00e8nes ne n\u00e9cessite aucun remplacement ni liquide","robots":{"index":"index","follow":"follow","max-snippet":"max-snippet:-1","max-image-preview":"max-image-preview:large","max-video-preview":"max-video-preview:-1"},"canonical":"https:\/\/o3m.it\/fr\/produit\/brezza\/","og_locale":"fr_FR","og_type":"article","og_title":"Purificateur d'air et de surfaces tue les virus covid19 bact\u00e9ries et d'autres agents pathog\u00e8nes","og_description":"Purificateur d'air enti\u00e8rement automatis\u00e9 pour l'air et les surfaces tue les virus covid19 bact\u00e9ries et agents pathog\u00e8nes ne n\u00e9cessite aucun remplacement ni liquide","og_url":"https:\/\/o3m.it\/fr\/produit\/brezza\/","og_site_name":"O3M by MAINO","article_modified_time":"2022-10-05T12:44:39+00:00","og_image":[{"width":800,"height":546,"url":"https:\/\/o3m.it\/wp-content\/uploads\/2021\/02\/BREZZA-2020BW.png","type":"image\/png"}],"twitter_card":"summary_large_image","twitter_misc":{"Dur\u00e9e de lecture estim\u00e9e":"2 minutes"},"schema":{"@context":"https:\/\/schema.org","@graph":[{"@type":"WebPage","@id":"https:\/\/o3m.it\/fr\/produit\/brezza\/","url":"https:\/\/o3m.it\/fr\/produit\/brezza\/","name":"Purificateur d'air et de surfaces tue les virus covid19 bact\u00e9ries et d'autres agents pathog\u00e8nes","isPartOf":{"@id":"https:\/\/o3m.it\/fr\/#website"},"primaryImageOfPage":{"@id":"https:\/\/o3m.it\/fr\/produit\/brezza\/#primaryimage"},"image":{"@id":"https:\/\/o3m.it\/fr\/produit\/brezza\/#primaryimage"},"thumbnailUrl":"https:\/\/o3m.it\/wp-content\/uploads\/2021\/02\/BREZZA-2020BW.png","datePublished":"2021-02-22T17:34:53+00:00","dateModified":"2022-10-05T12:44:39+00:00","description":"Purificateur d'air enti\u00e8rement automatis\u00e9 pour l'air et les surfaces tue les virus covid19 bact\u00e9ries et agents pathog\u00e8nes ne n\u00e9cessite aucun remplacement ni liquide","breadcrumb":{"@id":"https:\/\/o3m.it\/fr\/produit\/brezza\/#breadcrumb"},"inLanguage":"fr-FR","potentialAction":[{"@type":"ReadAction","target":["https:\/\/o3m.it\/fr\/produit\/brezza\/"]}]},{"@type":"ImageObject","inLanguage":"fr-FR","@id":"https:\/\/o3m.it\/fr\/produit\/brezza\/#primaryimage","url":"https:\/\/o3m.it\/wp-content\/uploads\/2021\/02\/BREZZA-2020BW.png","contentUrl":"https:\/\/o3m.it\/wp-content\/uploads\/2021\/02\/BREZZA-2020BW.png","width":800,"height":546},{"@type":"BreadcrumbList","@id":"https:\/\/o3m.it\/fr\/produit\/brezza\/#breadcrumb","itemListElement":[{"@type":"ListItem","position":1,"name":"Home","item":"https:\/\/o3m.it\/fr\/"},{"@type":"ListItem","position":2,"name":"Shop","item":"https:\/\/o3m.it\/shop\/"},{"@type":"ListItem","position":3,"name":"BREZZA Purificateur"}]},{"@type":"WebSite","@id":"https:\/\/o3m.it\/fr\/#website","url":"https:\/\/o3m.it\/fr\/","name":"O3M by MAINO","description":"OZONO","publisher":{"@id":"https:\/\/o3m.it\/fr\/#organization"},"potentialAction":[{"@type":"SearchAction","target":{"@type":"EntryPoint","urlTemplate":"https:\/\/o3m.it\/fr\/?s={search_term_string}"},"query-input":{"@type":"PropertyValueSpecification","valueRequired":true,"valueName":"search_term_string"}}],"inLanguage":"fr-FR"},{"@type":"Organization","@id":"https:\/\/o3m.it\/fr\/#organization","name":"O3M by MAINO","url":"https:\/\/o3m.it\/fr\/","logo":{"@type":"ImageObject","inLanguage":"fr-FR","@id":"https:\/\/o3m.it\/fr\/#\/schema\/logo\/image\/","url":"https:\/\/o3m.it\/wp-content\/uploads\/2019\/07\/logo-o3m-sc.png","contentUrl":"https:\/\/o3m.it\/wp-content\/uploads\/2019\/07\/logo-o3m-sc.png","width":1068,"height":922,"caption":"O3M by MAINO"},"image":{"@id":"https:\/\/o3m.it\/fr\/#\/schema\/logo\/image\/"}}]}},"jetpack_sharing_enabled":true,"_links":{"self":[{"href":"https:\/\/o3m.it\/fr\/wp-json\/wp\/v2\/product\/3005","targetHints":{"allow":["GET"]}}],"collection":[{"href":"https:\/\/o3m.it\/fr\/wp-json\/wp\/v2\/product"}],"about":[{"href":"https:\/\/o3m.it\/fr\/wp-json\/wp\/v2\/types\/product"}],"version-history":[{"count":0,"href":"https:\/\/o3m.it\/fr\/wp-json\/wp\/v2\/product\/3005\/revisions"}],"wp:featuredmedia":[{"embeddable":true,"href":"https:\/\/o3m.it\/fr\/wp-json\/wp\/v2\/media\/2769"}],"wp:attachment":[{"href":"https:\/\/o3m.it\/fr\/wp-json\/wp\/v2\/media?parent=3005"}],"wp:term":[{"taxonomy":"product_brand","embeddable":true,"href":"https:\/\/o3m.it\/fr\/wp-json\/wp\/v2\/product_brand?post=3005"},{"taxonomy":"product_cat","embeddable":true,"href":"https:\/\/o3m.it\/fr\/wp-json\/wp\/v2\/product_cat?post=3005"},{"taxonomy":"product_tag","embeddable":true,"href":"https:\/\/o3m.it\/fr\/wp-json\/wp\/v2\/product_tag?post=3005"}],"curies":[{"name":"wp","href":"https:\/\/api.w.org\/{rel}","templated":true}]}}