{"id":3548,"date":"2023-04-03T16:31:21","date_gmt":"2023-04-03T14:31:21","guid":{"rendered":"https:\/\/o3m.it\/acqua-fonte-di-vita\/"},"modified":"2023-06-28T10:35:06","modified_gmt":"2023-06-28T08:35:06","slug":"eau-source-de-vie","status":"publish","type":"page","link":"https:\/\/o3m.it\/fr\/eau-source-de-vie\/","title":{"rendered":"EAU &#8211; SOURCE DE  VIE"},"content":{"rendered":"\n<ul class=\"wp-block-list\">\n<li><\/li>\n<\/ul>\n\n\n\n<p class=\"has-medium-font-size\">Eau en g\u00e9n\u00e9ral<\/p>\n\n\n\n<p class=\"has-medium-font-size\">Eau \u00e0 boire<\/p>\n\n\n\n<p class=\"has-medium-font-size\">Eau pour laver<\/p>\n\n\n\n<p class=\"has-medium-font-size\">Eau pour l&rsquo;arrosage<\/p>\n\n\n\n<p class=\"has-medium-font-size\"><a href=\"https:\/\/o3m.it\/fr\/regles-de-base-pour-une-belle-piscine\/\" target=\"_blank\" rel=\"noreferrer noopener\"><strong>Eau de Piscines et Spas<\/strong><\/a><\/p>\n","protected":false},"excerpt":{"rendered":"<p>Eau en g\u00e9n\u00e9ral Eau \u00e0 boire Eau pour laver Eau pour l&rsquo;arrosage Eau de Piscines et Spas<\/p>\n","protected":false},"author":4,"featured_media":0,"parent":0,"menu_order":0,"comment_status":"closed","ping_status":"closed","template":"","meta":{"neve_meta_sidebar":"","neve_meta_container":"","neve_meta_enable_content_width":"","neve_meta_content_width":0,"neve_meta_title_alignment":"","neve_meta_author_avatar":"","neve_post_elements_order":"","neve_meta_disable_header":"","neve_meta_disable_footer":"","neve_meta_disable_title":"","_themeisle_gutenberg_block_has_review":false,"footnotes":""},"class_list":["post-3548","page","type-page","status-publish","hentry"],"yoast_head":"<!-- This site is optimized with the Yoast SEO plugin v26.9 - https:\/\/yoast.com\/product\/yoast-seo-wordpress\/ -->\n<title>EAU - SOURCE DE VIE - O3M by MAINO<\/title>\n<meta name=\"robots\" content=\"index, follow, max-snippet:-1, max-image-preview:large, max-video-preview:-1\" \/>\n<link rel=\"canonical\" href=\"https:\/\/o3m.it\/fr\/eau-source-de-vie\/\" \/>\n<meta property=\"og:locale\" content=\"fr_FR\" \/>\n<meta property=\"og:type\" content=\"article\" \/>\n<meta property=\"og:title\" content=\"EAU - SOURCE DE VIE - O3M by MAINO\" \/>\n<meta property=\"og:description\" content=\"Eau en g\u00e9n\u00e9ral Eau \u00e0 boire Eau pour laver Eau pour l&rsquo;arrosage Eau de Piscines et Spas\" \/>\n<meta property=\"og:url\" content=\"https:\/\/o3m.it\/fr\/eau-source-de-vie\/\" \/>\n<meta property=\"og:site_name\" content=\"O3M by MAINO\" \/>\n<meta property=\"article:modified_time\" content=\"2023-06-28T08:35:06+00:00\" \/>\n<meta name=\"twitter:card\" content=\"summary_large_image\" \/>\n<meta name=\"twitter:label1\" content=\"Dur\u00e9e de lecture estim\u00e9e\" \/>\n\t<meta name=\"twitter:data1\" content=\"1 minute\" \/>\n<script type=\"application\/ld+json\" class=\"yoast-schema-graph\">{\"@context\":\"https:\/\/schema.org\",\"@graph\":[{\"@type\":\"WebPage\",\"@id\":\"https:\/\/o3m.it\/fr\/eau-source-de-vie\/\",\"url\":\"https:\/\/o3m.it\/fr\/eau-source-de-vie\/\",\"name\":\"EAU - SOURCE DE VIE - O3M by MAINO\",\"isPartOf\":{\"@id\":\"https:\/\/o3m.it\/fr\/#website\"},\"datePublished\":\"2023-04-03T14:31:21+00:00\",\"dateModified\":\"2023-06-28T08:35:06+00:00\",\"breadcrumb\":{\"@id\":\"https:\/\/o3m.it\/fr\/eau-source-de-vie\/#breadcrumb\"},\"inLanguage\":\"fr-FR\",\"potentialAction\":[{\"@type\":\"ReadAction\",\"target\":[\"https:\/\/o3m.it\/fr\/eau-source-de-vie\/\"]}]},{\"@type\":\"BreadcrumbList\",\"@id\":\"https:\/\/o3m.it\/fr\/eau-source-de-vie\/#breadcrumb\",\"itemListElement\":[{\"@type\":\"ListItem\",\"position\":1,\"name\":\"Home\",\"item\":\"https:\/\/o3m.it\/fr\/\"},{\"@type\":\"ListItem\",\"position\":2,\"name\":\"EAU &#8211; SOURCE DE VIE\"}]},{\"@type\":\"WebSite\",\"@id\":\"https:\/\/o3m.it\/fr\/#website\",\"url\":\"https:\/\/o3m.it\/fr\/\",\"name\":\"O3M by MAINO\",\"description\":\"OZONO\",\"publisher\":{\"@id\":\"https:\/\/o3m.it\/fr\/#organization\"},\"potentialAction\":[{\"@type\":\"SearchAction\",\"target\":{\"@type\":\"EntryPoint\",\"urlTemplate\":\"https:\/\/o3m.it\/fr\/?s={search_term_string}\"},\"query-input\":{\"@type\":\"PropertyValueSpecification\",\"valueRequired\":true,\"valueName\":\"search_term_string\"}}],\"inLanguage\":\"fr-FR\"},{\"@type\":\"Organization\",\"@id\":\"https:\/\/o3m.it\/fr\/#organization\",\"name\":\"O3M by MAINO\",\"url\":\"https:\/\/o3m.it\/fr\/\",\"logo\":{\"@type\":\"ImageObject\",\"inLanguage\":\"fr-FR\",\"@id\":\"https:\/\/o3m.it\/fr\/#\/schema\/logo\/image\/\",\"url\":\"https:\/\/o3m.it\/wp-content\/uploads\/2019\/07\/logo-o3m-sc.png\",\"contentUrl\":\"https:\/\/o3m.it\/wp-content\/uploads\/2019\/07\/logo-o3m-sc.png\",\"width\":1068,\"height\":922,\"caption\":\"O3M by MAINO\"},\"image\":{\"@id\":\"https:\/\/o3m.it\/fr\/#\/schema\/logo\/image\/\"}}]}<\/script>\n<!-- \/ Yoast SEO plugin. -->","yoast_head_json":{"title":"EAU - SOURCE DE VIE - O3M by MAINO","robots":{"index":"index","follow":"follow","max-snippet":"max-snippet:-1","max-image-preview":"max-image-preview:large","max-video-preview":"max-video-preview:-1"},"canonical":"https:\/\/o3m.it\/fr\/eau-source-de-vie\/","og_locale":"fr_FR","og_type":"article","og_title":"EAU - SOURCE DE VIE - O3M by MAINO","og_description":"Eau en g\u00e9n\u00e9ral Eau \u00e0 boire Eau pour laver Eau pour l&rsquo;arrosage Eau de Piscines et Spas","og_url":"https:\/\/o3m.it\/fr\/eau-source-de-vie\/","og_site_name":"O3M by MAINO","article_modified_time":"2023-06-28T08:35:06+00:00","twitter_card":"summary_large_image","twitter_misc":{"Dur\u00e9e de lecture estim\u00e9e":"1 minute"},"schema":{"@context":"https:\/\/schema.org","@graph":[{"@type":"WebPage","@id":"https:\/\/o3m.it\/fr\/eau-source-de-vie\/","url":"https:\/\/o3m.it\/fr\/eau-source-de-vie\/","name":"EAU - SOURCE DE VIE - O3M by MAINO","isPartOf":{"@id":"https:\/\/o3m.it\/fr\/#website"},"datePublished":"2023-04-03T14:31:21+00:00","dateModified":"2023-06-28T08:35:06+00:00","breadcrumb":{"@id":"https:\/\/o3m.it\/fr\/eau-source-de-vie\/#breadcrumb"},"inLanguage":"fr-FR","potentialAction":[{"@type":"ReadAction","target":["https:\/\/o3m.it\/fr\/eau-source-de-vie\/"]}]},{"@type":"BreadcrumbList","@id":"https:\/\/o3m.it\/fr\/eau-source-de-vie\/#breadcrumb","itemListElement":[{"@type":"ListItem","position":1,"name":"Home","item":"https:\/\/o3m.it\/fr\/"},{"@type":"ListItem","position":2,"name":"EAU &#8211; SOURCE DE VIE"}]},{"@type":"WebSite","@id":"https:\/\/o3m.it\/fr\/#website","url":"https:\/\/o3m.it\/fr\/","name":"O3M by MAINO","description":"OZONO","publisher":{"@id":"https:\/\/o3m.it\/fr\/#organization"},"potentialAction":[{"@type":"SearchAction","target":{"@type":"EntryPoint","urlTemplate":"https:\/\/o3m.it\/fr\/?s={search_term_string}"},"query-input":{"@type":"PropertyValueSpecification","valueRequired":true,"valueName":"search_term_string"}}],"inLanguage":"fr-FR"},{"@type":"Organization","@id":"https:\/\/o3m.it\/fr\/#organization","name":"O3M by MAINO","url":"https:\/\/o3m.it\/fr\/","logo":{"@type":"ImageObject","inLanguage":"fr-FR","@id":"https:\/\/o3m.it\/fr\/#\/schema\/logo\/image\/","url":"https:\/\/o3m.it\/wp-content\/uploads\/2019\/07\/logo-o3m-sc.png","contentUrl":"https:\/\/o3m.it\/wp-content\/uploads\/2019\/07\/logo-o3m-sc.png","width":1068,"height":922,"caption":"O3M by MAINO"},"image":{"@id":"https:\/\/o3m.it\/fr\/#\/schema\/logo\/image\/"}}]}},"jetpack_sharing_enabled":true,"_links":{"self":[{"href":"https:\/\/o3m.it\/fr\/wp-json\/wp\/v2\/pages\/3548","targetHints":{"allow":["GET"]}}],"collection":[{"href":"https:\/\/o3m.it\/fr\/wp-json\/wp\/v2\/pages"}],"about":[{"href":"https:\/\/o3m.it\/fr\/wp-json\/wp\/v2\/types\/page"}],"author":[{"embeddable":true,"href":"https:\/\/o3m.it\/fr\/wp-json\/wp\/v2\/users\/4"}],"replies":[{"embeddable":true,"href":"https:\/\/o3m.it\/fr\/wp-json\/wp\/v2\/comments?post=3548"}],"version-history":[{"count":0,"href":"https:\/\/o3m.it\/fr\/wp-json\/wp\/v2\/pages\/3548\/revisions"}],"wp:attachment":[{"href":"https:\/\/o3m.it\/fr\/wp-json\/wp\/v2\/media?parent=3548"}],"curies":[{"name":"wp","href":"https:\/\/api.w.org\/{rel}","templated":true}]}}