{"id":3086,"date":"2022-07-14T10:48:15","date_gmt":"2022-07-14T08:48:15","guid":{"rendered":"https:\/\/o3m.it\/ozono-o3m-generatore-di-ozono-puro\/"},"modified":"2022-10-10T10:21:29","modified_gmt":"2022-10-10T08:21:29","slug":"ozono-o3m-generateur-ozone-pur","status":"publish","type":"page","link":"https:\/\/o3m.it\/fr\/ozono-o3m-generateur-ozone-pur\/","title":{"rendered":"OZONE &#8211; Comment fonctionne un vrai g\u00e9n\u00e9rateur d&rsquo;ozone pur"},"content":{"rendered":"\n<h2 class=\"wp-block-heading\"><strong>Si le g\u00e9n\u00e9rateur est de s\u00e9rie A:<\/strong><\/h2>\n\n\n\n<ol class=\"wp-block-list\" style=\"font-size:16px\"><li>Un appareil concentrateur ou une bouteille fournit de l&rsquo;oxyg\u00e8ne th\u00e9rapeutique pur et sec.<\/li><li>L&rsquo;oxyg\u00e8ne d&rsquo;une puret\u00e9 sup\u00e9rieure \u00e0 95 % est envoy\u00e9 \u00e0 la cellule de r\u00e9action avec d\u00e9charge couronne.<\/li><li>A l&rsquo;int\u00e9rieur de la cellule de r\u00e9action, le flux d&rsquo;oxyg\u00e8ne pur se transforme en ozone pur.<\/li><\/ol>\n\n\n\n<p style=\"font-size:16px\">C&rsquo;est le type de g\u00e9n\u00e9rateur utilis\u00e9 dans le domaine m\u00e9dical, pour l&rsquo;industrie alimentaire, pour les piscines et spas publics et pour tous les secteurs qui ne peuvent pas se permettre de grands volumes d&rsquo;air, ainsi que la pr\u00e9sence d&rsquo;autres gaz atmosph\u00e9riques m\u00e9lang\u00e9s \u00e0 l&rsquo;ozone.<\/p>\n\n\n\n<h2 class=\"wp-block-heading\"><strong>Si le g\u00e9n\u00e9rateur est de s\u00e9rie B:<\/strong><\/h2>\n\n\n\n<ol class=\"wp-block-list\" style=\"font-size:16px\"><li>Un compresseur aspire l&rsquo;air de l&rsquo;environnement.<\/li><li>L&rsquo;air est comprim\u00e9 dans un \u00e9l\u00e9ment filtrant avec un tamis mol\u00e9culaire qui ass\u00e8che l&rsquo;air.<\/li><li>L&rsquo;air filtr\u00e9 et s\u00e9ch\u00e9 est envoy\u00e9 \u00e0 la cellule de r\u00e9action avec d\u00e9charge couronne.<\/li><li>A l&rsquo;int\u00e9rieur de la cellule de r\u00e9action, le flux d&rsquo;air sec contient de l&rsquo;oxyg\u00e8ne pur qui se transforme en ozone pur.<\/li><\/ol>\n\n\n\n<p style=\"font-size:16px\">Ce type de g\u00e9n\u00e9rateur est utilis\u00e9 pour l&rsquo;assainissement environnemental, pour l&rsquo;industrie en g\u00e9n\u00e9ral, pour les piscines et spas g\u00e9n\u00e9riques et pour tous les secteurs qui peuvent se permettre la pr\u00e9sence de volumes \u00e9lev\u00e9s d&rsquo;air et d&rsquo;autres gaz atmosph\u00e9riques.<\/p>\n\n\n<div class=\"wp-block-image\">\n<figure class=\"aligncenter size-full is-resized\"><img fetchpriority=\"high\" decoding=\"async\" src=\"https:\/\/o3m.it\/wp-content\/uploads\/2022\/10\/PRINCIPIO-DI-FUNZIONAMENTO-CELLA-OZONO-FR.jpg\" alt=\"\" class=\"wp-image-3087\" width=\"577\" height=\"409\" srcset=\"https:\/\/o3m.it\/wp-content\/uploads\/2022\/10\/PRINCIPIO-DI-FUNZIONAMENTO-CELLA-OZONO-FR.jpg 842w, https:\/\/o3m.it\/wp-content\/uploads\/2022\/10\/PRINCIPIO-DI-FUNZIONAMENTO-CELLA-OZONO-FR-300x212.jpg 300w, https:\/\/o3m.it\/wp-content\/uploads\/2022\/10\/PRINCIPIO-DI-FUNZIONAMENTO-CELLA-OZONO-FR-768x544.jpg 768w, https:\/\/o3m.it\/wp-content\/uploads\/2022\/10\/PRINCIPIO-DI-FUNZIONAMENTO-CELLA-OZONO-FR-400x283.jpg 400w\" sizes=\"(max-width: 577px) 100vw, 577px\" \/><figcaption>Cellule de r\u00e9action refroidie par air forc\u00e9<\/figcaption><\/figure>\n<\/div>\n\n\n<hr class=\"wp-block-separator has-alpha-channel-opacity is-style-wide\"\/>\n\n\n\n<h4 class=\"wp-block-heading\">Dans les g\u00e9n\u00e9rateurs d&rsquo;<strong>ozone pur O3M <\/strong>de la<strong> S\u00e9rie A<\/strong>, nous installons: <\/h4>\n\n\n\n<ul class=\"wp-block-list\" style=\"font-size:15px\"><li>cellules de r\u00e9action cylindriques en c\u00e9ramique tr\u00e8s pure, qui g\u00e9n\u00e8rent une v\u00e9ritable d\u00e9charge circulaire appel\u00e9e <span style=\"text-decoration: underline;\">d\u00e9charge couronne<\/span>.<\/li><\/ul>\n\n\n\n<hr class=\"wp-block-separator has-alpha-channel-opacity\"\/>\n\n\n\n<h4 class=\"wp-block-heading\">Dans les g\u00e9n\u00e9rateurs d&rsquo;<strong>ozone pur O3M <\/strong>de la<strong> S\u00e9rie B<\/strong>, nous installons:<\/h4>\n\n\n\n<div class=\"wp-block-group\"><div class=\"wp-block-group__inner-container is-layout-flow wp-block-group-is-layout-flow\">\n<ul class=\"wp-block-list\" style=\"font-size:15px\"><li>compresseurs sans huile<\/li><li>\u00e9l\u00e9ments filtrants avec tamis mol\u00e9culaire pour s\u00e9cher l&rsquo;air<\/li><li>cellules de r\u00e9action cylindriques en c\u00e9ramique tr\u00e8s pure, qui g\u00e9n\u00e8rent une v\u00e9ritable d\u00e9charge circulaire appel\u00e9e <span style=\"text-decoration: underline;\">d\u00e9charge couronne<\/span>.<\/li><\/ul>\n\n\n\n<p style=\"font-size:15px\">Pour assurer des performances de g\u00e9n\u00e9ration maximales, la cellule de r\u00e9action est refroidie en continu avec de l&rsquo;air forc\u00e9 \u00e0 travers un ou plusieurs ventilateurs.<\/p>\n\n\n\n<p style=\"font-size:15px\">Les mod\u00e8les \u00e0 tr\u00e8s hautes performances sont refroidis \u00e0 l&rsquo;eau froide \u00e0 partir d&rsquo;un r\u00e9servoir avec un syst\u00e8me de r\u00e9frig\u00e9rant cryog\u00e9nique annex\u00e9.<\/p>\n\n\n\n<p style=\"font-size:15px\">Pour certains secteurs m\u00e9dicaux, nous utilisons une cellule ouverte en verre technique refroidie par l&rsquo;oxyg\u00e8ne pr\u00e9sent dans l&rsquo;appareil.<\/p>\n\n\n\n<p style=\"font-size:15px\">La technique utilis\u00e9e dans nos \u00e9quipements est beaucoup plus complexe et co\u00fbteuse que d&rsquo;autres techniques, telles que la g\u00e9n\u00e9ration avec des plaques ou des tubes en verre borosiqu\u00e9.<\/p>\n\n\n\n<p style=\"font-size:15px\">Contrairement \u00e0 d&rsquo;autres techniques, uniquement de l&rsquo;ozone pur est g\u00e9n\u00e9r\u00e9 dans nos \u00e9quipements, sans cog\u00e9n\u00e9ration d&rsquo;autres \u00e9l\u00e9ments toxiques et irritants tels que NOx et NO2 (oxydes et dioxyde d&rsquo;azote) sans NHO3 Acide Nitrique, mais aussi sans aucune \u00e9mission incontr\u00f4l\u00e9e de rayonnement ultraviolet \u00ab\u00a0lumi\u00e8re visible bleu ou orange\u00a0\u00bb (probl\u00e8me s\u00e9rieux de tous les syst\u00e8mes \u00e0 plaques ou avec tube en verre borosiqu\u00e9 \u00ab\u00a0pyrex\u00a0\u00bb).<\/p>\n<\/div><\/div>\n\n\n\n<p class=\"has-medium-font-size\">Une <strong>D\u00c9CHARGE COURONNE<\/strong> est un flux de d\u00e9charges \u00e9lectriques \u00ab\u00a0plasma\u00a0\u00bb dispos\u00e9es circulairement \u00ab\u00a0couronne\u00a0\u00bb autour d&rsquo;une figure cylindrique.<\/p>\n\n\n\n<p class=\"has-medium-font-size\"><strong>Tout \u00e9l\u00e9ment plat en forme de \u00ab\u00a0plaque\u00a0\u00bb ne peut pas r\u00e9aliser de d\u00e9charge couronne.<\/strong><\/p>\n","protected":false},"excerpt":{"rendered":"<p>Si le g\u00e9n\u00e9rateur est de s\u00e9rie A: Un appareil concentrateur ou une bouteille fournit de l&rsquo;oxyg\u00e8ne th\u00e9rapeutique pur et sec. L&rsquo;oxyg\u00e8ne d&rsquo;une puret\u00e9 sup\u00e9rieure \u00e0 95 % est envoy\u00e9 \u00e0 la cellule de r\u00e9action avec d\u00e9charge couronne. A l&rsquo;int\u00e9rieur de la cellule de r\u00e9action, le flux d&rsquo;oxyg\u00e8ne pur se transforme en ozone pur. C&rsquo;est le&hellip;&nbsp;<a href=\"https:\/\/o3m.it\/fr\/ozono-o3m-generateur-ozone-pur\/\" rel=\"bookmark\">Lire la suite &raquo;<span class=\"screen-reader-text\">OZONE &#8211; Comment fonctionne un vrai g\u00e9n\u00e9rateur d&rsquo;ozone pur<\/span><\/a><\/p>\n","protected":false},"author":1,"featured_media":0,"parent":0,"menu_order":0,"comment_status":"closed","ping_status":"closed","template":"","meta":{"neve_meta_sidebar":"full-width","neve_meta_container":"","neve_meta_enable_content_width":"on","neve_meta_content_width":100,"neve_meta_title_alignment":"","neve_meta_author_avatar":"","neve_post_elements_order":"","neve_meta_disable_header":"","neve_meta_disable_footer":"","neve_meta_disable_title":"","_themeisle_gutenberg_block_has_review":false,"footnotes":""},"class_list":["post-3086","page","type-page","status-publish","hentry"],"yoast_head":"<!-- This site is optimized with the Yoast SEO plugin v26.9 - https:\/\/yoast.com\/product\/yoast-seo-wordpress\/ -->\n<title>OZONE PUR - Le vrai g\u00e9n\u00e9rateur d&#039;ozone - O3M g\u00e9n\u00e9rateurs de O3<\/title>\n<meta name=\"description\" content=\"Explication du principe de fonctionnement d&#039;un vrai g\u00e9n\u00e9rateur d&#039;ozone pur\" \/>\n<meta name=\"robots\" content=\"index, follow, max-snippet:-1, max-image-preview:large, max-video-preview:-1\" \/>\n<link rel=\"canonical\" href=\"https:\/\/o3m.it\/fr\/ozono-o3m-generateur-ozone-pur\/\" \/>\n<meta property=\"og:locale\" content=\"fr_FR\" \/>\n<meta property=\"og:type\" content=\"article\" \/>\n<meta property=\"og:title\" content=\"OZONE PUR - Le vrai g\u00e9n\u00e9rateur d&#039;ozone - O3M g\u00e9n\u00e9rateurs de O3\" \/>\n<meta property=\"og:description\" content=\"Explication du principe de fonctionnement d&#039;un vrai g\u00e9n\u00e9rateur d&#039;ozone pur\" \/>\n<meta property=\"og:url\" content=\"https:\/\/o3m.it\/fr\/ozono-o3m-generateur-ozone-pur\/\" \/>\n<meta property=\"og:site_name\" content=\"O3M by MAINO\" \/>\n<meta property=\"article:modified_time\" content=\"2022-10-10T08:21:29+00:00\" \/>\n<meta property=\"og:image\" content=\"https:\/\/o3m.it\/wp-content\/uploads\/2022\/10\/PRINCIPIO-DI-FUNZIONAMENTO-CELLA-OZONO-FR.jpg\" \/>\n<meta name=\"twitter:card\" content=\"summary_large_image\" \/>\n<meta name=\"twitter:label1\" content=\"Dur\u00e9e de lecture estim\u00e9e\" \/>\n\t<meta name=\"twitter:data1\" content=\"3 minutes\" \/>\n<script type=\"application\/ld+json\" class=\"yoast-schema-graph\">{\"@context\":\"https:\/\/schema.org\",\"@graph\":[{\"@type\":\"WebPage\",\"@id\":\"https:\/\/o3m.it\/fr\/ozono-o3m-generateur-ozone-pur\/\",\"url\":\"https:\/\/o3m.it\/fr\/ozono-o3m-generateur-ozone-pur\/\",\"name\":\"OZONE PUR - Le vrai g\u00e9n\u00e9rateur d'ozone - O3M g\u00e9n\u00e9rateurs de O3\",\"isPartOf\":{\"@id\":\"https:\/\/o3m.it\/fr\/#website\"},\"primaryImageOfPage\":{\"@id\":\"https:\/\/o3m.it\/fr\/ozono-o3m-generateur-ozone-pur\/#primaryimage\"},\"image\":{\"@id\":\"https:\/\/o3m.it\/fr\/ozono-o3m-generateur-ozone-pur\/#primaryimage\"},\"thumbnailUrl\":\"https:\/\/o3m.it\/wp-content\/uploads\/2022\/10\/PRINCIPIO-DI-FUNZIONAMENTO-CELLA-OZONO-FR.jpg\",\"datePublished\":\"2022-07-14T08:48:15+00:00\",\"dateModified\":\"2022-10-10T08:21:29+00:00\",\"description\":\"Explication du principe de fonctionnement d'un vrai g\u00e9n\u00e9rateur d'ozone pur\",\"breadcrumb\":{\"@id\":\"https:\/\/o3m.it\/fr\/ozono-o3m-generateur-ozone-pur\/#breadcrumb\"},\"inLanguage\":\"fr-FR\",\"potentialAction\":[{\"@type\":\"ReadAction\",\"target\":[\"https:\/\/o3m.it\/fr\/ozono-o3m-generateur-ozone-pur\/\"]}]},{\"@type\":\"ImageObject\",\"inLanguage\":\"fr-FR\",\"@id\":\"https:\/\/o3m.it\/fr\/ozono-o3m-generateur-ozone-pur\/#primaryimage\",\"url\":\"https:\/\/o3m.it\/wp-content\/uploads\/2022\/10\/PRINCIPIO-DI-FUNZIONAMENTO-CELLA-OZONO-FR.jpg\",\"contentUrl\":\"https:\/\/o3m.it\/wp-content\/uploads\/2022\/10\/PRINCIPIO-DI-FUNZIONAMENTO-CELLA-OZONO-FR.jpg\"},{\"@type\":\"BreadcrumbList\",\"@id\":\"https:\/\/o3m.it\/fr\/ozono-o3m-generateur-ozone-pur\/#breadcrumb\",\"itemListElement\":[{\"@type\":\"ListItem\",\"position\":1,\"name\":\"Home\",\"item\":\"https:\/\/o3m.it\/fr\/\"},{\"@type\":\"ListItem\",\"position\":2,\"name\":\"OZONE &#8211; Comment fonctionne un vrai g\u00e9n\u00e9rateur d&#8217;ozone pur\"}]},{\"@type\":\"WebSite\",\"@id\":\"https:\/\/o3m.it\/fr\/#website\",\"url\":\"https:\/\/o3m.it\/fr\/\",\"name\":\"O3M by MAINO\",\"description\":\"OZONO\",\"publisher\":{\"@id\":\"https:\/\/o3m.it\/fr\/#organization\"},\"potentialAction\":[{\"@type\":\"SearchAction\",\"target\":{\"@type\":\"EntryPoint\",\"urlTemplate\":\"https:\/\/o3m.it\/fr\/?s={search_term_string}\"},\"query-input\":{\"@type\":\"PropertyValueSpecification\",\"valueRequired\":true,\"valueName\":\"search_term_string\"}}],\"inLanguage\":\"fr-FR\"},{\"@type\":\"Organization\",\"@id\":\"https:\/\/o3m.it\/fr\/#organization\",\"name\":\"O3M by MAINO\",\"url\":\"https:\/\/o3m.it\/fr\/\",\"logo\":{\"@type\":\"ImageObject\",\"inLanguage\":\"fr-FR\",\"@id\":\"https:\/\/o3m.it\/fr\/#\/schema\/logo\/image\/\",\"url\":\"https:\/\/o3m.it\/wp-content\/uploads\/2019\/07\/logo-o3m-sc.png\",\"contentUrl\":\"https:\/\/o3m.it\/wp-content\/uploads\/2019\/07\/logo-o3m-sc.png\",\"width\":1068,\"height\":922,\"caption\":\"O3M by MAINO\"},\"image\":{\"@id\":\"https:\/\/o3m.it\/fr\/#\/schema\/logo\/image\/\"}}]}<\/script>\n<!-- \/ Yoast SEO plugin. -->","yoast_head_json":{"title":"OZONE PUR - Le vrai g\u00e9n\u00e9rateur d'ozone - O3M g\u00e9n\u00e9rateurs de O3","description":"Explication du principe de fonctionnement d'un vrai g\u00e9n\u00e9rateur d'ozone pur","robots":{"index":"index","follow":"follow","max-snippet":"max-snippet:-1","max-image-preview":"max-image-preview:large","max-video-preview":"max-video-preview:-1"},"canonical":"https:\/\/o3m.it\/fr\/ozono-o3m-generateur-ozone-pur\/","og_locale":"fr_FR","og_type":"article","og_title":"OZONE PUR - Le vrai g\u00e9n\u00e9rateur d'ozone - O3M g\u00e9n\u00e9rateurs de O3","og_description":"Explication du principe de fonctionnement d'un vrai g\u00e9n\u00e9rateur d'ozone pur","og_url":"https:\/\/o3m.it\/fr\/ozono-o3m-generateur-ozone-pur\/","og_site_name":"O3M by MAINO","article_modified_time":"2022-10-10T08:21:29+00:00","og_image":[{"url":"https:\/\/o3m.it\/wp-content\/uploads\/2022\/10\/PRINCIPIO-DI-FUNZIONAMENTO-CELLA-OZONO-FR.jpg","type":"","width":"","height":""}],"twitter_card":"summary_large_image","twitter_misc":{"Dur\u00e9e de lecture estim\u00e9e":"3 minutes"},"schema":{"@context":"https:\/\/schema.org","@graph":[{"@type":"WebPage","@id":"https:\/\/o3m.it\/fr\/ozono-o3m-generateur-ozone-pur\/","url":"https:\/\/o3m.it\/fr\/ozono-o3m-generateur-ozone-pur\/","name":"OZONE PUR - Le vrai g\u00e9n\u00e9rateur d'ozone - O3M g\u00e9n\u00e9rateurs de O3","isPartOf":{"@id":"https:\/\/o3m.it\/fr\/#website"},"primaryImageOfPage":{"@id":"https:\/\/o3m.it\/fr\/ozono-o3m-generateur-ozone-pur\/#primaryimage"},"image":{"@id":"https:\/\/o3m.it\/fr\/ozono-o3m-generateur-ozone-pur\/#primaryimage"},"thumbnailUrl":"https:\/\/o3m.it\/wp-content\/uploads\/2022\/10\/PRINCIPIO-DI-FUNZIONAMENTO-CELLA-OZONO-FR.jpg","datePublished":"2022-07-14T08:48:15+00:00","dateModified":"2022-10-10T08:21:29+00:00","description":"Explication du principe de fonctionnement d'un vrai g\u00e9n\u00e9rateur d'ozone pur","breadcrumb":{"@id":"https:\/\/o3m.it\/fr\/ozono-o3m-generateur-ozone-pur\/#breadcrumb"},"inLanguage":"fr-FR","potentialAction":[{"@type":"ReadAction","target":["https:\/\/o3m.it\/fr\/ozono-o3m-generateur-ozone-pur\/"]}]},{"@type":"ImageObject","inLanguage":"fr-FR","@id":"https:\/\/o3m.it\/fr\/ozono-o3m-generateur-ozone-pur\/#primaryimage","url":"https:\/\/o3m.it\/wp-content\/uploads\/2022\/10\/PRINCIPIO-DI-FUNZIONAMENTO-CELLA-OZONO-FR.jpg","contentUrl":"https:\/\/o3m.it\/wp-content\/uploads\/2022\/10\/PRINCIPIO-DI-FUNZIONAMENTO-CELLA-OZONO-FR.jpg"},{"@type":"BreadcrumbList","@id":"https:\/\/o3m.it\/fr\/ozono-o3m-generateur-ozone-pur\/#breadcrumb","itemListElement":[{"@type":"ListItem","position":1,"name":"Home","item":"https:\/\/o3m.it\/fr\/"},{"@type":"ListItem","position":2,"name":"OZONE &#8211; Comment fonctionne un vrai g\u00e9n\u00e9rateur d&#8217;ozone pur"}]},{"@type":"WebSite","@id":"https:\/\/o3m.it\/fr\/#website","url":"https:\/\/o3m.it\/fr\/","name":"O3M by MAINO","description":"OZONO","publisher":{"@id":"https:\/\/o3m.it\/fr\/#organization"},"potentialAction":[{"@type":"SearchAction","target":{"@type":"EntryPoint","urlTemplate":"https:\/\/o3m.it\/fr\/?s={search_term_string}"},"query-input":{"@type":"PropertyValueSpecification","valueRequired":true,"valueName":"search_term_string"}}],"inLanguage":"fr-FR"},{"@type":"Organization","@id":"https:\/\/o3m.it\/fr\/#organization","name":"O3M by MAINO","url":"https:\/\/o3m.it\/fr\/","logo":{"@type":"ImageObject","inLanguage":"fr-FR","@id":"https:\/\/o3m.it\/fr\/#\/schema\/logo\/image\/","url":"https:\/\/o3m.it\/wp-content\/uploads\/2019\/07\/logo-o3m-sc.png","contentUrl":"https:\/\/o3m.it\/wp-content\/uploads\/2019\/07\/logo-o3m-sc.png","width":1068,"height":922,"caption":"O3M by MAINO"},"image":{"@id":"https:\/\/o3m.it\/fr\/#\/schema\/logo\/image\/"}}]}},"jetpack_sharing_enabled":true,"_links":{"self":[{"href":"https:\/\/o3m.it\/fr\/wp-json\/wp\/v2\/pages\/3086","targetHints":{"allow":["GET"]}}],"collection":[{"href":"https:\/\/o3m.it\/fr\/wp-json\/wp\/v2\/pages"}],"about":[{"href":"https:\/\/o3m.it\/fr\/wp-json\/wp\/v2\/types\/page"}],"author":[{"embeddable":true,"href":"https:\/\/o3m.it\/fr\/wp-json\/wp\/v2\/users\/1"}],"replies":[{"embeddable":true,"href":"https:\/\/o3m.it\/fr\/wp-json\/wp\/v2\/comments?post=3086"}],"version-history":[{"count":0,"href":"https:\/\/o3m.it\/fr\/wp-json\/wp\/v2\/pages\/3086\/revisions"}],"wp:attachment":[{"href":"https:\/\/o3m.it\/fr\/wp-json\/wp\/v2\/media?parent=3086"}],"curies":[{"name":"wp","href":"https:\/\/api.w.org\/{rel}","templated":true}]}}