{"id":3007,"date":"2022-07-19T12:03:39","date_gmt":"2022-07-19T10:03:39","guid":{"rendered":"https:\/\/o3m.it\/libreria-ozono-puro-o3m\/"},"modified":"2022-10-05T15:50:54","modified_gmt":"2022-10-05T13:50:54","slug":"bibliotheque-ozone-pur-o3m","status":"publish","type":"page","link":"https:\/\/o3m.it\/fr\/bibliotheque-ozone-pur-o3m\/","title":{"rendered":"Biblioth\u00e8que Ozone Pur O3M"},"content":{"rendered":"<h1>OZONE PUR<\/h1>\n<p>L&rsquo;ozone pur n&rsquo;est pas quelque chose de nouveau, de moderne ou dernier cri de la technologie, c&rsquo;est dans l&rsquo;air que nous respirons, il a toujours \u00e9t\u00e9 l\u00e0 depuis la nuit des temps, il enveloppe toute la plan\u00e8te et garantit notre vie sur terre. Chacun d&rsquo;entrenous regardant le ciel peut observer l&rsquo;ozone pur, c&rsquo;est cette belle couleur bleue que nous aimons tous. L&rsquo;ozone pur est \u00e9galement pr\u00e9sent dans l&rsquo;atmosph\u00e8re que nous respirons mais en quantit\u00e9s insuffisantes pour nous aider \u00e0 r\u00e9soudre nos probl\u00e8mes.<\/p>\n<h2>L&rsquo;ozone pur agit indiff\u00e9remment dans l&rsquo;air et dans les liquides.<\/h2>\n<h2>Quoi de Neuf?<\/h2>\n<h1>Nouveaux sont les g\u00e9n\u00e9rateurs d&rsquo;ozone pur O3M<\/h1>\n\n\n<p class=\"has-medium-font-size\">Pas des appareils qui font de la magie \u00e9trange, mais des machines technologiquement avanc\u00e9es tr\u00e8s polyvalentes qui trouvent une application dans de nombreux secteurs, r\u00e9solvant des probl\u00e8mes parfois tr\u00e8s difficiles comme une infestation bact\u00e9rienne, un virus pand\u00e9mique, etc.<em>.\u00a0<\/em><\/p>\n\n\n\n<h4 class=\"wp-block-heading\">Ozone pur: Quand la science \u00e9choue, la nature montre toute sa force<\/h4>\n\n\n\n<h1 class=\"has-text-align-center wp-block-heading\"><strong>Vid\u00e9os et Publications Techniques<\/strong>:<\/h1>\n\n\n\n<p class=\"has-medium-font-size\"><em>Voici quelques vid\u00e9os de blogueurs et de clients avec des descriptions techniques;<\/em><\/p>\n\n\n\n<ul class=\"wp-block-list\"><li><a href=\"https:\/\/youtu.be\/uZd5sEG1kBA\" target=\"_blank\" rel=\"noopener\">Nekocamper &#8211; l&rsquo;ozone pur au quotidien<\/a><\/li><li><a href=\"https:\/\/www.comefareuncamping.it\/2020\/03\/21\/generatore-di-ozono-igienizzare-ambienti-e-superfici\/\" target=\"_blank\" rel=\"noopener\">Come fare un camping &#8211; ozone pour pour assainir les camping-cars et l&rsquo;eau<\/a><\/li><li><a href=\"https:\/\/www.liberamenteincamper.it\/2020\/03\/21\/ozono-per-igienizzare-lambiente-e-lacqua\/\" target=\"_blank\" rel=\"noopener\">Liberamente In Camper &#8211; ozone pur pour assainir les environnements et les surfaces<\/a><\/li><li><a href=\"https:\/\/youtu.be\/uMhr0kaX_Ps\" target=\"_blank\" rel=\"noopener\">Allemandich in Viaggio &#8211; qu&rsquo;est-ce qu&rsquo;un ozonateur et \u00e0 quoi \u00e7a sert?<\/a><\/li><li><a href=\"https:\/\/youtu.be\/PPKpG762xbU\" target=\"_blank\" rel=\"noopener\">Allemandich in Viaggio &#8211; L&rsquo;assainissement \u00e0 l&rsquo;ozone pur contre le coronavirus peut-elle aider\u00a0? D\u00e9couvrons ensemble<\/a><\/li><li><a href=\"https:\/\/youtu.be\/G0BG5uGdRkI\" target=\"_blank\" rel=\"noopener\">Allemandich in Viaggio &#8211; 5 fa\u00e7ons d&rsquo;utiliser l&rsquo;ozonateur \u00e0 la maison<\/a><\/li><li><a href=\"https:\/\/youtu.be\/INEYIP59wkU\" target=\"_blank\" rel=\"noopener\">Camperista Libero &#8211; G\u00e9n\u00e9rateur d&rsquo;ozone pur comment nettoyer les drains d&rsquo;\u00e9vier<\/a><\/li><li><a href=\"https:\/\/youtu.be\/_hkaVraa3R4\" target=\"_blank\" rel=\"noopener\">Camperista Libero &#8211; G\u00e9n\u00e9rateur d&rsquo;ozone pur comment d\u00e9sinfecter les v\u00e9hicules et les voitures<\/a><\/li><li><a href=\"https:\/\/www.youtube.com\/watch?v=sW8GJv0Qubo\" target=\"_blank\" rel=\"noopener\">Camperista Libero &#8211; G\u00e9n\u00e9rateur d&rsquo;ozone pur &#8211; Ozone pur pour les plantes<\/a><\/li><li><a href=\"https:\/\/youtu.be\/ozwjcK9lNvo\" target=\"_blank\" rel=\"noopener\">Viaggiando in Camper &#8211; Purification de l&rsquo;eau du r\u00e9servoir des eaux claires de 100 LT<\/a><\/li><\/ul>\n\n\n\n<h4 class=\"wp-block-heading\">Vid\u00e9os Techniques:<\/h4>\n\n\n\n<ul class=\"wp-block-list\"><li><a href=\"https:\/\/www.youtube.com\/watch?v=pQ6Y7aBZr-o\" target=\"_blank\" rel=\"noopener\">LE POUVOIR DE L&rsquo;OZONE PUR<\/a><\/li><li><a href=\"https:\/\/www.youtube.com\/watch?v=3jujLcbZw_E\" target=\"_blank\" rel=\"noopener\">R\u00c9G\u00c9N\u00c9RER LE FILTRE \u00c0 TAMIS MOL\u00c9CULAIRE<\/a><\/li><\/ul>\n\n\n\n<h4 class=\"wp-block-heading\">Documentation:<\/h4>\n\n\n\n<ul class=\"wp-block-list\"><li><a href=\"https:\/\/www.maino.it\/wpmaino\/wp-content\/uploads\/2019\/07\/O3M-TRATTAMENTO-PISCINE.pdf\" target=\"_blank\" rel=\"noopener\">Trattamento Piscine<\/a><\/li><li><a href=\"https:\/\/www.maino.it\/wpmaino\/news\/allarme_legionella\/\" target=\"_blank\" rel=\"noopener\">Allarme Legionella<\/a><\/li><li><a href=\"https:\/\/www.maino.it\/wpmaino\/wp-content\/uploads\/2019\/07\/APPLICAZIONI-OZONO-IN-AMBITO-DOMESTICO.pdf\" target=\"_blank\" rel=\"noopener\">Applicazioni domestiche<\/a><\/li><li><a href=\"https:\/\/www.maino.it\/wpmaino\/wp-content\/uploads\/2019\/07\/O3M-VINO-ENOLOGIA.pdf\" target=\"_blank\" rel=\"noopener\">Vino ed Enologia<\/a><\/li><li><a href=\"https:\/\/drive.google.com\/open?id=1Vj7Oe-h4BFM49MNUeYAXlNQD-DYlHlaN\" target=\"_blank\" rel=\"noopener\">L&rsquo;ozono puro uccide Virus e Patogeni<br><\/a><\/li><\/ul>\n\n\n\n<p>Mat\u00e9riel au format PDF pr\u00e9par\u00e9 sous forme de livret pour impression recto-verso &#8211; En cliquant sur le texte vous acc\u00e9dez au document \u00e0 visualiser<\/p>\n\n\n\n<p class=\"has-text-align-left\"><strong>Clart\u00e9 dans l&rsquo;information: <\/strong>S&rsquo;il est appliqu\u00e9 \u00ab\u00a0seul\u00a0\u00bb, l&rsquo;ozone pur garantit des normes d&rsquo;hygi\u00e8ne \u00e9lev\u00e9es, mais s&rsquo;il est utilis\u00e9 avec d&rsquo;autres compos\u00e9s, il remplit ses fonctions plus rapidement et vous permet de b\u00e9n\u00e9ficier d&rsquo;importantes \u00e9pargnes \u00e9conomiques, qui peuvent \u00e9galement atteindre 50\u00a0% de moins que les syst\u00e8mes traditionnels qui ne l&rsquo;utilisent pas.<\/p>\n","protected":false},"excerpt":{"rendered":"<p>OZONE PUR L&rsquo;ozone pur n&rsquo;est pas quelque chose de nouveau, de moderne ou dernier cri de la technologie, c&rsquo;est dans l&rsquo;air que nous respirons, il a toujours \u00e9t\u00e9 l\u00e0 depuis la nuit des temps, il enveloppe toute la plan\u00e8te et garantit notre vie sur terre. Chacun d&rsquo;entrenous regardant le ciel peut observer l&rsquo;ozone pur, c&rsquo;est&hellip;&nbsp;<a href=\"https:\/\/o3m.it\/fr\/bibliotheque-ozone-pur-o3m\/\" rel=\"bookmark\">Lire la suite &raquo;<span class=\"screen-reader-text\">Biblioth\u00e8que Ozone Pur O3M<\/span><\/a><\/p>\n","protected":false},"author":1,"featured_media":0,"parent":0,"menu_order":0,"comment_status":"closed","ping_status":"closed","template":"page-templates\/template-pagebuilder-full-width.php","meta":{"neve_meta_sidebar":"","neve_meta_container":"","neve_meta_enable_content_width":"off","neve_meta_content_width":0,"neve_meta_title_alignment":"","neve_meta_author_avatar":"","neve_post_elements_order":"","neve_meta_disable_header":"","neve_meta_disable_footer":"","neve_meta_disable_title":"","_themeisle_gutenberg_block_has_review":false,"footnotes":""},"class_list":["post-3007","page","type-page","status-publish","hentry"],"yoast_head":"<!-- This site is optimized with the Yoast SEO plugin v26.9 - https:\/\/yoast.com\/product\/yoast-seo-wordpress\/ -->\n<title>OZONE PUR - Biblioth\u00e8que - O3M G\u00e9n\u00e9rateurs d&#039;Ozone Pur<\/title>\n<meta name=\"description\" content=\"Une biblioth\u00e8que de documents informatifs et de vid\u00e9os concernant les capacit\u00e9s d\u00e9sinfectantes, assainissantes et d\u00e9odorantes de l&#039;ozone pur\" \/>\n<meta name=\"robots\" content=\"index, follow, max-snippet:-1, max-image-preview:large, max-video-preview:-1\" \/>\n<link rel=\"canonical\" href=\"https:\/\/o3m.it\/fr\/bibliotheque-ozone-pur-o3m\/\" \/>\n<meta property=\"og:locale\" content=\"fr_FR\" \/>\n<meta property=\"og:type\" content=\"article\" \/>\n<meta property=\"og:title\" content=\"OZONE PUR - Biblioth\u00e8que - O3M G\u00e9n\u00e9rateurs d&#039;Ozone Pur\" \/>\n<meta property=\"og:description\" content=\"Une biblioth\u00e8que de documents informatifs et de vid\u00e9os concernant les capacit\u00e9s d\u00e9sinfectantes, assainissantes et d\u00e9odorantes de l&#039;ozone pur\" \/>\n<meta property=\"og:url\" content=\"https:\/\/o3m.it\/fr\/bibliotheque-ozone-pur-o3m\/\" \/>\n<meta property=\"og:site_name\" content=\"O3M by MAINO\" \/>\n<meta property=\"article:modified_time\" content=\"2022-10-05T13:50:54+00:00\" \/>\n<meta name=\"twitter:card\" content=\"summary_large_image\" \/>\n<meta name=\"twitter:label1\" content=\"Dur\u00e9e de lecture estim\u00e9e\" \/>\n\t<meta name=\"twitter:data1\" content=\"3 minutes\" \/>\n<script type=\"application\/ld+json\" class=\"yoast-schema-graph\">{\"@context\":\"https:\/\/schema.org\",\"@graph\":[{\"@type\":\"WebPage\",\"@id\":\"https:\/\/o3m.it\/fr\/bibliotheque-ozone-pur-o3m\/\",\"url\":\"https:\/\/o3m.it\/fr\/bibliotheque-ozone-pur-o3m\/\",\"name\":\"OZONE PUR - Biblioth\u00e8que - O3M G\u00e9n\u00e9rateurs d'Ozone Pur\",\"isPartOf\":{\"@id\":\"https:\/\/o3m.it\/fr\/#website\"},\"datePublished\":\"2022-07-19T10:03:39+00:00\",\"dateModified\":\"2022-10-05T13:50:54+00:00\",\"description\":\"Une biblioth\u00e8que de documents informatifs et de vid\u00e9os concernant les capacit\u00e9s d\u00e9sinfectantes, assainissantes et d\u00e9odorantes de l'ozone pur\",\"breadcrumb\":{\"@id\":\"https:\/\/o3m.it\/fr\/bibliotheque-ozone-pur-o3m\/#breadcrumb\"},\"inLanguage\":\"fr-FR\",\"potentialAction\":[{\"@type\":\"ReadAction\",\"target\":[\"https:\/\/o3m.it\/fr\/bibliotheque-ozone-pur-o3m\/\"]}]},{\"@type\":\"BreadcrumbList\",\"@id\":\"https:\/\/o3m.it\/fr\/bibliotheque-ozone-pur-o3m\/#breadcrumb\",\"itemListElement\":[{\"@type\":\"ListItem\",\"position\":1,\"name\":\"Home\",\"item\":\"https:\/\/o3m.it\/fr\/\"},{\"@type\":\"ListItem\",\"position\":2,\"name\":\"Biblioth\u00e8que Ozone Pur O3M\"}]},{\"@type\":\"WebSite\",\"@id\":\"https:\/\/o3m.it\/fr\/#website\",\"url\":\"https:\/\/o3m.it\/fr\/\",\"name\":\"O3M by MAINO\",\"description\":\"OZONO\",\"publisher\":{\"@id\":\"https:\/\/o3m.it\/fr\/#organization\"},\"potentialAction\":[{\"@type\":\"SearchAction\",\"target\":{\"@type\":\"EntryPoint\",\"urlTemplate\":\"https:\/\/o3m.it\/fr\/?s={search_term_string}\"},\"query-input\":{\"@type\":\"PropertyValueSpecification\",\"valueRequired\":true,\"valueName\":\"search_term_string\"}}],\"inLanguage\":\"fr-FR\"},{\"@type\":\"Organization\",\"@id\":\"https:\/\/o3m.it\/fr\/#organization\",\"name\":\"O3M by MAINO\",\"url\":\"https:\/\/o3m.it\/fr\/\",\"logo\":{\"@type\":\"ImageObject\",\"inLanguage\":\"fr-FR\",\"@id\":\"https:\/\/o3m.it\/fr\/#\/schema\/logo\/image\/\",\"url\":\"https:\/\/o3m.it\/wp-content\/uploads\/2019\/07\/logo-o3m-sc.png\",\"contentUrl\":\"https:\/\/o3m.it\/wp-content\/uploads\/2019\/07\/logo-o3m-sc.png\",\"width\":1068,\"height\":922,\"caption\":\"O3M by MAINO\"},\"image\":{\"@id\":\"https:\/\/o3m.it\/fr\/#\/schema\/logo\/image\/\"}}]}<\/script>\n<!-- \/ Yoast SEO plugin. -->","yoast_head_json":{"title":"OZONE PUR - Biblioth\u00e8que - O3M G\u00e9n\u00e9rateurs d'Ozone Pur","description":"Une biblioth\u00e8que de documents informatifs et de vid\u00e9os concernant les capacit\u00e9s d\u00e9sinfectantes, assainissantes et d\u00e9odorantes de l'ozone pur","robots":{"index":"index","follow":"follow","max-snippet":"max-snippet:-1","max-image-preview":"max-image-preview:large","max-video-preview":"max-video-preview:-1"},"canonical":"https:\/\/o3m.it\/fr\/bibliotheque-ozone-pur-o3m\/","og_locale":"fr_FR","og_type":"article","og_title":"OZONE PUR - Biblioth\u00e8que - O3M G\u00e9n\u00e9rateurs d'Ozone Pur","og_description":"Une biblioth\u00e8que de documents informatifs et de vid\u00e9os concernant les capacit\u00e9s d\u00e9sinfectantes, assainissantes et d\u00e9odorantes de l'ozone pur","og_url":"https:\/\/o3m.it\/fr\/bibliotheque-ozone-pur-o3m\/","og_site_name":"O3M by MAINO","article_modified_time":"2022-10-05T13:50:54+00:00","twitter_card":"summary_large_image","twitter_misc":{"Dur\u00e9e de lecture estim\u00e9e":"3 minutes"},"schema":{"@context":"https:\/\/schema.org","@graph":[{"@type":"WebPage","@id":"https:\/\/o3m.it\/fr\/bibliotheque-ozone-pur-o3m\/","url":"https:\/\/o3m.it\/fr\/bibliotheque-ozone-pur-o3m\/","name":"OZONE PUR - Biblioth\u00e8que - O3M G\u00e9n\u00e9rateurs d'Ozone Pur","isPartOf":{"@id":"https:\/\/o3m.it\/fr\/#website"},"datePublished":"2022-07-19T10:03:39+00:00","dateModified":"2022-10-05T13:50:54+00:00","description":"Une biblioth\u00e8que de documents informatifs et de vid\u00e9os concernant les capacit\u00e9s d\u00e9sinfectantes, assainissantes et d\u00e9odorantes de l'ozone pur","breadcrumb":{"@id":"https:\/\/o3m.it\/fr\/bibliotheque-ozone-pur-o3m\/#breadcrumb"},"inLanguage":"fr-FR","potentialAction":[{"@type":"ReadAction","target":["https:\/\/o3m.it\/fr\/bibliotheque-ozone-pur-o3m\/"]}]},{"@type":"BreadcrumbList","@id":"https:\/\/o3m.it\/fr\/bibliotheque-ozone-pur-o3m\/#breadcrumb","itemListElement":[{"@type":"ListItem","position":1,"name":"Home","item":"https:\/\/o3m.it\/fr\/"},{"@type":"ListItem","position":2,"name":"Biblioth\u00e8que Ozone Pur O3M"}]},{"@type":"WebSite","@id":"https:\/\/o3m.it\/fr\/#website","url":"https:\/\/o3m.it\/fr\/","name":"O3M by MAINO","description":"OZONO","publisher":{"@id":"https:\/\/o3m.it\/fr\/#organization"},"potentialAction":[{"@type":"SearchAction","target":{"@type":"EntryPoint","urlTemplate":"https:\/\/o3m.it\/fr\/?s={search_term_string}"},"query-input":{"@type":"PropertyValueSpecification","valueRequired":true,"valueName":"search_term_string"}}],"inLanguage":"fr-FR"},{"@type":"Organization","@id":"https:\/\/o3m.it\/fr\/#organization","name":"O3M by MAINO","url":"https:\/\/o3m.it\/fr\/","logo":{"@type":"ImageObject","inLanguage":"fr-FR","@id":"https:\/\/o3m.it\/fr\/#\/schema\/logo\/image\/","url":"https:\/\/o3m.it\/wp-content\/uploads\/2019\/07\/logo-o3m-sc.png","contentUrl":"https:\/\/o3m.it\/wp-content\/uploads\/2019\/07\/logo-o3m-sc.png","width":1068,"height":922,"caption":"O3M by MAINO"},"image":{"@id":"https:\/\/o3m.it\/fr\/#\/schema\/logo\/image\/"}}]}},"jetpack_sharing_enabled":true,"_links":{"self":[{"href":"https:\/\/o3m.it\/fr\/wp-json\/wp\/v2\/pages\/3007","targetHints":{"allow":["GET"]}}],"collection":[{"href":"https:\/\/o3m.it\/fr\/wp-json\/wp\/v2\/pages"}],"about":[{"href":"https:\/\/o3m.it\/fr\/wp-json\/wp\/v2\/types\/page"}],"author":[{"embeddable":true,"href":"https:\/\/o3m.it\/fr\/wp-json\/wp\/v2\/users\/1"}],"replies":[{"embeddable":true,"href":"https:\/\/o3m.it\/fr\/wp-json\/wp\/v2\/comments?post=3007"}],"version-history":[{"count":0,"href":"https:\/\/o3m.it\/fr\/wp-json\/wp\/v2\/pages\/3007\/revisions"}],"wp:attachment":[{"href":"https:\/\/o3m.it\/fr\/wp-json\/wp\/v2\/media?parent=3007"}],"curies":[{"name":"wp","href":"https:\/\/api.w.org\/{rel}","templated":true}]}}