{"id":3001,"date":"2022-07-20T15:24:16","date_gmt":"2022-07-20T13:24:16","guid":{"rendered":"https:\/\/o3m.it\/modelli-di-generatori-o3m\/"},"modified":"2023-06-28T09:31:31","modified_gmt":"2023-06-28T07:31:31","slug":"modeles-de-generateurs-o3m","status":"publish","type":"page","link":"https:\/\/o3m.it\/fr\/modeles-de-generateurs-o3m\/","title":{"rendered":"Mod\u00e8les de g\u00e9n\u00e9rateurs O3M:"},"content":{"rendered":"\n<div class=\"wp-block-columns is-layout-flex wp-container-core-columns-is-layout-9d6595d7 wp-block-columns-is-layout-flex\">\n<div class=\"wp-block-column is-layout-flow wp-block-column-is-layout-flow\">\n<h2 class=\"wp-block-heading\">Liste des mod\u00e8les standards<\/h2>\n\n\n\n<p>L&rsquo;ensemble de notre production standardis\u00e9e de g\u00e9n\u00e9rateurs d&rsquo;ozone pur \u00e0 partir d&rsquo;oxyg\u00e8ne ou d&rsquo;air s\u00e9ch\u00e9:<\/p>\n\n\n\n<hr class=\"wp-block-separator has-alpha-channel-opacity is-style-wide\"\/>\n\n\n\n<h2 class=\"wp-block-heading\"><a href=\"https:\/\/o3m.it\/fr\/ligne-o3m-vr\/\">EV<\/a><\/h2>\n\n\n\n<p>Appareils fonctionnants \u00e0 12Vdc pour bateaux et v\u00e9hicules r\u00e9cr\u00e9atifs.<\/p>\n\n\n\n<div class=\"wp-block-columns is-layout-flex wp-container-core-columns-is-layout-9d6595d7 wp-block-columns-is-layout-flex\">\n<div class=\"wp-block-column is-layout-flow wp-block-column-is-layout-flow\">\n<h2 class=\"wp-block-heading\"><a href=\"https:\/\/o3m.it\/fr\/ligne-o3m-terminator\/\">STERMINATOR<\/a><\/h2>\n\n\n\n<p>Ligne spartiate o\u00f9 le design esth\u00e9tique vient toujours apr\u00e8s les r\u00e9sultats et la s\u00e9curit\u00e9.<\/p>\n<\/div>\n<\/div>\n\n\n\n<h2 class=\"wp-block-heading\"><a href=\"https:\/\/o3m.it\/fr\/ligne-o3m-pro\/\">PRO<\/a><\/h2>\n\n\n\n<p>Appareils destin\u00e9s aux applications professionnelles avec installation mobile ou fixe.<\/p>\n\n\n\n<h2 class=\"wp-block-heading\"><a href=\"https:\/\/o3m.it\/fr\/ligne-o3m-ho-re-ca\/\">HO.RE.CA.<\/a><\/h2>\n\n\n\n<p>G\u00e9n\u00e9rateurs sp\u00e9cifiques pour assainir et d\u00e9sodoriser les chambres des \u00e9tablissements d&rsquo;h\u00e9bergement.<\/p>\n\n\n\n<h2 class=\"wp-block-heading\">SWIMMING POOL<\/h2>\n\n\n\n<p>Appareils pour satisfaire les Piscines SPA et le traitement des eaux alimentaires industrielles.<\/p>\n\n\n\n<h2 class=\"wp-block-heading\">SANT\u00c9<\/h2>\n\n\n\n<p>\u00c9quipement de st\u00e9rilisation pour les instruments op\u00e9ratoires et l&rsquo;assainissement de l&rsquo;environnement.<\/p>\n\n\n\n<h2 class=\"wp-block-heading\">ARMOIRES<\/h2>\n\n\n\n<p>Armoires pour les besoins de d\u00e9sinfection \u00e0 sec des v\u00eatements, casques, v\u00eatements de travail, blanchisseries.<\/p>\n\n\n\n<h2 class=\"wp-block-heading\">HEALTCARE SYSTEM<\/h2>\n\n\n\n<p>Dispositifs fixes de purification de l&rsquo;air en pr\u00e9sence de personnes et d&rsquo;animaux.<\/p>\n\n\n\n<h2 class=\"wp-block-heading\">EAU PURE<\/h2>\n\n\n\n<p>Pour le traitement de l&rsquo;eau pour une d\u00e9bact\u00e9risation totale ou Stop Legionella etc.<\/p>\n\n\n\n<h2 class=\"wp-block-heading\">PERSONNALIS\u00c9S<\/h2>\n\n\n\n<p>G\u00e9n\u00e9rateurs construits pour satisfaire toutes les demandes et tous les besoins d&rsquo;application<\/p>\n<\/div>\n<\/div>\n\n\n\n<div class=\"wp-block-columns is-layout-flex wp-container-core-columns-is-layout-9d6595d7 wp-block-columns-is-layout-flex\">\n<div class=\"wp-block-column is-layout-flow wp-block-column-is-layout-flow\" style=\"flex-basis:100%\"><\/div>\n<\/div>\n","protected":false},"excerpt":{"rendered":"<p>Liste des mod\u00e8les standards L&rsquo;ensemble de notre production standardis\u00e9e de g\u00e9n\u00e9rateurs d&rsquo;ozone pur \u00e0 partir d&rsquo;oxyg\u00e8ne ou d&rsquo;air s\u00e9ch\u00e9: EV Appareils fonctionnants \u00e0 12Vdc pour bateaux et v\u00e9hicules r\u00e9cr\u00e9atifs. STERMINATOR Ligne spartiate o\u00f9 le design esth\u00e9tique vient toujours apr\u00e8s les r\u00e9sultats et la s\u00e9curit\u00e9. PRO Appareils destin\u00e9s aux applications professionnelles avec installation mobile ou fixe.&hellip;&nbsp;<a href=\"https:\/\/o3m.it\/fr\/modeles-de-generateurs-o3m\/\" rel=\"bookmark\">Lire la suite &raquo;<span class=\"screen-reader-text\">Mod\u00e8les de g\u00e9n\u00e9rateurs O3M:<\/span><\/a><\/p>\n","protected":false},"author":1,"featured_media":0,"parent":0,"menu_order":0,"comment_status":"closed","ping_status":"closed","template":"","meta":{"neve_meta_sidebar":"full-width","neve_meta_container":"","neve_meta_enable_content_width":"on","neve_meta_content_width":100,"neve_meta_title_alignment":"","neve_meta_author_avatar":"","neve_post_elements_order":"","neve_meta_disable_header":"","neve_meta_disable_footer":"","neve_meta_disable_title":"","_themeisle_gutenberg_block_has_review":false,"footnotes":""},"class_list":["post-3001","page","type-page","status-publish","hentry"],"yoast_head":"<!-- This site is optimized with the Yoast SEO plugin v26.9 - https:\/\/yoast.com\/product\/yoast-seo-wordpress\/ -->\n<title>Mod\u00e8les de g\u00e9n\u00e9rateurs O3M: - O3M by MAINO<\/title>\n<meta name=\"robots\" content=\"index, follow, max-snippet:-1, max-image-preview:large, max-video-preview:-1\" \/>\n<link rel=\"canonical\" href=\"https:\/\/o3m.it\/fr\/modeles-de-generateurs-o3m\/\" \/>\n<meta property=\"og:locale\" content=\"fr_FR\" \/>\n<meta property=\"og:type\" content=\"article\" \/>\n<meta property=\"og:title\" content=\"Mod\u00e8les de g\u00e9n\u00e9rateurs O3M: - O3M by MAINO\" \/>\n<meta property=\"og:description\" content=\"Liste des mod\u00e8les standards L&rsquo;ensemble de notre production standardis\u00e9e de g\u00e9n\u00e9rateurs d&rsquo;ozone pur \u00e0 partir d&rsquo;oxyg\u00e8ne ou d&rsquo;air s\u00e9ch\u00e9: EV Appareils fonctionnants \u00e0 12Vdc pour bateaux et v\u00e9hicules r\u00e9cr\u00e9atifs. STERMINATOR Ligne spartiate o\u00f9 le design esth\u00e9tique vient toujours apr\u00e8s les r\u00e9sultats et la s\u00e9curit\u00e9. PRO Appareils destin\u00e9s aux applications professionnelles avec installation mobile ou fixe.&hellip;&nbsp;Lire la suite &raquo;Mod\u00e8les de g\u00e9n\u00e9rateurs O3M:\" \/>\n<meta property=\"og:url\" content=\"https:\/\/o3m.it\/fr\/modeles-de-generateurs-o3m\/\" \/>\n<meta property=\"og:site_name\" content=\"O3M by MAINO\" \/>\n<meta property=\"article:modified_time\" content=\"2023-06-28T07:31:31+00:00\" \/>\n<meta name=\"twitter:card\" content=\"summary_large_image\" \/>\n<meta name=\"twitter:label1\" content=\"Dur\u00e9e de lecture estim\u00e9e\" \/>\n\t<meta name=\"twitter:data1\" content=\"1 minute\" \/>\n<script type=\"application\/ld+json\" class=\"yoast-schema-graph\">{\"@context\":\"https:\/\/schema.org\",\"@graph\":[{\"@type\":\"WebPage\",\"@id\":\"https:\/\/o3m.it\/fr\/modeles-de-generateurs-o3m\/\",\"url\":\"https:\/\/o3m.it\/fr\/modeles-de-generateurs-o3m\/\",\"name\":\"Mod\u00e8les de g\u00e9n\u00e9rateurs O3M: - O3M by MAINO\",\"isPartOf\":{\"@id\":\"https:\/\/o3m.it\/fr\/#website\"},\"datePublished\":\"2022-07-20T13:24:16+00:00\",\"dateModified\":\"2023-06-28T07:31:31+00:00\",\"breadcrumb\":{\"@id\":\"https:\/\/o3m.it\/fr\/modeles-de-generateurs-o3m\/#breadcrumb\"},\"inLanguage\":\"fr-FR\",\"potentialAction\":[{\"@type\":\"ReadAction\",\"target\":[\"https:\/\/o3m.it\/fr\/modeles-de-generateurs-o3m\/\"]}]},{\"@type\":\"BreadcrumbList\",\"@id\":\"https:\/\/o3m.it\/fr\/modeles-de-generateurs-o3m\/#breadcrumb\",\"itemListElement\":[{\"@type\":\"ListItem\",\"position\":1,\"name\":\"Home\",\"item\":\"https:\/\/o3m.it\/fr\/\"},{\"@type\":\"ListItem\",\"position\":2,\"name\":\"Mod\u00e8les de g\u00e9n\u00e9rateurs O3M:\"}]},{\"@type\":\"WebSite\",\"@id\":\"https:\/\/o3m.it\/fr\/#website\",\"url\":\"https:\/\/o3m.it\/fr\/\",\"name\":\"O3M by MAINO\",\"description\":\"OZONO\",\"publisher\":{\"@id\":\"https:\/\/o3m.it\/fr\/#organization\"},\"potentialAction\":[{\"@type\":\"SearchAction\",\"target\":{\"@type\":\"EntryPoint\",\"urlTemplate\":\"https:\/\/o3m.it\/fr\/?s={search_term_string}\"},\"query-input\":{\"@type\":\"PropertyValueSpecification\",\"valueRequired\":true,\"valueName\":\"search_term_string\"}}],\"inLanguage\":\"fr-FR\"},{\"@type\":\"Organization\",\"@id\":\"https:\/\/o3m.it\/fr\/#organization\",\"name\":\"O3M by MAINO\",\"url\":\"https:\/\/o3m.it\/fr\/\",\"logo\":{\"@type\":\"ImageObject\",\"inLanguage\":\"fr-FR\",\"@id\":\"https:\/\/o3m.it\/fr\/#\/schema\/logo\/image\/\",\"url\":\"https:\/\/o3m.it\/wp-content\/uploads\/2019\/07\/logo-o3m-sc.png\",\"contentUrl\":\"https:\/\/o3m.it\/wp-content\/uploads\/2019\/07\/logo-o3m-sc.png\",\"width\":1068,\"height\":922,\"caption\":\"O3M by MAINO\"},\"image\":{\"@id\":\"https:\/\/o3m.it\/fr\/#\/schema\/logo\/image\/\"}}]}<\/script>\n<!-- \/ Yoast SEO plugin. -->","yoast_head_json":{"title":"Mod\u00e8les de g\u00e9n\u00e9rateurs O3M: - O3M by MAINO","robots":{"index":"index","follow":"follow","max-snippet":"max-snippet:-1","max-image-preview":"max-image-preview:large","max-video-preview":"max-video-preview:-1"},"canonical":"https:\/\/o3m.it\/fr\/modeles-de-generateurs-o3m\/","og_locale":"fr_FR","og_type":"article","og_title":"Mod\u00e8les de g\u00e9n\u00e9rateurs O3M: - O3M by MAINO","og_description":"Liste des mod\u00e8les standards L&rsquo;ensemble de notre production standardis\u00e9e de g\u00e9n\u00e9rateurs d&rsquo;ozone pur \u00e0 partir d&rsquo;oxyg\u00e8ne ou d&rsquo;air s\u00e9ch\u00e9: EV Appareils fonctionnants \u00e0 12Vdc pour bateaux et v\u00e9hicules r\u00e9cr\u00e9atifs. STERMINATOR Ligne spartiate o\u00f9 le design esth\u00e9tique vient toujours apr\u00e8s les r\u00e9sultats et la s\u00e9curit\u00e9. PRO Appareils destin\u00e9s aux applications professionnelles avec installation mobile ou fixe.&hellip;&nbsp;Lire la suite &raquo;Mod\u00e8les de g\u00e9n\u00e9rateurs O3M:","og_url":"https:\/\/o3m.it\/fr\/modeles-de-generateurs-o3m\/","og_site_name":"O3M by MAINO","article_modified_time":"2023-06-28T07:31:31+00:00","twitter_card":"summary_large_image","twitter_misc":{"Dur\u00e9e de lecture estim\u00e9e":"1 minute"},"schema":{"@context":"https:\/\/schema.org","@graph":[{"@type":"WebPage","@id":"https:\/\/o3m.it\/fr\/modeles-de-generateurs-o3m\/","url":"https:\/\/o3m.it\/fr\/modeles-de-generateurs-o3m\/","name":"Mod\u00e8les de g\u00e9n\u00e9rateurs O3M: - O3M by MAINO","isPartOf":{"@id":"https:\/\/o3m.it\/fr\/#website"},"datePublished":"2022-07-20T13:24:16+00:00","dateModified":"2023-06-28T07:31:31+00:00","breadcrumb":{"@id":"https:\/\/o3m.it\/fr\/modeles-de-generateurs-o3m\/#breadcrumb"},"inLanguage":"fr-FR","potentialAction":[{"@type":"ReadAction","target":["https:\/\/o3m.it\/fr\/modeles-de-generateurs-o3m\/"]}]},{"@type":"BreadcrumbList","@id":"https:\/\/o3m.it\/fr\/modeles-de-generateurs-o3m\/#breadcrumb","itemListElement":[{"@type":"ListItem","position":1,"name":"Home","item":"https:\/\/o3m.it\/fr\/"},{"@type":"ListItem","position":2,"name":"Mod\u00e8les de g\u00e9n\u00e9rateurs O3M:"}]},{"@type":"WebSite","@id":"https:\/\/o3m.it\/fr\/#website","url":"https:\/\/o3m.it\/fr\/","name":"O3M by MAINO","description":"OZONO","publisher":{"@id":"https:\/\/o3m.it\/fr\/#organization"},"potentialAction":[{"@type":"SearchAction","target":{"@type":"EntryPoint","urlTemplate":"https:\/\/o3m.it\/fr\/?s={search_term_string}"},"query-input":{"@type":"PropertyValueSpecification","valueRequired":true,"valueName":"search_term_string"}}],"inLanguage":"fr-FR"},{"@type":"Organization","@id":"https:\/\/o3m.it\/fr\/#organization","name":"O3M by MAINO","url":"https:\/\/o3m.it\/fr\/","logo":{"@type":"ImageObject","inLanguage":"fr-FR","@id":"https:\/\/o3m.it\/fr\/#\/schema\/logo\/image\/","url":"https:\/\/o3m.it\/wp-content\/uploads\/2019\/07\/logo-o3m-sc.png","contentUrl":"https:\/\/o3m.it\/wp-content\/uploads\/2019\/07\/logo-o3m-sc.png","width":1068,"height":922,"caption":"O3M by MAINO"},"image":{"@id":"https:\/\/o3m.it\/fr\/#\/schema\/logo\/image\/"}}]}},"jetpack_sharing_enabled":true,"_links":{"self":[{"href":"https:\/\/o3m.it\/fr\/wp-json\/wp\/v2\/pages\/3001","targetHints":{"allow":["GET"]}}],"collection":[{"href":"https:\/\/o3m.it\/fr\/wp-json\/wp\/v2\/pages"}],"about":[{"href":"https:\/\/o3m.it\/fr\/wp-json\/wp\/v2\/types\/page"}],"author":[{"embeddable":true,"href":"https:\/\/o3m.it\/fr\/wp-json\/wp\/v2\/users\/1"}],"replies":[{"embeddable":true,"href":"https:\/\/o3m.it\/fr\/wp-json\/wp\/v2\/comments?post=3001"}],"version-history":[{"count":0,"href":"https:\/\/o3m.it\/fr\/wp-json\/wp\/v2\/pages\/3001\/revisions"}],"wp:attachment":[{"href":"https:\/\/o3m.it\/fr\/wp-json\/wp\/v2\/media?parent=3001"}],"curies":[{"name":"wp","href":"https:\/\/api.w.org\/{rel}","templated":true}]}}