{"id":2997,"date":"2022-07-15T17:12:11","date_gmt":"2022-07-15T15:12:11","guid":{"rendered":"https:\/\/o3m.it\/linea-o3m-pro\/"},"modified":"2023-06-28T09:42:37","modified_gmt":"2023-06-28T07:42:37","slug":"ligne-o3m-pro","status":"publish","type":"page","link":"https:\/\/o3m.it\/fr\/ligne-o3m-pro\/","title":{"rendered":"Ligne O3M PRO"},"content":{"rendered":"\n<h2 class=\"wp-block-heading has-text-align-center\"><strong><strong>G\u00c9N\u00c9RATEURS D\u2019OZONE PUR<\/strong><\/strong><\/h2>\n\n\n<div class=\"wp-block-image\">\n<figure class=\"aligncenter size-full is-resized\"><img decoding=\"async\" src=\"https:\/\/o3m.it\/wp-content\/uploads\/2022\/07\/ozono-bella.jpg\" alt=\"\" class=\"wp-image-2151\" width=\"217\" height=\"185\" srcset=\"https:\/\/o3m.it\/wp-content\/uploads\/2022\/07\/ozono-bella.jpg 680w, https:\/\/o3m.it\/wp-content\/uploads\/2022\/07\/ozono-bella-300x256.jpg 300w, https:\/\/o3m.it\/wp-content\/uploads\/2022\/07\/ozono-bella-400x342.jpg 400w\" sizes=\"(max-width: 217px) 100vw, 217px\" \/><\/figure>\n<\/div>\n\n\n<p class=\"has-text-align-center has-medium-font-size\"><strong>O3M PRO ligne de g\u00e9n\u00e9rateurs sur roues et fixes con\u00e7us pour l&rsquo;industrie<\/strong><\/p>\n\n\n\n<div class=\"wp-block-columns is-layout-flex wp-container-core-columns-is-layout-9d6595d7 wp-block-columns-is-layout-flex\">\n<div class=\"wp-block-column is-layout-flow wp-block-column-is-layout-flow\"><div class=\"wp-block-image\">\n<figure class=\"aligncenter size-full\"><img decoding=\"async\" width=\"200\" height=\"187\" src=\"https:\/\/o3m.it\/wp-content\/uploads\/2022\/09\/CAMERA-1.png\" alt=\"\" class=\"wp-image-2331\"\/><figcaption class=\"wp-element-caption\"><strong>ASSAINISSEMENT CHAMBRES<\/strong><\/figcaption><\/figure>\n<\/div>\n\n\n<p><strong><strong>\u00c9limination totale des agents pathog\u00e8nes des environnements, mat\u00e9riaux, surfaces, etc.<\/strong><\/strong><\/p>\n<\/div>\n\n\n\n<div class=\"wp-block-column is-layout-flow wp-block-column-is-layout-flow\"><div class=\"wp-block-image\">\n<figure class=\"aligncenter size-full is-resized\"><img decoding=\"async\" src=\"https:\/\/o3m.it\/wp-content\/uploads\/2022\/09\/SANITA-MEZZI2-1.jpg\" alt=\"\" class=\"wp-image-2332\" width=\"219\" height=\"183\"\/><figcaption class=\"wp-element-caption\"><strong>ASSANISSEMENT DES V\u00c9HICULES D&rsquo;URGENCE<\/strong><\/figcaption><\/figure>\n<\/div>\n\n\n<p><strong>Assainir en profondeur les v\u00e9hicules<br>en tr\u00e8s peu de temps<\/strong><\/p>\n<\/div>\n\n\n\n<div class=\"wp-block-column is-layout-flow wp-block-column-is-layout-flow\"><div class=\"wp-block-image\">\n<figure class=\"aligncenter size-full is-resized\"><img loading=\"lazy\" decoding=\"async\" src=\"https:\/\/o3m.it\/wp-content\/uploads\/2022\/09\/PURE-WATER2.png\" alt=\"\" class=\"wp-image-2327\" width=\"185\" height=\"192\"\/><figcaption class=\"wp-element-caption\"><strong>EAU PURE<\/strong><\/figcaption><\/figure>\n<\/div>\n\n\n<p><strong>Stop-Legionella, Cryptosporidio, Ameba, Protozoi, Batteri, ecc. &#8230;<\/strong><\/p>\n<\/div>\n\n\n\n<div class=\"wp-block-column is-layout-flow wp-block-column-is-layout-flow\"><div class=\"wp-block-image\">\n<figure class=\"aligncenter size-full\"><img loading=\"lazy\" decoding=\"async\" width=\"150\" height=\"191\" src=\"https:\/\/o3m.it\/wp-content\/uploads\/2022\/09\/SPRAY-O3M-png.png\" alt=\"\" class=\"wp-image-2353\"\/><figcaption class=\"wp-element-caption\"><strong><strong><strong>D\u00c9SINFECTION<\/strong><\/strong><\/strong><\/figcaption><\/figure>\n<\/div>\n\n\n<p><strong><strong><strong>D\u00e9sinfecter \u2013 Hygi\u00e8niser \u2013 Assainir sans d\u2019autres produits chimiques<\/strong>, etc.<\/strong><\/strong><\/p>\n<\/div>\n<\/div>\n\n\n\n<div class=\"wp-block-columns is-layout-flex wp-container-core-columns-is-layout-9d6595d7 wp-block-columns-is-layout-flex\">\n<div class=\"wp-block-column is-layout-flow wp-block-column-is-layout-flow\"><div class=\"wp-block-image\">\n<figure class=\"aligncenter size-full is-resized\"><img loading=\"lazy\" decoding=\"async\" src=\"https:\/\/o3m.it\/wp-content\/uploads\/2022\/09\/CANTINA.png\" alt=\"\" class=\"wp-image-2320\" width=\"119\" height=\"119\" srcset=\"https:\/\/o3m.it\/wp-content\/uploads\/2022\/09\/CANTINA.png 128w, https:\/\/o3m.it\/wp-content\/uploads\/2022\/09\/CANTINA-100x100.png 100w\" sizes=\"(max-width: 119px) 100vw, 119px\" \/><figcaption class=\"wp-element-caption\"><strong>CAVES ET ENTREPRISES VITICOLES<\/strong><\/figcaption><\/figure>\n<\/div>\n\n\n<p><strong>Traitement de l&rsquo;air et de l&rsquo;eau, \u00e9limination du biofilm, bact\u00e9ries, moisissures, CIP, etc.<\/strong><\/p>\n<\/div>\n\n\n\n<div class=\"wp-block-column is-layout-flow wp-block-column-is-layout-flow\"><div class=\"wp-block-image\">\n<figure class=\"aligncenter size-full is-resized\"><img loading=\"lazy\" decoding=\"async\" src=\"https:\/\/o3m.it\/wp-content\/uploads\/2022\/09\/CELLA-FRIGO.png\" alt=\"\" class=\"wp-image-2310\" width=\"155\" height=\"155\" srcset=\"https:\/\/o3m.it\/wp-content\/uploads\/2022\/09\/CELLA-FRIGO.png 225w, https:\/\/o3m.it\/wp-content\/uploads\/2022\/09\/CELLA-FRIGO-150x150.png 150w, https:\/\/o3m.it\/wp-content\/uploads\/2022\/09\/CELLA-FRIGO-200x200.png 200w, https:\/\/o3m.it\/wp-content\/uploads\/2022\/09\/CELLA-FRIGO-100x100.png 100w\" sizes=\"(max-width: 155px) 100vw, 155px\" \/><figcaption class=\"wp-element-caption\"><strong>CHAMBRES FROIDES<\/strong><\/figcaption><\/figure>\n<\/div>\n\n\n<p><strong>\u00c9limination des moisissures, acariens, augmentation de la dur\u00e9e de conservation des aliments, etc.<\/strong><\/p>\n<\/div>\n\n\n\n<div class=\"wp-block-column is-layout-flow wp-block-column-is-layout-flow\"><div class=\"wp-block-image\">\n<figure class=\"aligncenter size-full is-resized\"><img loading=\"lazy\" decoding=\"async\" src=\"https:\/\/o3m.it\/wp-content\/uploads\/2022\/09\/BIRRIFICIO.jpg\" alt=\"\" class=\"wp-image-2321\" width=\"158\" height=\"158\" srcset=\"https:\/\/o3m.it\/wp-content\/uploads\/2022\/09\/BIRRIFICIO.jpg 150w, https:\/\/o3m.it\/wp-content\/uploads\/2022\/09\/BIRRIFICIO-100x100.jpg 100w\" sizes=\"(max-width: 158px) 100vw, 158px\" \/><figcaption class=\"wp-element-caption\"><strong><strong>BRASSERIES<\/strong><\/strong><\/figcaption><\/figure>\n<\/div>\n\n\n<p><strong>Traitement de l&rsquo;air et de l&rsquo;eau, \u00e9limination du biofilm, bact\u00e9ries, moisissures, CIP, etc.<\/strong><\/p>\n<\/div>\n\n\n\n<div class=\"wp-block-column is-layout-flow wp-block-column-is-layout-flow\"><div class=\"wp-block-image\">\n<figure class=\"aligncenter size-full is-resized\"><img loading=\"lazy\" decoding=\"async\" src=\"https:\/\/o3m.it\/wp-content\/uploads\/2022\/09\/ALLERGY-1.jpg\" alt=\"\" class=\"wp-image-2301\" width=\"167\" height=\"154\" srcset=\"https:\/\/o3m.it\/wp-content\/uploads\/2022\/09\/ALLERGY-1.jpg 541w, https:\/\/o3m.it\/wp-content\/uploads\/2022\/09\/ALLERGY-1-300x278.jpg 300w, https:\/\/o3m.it\/wp-content\/uploads\/2022\/09\/ALLERGY-1-400x370.jpg 400w\" sizes=\"(max-width: 167px) 100vw, 167px\" \/><figcaption class=\"wp-element-caption\"><strong>ALLERGIES<\/strong><\/figcaption><\/figure>\n<\/div>\n\n\n<p><strong><strong><strong>\u00c9liminer les allerg\u00e8nes de l&rsquo;environnement ext\u00e9rieur<\/strong>, etc.<\/strong><\/strong><\/p>\n<\/div>\n<\/div>\n\n\n\n<h3 class=\"wp-block-heading has-text-align-center\">SMART HEALTHCARE SYSTEM O3M<\/h3>\n\n\n\n<h2 class=\"wp-block-heading has-text-align-center\"><strong><strong>MOD\u00c8LES<\/strong><\/strong><\/h2>\n\n\n\n<div class=\"wp-block-columns is-layout-flex wp-container-core-columns-is-layout-9d6595d7 wp-block-columns-is-layout-flex\">\n<div class=\"wp-block-column is-layout-flow wp-block-column-is-layout-flow\">\n<p class=\"has-text-align-center has-medium-font-size\"><strong>GALILEO<\/strong><\/p>\n\n\n\n<p class=\"has-text-align-center\">Mod\u00e8le sur roues sp\u00e9cifique pour assainir les chambres<br>Complet avec catalyseur pour r\u00e9duire les temps de rentr\u00e9e<br>Une chambre de 75 mc en seulement 15 minutes &#8211; pas besoin de ventiler, volume traitable maximum 890 mc\/heure. Pr\u00e9par\u00e9 pour obtenir \u00e9galement de l&rsquo;eau d\u00e9sinfectante.<\/p>\n<\/div>\n\n\n\n<div class=\"wp-block-column is-layout-flow wp-block-column-is-layout-flow\">\n<p class=\"has-text-align-center has-medium-font-size\"><strong>BUS 2 &#8211; BUS 4<\/strong><\/p>\n\n\n\n<p class=\"has-text-align-center\">Mod\u00e8les sur roues pour assainir de gros volumes<br>\u00e0 la fois air et eau, complet avec un ou deux distributeurs de m\u00e9lange air+ozone \u00e0 haute performance<br><strong>BUS 2<\/strong> Volume traitable maximal 4500 mc\/heure<br><strong>BUS 4<\/strong> Volume traitable maximal 9000 mc\/heure<\/p>\n<\/div>\n\n\n\n<div class=\"wp-block-column is-layout-flow wp-block-column-is-layout-flow\">\n<p class=\"has-text-align-center has-medium-font-size\"><strong>RIS-AX<\/strong><\/p>\n\n\n\n<p>Mod\u00e8les sp\u00e9cifiques pour la gestion de l&rsquo;air dans les \u00e9tablissements d&rsquo;h\u00e9bergement avec climatisation centralis\u00e9e; bars restaurants pubs pizzerias, h\u00f4tels et cuisines, pour d\u00e9sodoriser et assainir ou \u00e9liminer la graisse et les odeurs des hottes. Volumes \u00e0 partir de 5000 mc\/heure.<\/p>\n<\/div>\n<\/div>\n\n\n\n<p><strong><strong>Description g\u00e9n\u00e9rique:<\/strong>&nbsp;<\/strong>Appareil de g\u00e9n\u00e9ration d\u2018<strong><strong>Ozone Pur<\/strong>&nbsp;<\/strong>avec fonction D\u00e9sinfectante D\u00e9sodorisante et Assainissante \u00ab&nbsp;d\u00e9sinfecte, hygi\u00e8nise et st\u00e9rilise&nbsp;\u00bb, pour <strong>AIR<\/strong> ou <strong>EAU<\/strong> ou <strong>LIQUIDES<\/strong>. Production dans une cellule de r\u00e9action semi-\u00e9tanche aliment\u00e9e par air avec compresseur, filtration de l\u2019air, s\u00e9chage de l\u2019air avec filtre \u00e0 tamis mol\u00e9culaire ou \u00e0 partir d&rsquo;une source d&rsquo;oxyg\u00e8ne pur, g\u00e9n\u00e9ration et gestion automatis\u00e9e pour des traitements uniques ou continus \u00ab&nbsp;m\u00eame en pr\u00e9sence de personnes et d\u2019animaux&nbsp;\u00bb , structures usin\u00e9es CNC en acier INOX,avec des poign\u00e9es de traction et des roues ou avec des fentes pour une installation fixe sur le mur ou sur une plate-forme skid pour les mod\u00e8les RIS-AX. Enti\u00e8rement fabriqu\u00e9 en Italie dans notre si\u00e8ge de C\u00f4me, avec des certifications et des garanties conformes \u00e0 la loi.<\/p>\n\n\n\n<p><em>Nos g\u00e9n\u00e9rateurs d\u2019Ozone Pur O3M by MAINO sont g\u00e9n\u00e9ralement utilis\u00e9s par l\u2019Universit\u00e9 d\u2019\u00c9tat de Milan et test\u00e9s pour valider \u00e0 la fois la qualit\u00e9 des traitements et l\u2019inhibition totale des bact\u00e9ries, virus, prolif\u00e9rations ou contaminations, afin de garantir des normes d\u2019hygi\u00e8ne \u00e9lev\u00e9es, conformes \u00e0 la l\u00e9gislation sanitaire en vigueur.<\/em><\/p>\n","protected":false},"excerpt":{"rendered":"<p>G\u00c9N\u00c9RATEURS D\u2019OZONE PUR O3M PRO ligne de g\u00e9n\u00e9rateurs sur roues et fixes con\u00e7us pour l&rsquo;industrie \u00c9limination totale des agents pathog\u00e8nes des environnements, mat\u00e9riaux, surfaces, etc. Assainir en profondeur les v\u00e9hiculesen tr\u00e8s peu de temps Stop-Legionella, Cryptosporidio, Ameba, Protozoi, Batteri, ecc. &#8230; D\u00e9sinfecter \u2013 Hygi\u00e8niser \u2013 Assainir sans d\u2019autres produits chimiques, etc. Traitement de l&rsquo;air et&hellip;&nbsp;<a href=\"https:\/\/o3m.it\/fr\/ligne-o3m-pro\/\" rel=\"bookmark\">Lire la suite &raquo;<span class=\"screen-reader-text\">Ligne O3M PRO<\/span><\/a><\/p>\n","protected":false},"author":1,"featured_media":0,"parent":0,"menu_order":0,"comment_status":"closed","ping_status":"closed","template":"","meta":{"neve_meta_sidebar":"full-width","neve_meta_container":"","neve_meta_enable_content_width":"on","neve_meta_content_width":100,"neve_meta_title_alignment":"","neve_meta_author_avatar":"","neve_post_elements_order":"","neve_meta_disable_header":"","neve_meta_disable_footer":"","neve_meta_disable_title":"","_themeisle_gutenberg_block_has_review":false,"footnotes":""},"class_list":["post-2997","page","type-page","status-publish","hentry"],"yoast_head":"<!-- This site is optimized with the Yoast SEO plugin v26.9 - https:\/\/yoast.com\/product\/yoast-seo-wordpress\/ -->\n<title>OZONE PUR O3M - LIGNE PRO<\/title>\n<meta name=\"description\" content=\"\u00c9QUIPEMENTS SP\u00c9CIFIQUES POUR LES INDUSTRIES HO.RE.CA. H\u00d4PITAUX, V\u00c9HICULES D&#039;URGENCE, ASSAINISSEMENT DE L&#039;ENVIRONNEMENT, CHAMBRES, EAU, OZONE PUR O3M SMART HEALTHCARE SYSTEM\" \/>\n<meta name=\"robots\" content=\"index, follow, max-snippet:-1, max-image-preview:large, max-video-preview:-1\" \/>\n<link rel=\"canonical\" href=\"https:\/\/o3m.it\/fr\/ligne-o3m-pro\/\" \/>\n<meta property=\"og:locale\" content=\"fr_FR\" \/>\n<meta property=\"og:type\" content=\"article\" \/>\n<meta property=\"og:title\" content=\"OZONE PUR O3M - LIGNE PRO\" \/>\n<meta property=\"og:description\" content=\"\u00c9QUIPEMENTS SP\u00c9CIFIQUES POUR LES INDUSTRIES HO.RE.CA. H\u00d4PITAUX, V\u00c9HICULES D&#039;URGENCE, ASSAINISSEMENT DE L&#039;ENVIRONNEMENT, CHAMBRES, EAU, OZONE PUR O3M SMART HEALTHCARE SYSTEM\" \/>\n<meta property=\"og:url\" content=\"https:\/\/o3m.it\/fr\/ligne-o3m-pro\/\" \/>\n<meta property=\"og:site_name\" content=\"O3M by MAINO\" \/>\n<meta property=\"article:modified_time\" content=\"2023-06-28T07:42:37+00:00\" \/>\n<meta property=\"og:image\" content=\"https:\/\/o3m.it\/wp-content\/uploads\/2022\/07\/ozono-bella.jpg\" \/>\n<meta name=\"twitter:card\" content=\"summary_large_image\" \/>\n<meta name=\"twitter:label1\" content=\"Dur\u00e9e de lecture estim\u00e9e\" \/>\n\t<meta name=\"twitter:data1\" content=\"5 minutes\" \/>\n<script type=\"application\/ld+json\" class=\"yoast-schema-graph\">{\"@context\":\"https:\/\/schema.org\",\"@graph\":[{\"@type\":\"WebPage\",\"@id\":\"https:\/\/o3m.it\/fr\/ligne-o3m-pro\/\",\"url\":\"https:\/\/o3m.it\/fr\/ligne-o3m-pro\/\",\"name\":\"OZONE PUR O3M - LIGNE PRO\",\"isPartOf\":{\"@id\":\"https:\/\/o3m.it\/fr\/#website\"},\"primaryImageOfPage\":{\"@id\":\"https:\/\/o3m.it\/fr\/ligne-o3m-pro\/#primaryimage\"},\"image\":{\"@id\":\"https:\/\/o3m.it\/fr\/ligne-o3m-pro\/#primaryimage\"},\"thumbnailUrl\":\"https:\/\/o3m.it\/wp-content\/uploads\/2022\/07\/ozono-bella.jpg\",\"datePublished\":\"2022-07-15T15:12:11+00:00\",\"dateModified\":\"2023-06-28T07:42:37+00:00\",\"description\":\"\u00c9QUIPEMENTS SP\u00c9CIFIQUES POUR LES INDUSTRIES HO.RE.CA. H\u00d4PITAUX, V\u00c9HICULES D'URGENCE, ASSAINISSEMENT DE L'ENVIRONNEMENT, CHAMBRES, EAU, OZONE PUR O3M SMART HEALTHCARE SYSTEM\",\"breadcrumb\":{\"@id\":\"https:\/\/o3m.it\/fr\/ligne-o3m-pro\/#breadcrumb\"},\"inLanguage\":\"fr-FR\",\"potentialAction\":[{\"@type\":\"ReadAction\",\"target\":[\"https:\/\/o3m.it\/fr\/ligne-o3m-pro\/\"]}]},{\"@type\":\"ImageObject\",\"inLanguage\":\"fr-FR\",\"@id\":\"https:\/\/o3m.it\/fr\/ligne-o3m-pro\/#primaryimage\",\"url\":\"https:\/\/o3m.it\/wp-content\/uploads\/2022\/07\/ozono-bella.jpg\",\"contentUrl\":\"https:\/\/o3m.it\/wp-content\/uploads\/2022\/07\/ozono-bella.jpg\"},{\"@type\":\"BreadcrumbList\",\"@id\":\"https:\/\/o3m.it\/fr\/ligne-o3m-pro\/#breadcrumb\",\"itemListElement\":[{\"@type\":\"ListItem\",\"position\":1,\"name\":\"Home\",\"item\":\"https:\/\/o3m.it\/fr\/\"},{\"@type\":\"ListItem\",\"position\":2,\"name\":\"Ligne O3M PRO\"}]},{\"@type\":\"WebSite\",\"@id\":\"https:\/\/o3m.it\/fr\/#website\",\"url\":\"https:\/\/o3m.it\/fr\/\",\"name\":\"O3M by MAINO\",\"description\":\"OZONO\",\"publisher\":{\"@id\":\"https:\/\/o3m.it\/fr\/#organization\"},\"potentialAction\":[{\"@type\":\"SearchAction\",\"target\":{\"@type\":\"EntryPoint\",\"urlTemplate\":\"https:\/\/o3m.it\/fr\/?s={search_term_string}\"},\"query-input\":{\"@type\":\"PropertyValueSpecification\",\"valueRequired\":true,\"valueName\":\"search_term_string\"}}],\"inLanguage\":\"fr-FR\"},{\"@type\":\"Organization\",\"@id\":\"https:\/\/o3m.it\/fr\/#organization\",\"name\":\"O3M by MAINO\",\"url\":\"https:\/\/o3m.it\/fr\/\",\"logo\":{\"@type\":\"ImageObject\",\"inLanguage\":\"fr-FR\",\"@id\":\"https:\/\/o3m.it\/fr\/#\/schema\/logo\/image\/\",\"url\":\"https:\/\/o3m.it\/wp-content\/uploads\/2019\/07\/logo-o3m-sc.png\",\"contentUrl\":\"https:\/\/o3m.it\/wp-content\/uploads\/2019\/07\/logo-o3m-sc.png\",\"width\":1068,\"height\":922,\"caption\":\"O3M by MAINO\"},\"image\":{\"@id\":\"https:\/\/o3m.it\/fr\/#\/schema\/logo\/image\/\"}}]}<\/script>\n<!-- \/ Yoast SEO plugin. -->","yoast_head_json":{"title":"OZONE PUR O3M - LIGNE PRO","description":"\u00c9QUIPEMENTS SP\u00c9CIFIQUES POUR LES INDUSTRIES HO.RE.CA. H\u00d4PITAUX, V\u00c9HICULES D'URGENCE, ASSAINISSEMENT DE L'ENVIRONNEMENT, CHAMBRES, EAU, OZONE PUR O3M SMART HEALTHCARE SYSTEM","robots":{"index":"index","follow":"follow","max-snippet":"max-snippet:-1","max-image-preview":"max-image-preview:large","max-video-preview":"max-video-preview:-1"},"canonical":"https:\/\/o3m.it\/fr\/ligne-o3m-pro\/","og_locale":"fr_FR","og_type":"article","og_title":"OZONE PUR O3M - LIGNE PRO","og_description":"\u00c9QUIPEMENTS SP\u00c9CIFIQUES POUR LES INDUSTRIES HO.RE.CA. H\u00d4PITAUX, V\u00c9HICULES D'URGENCE, ASSAINISSEMENT DE L'ENVIRONNEMENT, CHAMBRES, EAU, OZONE PUR O3M SMART HEALTHCARE SYSTEM","og_url":"https:\/\/o3m.it\/fr\/ligne-o3m-pro\/","og_site_name":"O3M by MAINO","article_modified_time":"2023-06-28T07:42:37+00:00","og_image":[{"url":"https:\/\/o3m.it\/wp-content\/uploads\/2022\/07\/ozono-bella.jpg","type":"","width":"","height":""}],"twitter_card":"summary_large_image","twitter_misc":{"Dur\u00e9e de lecture estim\u00e9e":"5 minutes"},"schema":{"@context":"https:\/\/schema.org","@graph":[{"@type":"WebPage","@id":"https:\/\/o3m.it\/fr\/ligne-o3m-pro\/","url":"https:\/\/o3m.it\/fr\/ligne-o3m-pro\/","name":"OZONE PUR O3M - LIGNE PRO","isPartOf":{"@id":"https:\/\/o3m.it\/fr\/#website"},"primaryImageOfPage":{"@id":"https:\/\/o3m.it\/fr\/ligne-o3m-pro\/#primaryimage"},"image":{"@id":"https:\/\/o3m.it\/fr\/ligne-o3m-pro\/#primaryimage"},"thumbnailUrl":"https:\/\/o3m.it\/wp-content\/uploads\/2022\/07\/ozono-bella.jpg","datePublished":"2022-07-15T15:12:11+00:00","dateModified":"2023-06-28T07:42:37+00:00","description":"\u00c9QUIPEMENTS SP\u00c9CIFIQUES POUR LES INDUSTRIES HO.RE.CA. H\u00d4PITAUX, V\u00c9HICULES D'URGENCE, ASSAINISSEMENT DE L'ENVIRONNEMENT, CHAMBRES, EAU, OZONE PUR O3M SMART HEALTHCARE SYSTEM","breadcrumb":{"@id":"https:\/\/o3m.it\/fr\/ligne-o3m-pro\/#breadcrumb"},"inLanguage":"fr-FR","potentialAction":[{"@type":"ReadAction","target":["https:\/\/o3m.it\/fr\/ligne-o3m-pro\/"]}]},{"@type":"ImageObject","inLanguage":"fr-FR","@id":"https:\/\/o3m.it\/fr\/ligne-o3m-pro\/#primaryimage","url":"https:\/\/o3m.it\/wp-content\/uploads\/2022\/07\/ozono-bella.jpg","contentUrl":"https:\/\/o3m.it\/wp-content\/uploads\/2022\/07\/ozono-bella.jpg"},{"@type":"BreadcrumbList","@id":"https:\/\/o3m.it\/fr\/ligne-o3m-pro\/#breadcrumb","itemListElement":[{"@type":"ListItem","position":1,"name":"Home","item":"https:\/\/o3m.it\/fr\/"},{"@type":"ListItem","position":2,"name":"Ligne O3M PRO"}]},{"@type":"WebSite","@id":"https:\/\/o3m.it\/fr\/#website","url":"https:\/\/o3m.it\/fr\/","name":"O3M by MAINO","description":"OZONO","publisher":{"@id":"https:\/\/o3m.it\/fr\/#organization"},"potentialAction":[{"@type":"SearchAction","target":{"@type":"EntryPoint","urlTemplate":"https:\/\/o3m.it\/fr\/?s={search_term_string}"},"query-input":{"@type":"PropertyValueSpecification","valueRequired":true,"valueName":"search_term_string"}}],"inLanguage":"fr-FR"},{"@type":"Organization","@id":"https:\/\/o3m.it\/fr\/#organization","name":"O3M by MAINO","url":"https:\/\/o3m.it\/fr\/","logo":{"@type":"ImageObject","inLanguage":"fr-FR","@id":"https:\/\/o3m.it\/fr\/#\/schema\/logo\/image\/","url":"https:\/\/o3m.it\/wp-content\/uploads\/2019\/07\/logo-o3m-sc.png","contentUrl":"https:\/\/o3m.it\/wp-content\/uploads\/2019\/07\/logo-o3m-sc.png","width":1068,"height":922,"caption":"O3M by MAINO"},"image":{"@id":"https:\/\/o3m.it\/fr\/#\/schema\/logo\/image\/"}}]}},"jetpack_sharing_enabled":true,"_links":{"self":[{"href":"https:\/\/o3m.it\/fr\/wp-json\/wp\/v2\/pages\/2997","targetHints":{"allow":["GET"]}}],"collection":[{"href":"https:\/\/o3m.it\/fr\/wp-json\/wp\/v2\/pages"}],"about":[{"href":"https:\/\/o3m.it\/fr\/wp-json\/wp\/v2\/types\/page"}],"author":[{"embeddable":true,"href":"https:\/\/o3m.it\/fr\/wp-json\/wp\/v2\/users\/1"}],"replies":[{"embeddable":true,"href":"https:\/\/o3m.it\/fr\/wp-json\/wp\/v2\/comments?post=2997"}],"version-history":[{"count":0,"href":"https:\/\/o3m.it\/fr\/wp-json\/wp\/v2\/pages\/2997\/revisions"}],"wp:attachment":[{"href":"https:\/\/o3m.it\/fr\/wp-json\/wp\/v2\/media?parent=2997"}],"curies":[{"name":"wp","href":"https:\/\/api.w.org\/{rel}","templated":true}]}}