{"id":2994,"date":"2022-07-14T17:36:38","date_gmt":"2022-07-14T15:36:38","guid":{"rendered":"https:\/\/o3m.it\/linea-o3m-terminator\/"},"modified":"2023-06-28T09:47:28","modified_gmt":"2023-06-28T07:47:28","slug":"ligne-o3m-terminator","status":"publish","type":"page","link":"https:\/\/o3m.it\/fr\/ligne-o3m-terminator\/","title":{"rendered":"Ligne O3M Terminator"},"content":{"rendered":"\n<h2 class=\"wp-block-heading has-text-align-center\"><strong><strong>G\u00c9N\u00c9RATEURS D\u2019OZONE PUR<\/strong><\/strong><\/h2>\n\n\n<div class=\"wp-block-image\">\n<figure class=\"aligncenter size-full is-resized\"><img decoding=\"async\" src=\"https:\/\/o3m.it\/wp-content\/uploads\/2022\/07\/ozono-bella.jpg\" alt=\"\" class=\"wp-image-2151\" width=\"217\" height=\"185\" srcset=\"https:\/\/o3m.it\/wp-content\/uploads\/2022\/07\/ozono-bella.jpg 680w, https:\/\/o3m.it\/wp-content\/uploads\/2022\/07\/ozono-bella-300x256.jpg 300w, https:\/\/o3m.it\/wp-content\/uploads\/2022\/07\/ozono-bella-400x342.jpg 400w\" sizes=\"(max-width: 217px) 100vw, 217px\" \/><\/figure>\n<\/div>\n\n\n<p class=\"has-text-align-center has-medium-font-size\"><strong>O3M TERMINATOR ligne de g\u00e9n\u00e9rateurs transportables con\u00e7us \u00e0 des fins universelles<\/strong><\/p>\n\n\n\n<div class=\"wp-block-columns is-layout-flex wp-container-core-columns-is-layout-9d6595d7 wp-block-columns-is-layout-flex\">\n<div class=\"wp-block-column is-layout-flow wp-block-column-is-layout-flow\"><div class=\"wp-block-image\">\n<figure class=\"aligncenter size-full is-resized\"><img decoding=\"async\" src=\"https:\/\/o3m.it\/wp-content\/uploads\/2022\/09\/DEO-ARBRE.jpg\" alt=\"\" class=\"wp-image-2299\" width=\"110\" height=\"185\" srcset=\"https:\/\/o3m.it\/wp-content\/uploads\/2022\/09\/DEO-ARBRE.jpg 180w, https:\/\/o3m.it\/wp-content\/uploads\/2022\/09\/DEO-ARBRE-178x300.jpg 178w\" sizes=\"(max-width: 110px) 100vw, 110px\" \/><figcaption class=\"wp-element-caption\"><strong><strong>D\u00c9SODORATION<\/strong><\/strong><\/figcaption><\/figure>\n<\/div>\n\n\n<p class=\"has-text-align-center\"><strong>D\u00e9sodoriser et \u00e9liminer toute odeur sans la couvrir, etc.<\/strong><\/p>\n<\/div>\n\n\n\n<div class=\"wp-block-column is-layout-flow wp-block-column-is-layout-flow\"><div class=\"wp-block-image\">\n<figure class=\"aligncenter size-full is-resized\"><img decoding=\"async\" src=\"https:\/\/o3m.it\/wp-content\/uploads\/2022\/09\/ALLERGY-1.jpg\" alt=\"\" class=\"wp-image-2301\" width=\"200\" height=\"185\" srcset=\"https:\/\/o3m.it\/wp-content\/uploads\/2022\/09\/ALLERGY-1.jpg 541w, https:\/\/o3m.it\/wp-content\/uploads\/2022\/09\/ALLERGY-1-300x278.jpg 300w, https:\/\/o3m.it\/wp-content\/uploads\/2022\/09\/ALLERGY-1-400x370.jpg 400w\" sizes=\"(max-width: 200px) 100vw, 200px\" \/><figcaption class=\"wp-element-caption\"><strong><strong>ALLERGIES<\/strong><\/strong><\/figcaption><\/figure>\n<\/div>\n\n\n<p class=\"has-text-align-center\"><strong><strong>\u00c9liminer les allerg\u00e8nes de l&rsquo;environnement ext\u00e9rieur<\/strong>, etc.<\/strong><\/p>\n<\/div>\n\n\n\n<div class=\"wp-block-column is-layout-flow wp-block-column-is-layout-flow\"><div class=\"wp-block-image\">\n<figure class=\"aligncenter size-full\"><img loading=\"lazy\" decoding=\"async\" width=\"150\" height=\"191\" src=\"https:\/\/o3m.it\/wp-content\/uploads\/2022\/09\/SPRAY-O3M-png.png\" alt=\"\" class=\"wp-image-2353\"\/><figcaption class=\"wp-element-caption\"><strong><strong>D\u00c9SINFECTION<\/strong><\/strong><\/figcaption><\/figure>\n<\/div>\n\n\n<p class=\"has-text-align-center\"><strong><strong>D\u00e9sinfecter \u2013 Hygi\u00e8niser \u2013 Assainir sans d&rsquo;autres produits chimiques<\/strong>, etc.<\/strong><\/p>\n<\/div>\n\n\n\n<div class=\"wp-block-column is-layout-flow wp-block-column-is-layout-flow\"><div class=\"wp-block-image\">\n<figure class=\"aligncenter size-full is-resized\"><img loading=\"lazy\" decoding=\"async\" src=\"https:\/\/o3m.it\/wp-content\/uploads\/2022\/09\/PURE-WATER2-e1662996839779.png\" alt=\"\" class=\"wp-image-2327\" width=\"165\" height=\"171\"\/><figcaption class=\"wp-element-caption\"><br><strong><strong>EAU PURE<\/strong><\/strong><\/figcaption><\/figure>\n<\/div>\n\n\n<p class=\"has-text-align-center\"><strong>Eau bact\u00e9riologiquement pure, Eaux techniques industrielles, etc.<\/strong><\/p>\n<\/div>\n<\/div>\n\n\n\n<div class=\"wp-block-columns is-layout-flex wp-container-core-columns-is-layout-9d6595d7 wp-block-columns-is-layout-flex\">\n<div class=\"wp-block-column is-layout-flow wp-block-column-is-layout-flow\"><div class=\"wp-block-image\">\n<figure class=\"aligncenter size-full is-resized\"><img loading=\"lazy\" decoding=\"async\" src=\"https:\/\/o3m.it\/wp-content\/uploads\/2022\/09\/FRUTTA-E-VEGETALI.jpg\" alt=\"\" class=\"wp-image-2309\" width=\"186\" height=\"186\" srcset=\"https:\/\/o3m.it\/wp-content\/uploads\/2022\/09\/FRUTTA-E-VEGETALI.jpg 599w, https:\/\/o3m.it\/wp-content\/uploads\/2022\/09\/FRUTTA-E-VEGETALI-300x300.jpg 300w, https:\/\/o3m.it\/wp-content\/uploads\/2022\/09\/FRUTTA-E-VEGETALI-150x150.jpg 150w, https:\/\/o3m.it\/wp-content\/uploads\/2022\/09\/FRUTTA-E-VEGETALI-200x200.jpg 200w, https:\/\/o3m.it\/wp-content\/uploads\/2022\/09\/FRUTTA-E-VEGETALI-400x401.jpg 400w, https:\/\/o3m.it\/wp-content\/uploads\/2022\/09\/FRUTTA-E-VEGETALI-100x100.jpg 100w\" sizes=\"(max-width: 186px) 100vw, 186px\" \/><figcaption class=\"wp-element-caption\"><strong>L\u00c9GUMES ET FRUITS<\/strong><\/figcaption><\/figure>\n<\/div>\n\n\n<p class=\"has-text-align-center\"><strong>G\u00e9rer les cultures sous serre, lutter contre les bact\u00e9ries, les spores, les champignons, les moisissures, les virus, \u2026<\/strong><\/p>\n<\/div>\n\n\n\n<div class=\"wp-block-column is-layout-flow wp-block-column-is-layout-flow\"><div class=\"wp-block-image\">\n<figure class=\"aligncenter size-full is-resized\"><img loading=\"lazy\" decoding=\"async\" src=\"https:\/\/o3m.it\/wp-content\/uploads\/2022\/09\/CELLA-FRIGO.png\" alt=\"\" class=\"wp-image-2310\" width=\"189\" height=\"189\" srcset=\"https:\/\/o3m.it\/wp-content\/uploads\/2022\/09\/CELLA-FRIGO.png 225w, https:\/\/o3m.it\/wp-content\/uploads\/2022\/09\/CELLA-FRIGO-150x150.png 150w, https:\/\/o3m.it\/wp-content\/uploads\/2022\/09\/CELLA-FRIGO-200x200.png 200w, https:\/\/o3m.it\/wp-content\/uploads\/2022\/09\/CELLA-FRIGO-100x100.png 100w\" sizes=\"(max-width: 189px) 100vw, 189px\" \/><figcaption class=\"wp-element-caption\"><strong>CHAMBRES FROIDES<\/strong><\/figcaption><\/figure>\n<\/div>\n\n\n<p class=\"has-text-align-center\"><strong>Lutte contre les moisissures, \u00e9limination des acariens, augmentation de la dur\u00e9e de conservation, etc.<\/strong><\/p>\n<\/div>\n\n\n\n<div class=\"wp-block-column is-layout-flow wp-block-column-is-layout-flow\"><div class=\"wp-block-image\">\n<figure class=\"aligncenter size-full is-resized\"><img loading=\"lazy\" decoding=\"async\" src=\"https:\/\/o3m.it\/wp-content\/uploads\/2022\/09\/SANY-4.png\" alt=\"\" class=\"wp-image-2312\" width=\"186\" height=\"186\" srcset=\"https:\/\/o3m.it\/wp-content\/uploads\/2022\/09\/SANY-4.png 250w, https:\/\/o3m.it\/wp-content\/uploads\/2022\/09\/SANY-4-150x150.png 150w, https:\/\/o3m.it\/wp-content\/uploads\/2022\/09\/SANY-4-200x200.png 200w, https:\/\/o3m.it\/wp-content\/uploads\/2022\/09\/SANY-4-100x100.png 100w\" sizes=\"(max-width: 186px) 100vw, 186px\" \/><figcaption class=\"wp-element-caption\"><strong>ASSAINISSEMENT ENVIRONNEMENTAL<\/strong><\/figcaption><\/figure>\n<\/div>\n\n\n<p class=\"has-text-align-center\"><strong>\u00c9limination totale des agents pathog\u00e8nes des environnements, des mat\u00e9riaux et des surfaces<\/strong><\/p>\n<\/div>\n\n\n\n<div class=\"wp-block-column is-layout-flow wp-block-column-is-layout-flow\"><div class=\"wp-block-image\">\n<figure class=\"aligncenter size-full is-resized\"><img loading=\"lazy\" decoding=\"async\" src=\"https:\/\/o3m.it\/wp-content\/uploads\/2022\/09\/VEHICLE-SANY-0.jpg\" alt=\"\" class=\"wp-image-2314\" width=\"248\" height=\"185\"\/><figcaption class=\"wp-element-caption\"><strong>HYGI\u00c8NE V\u00c9HICULES<\/strong><\/figcaption><\/figure>\n<\/div>\n\n\n<p class=\"has-text-align-center\"><strong>S\u00e9curit\u00e9 des conducteurs et des passagers, assainissement de l&rsquo;habitacle, etc.<\/strong><\/p>\n<\/div>\n<\/div>\n\n\n\n<h3 class=\"wp-block-heading has-text-align-center\">SMART HEALTHCARE SYSTEM O3M<\/h3>\n\n\n\n<h2 class=\"wp-block-heading has-text-align-center\"><strong><strong>MOD\u00c8LES<\/strong><\/strong><\/h2>\n\n\n\n<div class=\"wp-block-columns is-layout-flex wp-container-core-columns-is-layout-9d6595d7 wp-block-columns-is-layout-flex\">\n<div class=\"wp-block-column is-layout-flow wp-block-column-is-layout-flow\">\n<p class=\"has-text-align-center has-medium-font-size\"><strong>T1<\/strong><\/p>\n\n\n\n<p class=\"has-text-align-center\">Mod\u00e8le portable ultra-l\u00e9ger<br>12Vdc\/230Vac<br>Volume traitable 100 mc\/heure<\/p>\n<\/div>\n\n\n\n<div class=\"wp-block-column is-layout-flow wp-block-column-is-layout-flow\">\n<p class=\"has-text-align-center has-medium-font-size\"><strong>T2<\/strong><\/p>\n\n\n\n<p class=\"has-text-align-center\">Mod\u00e8le portable compact<br>230Vac avec une ou deux sorties<br>Volume traitable 300 mc\/heure<\/p>\n<\/div>\n\n\n\n<div class=\"wp-block-column is-layout-flow wp-block-column-is-layout-flow\">\n<p class=\"has-text-align-center has-medium-font-size\"><strong>T3<\/strong><\/p>\n\n\n\n<p class=\"has-text-align-center\">Mod\u00e8le portable<br>pour air et eau<br>Volume traitable 440 mc\/heure<\/p>\n<\/div>\n\n\n\n<div class=\"wp-block-column is-layout-flow wp-block-column-is-layout-flow\">\n<p class=\"has-text-align-center has-medium-font-size\"><strong>T4<\/strong><\/p>\n\n\n\n<p class=\"has-text-align-center\">Mod\u00e8le \u00e0 roues \u00e0 faible poids pour air et eau<br>Volume traitable 600 mc\/heure<\/p>\n<\/div>\n<\/div>\n\n\n\n<div class=\"wp-block-columns is-layout-flex wp-container-core-columns-is-layout-9d6595d7 wp-block-columns-is-layout-flex\">\n<div class=\"wp-block-column is-layout-flow wp-block-column-is-layout-flow\">\n<p class=\"has-text-align-center has-medium-font-size\"><strong>T5<\/strong><\/p>\n\n\n\n<p class=\"has-text-align-center\">Mod\u00e8le \u00e0 roues<br>pour air et eau<br>Volume traitable 890 mc\/heure<\/p>\n<\/div>\n\n\n\n<div class=\"wp-block-column is-layout-flow wp-block-column-is-layout-flow\">\n<p class=\"has-text-align-center has-medium-font-size\"><strong>T6<\/strong><\/p>\n\n\n\n<p class=\"has-text-align-center\">Mod\u00e8le \u00e0 roues<br>pour air et eau<br>Volume traitable 1000 mc\/heure<\/p>\n<\/div>\n\n\n\n<div class=\"wp-block-column is-layout-flow wp-block-column-is-layout-flow\">\n<p class=\"has-text-align-center has-medium-font-size\"><strong>T7<\/strong><\/p>\n\n\n\n<p class=\"has-text-align-center\">Mod\u00e8le \u00e0 roues<br>pour air et eau<br>Volume traitable 1300 mc\/heure<\/p>\n<\/div>\n\n\n\n<div class=\"wp-block-column is-layout-flow wp-block-column-is-layout-flow\">\n<p class=\"has-text-align-center has-medium-font-size\"><strong>T8<\/strong><\/p>\n\n\n\n<p class=\"has-text-align-center\">Mod\u00e8le \u00e0 roues<br>pour air et eau<br>Volume traitable 1800 mc\/heure<\/p>\n<\/div>\n<\/div>\n\n\n\n<p><strong><strong>Description g\u00e9n\u00e9rique:<\/strong>&nbsp;<\/strong>Appareil de g\u00e9n\u00e9ration d\u2018<strong><strong>Ozone Pur<\/strong>&nbsp;<\/strong>avec fonction D\u00e9sodorisante et Assainissante \u00ab&nbsp;d\u00e9sinfecte, hygi\u00e8nise et st\u00e9rilise&nbsp;\u00bb, production dans une cellule de r\u00e9action semi-\u00e9tanche aliment\u00e9e par air avec compresseur, filtration de l&rsquo;air, s\u00e9chage de l&rsquo;air avec filtre \u00e0 tamis mol\u00e9culaire, g\u00e9n\u00e9ration et gestion automatis\u00e9e pour des traitements uniques ou continus \u00ab&nbsp;m\u00eame en pr\u00e9sence de personnes et d\u2019animaux&nbsp;\u00bb , structures usin\u00e9es CNC en acier INOX, avec poign\u00e9e et roues. Enti\u00e8rement fabriqu\u00e9 en Italie dans notre si\u00e8ge de C\u00f4me, avec des certifications et des garanties conformes \u00e0 la loi.<\/p>\n\n\n\n<p><em>Nos g\u00e9n\u00e9rateurs d\u2019Ozone Pur O3M by MAINO sont g\u00e9n\u00e9ralement utilis\u00e9s par l\u2019Universit\u00e9 d\u2019\u00c9tat de Milan et test\u00e9s pour valider \u00e0 la fois la qualit\u00e9 des traitements et l\u2019inhibition totale des bact\u00e9ries, virus, prolif\u00e9rations ou contaminations, afin de garantir des normes d\u2019hygi\u00e8ne \u00e9lev\u00e9es, conformes \u00e0 la l\u00e9gislation sanitaire en vigueur.<\/em><\/p>\n","protected":false},"excerpt":{"rendered":"<p>G\u00c9N\u00c9RATEURS D\u2019OZONE PUR O3M TERMINATOR ligne de g\u00e9n\u00e9rateurs transportables con\u00e7us \u00e0 des fins universelles D\u00e9sodoriser et \u00e9liminer toute odeur sans la couvrir, etc. \u00c9liminer les allerg\u00e8nes de l&rsquo;environnement ext\u00e9rieur, etc. D\u00e9sinfecter \u2013 Hygi\u00e8niser \u2013 Assainir sans d&rsquo;autres produits chimiques, etc. Eau bact\u00e9riologiquement pure, Eaux techniques industrielles, etc. G\u00e9rer les cultures sous serre, lutter contre les&hellip;&nbsp;<a href=\"https:\/\/o3m.it\/fr\/ligne-o3m-terminator\/\" rel=\"bookmark\">Lire la suite &raquo;<span class=\"screen-reader-text\">Ligne O3M Terminator<\/span><\/a><\/p>\n","protected":false},"author":1,"featured_media":0,"parent":0,"menu_order":0,"comment_status":"closed","ping_status":"closed","template":"","meta":{"neve_meta_sidebar":"full-width","neve_meta_container":"","neve_meta_enable_content_width":"on","neve_meta_content_width":100,"neve_meta_title_alignment":"","neve_meta_author_avatar":"","neve_post_elements_order":"","neve_meta_disable_header":"","neve_meta_disable_footer":"","neve_meta_disable_title":"","_themeisle_gutenberg_block_has_review":false,"footnotes":""},"class_list":["post-2994","page","type-page","status-publish","hentry"],"yoast_head":"<!-- This site is optimized with the Yoast SEO plugin v26.9 - https:\/\/yoast.com\/product\/yoast-seo-wordpress\/ -->\n<title>OZONE PUR O3M - LIGNE TERMINATOR<\/title>\n<meta name=\"description\" content=\"\u00c9QUIPEMENT TRANSPORTABLE POUR DES VOLUMES D&#039;ASSAINISSEMENT DE 100 \u00c0 1800 MC - OZONE PUR - O3M SMART HEALTHCARE SYSTEM\" \/>\n<meta name=\"robots\" content=\"index, follow, max-snippet:-1, max-image-preview:large, max-video-preview:-1\" \/>\n<link rel=\"canonical\" href=\"https:\/\/o3m.it\/fr\/ligne-o3m-terminator\/\" \/>\n<meta property=\"og:locale\" content=\"fr_FR\" \/>\n<meta property=\"og:type\" content=\"article\" \/>\n<meta property=\"og:title\" content=\"OZONE PUR O3M - LIGNE TERMINATOR\" \/>\n<meta property=\"og:description\" content=\"\u00c9QUIPEMENT TRANSPORTABLE POUR DES VOLUMES D&#039;ASSAINISSEMENT DE 100 \u00c0 1800 MC - OZONE PUR - O3M SMART HEALTHCARE SYSTEM\" \/>\n<meta property=\"og:url\" content=\"https:\/\/o3m.it\/fr\/ligne-o3m-terminator\/\" \/>\n<meta property=\"og:site_name\" content=\"O3M by MAINO\" \/>\n<meta property=\"article:modified_time\" content=\"2023-06-28T07:47:28+00:00\" \/>\n<meta property=\"og:image\" content=\"https:\/\/o3m.it\/wp-content\/uploads\/2022\/07\/ozono-bella.jpg\" \/>\n<meta name=\"twitter:card\" content=\"summary_large_image\" \/>\n<meta name=\"twitter:label1\" content=\"Dur\u00e9e de lecture estim\u00e9e\" \/>\n\t<meta name=\"twitter:data1\" content=\"4 minutes\" \/>\n<script type=\"application\/ld+json\" class=\"yoast-schema-graph\">{\"@context\":\"https:\/\/schema.org\",\"@graph\":[{\"@type\":\"WebPage\",\"@id\":\"https:\/\/o3m.it\/fr\/ligne-o3m-terminator\/\",\"url\":\"https:\/\/o3m.it\/fr\/ligne-o3m-terminator\/\",\"name\":\"OZONE PUR O3M - LIGNE TERMINATOR\",\"isPartOf\":{\"@id\":\"https:\/\/o3m.it\/fr\/#website\"},\"primaryImageOfPage\":{\"@id\":\"https:\/\/o3m.it\/fr\/ligne-o3m-terminator\/#primaryimage\"},\"image\":{\"@id\":\"https:\/\/o3m.it\/fr\/ligne-o3m-terminator\/#primaryimage\"},\"thumbnailUrl\":\"https:\/\/o3m.it\/wp-content\/uploads\/2022\/07\/ozono-bella.jpg\",\"datePublished\":\"2022-07-14T15:36:38+00:00\",\"dateModified\":\"2023-06-28T07:47:28+00:00\",\"description\":\"\u00c9QUIPEMENT TRANSPORTABLE POUR DES VOLUMES D'ASSAINISSEMENT DE 100 \u00c0 1800 MC - OZONE PUR - O3M SMART HEALTHCARE SYSTEM\",\"breadcrumb\":{\"@id\":\"https:\/\/o3m.it\/fr\/ligne-o3m-terminator\/#breadcrumb\"},\"inLanguage\":\"fr-FR\",\"potentialAction\":[{\"@type\":\"ReadAction\",\"target\":[\"https:\/\/o3m.it\/fr\/ligne-o3m-terminator\/\"]}]},{\"@type\":\"ImageObject\",\"inLanguage\":\"fr-FR\",\"@id\":\"https:\/\/o3m.it\/fr\/ligne-o3m-terminator\/#primaryimage\",\"url\":\"https:\/\/o3m.it\/wp-content\/uploads\/2022\/07\/ozono-bella.jpg\",\"contentUrl\":\"https:\/\/o3m.it\/wp-content\/uploads\/2022\/07\/ozono-bella.jpg\"},{\"@type\":\"BreadcrumbList\",\"@id\":\"https:\/\/o3m.it\/fr\/ligne-o3m-terminator\/#breadcrumb\",\"itemListElement\":[{\"@type\":\"ListItem\",\"position\":1,\"name\":\"Home\",\"item\":\"https:\/\/o3m.it\/fr\/\"},{\"@type\":\"ListItem\",\"position\":2,\"name\":\"Ligne O3M Terminator\"}]},{\"@type\":\"WebSite\",\"@id\":\"https:\/\/o3m.it\/fr\/#website\",\"url\":\"https:\/\/o3m.it\/fr\/\",\"name\":\"O3M by MAINO\",\"description\":\"OZONO\",\"publisher\":{\"@id\":\"https:\/\/o3m.it\/fr\/#organization\"},\"potentialAction\":[{\"@type\":\"SearchAction\",\"target\":{\"@type\":\"EntryPoint\",\"urlTemplate\":\"https:\/\/o3m.it\/fr\/?s={search_term_string}\"},\"query-input\":{\"@type\":\"PropertyValueSpecification\",\"valueRequired\":true,\"valueName\":\"search_term_string\"}}],\"inLanguage\":\"fr-FR\"},{\"@type\":\"Organization\",\"@id\":\"https:\/\/o3m.it\/fr\/#organization\",\"name\":\"O3M by MAINO\",\"url\":\"https:\/\/o3m.it\/fr\/\",\"logo\":{\"@type\":\"ImageObject\",\"inLanguage\":\"fr-FR\",\"@id\":\"https:\/\/o3m.it\/fr\/#\/schema\/logo\/image\/\",\"url\":\"https:\/\/o3m.it\/wp-content\/uploads\/2019\/07\/logo-o3m-sc.png\",\"contentUrl\":\"https:\/\/o3m.it\/wp-content\/uploads\/2019\/07\/logo-o3m-sc.png\",\"width\":1068,\"height\":922,\"caption\":\"O3M by MAINO\"},\"image\":{\"@id\":\"https:\/\/o3m.it\/fr\/#\/schema\/logo\/image\/\"}}]}<\/script>\n<!-- \/ Yoast SEO plugin. -->","yoast_head_json":{"title":"OZONE PUR O3M - LIGNE TERMINATOR","description":"\u00c9QUIPEMENT TRANSPORTABLE POUR DES VOLUMES D'ASSAINISSEMENT DE 100 \u00c0 1800 MC - OZONE PUR - O3M SMART HEALTHCARE SYSTEM","robots":{"index":"index","follow":"follow","max-snippet":"max-snippet:-1","max-image-preview":"max-image-preview:large","max-video-preview":"max-video-preview:-1"},"canonical":"https:\/\/o3m.it\/fr\/ligne-o3m-terminator\/","og_locale":"fr_FR","og_type":"article","og_title":"OZONE PUR O3M - LIGNE TERMINATOR","og_description":"\u00c9QUIPEMENT TRANSPORTABLE POUR DES VOLUMES D'ASSAINISSEMENT DE 100 \u00c0 1800 MC - OZONE PUR - O3M SMART HEALTHCARE SYSTEM","og_url":"https:\/\/o3m.it\/fr\/ligne-o3m-terminator\/","og_site_name":"O3M by MAINO","article_modified_time":"2023-06-28T07:47:28+00:00","og_image":[{"url":"https:\/\/o3m.it\/wp-content\/uploads\/2022\/07\/ozono-bella.jpg","type":"","width":"","height":""}],"twitter_card":"summary_large_image","twitter_misc":{"Dur\u00e9e de lecture estim\u00e9e":"4 minutes"},"schema":{"@context":"https:\/\/schema.org","@graph":[{"@type":"WebPage","@id":"https:\/\/o3m.it\/fr\/ligne-o3m-terminator\/","url":"https:\/\/o3m.it\/fr\/ligne-o3m-terminator\/","name":"OZONE PUR O3M - LIGNE TERMINATOR","isPartOf":{"@id":"https:\/\/o3m.it\/fr\/#website"},"primaryImageOfPage":{"@id":"https:\/\/o3m.it\/fr\/ligne-o3m-terminator\/#primaryimage"},"image":{"@id":"https:\/\/o3m.it\/fr\/ligne-o3m-terminator\/#primaryimage"},"thumbnailUrl":"https:\/\/o3m.it\/wp-content\/uploads\/2022\/07\/ozono-bella.jpg","datePublished":"2022-07-14T15:36:38+00:00","dateModified":"2023-06-28T07:47:28+00:00","description":"\u00c9QUIPEMENT TRANSPORTABLE POUR DES VOLUMES D'ASSAINISSEMENT DE 100 \u00c0 1800 MC - OZONE PUR - O3M SMART HEALTHCARE SYSTEM","breadcrumb":{"@id":"https:\/\/o3m.it\/fr\/ligne-o3m-terminator\/#breadcrumb"},"inLanguage":"fr-FR","potentialAction":[{"@type":"ReadAction","target":["https:\/\/o3m.it\/fr\/ligne-o3m-terminator\/"]}]},{"@type":"ImageObject","inLanguage":"fr-FR","@id":"https:\/\/o3m.it\/fr\/ligne-o3m-terminator\/#primaryimage","url":"https:\/\/o3m.it\/wp-content\/uploads\/2022\/07\/ozono-bella.jpg","contentUrl":"https:\/\/o3m.it\/wp-content\/uploads\/2022\/07\/ozono-bella.jpg"},{"@type":"BreadcrumbList","@id":"https:\/\/o3m.it\/fr\/ligne-o3m-terminator\/#breadcrumb","itemListElement":[{"@type":"ListItem","position":1,"name":"Home","item":"https:\/\/o3m.it\/fr\/"},{"@type":"ListItem","position":2,"name":"Ligne O3M Terminator"}]},{"@type":"WebSite","@id":"https:\/\/o3m.it\/fr\/#website","url":"https:\/\/o3m.it\/fr\/","name":"O3M by MAINO","description":"OZONO","publisher":{"@id":"https:\/\/o3m.it\/fr\/#organization"},"potentialAction":[{"@type":"SearchAction","target":{"@type":"EntryPoint","urlTemplate":"https:\/\/o3m.it\/fr\/?s={search_term_string}"},"query-input":{"@type":"PropertyValueSpecification","valueRequired":true,"valueName":"search_term_string"}}],"inLanguage":"fr-FR"},{"@type":"Organization","@id":"https:\/\/o3m.it\/fr\/#organization","name":"O3M by MAINO","url":"https:\/\/o3m.it\/fr\/","logo":{"@type":"ImageObject","inLanguage":"fr-FR","@id":"https:\/\/o3m.it\/fr\/#\/schema\/logo\/image\/","url":"https:\/\/o3m.it\/wp-content\/uploads\/2019\/07\/logo-o3m-sc.png","contentUrl":"https:\/\/o3m.it\/wp-content\/uploads\/2019\/07\/logo-o3m-sc.png","width":1068,"height":922,"caption":"O3M by MAINO"},"image":{"@id":"https:\/\/o3m.it\/fr\/#\/schema\/logo\/image\/"}}]}},"jetpack_sharing_enabled":true,"_links":{"self":[{"href":"https:\/\/o3m.it\/fr\/wp-json\/wp\/v2\/pages\/2994","targetHints":{"allow":["GET"]}}],"collection":[{"href":"https:\/\/o3m.it\/fr\/wp-json\/wp\/v2\/pages"}],"about":[{"href":"https:\/\/o3m.it\/fr\/wp-json\/wp\/v2\/types\/page"}],"author":[{"embeddable":true,"href":"https:\/\/o3m.it\/fr\/wp-json\/wp\/v2\/users\/1"}],"replies":[{"embeddable":true,"href":"https:\/\/o3m.it\/fr\/wp-json\/wp\/v2\/comments?post=2994"}],"version-history":[{"count":0,"href":"https:\/\/o3m.it\/fr\/wp-json\/wp\/v2\/pages\/2994\/revisions"}],"wp:attachment":[{"href":"https:\/\/o3m.it\/fr\/wp-json\/wp\/v2\/media?parent=2994"}],"curies":[{"name":"wp","href":"https:\/\/api.w.org\/{rel}","templated":true}]}}