{"id":2991,"date":"2022-07-14T16:20:50","date_gmt":"2022-07-14T14:20:50","guid":{"rendered":"https:\/\/o3m.it\/linea-o3m-vr\/"},"modified":"2023-06-28T09:56:26","modified_gmt":"2023-06-28T07:56:26","slug":"ligne-o3m-vr","status":"publish","type":"page","link":"https:\/\/o3m.it\/fr\/ligne-o3m-vr\/","title":{"rendered":"Ligne O3M VR"},"content":{"rendered":"\n<h2 class=\"wp-block-heading has-text-align-center\"><strong>G\u00c9N\u00c9RATEURS D&rsquo;OZONE PUR<\/strong><\/h2>\n\n\n<div class=\"wp-block-image\">\n<figure class=\"aligncenter size-full is-resized\"><img decoding=\"async\" src=\"https:\/\/o3m.it\/wp-content\/uploads\/2022\/07\/ozono-bella.jpg\" alt=\"\" class=\"wp-image-2151\" width=\"217\" height=\"185\" srcset=\"https:\/\/o3m.it\/wp-content\/uploads\/2022\/07\/ozono-bella.jpg 680w, https:\/\/o3m.it\/wp-content\/uploads\/2022\/07\/ozono-bella-300x256.jpg 300w, https:\/\/o3m.it\/wp-content\/uploads\/2022\/07\/ozono-bella-400x342.jpg 400w\" sizes=\"(max-width: 217px) 100vw, 217px\" \/><\/figure>\n<\/div>\n\n\n<p class=\"has-text-align-center has-medium-font-size\"><strong>O3M VR Ligne de g\u00e9n\u00e9rateurs con\u00e7us pour les secteurs: Bateaux &#8211; V\u00e9hicules &#8211; Caravane &#8211; Camping-car<\/strong><\/p>\n\n\n\n<div class=\"wp-block-columns is-layout-flex wp-container-core-columns-is-layout-9d6595d7 wp-block-columns-is-layout-flex\">\n<div class=\"wp-block-column is-layout-flow wp-block-column-is-layout-flow\"><\/div>\n\n\n\n<div class=\"wp-block-column is-layout-flow wp-block-column-is-layout-flow\">\n<figure class=\"wp-block-image size-large\"><img fetchpriority=\"high\" decoding=\"async\" width=\"1024\" height=\"1024\" src=\"https:\/\/o3m.it\/wp-content\/uploads\/2022\/09\/BARCA-1024x1024.jpeg\" alt=\"\" class=\"wp-image-2342\" srcset=\"https:\/\/o3m.it\/wp-content\/uploads\/2022\/09\/BARCA-1024x1024.jpeg 1024w, https:\/\/o3m.it\/wp-content\/uploads\/2022\/09\/BARCA-300x300.jpeg 300w, https:\/\/o3m.it\/wp-content\/uploads\/2022\/09\/BARCA-150x150.jpeg 150w, https:\/\/o3m.it\/wp-content\/uploads\/2022\/09\/BARCA-768x768.jpeg 768w, https:\/\/o3m.it\/wp-content\/uploads\/2022\/09\/BARCA-200x200.jpeg 200w, https:\/\/o3m.it\/wp-content\/uploads\/2022\/09\/BARCA-400x400.jpeg 400w, https:\/\/o3m.it\/wp-content\/uploads\/2022\/09\/BARCA-100x100.jpeg 100w, https:\/\/o3m.it\/wp-content\/uploads\/2022\/09\/BARCA.jpeg 1182w\" sizes=\"(max-width: 1024px) 100vw, 1024px\" \/><\/figure>\n<\/div>\n\n\n\n<div class=\"wp-block-column is-layout-flow wp-block-column-is-layout-flow\"><\/div>\n\n\n\n<div class=\"wp-block-column is-layout-flow wp-block-column-is-layout-flow\">\n<figure class=\"wp-block-image size-large\"><img decoding=\"async\" width=\"1024\" height=\"1024\" src=\"https:\/\/o3m.it\/wp-content\/uploads\/2022\/09\/CARAVAN-1024x1024.jpeg\" alt=\"\" class=\"wp-image-2343\" srcset=\"https:\/\/o3m.it\/wp-content\/uploads\/2022\/09\/CARAVAN-1024x1024.jpeg 1024w, https:\/\/o3m.it\/wp-content\/uploads\/2022\/09\/CARAVAN-300x300.jpeg 300w, https:\/\/o3m.it\/wp-content\/uploads\/2022\/09\/CARAVAN-150x150.jpeg 150w, https:\/\/o3m.it\/wp-content\/uploads\/2022\/09\/CARAVAN-768x767.jpeg 768w, https:\/\/o3m.it\/wp-content\/uploads\/2022\/09\/CARAVAN-200x200.jpeg 200w, https:\/\/o3m.it\/wp-content\/uploads\/2022\/09\/CARAVAN-400x400.jpeg 400w, https:\/\/o3m.it\/wp-content\/uploads\/2022\/09\/CARAVAN-100x100.jpeg 100w, https:\/\/o3m.it\/wp-content\/uploads\/2022\/09\/CARAVAN.jpeg 1183w\" sizes=\"(max-width: 1024px) 100vw, 1024px\" \/><\/figure>\n<\/div>\n\n\n\n<div class=\"wp-block-column is-layout-flow wp-block-column-is-layout-flow\"><\/div>\n<\/div>\n\n\n\n<div class=\"wp-block-columns is-layout-flex wp-container-core-columns-is-layout-9d6595d7 wp-block-columns-is-layout-flex\">\n<div class=\"wp-block-column is-layout-flow wp-block-column-is-layout-flow\"><div class=\"wp-block-image\">\n<figure class=\"aligncenter size-full is-resized\"><img loading=\"lazy\" decoding=\"async\" src=\"https:\/\/o3m.it\/wp-content\/uploads\/2022\/09\/DEO-ARBRE.jpg\" alt=\"\" class=\"wp-image-2299\" width=\"97\" height=\"163\" srcset=\"https:\/\/o3m.it\/wp-content\/uploads\/2022\/09\/DEO-ARBRE.jpg 180w, https:\/\/o3m.it\/wp-content\/uploads\/2022\/09\/DEO-ARBRE-178x300.jpg 178w\" sizes=\"(max-width: 97px) 100vw, 97px\" \/><\/figure>\n<\/div><\/div>\n\n\n\n<div class=\"wp-block-column is-layout-flow wp-block-column-is-layout-flow\"><div class=\"wp-block-image\">\n<figure class=\"aligncenter size-full is-resized\"><img loading=\"lazy\" decoding=\"async\" src=\"https:\/\/o3m.it\/wp-content\/uploads\/2022\/09\/ALLERGY-1.jpg\" alt=\"\" class=\"wp-image-2301\" width=\"181\" height=\"168\" srcset=\"https:\/\/o3m.it\/wp-content\/uploads\/2022\/09\/ALLERGY-1.jpg 541w, https:\/\/o3m.it\/wp-content\/uploads\/2022\/09\/ALLERGY-1-300x278.jpg 300w, https:\/\/o3m.it\/wp-content\/uploads\/2022\/09\/ALLERGY-1-400x370.jpg 400w\" sizes=\"(max-width: 181px) 100vw, 181px\" \/><\/figure>\n<\/div><\/div>\n\n\n\n<div class=\"wp-block-column is-layout-flow wp-block-column-is-layout-flow\"><div class=\"wp-block-image\">\n<figure class=\"aligncenter size-full\"><img loading=\"lazy\" decoding=\"async\" width=\"150\" height=\"191\" src=\"https:\/\/o3m.it\/wp-content\/uploads\/2022\/09\/SPRAY-O3M-png.png\" alt=\"\" class=\"wp-image-2353\"\/><\/figure>\n<\/div><\/div>\n\n\n\n<div class=\"wp-block-column is-layout-flow wp-block-column-is-layout-flow\"><div class=\"wp-block-image\">\n<figure class=\"aligncenter size-full is-resized\"><img loading=\"lazy\" decoding=\"async\" src=\"https:\/\/o3m.it\/wp-content\/uploads\/2022\/09\/PURE-WATER2.png\" alt=\"\" class=\"wp-image-2327\" width=\"162\" height=\"167\"\/><\/figure>\n<\/div><\/div>\n<\/div>\n\n\n\n<div class=\"wp-block-columns is-layout-flex wp-container-core-columns-is-layout-9d6595d7 wp-block-columns-is-layout-flex\">\n<div class=\"wp-block-column is-layout-flow wp-block-column-is-layout-flow\">\n<p class=\"has-text-align-center\"><strong>D\u00c9SODORATION<\/strong><\/p>\n<\/div>\n\n\n\n<div class=\"wp-block-column is-layout-flow wp-block-column-is-layout-flow\">\n<p class=\"has-text-align-center\"><strong>ALLERGIES<\/strong><\/p>\n<\/div>\n\n\n\n<div class=\"wp-block-column is-layout-flow wp-block-column-is-layout-flow\">\n<p class=\"has-text-align-center\"><strong>D\u00c9SINFECTION<\/strong><\/p>\n<\/div>\n\n\n\n<div class=\"wp-block-column is-layout-flow wp-block-column-is-layout-flow\">\n<p class=\"has-text-align-center\"><strong>EAU PURE<\/strong><\/p>\n<\/div>\n<\/div>\n\n\n\n<div class=\"wp-block-columns is-layout-flex wp-container-core-columns-is-layout-9d6595d7 wp-block-columns-is-layout-flex\">\n<div class=\"wp-block-column is-layout-flow wp-block-column-is-layout-flow\">\n<p class=\"has-text-align-center\"><strong>D\u00e9sodoriser et \u00e9liminer toute odeur sans la couvrir<\/strong><\/p>\n<\/div>\n\n\n\n<div class=\"wp-block-column is-layout-flow wp-block-column-is-layout-flow\">\n<p class=\"has-text-align-center\"><strong>\u00c9liminer les allerg\u00e8nes de l&rsquo;environnement ext\u00e9rieur en \u00e9cologie<\/strong><\/p>\n<\/div>\n\n\n\n<div class=\"wp-block-column is-layout-flow wp-block-column-is-layout-flow\">\n<p class=\"has-text-align-center\"><strong>D\u00e9sinfecter &#8211; Hygi\u00e8niser &#8211; Assainir sans polluer avec des produits chimiques<\/strong><\/p>\n<\/div>\n\n\n\n<div class=\"wp-block-column is-layout-flow wp-block-column-is-layout-flow\">\n<p class=\"has-text-align-center\"><strong>V\u00e9ritable d\u00e9bact\u00e9risation du r\u00e9servoir d&rsquo;eau claire et gestion des eaux gris<\/strong><\/p>\n<\/div>\n<\/div>\n\n\n\n<h3 class=\"wp-block-heading has-text-align-center\">SMART HEALTHCARE SYSTEM O3M<\/h3>\n\n\n\n<h2 class=\"wp-block-heading has-text-align-center\"><strong>MOD\u00c8LES<\/strong><\/h2>\n\n\n\n<div class=\"wp-block-columns is-layout-flex wp-container-core-columns-is-layout-9d6595d7 wp-block-columns-is-layout-flex\">\n<div class=\"wp-block-column is-layout-flow wp-block-column-is-layout-flow\">\n<p class=\"has-text-align-center has-medium-font-size\"><strong><a href=\"https:\/\/o3m.it\/fr\/produit\/t1-basic\/\">BASIC<\/a><\/strong><\/p>\n\n\n\n<p style=\"font-size:15px\">Mod\u00e8le de base des g\u00e9n\u00e9rateurs d&rsquo;ozone pur O3M.<\/p>\n\n\n\n<p>Uniquement pour le traitement de l&rsquo;air en espace confin\u00e9.<\/p>\n\n\n\n<p>Seulement 230Vca.<\/p>\n\n\n\n<p style=\"font-size:15px\">Programme DEO: Fonctionnement m\u00eame en pr\u00e9sence de personnes et d&rsquo;animaux, en maintenant un niveau constant de d\u00e9sodorisation et d&rsquo;assainissement sans empoisonnement.<\/p>\n\n\n\n<p style=\"font-size:15px\">Programme SAFE: Fonctionnement en l&rsquo;absence de personnes et d&rsquo;animaux, il permet d&rsquo;obtenir une hygi\u00e8ne parfaite et approfondie et un assainissement sans compromis.<\/p>\n<\/div>\n\n\n\n<div class=\"wp-block-column is-layout-flow wp-block-column-is-layout-flow\">\n<p class=\"has-text-align-center has-medium-font-size\"><strong>TAXI &#8211; NCC<\/strong><\/p>\n\n\n\n<p class=\"has-text-align-left\" style=\"font-size:15px\">Mod\u00e8le ultra-compact tr\u00e8s peu \u00e9nergivore, con\u00e7u pour une installation fixe \u00e0 bord des v\u00e9hicules TAXI et NCC (Location avec Chauffeur).<\/p>\n\n\n\n<p class=\"has-text-align-left\" style=\"font-size:15px\">Il assure une d\u00e9sodorisation continue de l&rsquo;habitacle m\u00eame en pr\u00e9sence du conducteur et des passagers.<\/p>\n\n\n\n<p class=\"has-text-align-left\" style=\"font-size:15px\">En modifiant le programme en l&rsquo;absence de personnes \u00e0 bord, il permet une hygi\u00e8ne approfondie et efficace sans compromis.<\/p>\n<\/div>\n\n\n\n<div class=\"wp-block-column is-layout-flow wp-block-column-is-layout-flow\">\n<p class=\"has-text-align-center has-medium-font-size\"><strong><a href=\"https:\/\/o3m.it\/fr\/produit\/camper-o3-clever-sanity-system-o3m\/\">CAMPER O3<\/a><\/strong><\/p>\n\n\n\n<p style=\"font-size:15px\">G\u00e9n\u00e9rateur d&rsquo;ozone pur con\u00e7u pour fonctionner directement \u00e0 la tension de la batterie 12Vdc.<\/p>\n\n\n\n<p style=\"font-size:15px\">Programme DEO: en pr\u00e9sence de personnes et d&rsquo;animaux, il maintient un niveau constant de d\u00e9sodorisation et d&rsquo;assainissement.<\/p>\n\n\n\n<p style=\"font-size:15px\">Programme SAFE: en l&rsquo;absence de personnes et d&rsquo;animaux pour un assainissement efficace et approfondi sans compromis. <\/p>\n\n\n\n<p style=\"font-size:15px\">Programme AQA: connect\u00e9 au r\u00e9servoir d&rsquo;eau claire pour rendre l<strong>&lsquo;eau vraiment pure bact\u00e9riologiquement<\/strong>.<\/p>\n\n\n\n<p style=\"font-size:15px\">Programme GRIS: pour g\u00e9rer les eaux grises, souvent source de puanteurs et d&rsquo;odeurs.<\/p>\n\n\n\n<p style=\"font-size:15px\">Extra: sortie de buse pour tout traitement localis\u00e9.<\/p>\n<\/div>\n\n\n\n<div class=\"wp-block-column is-layout-flow wp-block-column-is-layout-flow\">\n<p class=\"has-text-align-center has-medium-font-size\"><strong><a href=\"https:\/\/o3m.it\/fr\/produit\/o3m-t1-c\/\">O3M T1-C<\/a><\/strong><\/p>\n\n\n\n<p style=\"font-size:15px\">G\u00e9n\u00e9rateur d&rsquo;ozone configurable selon vos besoins afin d&rsquo;avoir un dispositif sp\u00e9cifique \u00e0 la fois pour la tension d&rsquo;alimentation et le type d&rsquo;accessoires.<\/p>\n\n\n\n<p>La version de base comprend:<\/p>\n\n\n\n<ul class=\"wp-block-list\" style=\"font-size:15px\">\n<li>T\u00e9l\u00e9commande<\/li>\n\n\n\n<li>Alimentation 230Vca<\/li>\n\n\n\n<li>C\u00e2ble d&rsquo;extension<\/li>\n\n\n\n<li>Buse intubable<\/li>\n\n\n\n<li>Structure en m\u00e9tal galvanis\u00e9 et plastifi\u00e9<\/li>\n\n\n\n<li>Poign\u00e9e pour le transport<\/li>\n<\/ul>\n<\/div>\n<\/div>\n\n\n\n<p><strong>Description g\u00e9n\u00e9rique:<\/strong> Appareil de g\u00e9n\u00e9ration d<strong>&lsquo;Ozone Pur<\/strong> avec fonction D\u00e9sodorisante et Assainissante \u00ab\u00a0d\u00e9sinfecte, hygi\u00e8nise et st\u00e9rilise\u00a0\u00bb, production dans une cellule de r\u00e9action semi-\u00e9tanche aliment\u00e9e par air avec compresseur, g\u00e9n\u00e9ration et gestion automatis\u00e9e pour des traitements uniques ou continus \u00ab\u00a0m\u00eame en pr\u00e9sence de personnes et d&rsquo;animaux\u00a0\u00bb , structures usin\u00e9es CNC en acier galvanis\u00e9 et plastifi\u00e9, en option en acier inoxydable, avec poign\u00e9e de transport et\/ou fentes pour installation fixe. Enti\u00e8rement fabriqu\u00e9 en Italie dans notre si\u00e8ge de C\u00f4me, avec des certifications et des garanties conformes \u00e0 la loi.<\/p>\n\n\n\n<p><strong>CAMPER O3<\/strong> est optimis\u00e9 pour les bateaux et les v\u00e9hicules r\u00e9cr\u00e9atifs (camping-cars ou caravanes), il fonctionne \u00e0 12 Volts en courant continu (tension typique des batteries des diff\u00e9rents v\u00e9hicules) ou \u00e0 230Vac avec alimentation d\u00e9di\u00e9e en option (pour diff\u00e9rents usages), con\u00e7u pour rendre l&rsquo;eau claire du r\u00e9servoir bact\u00e9riologiquement pure apr\u00e8s chaque chargement, qu&rsquo;elle soit du r\u00e9seau d&rsquo;eau potable ou non. Pour un v\u00e9ritable effet <strong>anti-l\u00e9gionellose<\/strong>. Pour \u00e9liminer la salet\u00e9 et le biofilm des canalisations et des r\u00e9servoirs, Pour consommer moins d&rsquo;eau, Pour r\u00e9duire le calcaire, etc. &#8211; <span style=\"text-decoration: underline;\">Non seulement pour l&rsquo;eau<\/span>, mais \u00e9galement pour la distribution directe dans l&rsquo;espace confin\u00e9 pour d\u00e9sodoriser ou assainir l&rsquo;air, les surfaces, l&rsquo;int\u00e9rieur des tiroirs et des armoires et les fibres de tous les tissus.<\/p>\n\n\n\n<p><em>Nos g\u00e9n\u00e9rateurs d&rsquo;Ozone Pur O3M by MAINO sont g\u00e9n\u00e9ralement utilis\u00e9s par l&rsquo;Universit\u00e9 d&rsquo;\u00c9tat de Milan et test\u00e9s pour valider \u00e0 la fois la qualit\u00e9 des traitements et l&rsquo;inhibition totale des bact\u00e9ries, virus, prolif\u00e9rations ou contaminations, afin de garantir des normes d&rsquo;hygi\u00e8ne \u00e9lev\u00e9es, conformes \u00e0 la l\u00e9gislation sanitaire en vigueur.<\/em><\/p>\n","protected":false},"excerpt":{"rendered":"<p>G\u00c9N\u00c9RATEURS D&rsquo;OZONE PUR O3M VR Ligne de g\u00e9n\u00e9rateurs con\u00e7us pour les secteurs: Bateaux &#8211; V\u00e9hicules &#8211; Caravane &#8211; Camping-car D\u00c9SODORATION ALLERGIES D\u00c9SINFECTION EAU PURE D\u00e9sodoriser et \u00e9liminer toute odeur sans la couvrir \u00c9liminer les allerg\u00e8nes de l&rsquo;environnement ext\u00e9rieur en \u00e9cologie D\u00e9sinfecter &#8211; Hygi\u00e8niser &#8211; Assainir sans polluer avec des produits chimiques V\u00e9ritable d\u00e9bact\u00e9risation du r\u00e9servoir&hellip;&nbsp;<a href=\"https:\/\/o3m.it\/fr\/ligne-o3m-vr\/\" rel=\"bookmark\">Lire la suite &raquo;<span class=\"screen-reader-text\">Ligne O3M VR<\/span><\/a><\/p>\n","protected":false},"author":1,"featured_media":0,"parent":0,"menu_order":0,"comment_status":"closed","ping_status":"closed","template":"","meta":{"neve_meta_sidebar":"full-width","neve_meta_container":"","neve_meta_enable_content_width":"on","neve_meta_content_width":100,"neve_meta_title_alignment":"","neve_meta_author_avatar":"","neve_post_elements_order":"","neve_meta_disable_header":"","neve_meta_disable_footer":"","neve_meta_disable_title":"","_themeisle_gutenberg_block_has_review":false,"footnotes":""},"class_list":["post-2991","page","type-page","status-publish","hentry"],"yoast_head":"<!-- This site is optimized with the Yoast SEO plugin v26.9 - https:\/\/yoast.com\/product\/yoast-seo-wordpress\/ -->\n<title>OZONE PUR O3M - LIGNE VR<\/title>\n<meta name=\"description\" content=\"CAMPING-CARS BATEAUX CARAVANES - OZONE PUR - O3M SMART HEALTHCARE SYSTEM\" \/>\n<meta name=\"robots\" content=\"index, follow, max-snippet:-1, max-image-preview:large, max-video-preview:-1\" \/>\n<link rel=\"canonical\" href=\"https:\/\/o3m.it\/fr\/ligne-o3m-vr\/\" \/>\n<meta property=\"og:locale\" content=\"fr_FR\" \/>\n<meta property=\"og:type\" content=\"article\" \/>\n<meta property=\"og:title\" content=\"OZONE PUR O3M - LIGNE VR\" \/>\n<meta property=\"og:description\" content=\"CAMPING-CARS BATEAUX CARAVANES - OZONE PUR - O3M SMART HEALTHCARE SYSTEM\" \/>\n<meta property=\"og:url\" content=\"https:\/\/o3m.it\/fr\/ligne-o3m-vr\/\" \/>\n<meta property=\"og:site_name\" content=\"O3M by MAINO\" \/>\n<meta property=\"article:modified_time\" content=\"2023-06-28T07:56:26+00:00\" \/>\n<meta property=\"og:image\" content=\"https:\/\/o3m.it\/wp-content\/uploads\/2022\/07\/ozono-bella.jpg\" \/>\n<meta name=\"twitter:card\" content=\"summary_large_image\" \/>\n<meta name=\"twitter:label1\" content=\"Dur\u00e9e de lecture estim\u00e9e\" \/>\n\t<meta name=\"twitter:data1\" content=\"5 minutes\" \/>\n<script type=\"application\/ld+json\" class=\"yoast-schema-graph\">{\"@context\":\"https:\/\/schema.org\",\"@graph\":[{\"@type\":\"WebPage\",\"@id\":\"https:\/\/o3m.it\/fr\/ligne-o3m-vr\/\",\"url\":\"https:\/\/o3m.it\/fr\/ligne-o3m-vr\/\",\"name\":\"OZONE PUR O3M - LIGNE VR\",\"isPartOf\":{\"@id\":\"https:\/\/o3m.it\/fr\/#website\"},\"primaryImageOfPage\":{\"@id\":\"https:\/\/o3m.it\/fr\/ligne-o3m-vr\/#primaryimage\"},\"image\":{\"@id\":\"https:\/\/o3m.it\/fr\/ligne-o3m-vr\/#primaryimage\"},\"thumbnailUrl\":\"https:\/\/o3m.it\/wp-content\/uploads\/2022\/07\/ozono-bella.jpg\",\"datePublished\":\"2022-07-14T14:20:50+00:00\",\"dateModified\":\"2023-06-28T07:56:26+00:00\",\"description\":\"CAMPING-CARS BATEAUX CARAVANES - OZONE PUR - O3M SMART HEALTHCARE SYSTEM\",\"breadcrumb\":{\"@id\":\"https:\/\/o3m.it\/fr\/ligne-o3m-vr\/#breadcrumb\"},\"inLanguage\":\"fr-FR\",\"potentialAction\":[{\"@type\":\"ReadAction\",\"target\":[\"https:\/\/o3m.it\/fr\/ligne-o3m-vr\/\"]}]},{\"@type\":\"ImageObject\",\"inLanguage\":\"fr-FR\",\"@id\":\"https:\/\/o3m.it\/fr\/ligne-o3m-vr\/#primaryimage\",\"url\":\"https:\/\/o3m.it\/wp-content\/uploads\/2022\/07\/ozono-bella.jpg\",\"contentUrl\":\"https:\/\/o3m.it\/wp-content\/uploads\/2022\/07\/ozono-bella.jpg\"},{\"@type\":\"BreadcrumbList\",\"@id\":\"https:\/\/o3m.it\/fr\/ligne-o3m-vr\/#breadcrumb\",\"itemListElement\":[{\"@type\":\"ListItem\",\"position\":1,\"name\":\"Home\",\"item\":\"https:\/\/o3m.it\/fr\/\"},{\"@type\":\"ListItem\",\"position\":2,\"name\":\"Ligne O3M VR\"}]},{\"@type\":\"WebSite\",\"@id\":\"https:\/\/o3m.it\/fr\/#website\",\"url\":\"https:\/\/o3m.it\/fr\/\",\"name\":\"O3M by MAINO\",\"description\":\"OZONO\",\"publisher\":{\"@id\":\"https:\/\/o3m.it\/fr\/#organization\"},\"potentialAction\":[{\"@type\":\"SearchAction\",\"target\":{\"@type\":\"EntryPoint\",\"urlTemplate\":\"https:\/\/o3m.it\/fr\/?s={search_term_string}\"},\"query-input\":{\"@type\":\"PropertyValueSpecification\",\"valueRequired\":true,\"valueName\":\"search_term_string\"}}],\"inLanguage\":\"fr-FR\"},{\"@type\":\"Organization\",\"@id\":\"https:\/\/o3m.it\/fr\/#organization\",\"name\":\"O3M by MAINO\",\"url\":\"https:\/\/o3m.it\/fr\/\",\"logo\":{\"@type\":\"ImageObject\",\"inLanguage\":\"fr-FR\",\"@id\":\"https:\/\/o3m.it\/fr\/#\/schema\/logo\/image\/\",\"url\":\"https:\/\/o3m.it\/wp-content\/uploads\/2019\/07\/logo-o3m-sc.png\",\"contentUrl\":\"https:\/\/o3m.it\/wp-content\/uploads\/2019\/07\/logo-o3m-sc.png\",\"width\":1068,\"height\":922,\"caption\":\"O3M by MAINO\"},\"image\":{\"@id\":\"https:\/\/o3m.it\/fr\/#\/schema\/logo\/image\/\"}}]}<\/script>\n<!-- \/ Yoast SEO plugin. -->","yoast_head_json":{"title":"OZONE PUR O3M - LIGNE VR","description":"CAMPING-CARS BATEAUX CARAVANES - OZONE PUR - O3M SMART HEALTHCARE SYSTEM","robots":{"index":"index","follow":"follow","max-snippet":"max-snippet:-1","max-image-preview":"max-image-preview:large","max-video-preview":"max-video-preview:-1"},"canonical":"https:\/\/o3m.it\/fr\/ligne-o3m-vr\/","og_locale":"fr_FR","og_type":"article","og_title":"OZONE PUR O3M - LIGNE VR","og_description":"CAMPING-CARS BATEAUX CARAVANES - OZONE PUR - O3M SMART HEALTHCARE SYSTEM","og_url":"https:\/\/o3m.it\/fr\/ligne-o3m-vr\/","og_site_name":"O3M by MAINO","article_modified_time":"2023-06-28T07:56:26+00:00","og_image":[{"url":"https:\/\/o3m.it\/wp-content\/uploads\/2022\/07\/ozono-bella.jpg","type":"","width":"","height":""}],"twitter_card":"summary_large_image","twitter_misc":{"Dur\u00e9e de lecture estim\u00e9e":"5 minutes"},"schema":{"@context":"https:\/\/schema.org","@graph":[{"@type":"WebPage","@id":"https:\/\/o3m.it\/fr\/ligne-o3m-vr\/","url":"https:\/\/o3m.it\/fr\/ligne-o3m-vr\/","name":"OZONE PUR O3M - LIGNE VR","isPartOf":{"@id":"https:\/\/o3m.it\/fr\/#website"},"primaryImageOfPage":{"@id":"https:\/\/o3m.it\/fr\/ligne-o3m-vr\/#primaryimage"},"image":{"@id":"https:\/\/o3m.it\/fr\/ligne-o3m-vr\/#primaryimage"},"thumbnailUrl":"https:\/\/o3m.it\/wp-content\/uploads\/2022\/07\/ozono-bella.jpg","datePublished":"2022-07-14T14:20:50+00:00","dateModified":"2023-06-28T07:56:26+00:00","description":"CAMPING-CARS BATEAUX CARAVANES - OZONE PUR - O3M SMART HEALTHCARE SYSTEM","breadcrumb":{"@id":"https:\/\/o3m.it\/fr\/ligne-o3m-vr\/#breadcrumb"},"inLanguage":"fr-FR","potentialAction":[{"@type":"ReadAction","target":["https:\/\/o3m.it\/fr\/ligne-o3m-vr\/"]}]},{"@type":"ImageObject","inLanguage":"fr-FR","@id":"https:\/\/o3m.it\/fr\/ligne-o3m-vr\/#primaryimage","url":"https:\/\/o3m.it\/wp-content\/uploads\/2022\/07\/ozono-bella.jpg","contentUrl":"https:\/\/o3m.it\/wp-content\/uploads\/2022\/07\/ozono-bella.jpg"},{"@type":"BreadcrumbList","@id":"https:\/\/o3m.it\/fr\/ligne-o3m-vr\/#breadcrumb","itemListElement":[{"@type":"ListItem","position":1,"name":"Home","item":"https:\/\/o3m.it\/fr\/"},{"@type":"ListItem","position":2,"name":"Ligne O3M VR"}]},{"@type":"WebSite","@id":"https:\/\/o3m.it\/fr\/#website","url":"https:\/\/o3m.it\/fr\/","name":"O3M by MAINO","description":"OZONO","publisher":{"@id":"https:\/\/o3m.it\/fr\/#organization"},"potentialAction":[{"@type":"SearchAction","target":{"@type":"EntryPoint","urlTemplate":"https:\/\/o3m.it\/fr\/?s={search_term_string}"},"query-input":{"@type":"PropertyValueSpecification","valueRequired":true,"valueName":"search_term_string"}}],"inLanguage":"fr-FR"},{"@type":"Organization","@id":"https:\/\/o3m.it\/fr\/#organization","name":"O3M by MAINO","url":"https:\/\/o3m.it\/fr\/","logo":{"@type":"ImageObject","inLanguage":"fr-FR","@id":"https:\/\/o3m.it\/fr\/#\/schema\/logo\/image\/","url":"https:\/\/o3m.it\/wp-content\/uploads\/2019\/07\/logo-o3m-sc.png","contentUrl":"https:\/\/o3m.it\/wp-content\/uploads\/2019\/07\/logo-o3m-sc.png","width":1068,"height":922,"caption":"O3M by MAINO"},"image":{"@id":"https:\/\/o3m.it\/fr\/#\/schema\/logo\/image\/"}}]}},"jetpack_sharing_enabled":true,"_links":{"self":[{"href":"https:\/\/o3m.it\/fr\/wp-json\/wp\/v2\/pages\/2991","targetHints":{"allow":["GET"]}}],"collection":[{"href":"https:\/\/o3m.it\/fr\/wp-json\/wp\/v2\/pages"}],"about":[{"href":"https:\/\/o3m.it\/fr\/wp-json\/wp\/v2\/types\/page"}],"author":[{"embeddable":true,"href":"https:\/\/o3m.it\/fr\/wp-json\/wp\/v2\/users\/1"}],"replies":[{"embeddable":true,"href":"https:\/\/o3m.it\/fr\/wp-json\/wp\/v2\/comments?post=2991"}],"version-history":[{"count":0,"href":"https:\/\/o3m.it\/fr\/wp-json\/wp\/v2\/pages\/2991\/revisions"}],"wp:attachment":[{"href":"https:\/\/o3m.it\/fr\/wp-json\/wp\/v2\/media?parent=2991"}],"curies":[{"name":"wp","href":"https:\/\/api.w.org\/{rel}","templated":true}]}}