{"id":2989,"date":"2022-07-19T14:49:26","date_gmt":"2022-07-19T12:49:26","guid":{"rendered":"https:\/\/o3m.it\/impegno-nel-sociale\/"},"modified":"2022-10-03T15:58:00","modified_gmt":"2022-10-03T13:58:00","slug":"engagement-social","status":"publish","type":"page","link":"https:\/\/o3m.it\/fr\/engagement-social\/","title":{"rendered":"Engagement Social"},"content":{"rendered":"\n<h2 class=\"wp-block-heading\">Ils \u00e9crivent sur nous:<\/h2>\n\n\n<div class=\"wp-block-image\">\n<figure class=\"aligncenter\"><a href=\"https:\/\/primacomo.it\/cronaca\/donato-al-santanna-un-generatore-di-ozono-per-la-sanificazione-ambientale\/\"><img decoding=\"async\" src=\"https:\/\/o3m.it\/wp-content\/uploads\/2020\/09\/ASST-OSPEDALE-COMO-S-150x150.png\" alt=\"\"\/><\/a><figcaption>G\u00e9n\u00e9rateur d&rsquo;Ozone donn\u00e9 \u00e0 l&rsquo;h\u00f4pital S.Anna Como<\/figcaption><\/figure>\n<\/div>\n\n<div class=\"wp-block-image\">\n<figure class=\"aligncenter\"><a href=\"https:\/\/primacomo.it\/cronaca\/donato-un-ozonizzatore-alla-casa-anziani-di-olgiate-comasco-video\/\"><img decoding=\"async\" src=\"https:\/\/o3m.it\/wp-content\/uploads\/2020\/07\/594962-150x150.jpg\" alt=\"\"\/><\/a><figcaption>G\u00e9n\u00e9rateur d&rsquo;Ozone donn\u00e9 \u00e0 la Maison pour personnes \u00e2g\u00e9es Olgiate Comasco<\/figcaption><\/figure>\n<\/div>\n\n<div class=\"wp-block-image\">\n<figure class=\"aligncenter\"><a href=\"https:\/\/o3m.it\/wp-content\/uploads\/2020\/07\/SOS-OLGIATE-COMASCO.jpeg\"><img decoding=\"async\" src=\"https:\/\/o3m.it\/wp-content\/uploads\/2020\/07\/SOS-OLGIATE-COMASCO-150x150.jpeg\" alt=\"Il Giornale di Como\"\/><\/a><figcaption>G\u00e9n\u00e9rateur d&rsquo;Ozone donn\u00e9 \u00e0 SOS Olgiate Comasco<\/figcaption><\/figure>\n<\/div>\n\n<div class=\"wp-block-image\">\n<figure class=\"aligncenter\"><a href=\"https:\/\/o3m.it\/wp-content\/uploads\/2020\/07\/donazione-ozonizzatore-mondov\u00ec.jpg\"><img decoding=\"async\" src=\"https:\/\/o3m.it\/wp-content\/uploads\/2020\/07\/donazione-ozonizzatore-mondov\u00ec-150x150.jpg\" alt=\"\"\/><\/a><figcaption>Quotidien Union Valli Monregalesi<\/figcaption><\/figure>\n<\/div>\n\n<div class=\"wp-block-image\">\n<figure class=\"aligncenter\"><a href=\"https:\/\/www.facebook.com\/ciaocomo\/videos\/564678957525579\/?sfnsn=scwspwa&amp;extid=lemQIxWDHYTWKObh&amp;d=w&amp;vh=e\"><img decoding=\"async\" src=\"https:\/\/o3m.it\/wp-content\/uploads\/2020\/07\/ciao-como-video-150x150.png\" alt=\"\"\/><\/a><figcaption>Service vid\u00e9o par CiaoComo chez SOS Olgiate Comasco<\/figcaption><\/figure>\n<\/div>\n\n<div class=\"wp-block-image\">\n<figure class=\"aligncenter\"><a href=\"https:\/\/o3m.it\/wp-content\/uploads\/2020\/07\/giornale-la-provincia-di-Como.jpeg\"><img decoding=\"async\" src=\"https:\/\/o3m.it\/wp-content\/uploads\/2020\/07\/giornale-la-provincia-di-Como-150x150.jpeg\" alt=\"Quotidiano La Provincia di Como\"\/><\/a><figcaption>Quotidien La Provincia de Como<\/figcaption><\/figure>\n<\/div>","protected":false},"excerpt":{"rendered":"<p>Ils \u00e9crivent sur nous:<\/p>\n","protected":false},"author":1,"featured_media":0,"parent":0,"menu_order":0,"comment_status":"closed","ping_status":"closed","template":"","meta":{"neve_meta_sidebar":"full-width","neve_meta_container":"","neve_meta_enable_content_width":"on","neve_meta_content_width":100,"neve_meta_title_alignment":"","neve_meta_author_avatar":"","neve_post_elements_order":"","neve_meta_disable_header":"","neve_meta_disable_footer":"","neve_meta_disable_title":"","_themeisle_gutenberg_block_has_review":false,"footnotes":""},"class_list":["post-2989","page","type-page","status-publish","hentry"],"yoast_head":"<!-- This site is optimized with the Yoast SEO plugin v26.9 - https:\/\/yoast.com\/product\/yoast-seo-wordpress\/ -->\n<title>OZONE PUR O3M - ENGAGEMENT SOCIAL<\/title>\n<meta name=\"description\" content=\"Dans la vie il n&#039;y a pas que les affaires, pour qu&#039;elle soie compl\u00e8te, il faut partager la chance avec ceux qui en ont le plus besoin\" \/>\n<meta name=\"robots\" content=\"index, follow, max-snippet:-1, max-image-preview:large, max-video-preview:-1\" \/>\n<link rel=\"canonical\" href=\"https:\/\/o3m.it\/fr\/engagement-social\/\" \/>\n<meta property=\"og:locale\" content=\"fr_FR\" \/>\n<meta property=\"og:type\" content=\"article\" \/>\n<meta property=\"og:title\" content=\"OZONE PUR O3M - ENGAGEMENT SOCIAL\" \/>\n<meta property=\"og:description\" content=\"Dans la vie il n&#039;y a pas que les affaires, pour qu&#039;elle soie compl\u00e8te, il faut partager la chance avec ceux qui en ont le plus besoin\" \/>\n<meta property=\"og:url\" content=\"https:\/\/o3m.it\/fr\/engagement-social\/\" \/>\n<meta property=\"og:site_name\" content=\"O3M by MAINO\" \/>\n<meta property=\"article:modified_time\" content=\"2022-10-03T13:58:00+00:00\" \/>\n<meta property=\"og:image\" content=\"https:\/\/o3m.it\/wp-content\/uploads\/2020\/09\/ASST-OSPEDALE-COMO-S-150x150.png\" \/>\n<meta name=\"twitter:card\" content=\"summary_large_image\" \/>\n<meta name=\"twitter:label1\" content=\"Dur\u00e9e de lecture estim\u00e9e\" \/>\n\t<meta name=\"twitter:data1\" content=\"2 minutes\" \/>\n<script type=\"application\/ld+json\" class=\"yoast-schema-graph\">{\"@context\":\"https:\/\/schema.org\",\"@graph\":[{\"@type\":\"WebPage\",\"@id\":\"https:\/\/o3m.it\/fr\/engagement-social\/\",\"url\":\"https:\/\/o3m.it\/fr\/engagement-social\/\",\"name\":\"OZONE PUR O3M - ENGAGEMENT SOCIAL\",\"isPartOf\":{\"@id\":\"https:\/\/o3m.it\/fr\/#website\"},\"primaryImageOfPage\":{\"@id\":\"https:\/\/o3m.it\/fr\/engagement-social\/#primaryimage\"},\"image\":{\"@id\":\"https:\/\/o3m.it\/fr\/engagement-social\/#primaryimage\"},\"thumbnailUrl\":\"https:\/\/o3m.it\/wp-content\/uploads\/2020\/09\/ASST-OSPEDALE-COMO-S-150x150.png\",\"datePublished\":\"2022-07-19T12:49:26+00:00\",\"dateModified\":\"2022-10-03T13:58:00+00:00\",\"description\":\"Dans la vie il n'y a pas que les affaires, pour qu'elle soie compl\u00e8te, il faut partager la chance avec ceux qui en ont le plus besoin\",\"breadcrumb\":{\"@id\":\"https:\/\/o3m.it\/fr\/engagement-social\/#breadcrumb\"},\"inLanguage\":\"fr-FR\",\"potentialAction\":[{\"@type\":\"ReadAction\",\"target\":[\"https:\/\/o3m.it\/fr\/engagement-social\/\"]}]},{\"@type\":\"ImageObject\",\"inLanguage\":\"fr-FR\",\"@id\":\"https:\/\/o3m.it\/fr\/engagement-social\/#primaryimage\",\"url\":\"https:\/\/o3m.it\/wp-content\/uploads\/2020\/09\/ASST-OSPEDALE-COMO-S-150x150.png\",\"contentUrl\":\"https:\/\/o3m.it\/wp-content\/uploads\/2020\/09\/ASST-OSPEDALE-COMO-S-150x150.png\"},{\"@type\":\"BreadcrumbList\",\"@id\":\"https:\/\/o3m.it\/fr\/engagement-social\/#breadcrumb\",\"itemListElement\":[{\"@type\":\"ListItem\",\"position\":1,\"name\":\"Home\",\"item\":\"https:\/\/o3m.it\/fr\/\"},{\"@type\":\"ListItem\",\"position\":2,\"name\":\"Engagement Social\"}]},{\"@type\":\"WebSite\",\"@id\":\"https:\/\/o3m.it\/fr\/#website\",\"url\":\"https:\/\/o3m.it\/fr\/\",\"name\":\"O3M by MAINO\",\"description\":\"OZONO\",\"publisher\":{\"@id\":\"https:\/\/o3m.it\/fr\/#organization\"},\"potentialAction\":[{\"@type\":\"SearchAction\",\"target\":{\"@type\":\"EntryPoint\",\"urlTemplate\":\"https:\/\/o3m.it\/fr\/?s={search_term_string}\"},\"query-input\":{\"@type\":\"PropertyValueSpecification\",\"valueRequired\":true,\"valueName\":\"search_term_string\"}}],\"inLanguage\":\"fr-FR\"},{\"@type\":\"Organization\",\"@id\":\"https:\/\/o3m.it\/fr\/#organization\",\"name\":\"O3M by MAINO\",\"url\":\"https:\/\/o3m.it\/fr\/\",\"logo\":{\"@type\":\"ImageObject\",\"inLanguage\":\"fr-FR\",\"@id\":\"https:\/\/o3m.it\/fr\/#\/schema\/logo\/image\/\",\"url\":\"https:\/\/o3m.it\/wp-content\/uploads\/2019\/07\/logo-o3m-sc.png\",\"contentUrl\":\"https:\/\/o3m.it\/wp-content\/uploads\/2019\/07\/logo-o3m-sc.png\",\"width\":1068,\"height\":922,\"caption\":\"O3M by MAINO\"},\"image\":{\"@id\":\"https:\/\/o3m.it\/fr\/#\/schema\/logo\/image\/\"}}]}<\/script>\n<!-- \/ Yoast SEO plugin. -->","yoast_head_json":{"title":"OZONE PUR O3M - ENGAGEMENT SOCIAL","description":"Dans la vie il n'y a pas que les affaires, pour qu'elle soie compl\u00e8te, il faut partager la chance avec ceux qui en ont le plus besoin","robots":{"index":"index","follow":"follow","max-snippet":"max-snippet:-1","max-image-preview":"max-image-preview:large","max-video-preview":"max-video-preview:-1"},"canonical":"https:\/\/o3m.it\/fr\/engagement-social\/","og_locale":"fr_FR","og_type":"article","og_title":"OZONE PUR O3M - ENGAGEMENT SOCIAL","og_description":"Dans la vie il n'y a pas que les affaires, pour qu'elle soie compl\u00e8te, il faut partager la chance avec ceux qui en ont le plus besoin","og_url":"https:\/\/o3m.it\/fr\/engagement-social\/","og_site_name":"O3M by MAINO","article_modified_time":"2022-10-03T13:58:00+00:00","og_image":[{"url":"https:\/\/o3m.it\/wp-content\/uploads\/2020\/09\/ASST-OSPEDALE-COMO-S-150x150.png","type":"","width":"","height":""}],"twitter_card":"summary_large_image","twitter_misc":{"Dur\u00e9e de lecture estim\u00e9e":"2 minutes"},"schema":{"@context":"https:\/\/schema.org","@graph":[{"@type":"WebPage","@id":"https:\/\/o3m.it\/fr\/engagement-social\/","url":"https:\/\/o3m.it\/fr\/engagement-social\/","name":"OZONE PUR O3M - ENGAGEMENT SOCIAL","isPartOf":{"@id":"https:\/\/o3m.it\/fr\/#website"},"primaryImageOfPage":{"@id":"https:\/\/o3m.it\/fr\/engagement-social\/#primaryimage"},"image":{"@id":"https:\/\/o3m.it\/fr\/engagement-social\/#primaryimage"},"thumbnailUrl":"https:\/\/o3m.it\/wp-content\/uploads\/2020\/09\/ASST-OSPEDALE-COMO-S-150x150.png","datePublished":"2022-07-19T12:49:26+00:00","dateModified":"2022-10-03T13:58:00+00:00","description":"Dans la vie il n'y a pas que les affaires, pour qu'elle soie compl\u00e8te, il faut partager la chance avec ceux qui en ont le plus besoin","breadcrumb":{"@id":"https:\/\/o3m.it\/fr\/engagement-social\/#breadcrumb"},"inLanguage":"fr-FR","potentialAction":[{"@type":"ReadAction","target":["https:\/\/o3m.it\/fr\/engagement-social\/"]}]},{"@type":"ImageObject","inLanguage":"fr-FR","@id":"https:\/\/o3m.it\/fr\/engagement-social\/#primaryimage","url":"https:\/\/o3m.it\/wp-content\/uploads\/2020\/09\/ASST-OSPEDALE-COMO-S-150x150.png","contentUrl":"https:\/\/o3m.it\/wp-content\/uploads\/2020\/09\/ASST-OSPEDALE-COMO-S-150x150.png"},{"@type":"BreadcrumbList","@id":"https:\/\/o3m.it\/fr\/engagement-social\/#breadcrumb","itemListElement":[{"@type":"ListItem","position":1,"name":"Home","item":"https:\/\/o3m.it\/fr\/"},{"@type":"ListItem","position":2,"name":"Engagement Social"}]},{"@type":"WebSite","@id":"https:\/\/o3m.it\/fr\/#website","url":"https:\/\/o3m.it\/fr\/","name":"O3M by MAINO","description":"OZONO","publisher":{"@id":"https:\/\/o3m.it\/fr\/#organization"},"potentialAction":[{"@type":"SearchAction","target":{"@type":"EntryPoint","urlTemplate":"https:\/\/o3m.it\/fr\/?s={search_term_string}"},"query-input":{"@type":"PropertyValueSpecification","valueRequired":true,"valueName":"search_term_string"}}],"inLanguage":"fr-FR"},{"@type":"Organization","@id":"https:\/\/o3m.it\/fr\/#organization","name":"O3M by MAINO","url":"https:\/\/o3m.it\/fr\/","logo":{"@type":"ImageObject","inLanguage":"fr-FR","@id":"https:\/\/o3m.it\/fr\/#\/schema\/logo\/image\/","url":"https:\/\/o3m.it\/wp-content\/uploads\/2019\/07\/logo-o3m-sc.png","contentUrl":"https:\/\/o3m.it\/wp-content\/uploads\/2019\/07\/logo-o3m-sc.png","width":1068,"height":922,"caption":"O3M by MAINO"},"image":{"@id":"https:\/\/o3m.it\/fr\/#\/schema\/logo\/image\/"}}]}},"jetpack_sharing_enabled":true,"_links":{"self":[{"href":"https:\/\/o3m.it\/fr\/wp-json\/wp\/v2\/pages\/2989","targetHints":{"allow":["GET"]}}],"collection":[{"href":"https:\/\/o3m.it\/fr\/wp-json\/wp\/v2\/pages"}],"about":[{"href":"https:\/\/o3m.it\/fr\/wp-json\/wp\/v2\/types\/page"}],"author":[{"embeddable":true,"href":"https:\/\/o3m.it\/fr\/wp-json\/wp\/v2\/users\/1"}],"replies":[{"embeddable":true,"href":"https:\/\/o3m.it\/fr\/wp-json\/wp\/v2\/comments?post=2989"}],"version-history":[{"count":0,"href":"https:\/\/o3m.it\/fr\/wp-json\/wp\/v2\/pages\/2989\/revisions"}],"wp:attachment":[{"href":"https:\/\/o3m.it\/fr\/wp-json\/wp\/v2\/media?parent=2989"}],"curies":[{"name":"wp","href":"https:\/\/api.w.org\/{rel}","templated":true}]}}