{"id":2987,"date":"2020-09-04T15:18:01","date_gmt":"2020-09-04T13:18:01","guid":{"rendered":"https:\/\/o3m.it\/privacy-policy\/"},"modified":"2022-09-30T16:44:23","modified_gmt":"2022-09-30T14:44:23","slug":"politique-confidentialite","status":"publish","type":"page","link":"https:\/\/o3m.it\/fr\/politique-confidentialite\/","title":{"rendered":"Politique de Confidentialit\u00e9"},"content":{"rendered":"<p>Cher Client,<\/p>\n<p>pour O3M by MAINO INDUSTRIES S.N.C. la protection de vos donn\u00e9es personnelles est un principe qui va au-del\u00e0 des obligations l\u00e9gales. Pour cette raison, nous avons examin\u00e9 nos informations sur la protection des donn\u00e9es personnelles et nous avons renforc\u00e9 notre syst\u00e8me de gestion pour nous assurer que vos donn\u00e9es sont trait\u00e9es en toute s\u00e9curit\u00e9 et pour \u00e9viter qu\u2019elles ne soient divulgu\u00e9es \u00e0 des tiers non autoris\u00e9s.<\/p>\n<p><strong>O3M by MAINO INDUSTRIES S.N.C. ne vendra jamais vos donn\u00e9es \u00e0 des tiers.<\/strong><\/p>\n<p>Les offres commerciales que nous proposons \u00e0 nos clients sont con\u00e7ues pour satisfaire leurs besoins et offrir le service le meilleur et le plus pratique. Dans notre politique de confidentialit\u00e9, nous indiquons quels sont vos droits et comment vous pouvez les exercer, quelles donn\u00e9es nous collectons et \u00e0 quelles fins. Vous pouvez lire les informations ci-dessous. Si pour le moment nous n\u2019avons pas votre consentement pour vous envoyer des communications concernant des offres personnalis\u00e9es et les derni\u00e8res nouvelles et que vous \u00eates int\u00e9ress\u00e9, \u00e9crivez-nous et nous mettrons \u00e0 jour votre formulaire de donn\u00e9es personnelles.<\/p>\n<p>Nous vous rappelons qu\u2019\u00e0 tout moment vous pouvez demander toute modification et \/ ou annulation partielle et \/ ou totale, changer vos pr\u00e9f\u00e9rences et votre consentement. Avec cette mise \u00e0 jour, nous r\u00e9pondons au besoin de protection de la vie priv\u00e9e, qui est de plus en plus ressenti par les citoyens europ\u00e9ens, et nous nous conformons au nouveau r\u00e8glement UE 2016\/679 (RGPD) et \u00e0 toutes les nouvelles emissions et renouvellements suivants, sur la protection des donn\u00e9es personnelles.<\/p>\n<p>Le RGPD pour O3M by MAINO INDUSTRIES S.N.C. https:\/\/maino.it\/o3m \u00e9dit\u00e9 par Alfredo Maino.<\/p>\n<p>RGPD: r\u00e8glement RGPD; ce que c\u2019est, quand il entre en vigueur et quels changements cela implique.<\/p>\n<p>1.Qu\u2019est-ce que le RGPD. 2.Notes sur les donn\u00e9es personnelles, le traitement des donn\u00e9es et les sujets concern\u00e9s. 3.Principales obligations requises par le RGPD. 4.Aspects sp\u00e9cifiques au sein de la plate-forme informatique \u2013 boutique en ligne.5.&nbsp;Contenu int\u00e9gr\u00e9 \u00e0 partir d\u2019autres sites Web.<\/p>\n<p>1. Qu\u2019est-ce que le RGPD? Le RGPD (r\u00e8glement g\u00e9n\u00e9ral sur la protection des donn\u00e9es) est le nouveau r\u00e8glement g\u00e9n\u00e9ral sur la protection des donn\u00e9es (r\u00e8glement UE 2016\/679) et \u00e0 toutes les nouvelles emissions et renouvellements suivants. Il a \u00e9t\u00e9 publi\u00e9 par l\u2019UE. Il aurait d\u00fb entrer en vigueur le 24\/05\/2016, mais la date d\u2019entr\u00e9e en vigueur a \u00e9t\u00e9 report\u00e9e au 25\/05\/2018. Il d\u00e9crit toutes les exigences n\u00e9cessaires \u00e0 la mise en \u0153uvre d\u2019un syst\u00e8me de gestion de la protection des donn\u00e9es et sert \u00e0 d\u00e9montrer que les donn\u00e9es trait\u00e9es ont \u00e9t\u00e9 correctement prot\u00e9g\u00e9es. Contrairement au pass\u00e9 (la l\u00e9gislation italienne, telle que la \u00abloi sur la protection de la vie priv\u00e9e\u00bb, le d\u00e9cret l\u00e9gislatif 196\/2003 ou ISO 27001\/2013, fournissent une liste de contr\u00f4le d\u2019obligations claires), le RGPD n\u2019indique pas rapidement comment prot\u00e9ger les informations, mais il demande pouvoir de montrer qu\u2019ils ont \u00e9t\u00e9 prot\u00e9g\u00e9s de mani\u00e8re ad\u00e9quate.<\/p>\n<p>2. Remarques sur les donn\u00e9es personnelles, sur le traitement des donn\u00e9es et sur les sujets concern\u00e9s: Que sont les donn\u00e9es personnelles Les donn\u00e9es personnelles sont des informations qui identifient ou rendent une personne physique identifiable et qui peuvent fournir des d\u00e9tails sur ses caract\u00e9ristiques, ses habitudes, son style de vie, ses relations personnelles, sa sant\u00e9, situation financi\u00e8re, etc. Les donn\u00e9es personnelles comprennent: \u2022 les donn\u00e9es d\u2019identification: celles qui permettent une identification directe, telles que les donn\u00e9es personnelles (par exemple: nom et pr\u00e9nom); \u2022 les donn\u00e9es sensibles: celles qui peuvent r\u00e9v\u00e9ler l\u2019origine raciale et ethnique, les croyances religieuses, philosophiques ou autres, les opinions politiques, l\u2019appartenance \u00e0 des partis, syndicats, associations ou organisations de nature religieuse, philosophique, politique ou syndicale, l\u2019\u00e9tat de sant\u00e9 et de vie; les donn\u00e9es judiciaires: celles qui peuvent r\u00e9v\u00e9ler l\u2019existence de certaines mesures judiciaires soumises \u00e0 inscription au casier judiciaire (par exemple, condamnations p\u00e9nales d\u00e9finitives, lib\u00e9ration conditionnelle, interdiction ou obligation de s\u00e9jour, mesures alternatives \u00e0 la d\u00e9tention) ou le statut d\u2019accus\u00e9 ou de suspect. Les sujets impliqu\u00e9s Propri\u00e9taire \u2013 Responsable \u2013 Int\u00e9ress\u00e9 \u2013 Responsable \u2022 Partie int\u00e9ress\u00e9e: est la personne physique \u00e0 laquelle se r\u00e9f\u00e8rent les donn\u00e9es personnelles. Donc si un traitement se r\u00e9f\u00e8re, par exemple, \u00e0 l\u2019adresse, au code des imp\u00f4ts, etc. par Pippo Bianchi, cette personne est \u00abint\u00e9ress\u00e9e\u00bb; \u2022 Propri\u00e9taire: est la personne physique, l\u2019entreprise, l\u2019organisme public ou priv\u00e9, l\u2019association, etc., qui est en charge de d\u00e9cider des finalit\u00e9s et des modalit\u00e9s de traitement, ainsi que des outils utilis\u00e9s; \u2022 Responsable: est la personne physique, l\u2019entreprise, l\u2019organisme public ou priv\u00e9, l\u2019association ou l\u2019organisme auquel le propri\u00e9taire confie, m\u00eame en dehors de sa structure organisationnelle, des t\u00e2ches sp\u00e9cifiques et d\u00e9finies de gestion et de contr\u00f4le des traitements de donn\u00e9es. La nomination du g\u00e9rant est facultative. \u2022 Responsable: est la personne physique qui, au nom du propri\u00e9taire, traite ou utilise mat\u00e9riellement les donn\u00e9es personnelles sur la base des instructions re\u00e7ues du propri\u00e9taire et \/ ou du gestionnaire.<\/p>\n<p>3. Principales obligations requises par le RGPD: Le responsable du traitement doit: \u25cf D\u00e9finir quelles donn\u00e9es sont acquises et comment, les finalit\u00e9s pour lesquelles elles sont collect\u00e9es et la dur\u00e9e de conservation (Politique de confidentialit\u00e9); \u25cf Analyser les risques auxquels il est soumis \u00e0 travers une matrice de risques sp\u00e9cifique; \u25cf Pr\u00e9parer le plan de s\u00e9curit\u00e9 avec toutes les proc\u00e9dures n\u00e9cessaires pour faire face aux risques. \u25cf Faciliter l\u2019exercice des droits pr\u00e9vus par la r\u00e9glementation pour les clients; \u25cf mettre en \u0153uvre les mesures de s\u00e9curit\u00e9 suivantes: \u25cf pseudonymisation et \/ ou tout cryptage des donn\u00e9es personnelles; \u2013 des mesures capables de garantir la confidentialit\u00e9 de mani\u00e8re permanente; \u2013 l\u2019int\u00e9grit\u00e9, la disponibilit\u00e9 et la r\u00e9silience des syst\u00e8mes et services de traitement; \u2013 des mesures permettant de restaurer rapidement la disponibilit\u00e9 et l\u2019acc\u00e8s aux donn\u00e9es personnelles en cas d\u2019accident physique ou technique; \u2013 une proc\u00e9dure pour tester, v\u00e9rifier et \u00e9valuer p\u00e9riodiquement l\u2019efficacit\u00e9 des mesures techniques et organisationnelles pour garantir la s\u00e9curit\u00e9 du traitement; \u25cf tenir un journal des activit\u00e9s de traitement, contenant le nom et les coordonn\u00e9es du responsable du traitement, du repr\u00e9sentant du responsable du traitement et du responsable du responsable du traitement; les finalit\u00e9s du traitement; description des cat\u00e9gories de personnes concern\u00e9es et des cat\u00e9gories de donn\u00e9es \u00e0 caract\u00e8re personnel, cat\u00e9gories de destinataires de donn\u00e9es, transfert de donn\u00e9es vers des pays tiers ou des organisations internationales, d\u00e9lais de suppression des donn\u00e9es, description des mesures de s\u00e9curit\u00e9 techniques et organisationnelles. \u25cf v\u00e9rifier si les conditions sont r\u00e9unies pour la nomination d\u2019un DPD (D\u00e9l\u00e9gu\u00e9 \u00e0 la protection des donn\u00e9es). Selon le r\u00e8glement (article 37), la nomination du DPD est obligatoire: (a) si le traitement est effectu\u00e9 par une autorit\u00e9 publique ou un organisme public, \u00e0 l\u2019exception des autorit\u00e9s judiciaires dans l\u2019exercice de fonctions judiciaires; ou (b) si les principales activit\u00e9s du propri\u00e9taire ou du gestionnaire consistent en un traitement qui n\u00e9cessite un suivi r\u00e9gulier et syst\u00e9matique des parties prenantes \u00e0 grande \u00e9chelle; ou (c) si les principales activit\u00e9s du responsable du traitement ou du sous-traitant consistent en un traitement \u00e0 grande \u00e9chelle de cat\u00e9gories particuli\u00e8res de donn\u00e9es ou de donn\u00e9es \u00e0 caract\u00e8re personnel li\u00e9es \u00e0 des condamnations p\u00e9nales et \u00e0 des infractions. \u25cf d\u00e9signer tous les sujets impliqu\u00e9s dans le traitement des donn\u00e9es: responsable externe du traitement des donn\u00e9es (si pr\u00e9sent, par exemple comptable, consultant du travail\u2026); nommer les responsables, s\u2019ils sont pr\u00e9sents, avec un accord de confidentialit\u00e9 sp\u00e9cifique (par exemple, employ\u00e9s ou collaborateurs), nommer le DPD si n\u00e9cessaire; \u25cf Former les responsables du traitement des donn\u00e9es.<\/p>\n<p>4. Aspects sp\u00e9cifiques au sein de la plateforme informatique \u2013 boutique en ligne: O3M by MAINO INDUSTRIES S.N.C. est le responsable du traitement des donn\u00e9es acquises via le site www.maino.it\/o3m (par exemple, les donn\u00e9es fournies par les clients lors de la cr\u00e9ation du compte pour l\u2019achat). \u25cf O3M by MAINO INDUSTRIES S.N.C. Il est d\u00e9sign\u00e9 par les clients (contr\u00f4leurs de donn\u00e9es) comme un administrateur externe des donn\u00e9es qui sont t\u00e9l\u00e9charg\u00e9es sur l\u2019h\u00e9bergement, le serveur, le cloud\u2026. Dans ce cas, les activit\u00e9s que O3M by MAINO INDUSTRIES S.N.C. ou les responsables sont bien d\u00e9finis dans le contrat de nomination (qui contient toutes les sp\u00e9cifications \u00e0 respecter, y compris les mesures de s\u00e9curit\u00e9 adopt\u00e9es).<\/p>\n<p>5.&nbsp;Contenu int\u00e9gr\u00e9 d\u2019autres sites Web: uniquement s\u2019ils sont pr\u00e9sents, certains articles du site MAINO (https:\/\/maino.it) peuvent inclure des contenus avec des liens vers l\u2019ext\u00e9rieur (par exemple, des vid\u00e9os, des images, des articles, etc.). Tout contenu int\u00e9gr\u00e9 dans d\u2019autres sites Web se comporte exactement de la m\u00eame mani\u00e8re que si le visiteur avait visit\u00e9 un autre site Web. Ces sites Web (tels que Gravatar https:\/\/automattic.com\/privacy\/, mais aussi Google, Amazon, Youtube, etc. avec leurs pages de r\u00e9f\u00e9rence de confidentialit\u00e9 respectives, etc.\u2026) pourraient collecter des donn\u00e9es de visiteurs, utiliser des cookies, int\u00e9grer en outre des tiers parties et surveillez l\u2019interaction avec ce contenu int\u00e9gr\u00e9, y compris le suivi de l\u2019interaction avec le contenu int\u00e9gr\u00e9, que vous soyez un visiteur ou un utilisateur avec un compte ou non sur ce site Web.<\/p>\n<p>Merci! Des questions? \u00c9crivez \u00e0 <span \n                data-original-string='dEs8i1G1\/\/qTN1K+qN303A==869ZANguDB0J\/SmENC4YCO0BmnaHxM1lXXKDIg8acAitOo='\n                class='apbct-email-encoder'\n                title='This contact has been encoded by Anti-Spam by CleanTalk. Click to decode. To finish the decoding make sure that JavaScript is enabled in your browser.'>al<span class=\"apbct-blur\">*****<\/span>@<span class=\"apbct-blur\">***<\/span>no.it<\/span><\/p>\n","protected":false},"excerpt":{"rendered":"<p>Cher Client, pour O3M by MAINO INDUSTRIES S.N.C. la protection de vos donn\u00e9es personnelles est un principe qui va au-del\u00e0 des obligations l\u00e9gales. Pour cette raison, nous avons examin\u00e9 nos informations sur la protection des donn\u00e9es personnelles et nous avons renforc\u00e9 notre syst\u00e8me de gestion pour nous assurer que vos donn\u00e9es sont trait\u00e9es en toute&hellip;&nbsp;<a href=\"https:\/\/o3m.it\/fr\/politique-confidentialite\/\" rel=\"bookmark\">Lire la suite &raquo;<span class=\"screen-reader-text\">Politique de Confidentialit\u00e9<\/span><\/a><\/p>\n","protected":false},"author":1,"featured_media":0,"parent":0,"menu_order":0,"comment_status":"closed","ping_status":"closed","template":"","meta":{"neve_meta_sidebar":"","neve_meta_container":"","neve_meta_enable_content_width":"","neve_meta_content_width":0,"neve_meta_title_alignment":"","neve_meta_author_avatar":"","neve_post_elements_order":"","neve_meta_disable_header":"","neve_meta_disable_footer":"","neve_meta_disable_title":"","_themeisle_gutenberg_block_has_review":false,"footnotes":""},"class_list":["post-2987","page","type-page","status-publish","hentry"],"yoast_head":"<!-- This site is optimized with the Yoast SEO plugin v26.9 - https:\/\/yoast.com\/product\/yoast-seo-wordpress\/ -->\n<title>Politique de Confidentialit\u00e9 - O3M by MAINO<\/title>\n<meta name=\"robots\" content=\"index, follow, max-snippet:-1, max-image-preview:large, max-video-preview:-1\" \/>\n<link rel=\"canonical\" href=\"https:\/\/o3m.it\/fr\/politique-confidentialite\/\" \/>\n<meta property=\"og:locale\" content=\"fr_FR\" \/>\n<meta property=\"og:type\" content=\"article\" \/>\n<meta property=\"og:title\" content=\"Politique de Confidentialit\u00e9 - O3M by MAINO\" \/>\n<meta property=\"og:description\" content=\"Cher Client, pour O3M by MAINO INDUSTRIES S.N.C. la protection de vos donn\u00e9es personnelles est un principe qui va au-del\u00e0 des obligations l\u00e9gales. Pour cette raison, nous avons examin\u00e9 nos informations sur la protection des donn\u00e9es personnelles et nous avons renforc\u00e9 notre syst\u00e8me de gestion pour nous assurer que vos donn\u00e9es sont trait\u00e9es en toute&hellip;&nbsp;Lire la suite &raquo;Politique de Confidentialit\u00e9\" \/>\n<meta property=\"og:url\" content=\"https:\/\/o3m.it\/fr\/politique-confidentialite\/\" \/>\n<meta property=\"og:site_name\" content=\"O3M by MAINO\" \/>\n<meta property=\"article:modified_time\" content=\"2022-09-30T14:44:23+00:00\" \/>\n<meta name=\"twitter:card\" content=\"summary_large_image\" \/>\n<meta name=\"twitter:label1\" content=\"Dur\u00e9e de lecture estim\u00e9e\" \/>\n\t<meta name=\"twitter:data1\" content=\"8 minutes\" \/>\n<script type=\"application\/ld+json\" class=\"yoast-schema-graph\">{\"@context\":\"https:\/\/schema.org\",\"@graph\":[{\"@type\":\"WebPage\",\"@id\":\"https:\/\/o3m.it\/fr\/politique-confidentialite\/\",\"url\":\"https:\/\/o3m.it\/fr\/politique-confidentialite\/\",\"name\":\"Politique de Confidentialit\u00e9 - O3M by MAINO\",\"isPartOf\":{\"@id\":\"https:\/\/o3m.it\/fr\/#website\"},\"datePublished\":\"2020-09-04T13:18:01+00:00\",\"dateModified\":\"2022-09-30T14:44:23+00:00\",\"breadcrumb\":{\"@id\":\"https:\/\/o3m.it\/fr\/politique-confidentialite\/#breadcrumb\"},\"inLanguage\":\"fr-FR\",\"potentialAction\":[{\"@type\":\"ReadAction\",\"target\":[\"https:\/\/o3m.it\/fr\/politique-confidentialite\/\"]}]},{\"@type\":\"BreadcrumbList\",\"@id\":\"https:\/\/o3m.it\/fr\/politique-confidentialite\/#breadcrumb\",\"itemListElement\":[{\"@type\":\"ListItem\",\"position\":1,\"name\":\"Home\",\"item\":\"https:\/\/o3m.it\/fr\/\"},{\"@type\":\"ListItem\",\"position\":2,\"name\":\"Politique de Confidentialit\u00e9\"}]},{\"@type\":\"WebSite\",\"@id\":\"https:\/\/o3m.it\/fr\/#website\",\"url\":\"https:\/\/o3m.it\/fr\/\",\"name\":\"O3M by MAINO\",\"description\":\"OZONO\",\"publisher\":{\"@id\":\"https:\/\/o3m.it\/fr\/#organization\"},\"potentialAction\":[{\"@type\":\"SearchAction\",\"target\":{\"@type\":\"EntryPoint\",\"urlTemplate\":\"https:\/\/o3m.it\/fr\/?s={search_term_string}\"},\"query-input\":{\"@type\":\"PropertyValueSpecification\",\"valueRequired\":true,\"valueName\":\"search_term_string\"}}],\"inLanguage\":\"fr-FR\"},{\"@type\":\"Organization\",\"@id\":\"https:\/\/o3m.it\/fr\/#organization\",\"name\":\"O3M by MAINO\",\"url\":\"https:\/\/o3m.it\/fr\/\",\"logo\":{\"@type\":\"ImageObject\",\"inLanguage\":\"fr-FR\",\"@id\":\"https:\/\/o3m.it\/fr\/#\/schema\/logo\/image\/\",\"url\":\"https:\/\/o3m.it\/wp-content\/uploads\/2019\/07\/logo-o3m-sc.png\",\"contentUrl\":\"https:\/\/o3m.it\/wp-content\/uploads\/2019\/07\/logo-o3m-sc.png\",\"width\":1068,\"height\":922,\"caption\":\"O3M by MAINO\"},\"image\":{\"@id\":\"https:\/\/o3m.it\/fr\/#\/schema\/logo\/image\/\"}}]}<\/script>\n<!-- \/ Yoast SEO plugin. -->","yoast_head_json":{"title":"Politique de Confidentialit\u00e9 - O3M by MAINO","robots":{"index":"index","follow":"follow","max-snippet":"max-snippet:-1","max-image-preview":"max-image-preview:large","max-video-preview":"max-video-preview:-1"},"canonical":"https:\/\/o3m.it\/fr\/politique-confidentialite\/","og_locale":"fr_FR","og_type":"article","og_title":"Politique de Confidentialit\u00e9 - O3M by MAINO","og_description":"Cher Client, pour O3M by MAINO INDUSTRIES S.N.C. la protection de vos donn\u00e9es personnelles est un principe qui va au-del\u00e0 des obligations l\u00e9gales. Pour cette raison, nous avons examin\u00e9 nos informations sur la protection des donn\u00e9es personnelles et nous avons renforc\u00e9 notre syst\u00e8me de gestion pour nous assurer que vos donn\u00e9es sont trait\u00e9es en toute&hellip;&nbsp;Lire la suite &raquo;Politique de Confidentialit\u00e9","og_url":"https:\/\/o3m.it\/fr\/politique-confidentialite\/","og_site_name":"O3M by MAINO","article_modified_time":"2022-09-30T14:44:23+00:00","twitter_card":"summary_large_image","twitter_misc":{"Dur\u00e9e de lecture estim\u00e9e":"8 minutes"},"schema":{"@context":"https:\/\/schema.org","@graph":[{"@type":"WebPage","@id":"https:\/\/o3m.it\/fr\/politique-confidentialite\/","url":"https:\/\/o3m.it\/fr\/politique-confidentialite\/","name":"Politique de Confidentialit\u00e9 - O3M by MAINO","isPartOf":{"@id":"https:\/\/o3m.it\/fr\/#website"},"datePublished":"2020-09-04T13:18:01+00:00","dateModified":"2022-09-30T14:44:23+00:00","breadcrumb":{"@id":"https:\/\/o3m.it\/fr\/politique-confidentialite\/#breadcrumb"},"inLanguage":"fr-FR","potentialAction":[{"@type":"ReadAction","target":["https:\/\/o3m.it\/fr\/politique-confidentialite\/"]}]},{"@type":"BreadcrumbList","@id":"https:\/\/o3m.it\/fr\/politique-confidentialite\/#breadcrumb","itemListElement":[{"@type":"ListItem","position":1,"name":"Home","item":"https:\/\/o3m.it\/fr\/"},{"@type":"ListItem","position":2,"name":"Politique de Confidentialit\u00e9"}]},{"@type":"WebSite","@id":"https:\/\/o3m.it\/fr\/#website","url":"https:\/\/o3m.it\/fr\/","name":"O3M by MAINO","description":"OZONO","publisher":{"@id":"https:\/\/o3m.it\/fr\/#organization"},"potentialAction":[{"@type":"SearchAction","target":{"@type":"EntryPoint","urlTemplate":"https:\/\/o3m.it\/fr\/?s={search_term_string}"},"query-input":{"@type":"PropertyValueSpecification","valueRequired":true,"valueName":"search_term_string"}}],"inLanguage":"fr-FR"},{"@type":"Organization","@id":"https:\/\/o3m.it\/fr\/#organization","name":"O3M by MAINO","url":"https:\/\/o3m.it\/fr\/","logo":{"@type":"ImageObject","inLanguage":"fr-FR","@id":"https:\/\/o3m.it\/fr\/#\/schema\/logo\/image\/","url":"https:\/\/o3m.it\/wp-content\/uploads\/2019\/07\/logo-o3m-sc.png","contentUrl":"https:\/\/o3m.it\/wp-content\/uploads\/2019\/07\/logo-o3m-sc.png","width":1068,"height":922,"caption":"O3M by MAINO"},"image":{"@id":"https:\/\/o3m.it\/fr\/#\/schema\/logo\/image\/"}}]}},"jetpack_sharing_enabled":true,"_links":{"self":[{"href":"https:\/\/o3m.it\/fr\/wp-json\/wp\/v2\/pages\/2987","targetHints":{"allow":["GET"]}}],"collection":[{"href":"https:\/\/o3m.it\/fr\/wp-json\/wp\/v2\/pages"}],"about":[{"href":"https:\/\/o3m.it\/fr\/wp-json\/wp\/v2\/types\/page"}],"author":[{"embeddable":true,"href":"https:\/\/o3m.it\/fr\/wp-json\/wp\/v2\/users\/1"}],"replies":[{"embeddable":true,"href":"https:\/\/o3m.it\/fr\/wp-json\/wp\/v2\/comments?post=2987"}],"version-history":[{"count":0,"href":"https:\/\/o3m.it\/fr\/wp-json\/wp\/v2\/pages\/2987\/revisions"}],"wp:attachment":[{"href":"https:\/\/o3m.it\/fr\/wp-json\/wp\/v2\/media?parent=2987"}],"curies":[{"name":"wp","href":"https:\/\/api.w.org\/{rel}","templated":true}]}}