{"id":2984,"date":"2020-04-16T14:42:26","date_gmt":"2020-04-16T12:42:26","guid":{"rendered":"https:\/\/o3m.it\/generatori-ozono\/"},"modified":"2022-09-30T16:52:21","modified_gmt":"2022-09-30T14:52:21","slug":"generateurs-ozone","status":"publish","type":"page","link":"https:\/\/o3m.it\/fr\/generateurs-ozone\/","title":{"rendered":"G\u00e9n\u00e9rateurs d&rsquo;Ozone [Landing]"},"content":{"rendered":"\t\t<div data-elementor-type=\"wp-page\" data-elementor-id=\"2984\" class=\"elementor elementor-2984 elementor-842\">\n\t\t\t\t\t\t<section class=\"elementor-section elementor-top-section elementor-element elementor-element-125f122c elementor-section-boxed elementor-section-height-default elementor-section-height-default\" data-id=\"125f122c\" data-element_type=\"section\" data-e-type=\"section\">\n\t\t\t\t\t\t<div class=\"elementor-container elementor-column-gap-default\">\n\t\t\t\t\t<div class=\"elementor-column elementor-col-100 elementor-top-column elementor-element elementor-element-42ce4e3\" data-id=\"42ce4e3\" data-element_type=\"column\" data-e-type=\"column\">\n\t\t\t<div class=\"elementor-widget-wrap elementor-element-populated\">\n\t\t\t\t\t\t<div class=\"elementor-element elementor-element-5d370840 elementor-widget elementor-widget-text-editor\" data-id=\"5d370840\" data-element_type=\"widget\" data-e-type=\"widget\" data-widget_type=\"text-editor.default\">\n\t\t\t\t<div class=\"elementor-widget-container\">\n\t\t\t\t\t\t\t\t\t<p>[tcb_logo data-id-d=&rsquo;2&prime; data-css=&rsquo;tve-u-16d1f5ea4db&rsquo; class=\u00a0\u00bb][\/tcb_logo]<\/p><h1><strong><span style=\"font-size: 65px;\">G\u00e9n\u00e9rateurs\u00a0<\/span><\/strong><\/h1><h1><strong><span style=\"font-size: 65px;\">d&rsquo;Ozone<\/span><\/strong>\u00a0<\/h1><p><strong>O3M: <\/strong>nous sommes des <strong>fabricants de G\u00e9n\u00e9rateurs d&rsquo;Ozone<\/strong> de haute qualit\u00e9 en pleine conformit\u00e9 avec les <strong>normes de production internationales<\/strong>. Nos g\u00e9n\u00e9rateurs d&rsquo;ozone pour les environnements et l&rsquo;eau sont con\u00e7us et fabriqu\u00e9s pour toujours obtenir les <strong>meilleurs r\u00e9sultats \u00e0 faible co\u00fbt<\/strong>.<\/p><h2 style=\"text-align: center;\">Le pouvoir des G\u00e9n\u00e9rateurs d&rsquo;Ozone <strong>O3M<\/strong>\u00a0<\/h2><h3>Corona Virus (Covid-19)<\/h3><p>L&rsquo;ozone r\u00e9duit la possibilit\u00e9 de transmission du virus, le tuant sur toutes les surfaces, m\u00eame les plus cach\u00e9es.<\/p><h3>St\u00e9riliser et Assainir<\/h3><p>Bact\u00e9ries, virus, germes et parasites minent normalement les environnements dans lesquels nous vivons: l&rsquo;ozone a la propri\u00e9t\u00e9 d&rsquo;agir dans l&rsquo;air ou l&rsquo;eau, st\u00e9rilisant et d\u00e9sinfectant en profondeur.<\/p><h3>D\u00e9sodoriser<\/h3><p>Les g\u00e9n\u00e9rateurs d&rsquo;Ozone sont \u00e9galement con\u00e7us et optimis\u00e9s pour l&rsquo;hygi\u00e8ne et la d\u00e9sodorisation des camping-cars, caravanes et bateaux.<\/p><h2 style=\"text-align: center;\">Pourquoi utiliser un g\u00e9n\u00e9rateur d&rsquo;Ozone?\u00a0<\/h2><h2>Air<\/h2><p>G\u00e9n\u00e9rateurs d&rsquo;ozone industriels et domestiques pour assainir, d\u00e9sinfecter et d\u00e9sodoriser. Convient \u00e0 tous les environnements et secteurs, m\u00eame les plus difficiles \u00e0 g\u00e9rer et les situations les plus difficiles \u00e0 r\u00e9soudre \u00e0 l&rsquo;aide de solutions traditionnelles.<\/p><p><span style=\"width: 100%;\"><img fetchpriority=\"high\" decoding=\"async\" title=\"o3m-maino_generatore-ozono_530x400_01\" src=\"https:\/\/o3m.it\/wp-content\/uploads\/2020\/04\/o3m-maino_generatore-ozono_530x400_01.jpg\" alt=\"Generatore Ozono 03M Maino\" width=\"530\" height=\"400\" data-id=\"869\" data-init-width=\"530\" data-init-height=\"400\" \/><\/span><\/p><h2>Eau<\/h2><p>Pour la gestion de l&rsquo;hygi\u00e8ne des piscines, spas, bassins, pour l&rsquo;\u00e9limination syst\u00e9matique des l\u00e9gionelles et de nombreux autres \u00e9l\u00e9ments tels que: bact\u00e9ries, virus, protozoaires et biofilms.<\/p><p><span style=\"width: 100%;\"><img decoding=\"async\" title=\"o3m-maino_generatore-ozono_530x400_terminato-III_ok\" src=\"https:\/\/o3m.it\/wp-content\/uploads\/2020\/04\/o3m-maino_generatore-ozono_530x400_terminato-III_ok.jpg\" alt=\"Generatore di Ozono per acqua\" width=\"530\" height=\"400\" data-id=\"872\" data-init-width=\"530\" data-init-height=\"400\" \/><\/span><\/p><h2>Voitures et Caravanes<\/h2><p>Les traitements \u00e0 l&rsquo;air et l&rsquo;eau en courant continu fournissent un support ad\u00e9quat pour la d\u00e9sodorisation et l&rsquo;assainissement, p\u00e9n\u00e8trent efficacement les fibres des tissus et ne polluent pas l&rsquo;environnement.<\/p><p><span style=\"width: 100%;\"><img decoding=\"async\" title=\"o3m-maino_generatore-ozono_530x400_terminato-III\" src=\"https:\/\/o3m.it\/wp-content\/uploads\/2020\/04\/o3m-maino_generatore-ozono_530x400_terminato-III.jpg\" alt=\"Generatore di ozono per auto\" width=\"530\" height=\"400\" data-id=\"873\" data-init-width=\"530\" data-init-height=\"400\" \/><\/span><\/p><h2 style=\"text-align: center;\">Pourquoi acheter chez un fabricant?<\/h2><p><strong>O3M<\/strong>, aujourd&rsquo;hui l&rsquo;un des rares fabricants de g\u00e9n\u00e9rateurs d&rsquo;ozone \u00e0 <strong>produire enti\u00e8rement en Italie<\/strong>, a \u00e9t\u00e9 fond\u00e9e en 1984 en tant qu&rsquo;unit\u00e9 sp\u00e9cialis\u00e9e de Maino Industries dans la production de g\u00e9n\u00e9rateurs d&rsquo;ozone, dans le but de cr\u00e9er un<strong> syst\u00e8me d&rsquo;assainissement \u00e0 moindre impact environnemental<\/strong>, pour remplacer la d\u00e9sinfection aux formald\u00e9hydes qui a toujours \u00e9t\u00e9 utilis\u00e9e dans le secteur de la volaille.<\/p><h3>Assistance Rapide<\/h3><p>Nos techniciens garantissent des d\u00e9lais d&rsquo;intervention rapides et un <strong>diagnostic \u00e0 distance<\/strong> pour d\u00e9tecter tout probl\u00e8me \u00e0 l&rsquo;avance et intervenir rapidement.<\/p><h3>Update &amp; Build-Up<\/h3><p>En tant que fabricants, nous offrons toujours la possibilit\u00e9 d<strong>&lsquo;expansion des \u00e9quipements et les syst\u00e8mes de gestion<\/strong>, sans avoir \u00e0 les remplacer compl\u00e8tement..<\/p><h3>Production Rapide<\/h3><p>Le plus grand respect des d\u00e9lais de production de la commande \u00e0 la livraison pour assurer des installations dans des d\u00e9lais courts et un d\u00e9marrage de la<strong> productivit\u00e9 sans d\u00e9lai.<\/strong><\/p><h2 style=\"text-align: center;\">Contactez-nous<\/h2><p style=\"text-align: center;\">Notre \u00e9quipe commerciale est \u00e0 votre disposition pour vous <strong>aider \u00e0 choisir le g\u00e9n\u00e9rateur d&rsquo;ozone<\/strong> domestique ou industriel le mieux adapt\u00e9 \u00e0 vos besoins.\u00a0<\/p><p style=\"text-align: center;\">ATTENTION: pour aider notre \u00e9quipe \u00e0 r\u00e9pondre rapidement \u00e0 votre demande,<\/p><p style=\"text-align: center;\">entrer dans le message M\u00c8TRES CARR\u00c9S et HAUTEUR de l&rsquo;environnement \u00e0 assainir.<\/p><p style=\"text-align: center;\"><em>Les donn\u00e9es fournies seront trait\u00e9es au moyen d&rsquo;outils informatiques afin de donner suite \u00e0 votre demande.<\/em><\/p><p>NomPr\u00e9nomEmailT\u00e9l\u00e9phoneMessageDemande d&rsquo;informations<\/p><p><strong>MAINO INDUSTRIES SNC &#8211; Since 1945<\/strong><\/p><p style=\"text-align: center;\">Via Roma, 42 &#8211; 22070 OLTRONA di SAN MAMETTE (CO) Italy<\/p><p style=\"text-align: center;\">CCIA Como 0198979 &#8211; C.F. + P.I: IT-01555980133 &#8211; C.M. CO-022855<\/p><p style=\"text-align: center;\"><strong>Tel. <\/strong>+39-031-891478 ; +39-3483424324 ; <strong>Fax.<\/strong> +39-031-891457<\/p><p style=\"text-align: center;\">E-mail:\u00a0<a style=\"outline: none;\" href=\"mailto:ma***@***no.it\" data-original-string=\"zBgpKSMKgqZoUdUu1lLRKQ==869SbBLtpApAGOT5b\/ZkF0LlQ==\" title=\"This contact has been encoded by Anti-Spam by CleanTalk. Click to decode. To finish the decoding make sure that JavaScript is enabled in your browser.\"><span \n                data-original-string='7Pl3ksMRNm3Vc\/v8y3XLVg==869bivLMVe+u9tBQX8+3XO3zg=='\n                class='apbct-email-encoder'\n                title='This contact has been encoded by Anti-Spam by CleanTalk. Click to decode. To finish the decoding make sure that JavaScript is enabled in your browser.'>ma<span class=\"apbct-blur\">***<\/span>@<span class=\"apbct-blur\">***<\/span>no.it<\/span><\/a> \u2013 Internet https:\/\/www.maino.it &#8211; <a style=\"outline: none;\" href=\"https:\/\/o3m.it\/fr\/politique-confidentialite\/\" target=\"_blank\" rel=\"nofollow noopener noreferrer\">Politique de Confidentialit\u00e9<\/a><\/p><p style=\"text-align: center;\"><em>Les donn\u00e9es fournies seront trait\u00e9es au moyen d&rsquo;outils informatiques afin de donner suite \u00e0 votre demande. MAINO INDUSTRIES SNC, en tant que responsable du traitement, garantit que les donn\u00e9es fournies seront utilis\u00e9es uniquement aux fins indiqu\u00e9es (<a style=\"outline: none;\" href=\"https:\/\/o3m.it\/fr\/politique-confidentialite\/\" target=\"_blank\" rel=\"nofollow noopener noreferrer\">Politique de Confidentialit\u00e9<\/a>), en pleine conformit\u00e9 avec le r\u00e8glement UE n. 2016\/679 (RGPD).<\/em><\/p>\t\t\t\t\t\t\t\t<\/div>\n\t\t\t\t<\/div>\n\t\t\t\t\t<\/div>\n\t\t<\/div>\n\t\t\t\t\t<\/div>\n\t\t<\/section>\n\t\t\t\t<\/div>\n\t\t","protected":false},"excerpt":{"rendered":"<p>[tcb_logo data-id-d=&rsquo;2&prime; data-css=&rsquo;tve-u-16d1f5ea4db&rsquo; class=\u00a0\u00bb][\/tcb_logo] G\u00e9n\u00e9rateurs\u00a0 d&rsquo;Ozone\u00a0 O3M: nous sommes des fabricants de G\u00e9n\u00e9rateurs d&rsquo;Ozone de haute qualit\u00e9 en pleine conformit\u00e9 avec les normes de production internationales. Nos g\u00e9n\u00e9rateurs d&rsquo;ozone pour les environnements et l&rsquo;eau sont con\u00e7us et fabriqu\u00e9s pour toujours obtenir les meilleurs r\u00e9sultats \u00e0 faible co\u00fbt. Le pouvoir des G\u00e9n\u00e9rateurs d&rsquo;Ozone O3M\u00a0 Corona Virus&hellip;&nbsp;<a href=\"https:\/\/o3m.it\/fr\/generateurs-ozone\/\" rel=\"bookmark\">Lire la suite &raquo;<span class=\"screen-reader-text\">G\u00e9n\u00e9rateurs d&rsquo;Ozone [Landing]<\/span><\/a><\/p>\n","protected":false},"author":2,"featured_media":0,"parent":0,"menu_order":0,"comment_status":"closed","ping_status":"closed","template":"","meta":{"neve_meta_sidebar":"","neve_meta_container":"","neve_meta_enable_content_width":"off","neve_meta_content_width":0,"neve_meta_title_alignment":"","neve_meta_author_avatar":"","neve_post_elements_order":"","neve_meta_disable_header":"","neve_meta_disable_footer":"","neve_meta_disable_title":"","_themeisle_gutenberg_block_has_review":false,"footnotes":""},"class_list":["post-2984","page","type-page","status-publish","hentry"],"yoast_head":"<!-- This site is optimized with the Yoast SEO plugin v26.9 - https:\/\/yoast.com\/product\/yoast-seo-wordpress\/ -->\n<title>G\u00e9n\u00e9rateurs d&#039;Ozone [Landing] - O3M by MAINO<\/title>\n<meta name=\"description\" content=\"G\u00e9n\u00e9rateurs d&#039;Ozone de haute qualit\u00e9 en pleine conformit\u00e9 avec les normes internationales, con\u00e7us pour obtenir les meilleurs r\u00e9sultats \u00e0 des co\u00fbts toujours bas.\" \/>\n<meta name=\"robots\" content=\"index, follow, max-snippet:-1, max-image-preview:large, max-video-preview:-1\" \/>\n<link rel=\"canonical\" href=\"https:\/\/o3m.it\/fr\/generateurs-ozone\/\" \/>\n<meta property=\"og:locale\" content=\"fr_FR\" \/>\n<meta property=\"og:type\" content=\"article\" \/>\n<meta property=\"og:title\" content=\"G\u00e9n\u00e9rateurs d&#039;Ozone [Landing] - O3M by MAINO\" \/>\n<meta property=\"og:description\" content=\"G\u00e9n\u00e9rateurs d&#039;Ozone de haute qualit\u00e9 en pleine conformit\u00e9 avec les normes internationales, con\u00e7us pour obtenir les meilleurs r\u00e9sultats \u00e0 des co\u00fbts toujours bas.\" \/>\n<meta property=\"og:url\" content=\"https:\/\/o3m.it\/fr\/generateurs-ozone\/\" \/>\n<meta property=\"og:site_name\" content=\"O3M by MAINO\" \/>\n<meta property=\"article:modified_time\" content=\"2022-09-30T14:52:21+00:00\" \/>\n<meta property=\"og:image\" content=\"https:\/\/o3m.it\/wp-content\/uploads\/2020\/04\/o3m-maino_generatore-ozono_530x400_01.jpg\" \/>\n<meta name=\"twitter:card\" content=\"summary_large_image\" \/>\n<meta name=\"twitter:label1\" content=\"Dur\u00e9e de lecture estim\u00e9e\" \/>\n\t<meta name=\"twitter:data1\" content=\"4 minutes\" \/>\n<script type=\"application\/ld+json\" class=\"yoast-schema-graph\">{\"@context\":\"https:\/\/schema.org\",\"@graph\":[{\"@type\":\"WebPage\",\"@id\":\"https:\/\/o3m.it\/fr\/generateurs-ozone\/\",\"url\":\"https:\/\/o3m.it\/fr\/generateurs-ozone\/\",\"name\":\"G\u00e9n\u00e9rateurs d'Ozone [Landing] - O3M by MAINO\",\"isPartOf\":{\"@id\":\"https:\/\/o3m.it\/fr\/#website\"},\"primaryImageOfPage\":{\"@id\":\"https:\/\/o3m.it\/fr\/generateurs-ozone\/#primaryimage\"},\"image\":{\"@id\":\"https:\/\/o3m.it\/fr\/generateurs-ozone\/#primaryimage\"},\"thumbnailUrl\":\"https:\/\/o3m.it\/wp-content\/uploads\/2020\/04\/o3m-maino_generatore-ozono_530x400_01.jpg\",\"datePublished\":\"2020-04-16T12:42:26+00:00\",\"dateModified\":\"2022-09-30T14:52:21+00:00\",\"description\":\"G\u00e9n\u00e9rateurs d'Ozone de haute qualit\u00e9 en pleine conformit\u00e9 avec les normes internationales, con\u00e7us pour obtenir les meilleurs r\u00e9sultats \u00e0 des co\u00fbts toujours bas.\",\"breadcrumb\":{\"@id\":\"https:\/\/o3m.it\/fr\/generateurs-ozone\/#breadcrumb\"},\"inLanguage\":\"fr-FR\",\"potentialAction\":[{\"@type\":\"ReadAction\",\"target\":[\"https:\/\/o3m.it\/fr\/generateurs-ozone\/\"]}]},{\"@type\":\"ImageObject\",\"inLanguage\":\"fr-FR\",\"@id\":\"https:\/\/o3m.it\/fr\/generateurs-ozone\/#primaryimage\",\"url\":\"https:\/\/o3m.it\/wp-content\/uploads\/2020\/04\/o3m-maino_generatore-ozono_530x400_01.jpg\",\"contentUrl\":\"https:\/\/o3m.it\/wp-content\/uploads\/2020\/04\/o3m-maino_generatore-ozono_530x400_01.jpg\"},{\"@type\":\"BreadcrumbList\",\"@id\":\"https:\/\/o3m.it\/fr\/generateurs-ozone\/#breadcrumb\",\"itemListElement\":[{\"@type\":\"ListItem\",\"position\":1,\"name\":\"Home\",\"item\":\"https:\/\/o3m.it\/fr\/\"},{\"@type\":\"ListItem\",\"position\":2,\"name\":\"G\u00e9n\u00e9rateurs d&#8217;Ozone [Landing]\"}]},{\"@type\":\"WebSite\",\"@id\":\"https:\/\/o3m.it\/fr\/#website\",\"url\":\"https:\/\/o3m.it\/fr\/\",\"name\":\"O3M by MAINO\",\"description\":\"OZONO\",\"publisher\":{\"@id\":\"https:\/\/o3m.it\/fr\/#organization\"},\"potentialAction\":[{\"@type\":\"SearchAction\",\"target\":{\"@type\":\"EntryPoint\",\"urlTemplate\":\"https:\/\/o3m.it\/fr\/?s={search_term_string}\"},\"query-input\":{\"@type\":\"PropertyValueSpecification\",\"valueRequired\":true,\"valueName\":\"search_term_string\"}}],\"inLanguage\":\"fr-FR\"},{\"@type\":\"Organization\",\"@id\":\"https:\/\/o3m.it\/fr\/#organization\",\"name\":\"O3M by MAINO\",\"url\":\"https:\/\/o3m.it\/fr\/\",\"logo\":{\"@type\":\"ImageObject\",\"inLanguage\":\"fr-FR\",\"@id\":\"https:\/\/o3m.it\/fr\/#\/schema\/logo\/image\/\",\"url\":\"https:\/\/o3m.it\/wp-content\/uploads\/2019\/07\/logo-o3m-sc.png\",\"contentUrl\":\"https:\/\/o3m.it\/wp-content\/uploads\/2019\/07\/logo-o3m-sc.png\",\"width\":1068,\"height\":922,\"caption\":\"O3M by MAINO\"},\"image\":{\"@id\":\"https:\/\/o3m.it\/fr\/#\/schema\/logo\/image\/\"}}]}<\/script>\n<!-- \/ Yoast SEO plugin. -->","yoast_head_json":{"title":"G\u00e9n\u00e9rateurs d'Ozone [Landing] - O3M by MAINO","description":"G\u00e9n\u00e9rateurs d'Ozone de haute qualit\u00e9 en pleine conformit\u00e9 avec les normes internationales, con\u00e7us pour obtenir les meilleurs r\u00e9sultats \u00e0 des co\u00fbts toujours bas.","robots":{"index":"index","follow":"follow","max-snippet":"max-snippet:-1","max-image-preview":"max-image-preview:large","max-video-preview":"max-video-preview:-1"},"canonical":"https:\/\/o3m.it\/fr\/generateurs-ozone\/","og_locale":"fr_FR","og_type":"article","og_title":"G\u00e9n\u00e9rateurs d'Ozone [Landing] - O3M by MAINO","og_description":"G\u00e9n\u00e9rateurs d'Ozone de haute qualit\u00e9 en pleine conformit\u00e9 avec les normes internationales, con\u00e7us pour obtenir les meilleurs r\u00e9sultats \u00e0 des co\u00fbts toujours bas.","og_url":"https:\/\/o3m.it\/fr\/generateurs-ozone\/","og_site_name":"O3M by MAINO","article_modified_time":"2022-09-30T14:52:21+00:00","og_image":[{"url":"https:\/\/o3m.it\/wp-content\/uploads\/2020\/04\/o3m-maino_generatore-ozono_530x400_01.jpg","type":"","width":"","height":""}],"twitter_card":"summary_large_image","twitter_misc":{"Dur\u00e9e de lecture estim\u00e9e":"4 minutes"},"schema":{"@context":"https:\/\/schema.org","@graph":[{"@type":"WebPage","@id":"https:\/\/o3m.it\/fr\/generateurs-ozone\/","url":"https:\/\/o3m.it\/fr\/generateurs-ozone\/","name":"G\u00e9n\u00e9rateurs d'Ozone [Landing] - O3M by MAINO","isPartOf":{"@id":"https:\/\/o3m.it\/fr\/#website"},"primaryImageOfPage":{"@id":"https:\/\/o3m.it\/fr\/generateurs-ozone\/#primaryimage"},"image":{"@id":"https:\/\/o3m.it\/fr\/generateurs-ozone\/#primaryimage"},"thumbnailUrl":"https:\/\/o3m.it\/wp-content\/uploads\/2020\/04\/o3m-maino_generatore-ozono_530x400_01.jpg","datePublished":"2020-04-16T12:42:26+00:00","dateModified":"2022-09-30T14:52:21+00:00","description":"G\u00e9n\u00e9rateurs d'Ozone de haute qualit\u00e9 en pleine conformit\u00e9 avec les normes internationales, con\u00e7us pour obtenir les meilleurs r\u00e9sultats \u00e0 des co\u00fbts toujours bas.","breadcrumb":{"@id":"https:\/\/o3m.it\/fr\/generateurs-ozone\/#breadcrumb"},"inLanguage":"fr-FR","potentialAction":[{"@type":"ReadAction","target":["https:\/\/o3m.it\/fr\/generateurs-ozone\/"]}]},{"@type":"ImageObject","inLanguage":"fr-FR","@id":"https:\/\/o3m.it\/fr\/generateurs-ozone\/#primaryimage","url":"https:\/\/o3m.it\/wp-content\/uploads\/2020\/04\/o3m-maino_generatore-ozono_530x400_01.jpg","contentUrl":"https:\/\/o3m.it\/wp-content\/uploads\/2020\/04\/o3m-maino_generatore-ozono_530x400_01.jpg"},{"@type":"BreadcrumbList","@id":"https:\/\/o3m.it\/fr\/generateurs-ozone\/#breadcrumb","itemListElement":[{"@type":"ListItem","position":1,"name":"Home","item":"https:\/\/o3m.it\/fr\/"},{"@type":"ListItem","position":2,"name":"G\u00e9n\u00e9rateurs d&#8217;Ozone [Landing]"}]},{"@type":"WebSite","@id":"https:\/\/o3m.it\/fr\/#website","url":"https:\/\/o3m.it\/fr\/","name":"O3M by MAINO","description":"OZONO","publisher":{"@id":"https:\/\/o3m.it\/fr\/#organization"},"potentialAction":[{"@type":"SearchAction","target":{"@type":"EntryPoint","urlTemplate":"https:\/\/o3m.it\/fr\/?s={search_term_string}"},"query-input":{"@type":"PropertyValueSpecification","valueRequired":true,"valueName":"search_term_string"}}],"inLanguage":"fr-FR"},{"@type":"Organization","@id":"https:\/\/o3m.it\/fr\/#organization","name":"O3M by MAINO","url":"https:\/\/o3m.it\/fr\/","logo":{"@type":"ImageObject","inLanguage":"fr-FR","@id":"https:\/\/o3m.it\/fr\/#\/schema\/logo\/image\/","url":"https:\/\/o3m.it\/wp-content\/uploads\/2019\/07\/logo-o3m-sc.png","contentUrl":"https:\/\/o3m.it\/wp-content\/uploads\/2019\/07\/logo-o3m-sc.png","width":1068,"height":922,"caption":"O3M by MAINO"},"image":{"@id":"https:\/\/o3m.it\/fr\/#\/schema\/logo\/image\/"}}]}},"jetpack_sharing_enabled":true,"_links":{"self":[{"href":"https:\/\/o3m.it\/fr\/wp-json\/wp\/v2\/pages\/2984","targetHints":{"allow":["GET"]}}],"collection":[{"href":"https:\/\/o3m.it\/fr\/wp-json\/wp\/v2\/pages"}],"about":[{"href":"https:\/\/o3m.it\/fr\/wp-json\/wp\/v2\/types\/page"}],"author":[{"embeddable":true,"href":"https:\/\/o3m.it\/fr\/wp-json\/wp\/v2\/users\/2"}],"replies":[{"embeddable":true,"href":"https:\/\/o3m.it\/fr\/wp-json\/wp\/v2\/comments?post=2984"}],"version-history":[{"count":0,"href":"https:\/\/o3m.it\/fr\/wp-json\/wp\/v2\/pages\/2984\/revisions"}],"wp:attachment":[{"href":"https:\/\/o3m.it\/fr\/wp-json\/wp\/v2\/media?parent=2984"}],"curies":[{"name":"wp","href":"https:\/\/api.w.org\/{rel}","templated":true}]}}