{"id":2982,"date":"2020-04-21T09:28:20","date_gmt":"2020-04-21T07:28:20","guid":{"rendered":"https:\/\/o3m.it\/generatori-di-ozono-thank-you\/"},"modified":"2022-09-30T16:48:28","modified_gmt":"2022-09-30T14:48:28","slug":"generateurs-ozone-thank-you","status":"publish","type":"page","link":"https:\/\/o3m.it\/fr\/generateurs-ozone-thank-you\/","title":{"rendered":"G\u00e9n\u00e9rateurs d&rsquo;Ozone [thank-you]"},"content":{"rendered":"<p>[tcb_logo data-id-d=&rsquo;2&prime; data-css=&rsquo;tve-u-16d1f5ea4db&rsquo; class=\u00a0\u00bb][\/tcb_logo]<\/p>\n<h1><strong><span style=\"font-size: 65px;\">Merci!<\/span><\/strong><\/h1>\n<p><strong>Notre \u00e9quipe commerciale a bien re\u00e7u votre demande.<\/strong><\/p>\n<p><strong>\u00a0<\/strong>Nous vous r\u00e9pondrons d\u00e8s que possible.<\/p>\n<p><strong>MAINO INDUSTRIES SNC &#8211; Since 1945<\/strong><\/p>\n<p style=\"text-align: center;\">Via Roma, 42 &#8211; 22070 OLTRONA di SAN MAMETTE (CO) Italy<\/p>\n<p style=\"text-align: center;\">CCIA Como 0198979 &#8211; C.F. + P.I: IT-01555980133 &#8211; C.M. CO-022855<\/p>\n<p style=\"text-align: center;\"><strong>Tel. <\/strong>+39-031-891478 ; +39-3483424324 ; <strong>Fax.<\/strong> +39-031-891457<\/p>\n<p style=\"text-align: center;\">E-mail:\u00a0<a style=\"outline: none;\" href=\"mailto:ma***@***no.it\" data-original-string=\"jl3Y+Ib3R3QVhfwQscGRbg==869vrBx1ZeoOwpfzqj3jikmWA==\" title=\"This contact has been encoded by Anti-Spam by CleanTalk. Click to decode. To finish the decoding make sure that JavaScript is enabled in your browser.\"><span \n                data-original-string='Vm3XcHSY9HRasWNEOhbRzg==869a8ik0dOKzIBH8vUNm4ghkg=='\n                class='apbct-email-encoder'\n                title='This contact has been encoded by Anti-Spam by CleanTalk. Click to decode. To finish the decoding make sure that JavaScript is enabled in your browser.'>ma<span class=\"apbct-blur\">***<\/span>@<span class=\"apbct-blur\">***<\/span>no.it<\/span><\/a> \u2013 Internet https:\/\/www.maino.it &#8211; <a style=\"outline: none;\" href=\"https:\/\/o3m.it\/fr\/politique-confidentialite\/\" target=\"_blank\" rel=\"nofollow noopener noreferrer\">Politique de Confidentialit\u00e9<\/a><\/p>\n<p style=\"text-align: center;\"><em>Les donn\u00e9es fournies seront trait\u00e9es au moyen d&rsquo;outils informatiques afin de donner suite \u00e0 votre demande. MAINO INDUSTRIES SNC, en tant que responsable du traitement, garantit que les donn\u00e9es fournies seront utilis\u00e9es uniquement aux fins indiqu\u00e9es (<\/em><a style=\"outline: none;\" href=\"https:\/\/o3m.it\/fr\/politique-confidentialite\/\" target=\"_blank\" rel=\"nofollow noopener noreferrer\"><em>Politique de Confidentialit\u00e9<\/em><\/a><em>), en pleine conformit\u00e9 avec le r\u00e8glement UE n. 2016\/679 (RGPD).<\/em><\/p>\n","protected":false},"excerpt":{"rendered":"<p>[tcb_logo data-id-d=&rsquo;2&prime; data-css=&rsquo;tve-u-16d1f5ea4db&rsquo; class=\u00a0\u00bb][\/tcb_logo] Merci! Notre \u00e9quipe commerciale a bien re\u00e7u votre demande. \u00a0Nous vous r\u00e9pondrons d\u00e8s que possible. MAINO INDUSTRIES SNC &#8211; Since 1945 Via Roma, 42 &#8211; 22070 OLTRONA di SAN MAMETTE (CO) Italy CCIA Como 0198979 &#8211; C.F. + P.I: IT-01555980133 &#8211; C.M. CO-022855 Tel. +39-031-891478 ; +39-3483424324 ; Fax. +39-031-891457 E-mail:\u00a0ma***@***no.it&hellip;&nbsp;<a href=\"https:\/\/o3m.it\/fr\/generateurs-ozone-thank-you\/\" rel=\"bookmark\">Lire la suite &raquo;<span class=\"screen-reader-text\">G\u00e9n\u00e9rateurs d&rsquo;Ozone [thank-you]<\/span><\/a><\/p>\n","protected":false},"author":2,"featured_media":0,"parent":0,"menu_order":0,"comment_status":"closed","ping_status":"closed","template":"","meta":{"neve_meta_sidebar":"","neve_meta_container":"","neve_meta_enable_content_width":"off","neve_meta_content_width":0,"neve_meta_title_alignment":"","neve_meta_author_avatar":"","neve_post_elements_order":"","neve_meta_disable_header":"","neve_meta_disable_footer":"","neve_meta_disable_title":"","_themeisle_gutenberg_block_has_review":false,"footnotes":""},"class_list":["post-2982","page","type-page","status-publish","hentry"],"yoast_head":"<!-- This site is optimized with the Yoast SEO plugin v26.9 - https:\/\/yoast.com\/product\/yoast-seo-wordpress\/ -->\n<title>G\u00e9n\u00e9rateurs d&#039;Ozone [thank-you] - O3M by MAINO<\/title>\n<meta name=\"description\" content=\"G\u00e9n\u00e9rateurs d&#039;Ozone de haute qualit\u00e9 en pleine conformit\u00e9 avec les normes internationales, con\u00e7us pour obtenir les meilleurs r\u00e9sultats \u00e0 des co\u00fbts toujours bas.\" \/>\n<meta name=\"robots\" content=\"index, follow, max-snippet:-1, max-image-preview:large, max-video-preview:-1\" \/>\n<link rel=\"canonical\" href=\"https:\/\/o3m.it\/fr\/generateurs-ozone-thank-you\/\" \/>\n<meta property=\"og:locale\" content=\"fr_FR\" \/>\n<meta property=\"og:type\" content=\"article\" \/>\n<meta property=\"og:title\" content=\"G\u00e9n\u00e9rateurs d&#039;Ozone [thank-you] - O3M by MAINO\" \/>\n<meta property=\"og:description\" content=\"G\u00e9n\u00e9rateurs d&#039;Ozone de haute qualit\u00e9 en pleine conformit\u00e9 avec les normes internationales, con\u00e7us pour obtenir les meilleurs r\u00e9sultats \u00e0 des co\u00fbts toujours bas.\" \/>\n<meta property=\"og:url\" content=\"https:\/\/o3m.it\/fr\/generateurs-ozone-thank-you\/\" \/>\n<meta property=\"og:site_name\" content=\"O3M by MAINO\" \/>\n<meta property=\"article:modified_time\" content=\"2022-09-30T14:48:28+00:00\" \/>\n<meta name=\"twitter:card\" content=\"summary_large_image\" \/>\n<meta name=\"twitter:label1\" content=\"Dur\u00e9e de lecture estim\u00e9e\" \/>\n\t<meta name=\"twitter:data1\" content=\"1 minute\" \/>\n<script type=\"application\/ld+json\" class=\"yoast-schema-graph\">{\"@context\":\"https:\/\/schema.org\",\"@graph\":[{\"@type\":\"WebPage\",\"@id\":\"https:\/\/o3m.it\/fr\/generateurs-ozone-thank-you\/\",\"url\":\"https:\/\/o3m.it\/fr\/generateurs-ozone-thank-you\/\",\"name\":\"G\u00e9n\u00e9rateurs d'Ozone [thank-you] - O3M by MAINO\",\"isPartOf\":{\"@id\":\"https:\/\/o3m.it\/fr\/#website\"},\"datePublished\":\"2020-04-21T07:28:20+00:00\",\"dateModified\":\"2022-09-30T14:48:28+00:00\",\"description\":\"G\u00e9n\u00e9rateurs d'Ozone de haute qualit\u00e9 en pleine conformit\u00e9 avec les normes internationales, con\u00e7us pour obtenir les meilleurs r\u00e9sultats \u00e0 des co\u00fbts toujours bas.\",\"breadcrumb\":{\"@id\":\"https:\/\/o3m.it\/fr\/generateurs-ozone-thank-you\/#breadcrumb\"},\"inLanguage\":\"fr-FR\",\"potentialAction\":[{\"@type\":\"ReadAction\",\"target\":[\"https:\/\/o3m.it\/fr\/generateurs-ozone-thank-you\/\"]}]},{\"@type\":\"BreadcrumbList\",\"@id\":\"https:\/\/o3m.it\/fr\/generateurs-ozone-thank-you\/#breadcrumb\",\"itemListElement\":[{\"@type\":\"ListItem\",\"position\":1,\"name\":\"Home\",\"item\":\"https:\/\/o3m.it\/fr\/\"},{\"@type\":\"ListItem\",\"position\":2,\"name\":\"G\u00e9n\u00e9rateurs d&#8217;Ozone [thank-you]\"}]},{\"@type\":\"WebSite\",\"@id\":\"https:\/\/o3m.it\/fr\/#website\",\"url\":\"https:\/\/o3m.it\/fr\/\",\"name\":\"O3M by MAINO\",\"description\":\"OZONO\",\"publisher\":{\"@id\":\"https:\/\/o3m.it\/fr\/#organization\"},\"potentialAction\":[{\"@type\":\"SearchAction\",\"target\":{\"@type\":\"EntryPoint\",\"urlTemplate\":\"https:\/\/o3m.it\/fr\/?s={search_term_string}\"},\"query-input\":{\"@type\":\"PropertyValueSpecification\",\"valueRequired\":true,\"valueName\":\"search_term_string\"}}],\"inLanguage\":\"fr-FR\"},{\"@type\":\"Organization\",\"@id\":\"https:\/\/o3m.it\/fr\/#organization\",\"name\":\"O3M by MAINO\",\"url\":\"https:\/\/o3m.it\/fr\/\",\"logo\":{\"@type\":\"ImageObject\",\"inLanguage\":\"fr-FR\",\"@id\":\"https:\/\/o3m.it\/fr\/#\/schema\/logo\/image\/\",\"url\":\"https:\/\/o3m.it\/wp-content\/uploads\/2019\/07\/logo-o3m-sc.png\",\"contentUrl\":\"https:\/\/o3m.it\/wp-content\/uploads\/2019\/07\/logo-o3m-sc.png\",\"width\":1068,\"height\":922,\"caption\":\"O3M by MAINO\"},\"image\":{\"@id\":\"https:\/\/o3m.it\/fr\/#\/schema\/logo\/image\/\"}}]}<\/script>\n<!-- \/ Yoast SEO plugin. -->","yoast_head_json":{"title":"G\u00e9n\u00e9rateurs d'Ozone [thank-you] - O3M by MAINO","description":"G\u00e9n\u00e9rateurs d'Ozone de haute qualit\u00e9 en pleine conformit\u00e9 avec les normes internationales, con\u00e7us pour obtenir les meilleurs r\u00e9sultats \u00e0 des co\u00fbts toujours bas.","robots":{"index":"index","follow":"follow","max-snippet":"max-snippet:-1","max-image-preview":"max-image-preview:large","max-video-preview":"max-video-preview:-1"},"canonical":"https:\/\/o3m.it\/fr\/generateurs-ozone-thank-you\/","og_locale":"fr_FR","og_type":"article","og_title":"G\u00e9n\u00e9rateurs d'Ozone [thank-you] - O3M by MAINO","og_description":"G\u00e9n\u00e9rateurs d'Ozone de haute qualit\u00e9 en pleine conformit\u00e9 avec les normes internationales, con\u00e7us pour obtenir les meilleurs r\u00e9sultats \u00e0 des co\u00fbts toujours bas.","og_url":"https:\/\/o3m.it\/fr\/generateurs-ozone-thank-you\/","og_site_name":"O3M by MAINO","article_modified_time":"2022-09-30T14:48:28+00:00","twitter_card":"summary_large_image","twitter_misc":{"Dur\u00e9e de lecture estim\u00e9e":"1 minute"},"schema":{"@context":"https:\/\/schema.org","@graph":[{"@type":"WebPage","@id":"https:\/\/o3m.it\/fr\/generateurs-ozone-thank-you\/","url":"https:\/\/o3m.it\/fr\/generateurs-ozone-thank-you\/","name":"G\u00e9n\u00e9rateurs d'Ozone [thank-you] - O3M by MAINO","isPartOf":{"@id":"https:\/\/o3m.it\/fr\/#website"},"datePublished":"2020-04-21T07:28:20+00:00","dateModified":"2022-09-30T14:48:28+00:00","description":"G\u00e9n\u00e9rateurs d'Ozone de haute qualit\u00e9 en pleine conformit\u00e9 avec les normes internationales, con\u00e7us pour obtenir les meilleurs r\u00e9sultats \u00e0 des co\u00fbts toujours bas.","breadcrumb":{"@id":"https:\/\/o3m.it\/fr\/generateurs-ozone-thank-you\/#breadcrumb"},"inLanguage":"fr-FR","potentialAction":[{"@type":"ReadAction","target":["https:\/\/o3m.it\/fr\/generateurs-ozone-thank-you\/"]}]},{"@type":"BreadcrumbList","@id":"https:\/\/o3m.it\/fr\/generateurs-ozone-thank-you\/#breadcrumb","itemListElement":[{"@type":"ListItem","position":1,"name":"Home","item":"https:\/\/o3m.it\/fr\/"},{"@type":"ListItem","position":2,"name":"G\u00e9n\u00e9rateurs d&#8217;Ozone [thank-you]"}]},{"@type":"WebSite","@id":"https:\/\/o3m.it\/fr\/#website","url":"https:\/\/o3m.it\/fr\/","name":"O3M by MAINO","description":"OZONO","publisher":{"@id":"https:\/\/o3m.it\/fr\/#organization"},"potentialAction":[{"@type":"SearchAction","target":{"@type":"EntryPoint","urlTemplate":"https:\/\/o3m.it\/fr\/?s={search_term_string}"},"query-input":{"@type":"PropertyValueSpecification","valueRequired":true,"valueName":"search_term_string"}}],"inLanguage":"fr-FR"},{"@type":"Organization","@id":"https:\/\/o3m.it\/fr\/#organization","name":"O3M by MAINO","url":"https:\/\/o3m.it\/fr\/","logo":{"@type":"ImageObject","inLanguage":"fr-FR","@id":"https:\/\/o3m.it\/fr\/#\/schema\/logo\/image\/","url":"https:\/\/o3m.it\/wp-content\/uploads\/2019\/07\/logo-o3m-sc.png","contentUrl":"https:\/\/o3m.it\/wp-content\/uploads\/2019\/07\/logo-o3m-sc.png","width":1068,"height":922,"caption":"O3M by MAINO"},"image":{"@id":"https:\/\/o3m.it\/fr\/#\/schema\/logo\/image\/"}}]}},"jetpack_sharing_enabled":true,"_links":{"self":[{"href":"https:\/\/o3m.it\/fr\/wp-json\/wp\/v2\/pages\/2982","targetHints":{"allow":["GET"]}}],"collection":[{"href":"https:\/\/o3m.it\/fr\/wp-json\/wp\/v2\/pages"}],"about":[{"href":"https:\/\/o3m.it\/fr\/wp-json\/wp\/v2\/types\/page"}],"author":[{"embeddable":true,"href":"https:\/\/o3m.it\/fr\/wp-json\/wp\/v2\/users\/2"}],"replies":[{"embeddable":true,"href":"https:\/\/o3m.it\/fr\/wp-json\/wp\/v2\/comments?post=2982"}],"version-history":[{"count":0,"href":"https:\/\/o3m.it\/fr\/wp-json\/wp\/v2\/pages\/2982\/revisions"}],"wp:attachment":[{"href":"https:\/\/o3m.it\/fr\/wp-json\/wp\/v2\/media?parent=2982"}],"curies":[{"name":"wp","href":"https:\/\/api.w.org\/{rel}","templated":true}]}}